{"id":5285,"date":"2025-09-10T14:14:21","date_gmt":"2025-09-10T12:14:21","guid":{"rendered":"https:\/\/cocos.codes\/?post_type=product&#038;p=5285"},"modified":"2026-04-09T19:38:30","modified_gmt":"2026-04-09T17:38:30","slug":"free-prestashop-automatic-discount","status":"publish","type":"product","link":"https:\/\/iarina029.supserv.cozmoslabs.com\/en\/product\/free-prestashop-automatic-discount\/","title":{"rendered":"PrestaShop Automatic Discount for Payment 1.0.2"},"content":{"rendered":"<div data-elementor-type=\"wp-post\" data-elementor-id=\"5285\" class=\"elementor elementor-5285\">\n\t\t\t\t<div class=\"elementor-element elementor-element-889c0cb e-flex e-con-boxed e-con e-parent\" data-id=\"889c0cb\" data-element_type=\"container\" data-e-type=\"container\">\n\t\t\t\t\t<div class=\"e-con-inner\">\n\t\t\t\t<div class=\"elementor-element elementor-element-72af316 elementor-widget elementor-widget-text-editor\" data-id=\"72af316\" data-element_type=\"widget\" data-e-type=\"widget\" data-widget_type=\"text-editor.default\">\n\t\t\t\t\t\t\t\t\t<h6>PrestaShop Automatic Discount<\/h6><p>Increase conversions and encourage customers to use their preferred payment methods with automated discounts. <br \/><strong>Discount for Payment Methods<\/strong> is a simple and effective module that automatically grants discounts to customers who choose certain payment methods - without any interference from the store administrator.<\/p>\t\t\t\t\t\t\t\t<\/div>\n\t\t\t\t\t<\/div>\n\t\t\t\t<\/div>\n\t\t<div class=\"elementor-element elementor-element-61d59dc e-flex e-con-boxed e-con e-parent\" data-id=\"61d59dc\" data-element_type=\"container\" data-e-type=\"container\">\n\t\t\t\t\t<div class=\"e-con-inner\">\n\t\t\t\t<div class=\"elementor-element elementor-element-b22f5d8 elementor-widget elementor-widget-spacer\" data-id=\"b22f5d8\" data-element_type=\"widget\" data-e-type=\"widget\" data-widget_type=\"spacer.default\">\n\t\t\t\t\t\t\t<div class=\"elementor-spacer\">\n\t\t\t<div class=\"elementor-spacer-inner\"><\/div>\n\t\t<\/div>\n\t\t\t\t\t\t<\/div>\n\t\t\t\t<div class=\"elementor-element elementor-element-54a667a elementor-widget elementor-widget-text-editor\" data-id=\"54a667a\" data-element_type=\"widget\" data-e-type=\"widget\" data-widget_type=\"text-editor.default\">\n\t\t\t\t\t\t\t\t\t<h6>See what you gain<\/h6><strong>\ud83d\udcb0 Automatic discount management<\/strong><ul><li>Automatic granting of discounts after order confirmation<\/li><li>Percentage discount or fixed amount - full flexibility<\/li><li>Protection against double granting of discounts<\/li><li>Automatic comments in orders informing of discounts granted<\/li><li>Immediate update of order value<\/li><\/ul><p><strong>\u2699\ufe0f Simple configuration<\/strong><\/p><ul><li>Selection of any payment method from the list of available modules<\/li><li>Set discount in percentage (e.g. 5%) or fixed amount (e.g. PLN 10)<\/li><li>Validation of the correctness of the entered values<\/li><li>Intuitive administration panel<\/li><li>Compatibility with PrestaShop 1.7+<\/li><\/ul><p><strong>\ud83d\ude80 Sales automation<\/strong><\/p><ul><li>Running in the background - without administrator intervention<\/li><li>Support for various PrestaShop hooks for maximum efficiency<\/li><li>Logging operations for action control<\/li><li>Secure calculations - the discount will not exceed the value of the order<\/li><\/ul>\t\t\t\t\t\t\t\t<\/div>\n\t\t\t\t<div class=\"elementor-element elementor-element-cb053de elementor-widget elementor-widget-spacer\" data-id=\"cb053de\" data-element_type=\"widget\" data-e-type=\"widget\" data-widget_type=\"spacer.default\">\n\t\t\t\t\t\t\t<div class=\"elementor-spacer\">\n\t\t\t<div class=\"elementor-spacer-inner\"><\/div>\n\t\t<\/div>\n\t\t\t\t\t\t<\/div>\n\t\t\t\t<div class=\"elementor-element elementor-element-f6dd588 elementor-widget elementor-widget-text-editor\" data-id=\"f6dd588\" data-element_type=\"widget\" data-e-type=\"widget\" data-widget_type=\"text-editor.default\">\n\t\t\t\t\t\t\t\t\t<h6>Endless application possibilities<\/h6><p><a href=\"https:\/\/iarina029.supserv.cozmoslabs.com\/en\/product-category\/modules\/prestashop\/\" title=\"PrestaShop module\">PrestaShop module<\/a> Discount for Payment Methods will work perfectly for:<\/p><p><strong>Increasing payment conversion<\/strong><\/p><p><strong>\u2705<\/strong> Encouraging payment by bank transfer instead of cash on delivery<br \/><strong>\u2705<\/strong> Promoting fast online payments<br \/><strong>\u2705<\/strong> Reducing the cost of handling cash payments<br \/><strong>\u2705<\/strong> Increase cash flow in the store<\/p><p><strong>Optimize operating costs<\/strong><\/p><p><strong>\u2705<\/strong> Reduce the cost of handling COD orders<br \/><strong>\u2705<\/strong> Faster receipts to the company's account<br \/><strong>\u2705<\/strong> Automation of rebate processes<br \/><strong>\u2705<\/strong> Reduction of returns and order cancellations<\/p>\t\t\t\t\t\t\t\t<\/div>\n\t\t\t\t<div class=\"elementor-element elementor-element-4c1854f elementor-widget elementor-widget-spacer\" data-id=\"4c1854f\" data-element_type=\"widget\" data-e-type=\"widget\" data-widget_type=\"spacer.default\">\n\t\t\t\t\t\t\t<div class=\"elementor-spacer\">\n\t\t\t<div class=\"elementor-spacer-inner\"><\/div>\n\t\t<\/div>\n\t\t\t\t\t\t<\/div>\n\t\t\t\t<div class=\"elementor-element elementor-element-97bd8dd elementor-widget elementor-widget-text-editor\" data-id=\"97bd8dd\" data-element_type=\"widget\" data-e-type=\"widget\" data-widget_type=\"text-editor.default\">\n\t\t\t\t\t\t\t\t\t<h6>\ud83d\udcc8 Increase profits by promoting preferred payments<\/h6><p><strong>Smart discounts<\/strong> it's <strong>effective way<\/strong> On driving customer behavior. Offering <strong>attractive discounts<\/strong> for choosing specific payment methods, not only <strong>you increase conversion<\/strong>, but also <strong>you optimize costs<\/strong> operations of your store. <strong>Every customer who chooses their preferred payment method means greater profit for you. <a href=\"https:\/\/iarina029.supserv.cozmoslabs.com\/en\/product-category\/individual-stores\/\" title=\"Online Store\">online store<\/a>!<\/strong><\/p>\t\t\t\t\t\t\t\t<\/div>\n\t\t\t\t<div class=\"elementor-element elementor-element-22ea469 elementor-widget elementor-widget-spacer\" data-id=\"22ea469\" data-element_type=\"widget\" data-e-type=\"widget\" data-widget_type=\"spacer.default\">\n\t\t\t\t\t\t\t<div class=\"elementor-spacer\">\n\t\t\t<div class=\"elementor-spacer-inner\"><\/div>\n\t\t<\/div>\n\t\t\t\t\t\t<\/div>\n\t\t\t\t<div class=\"elementor-element elementor-element-da096e9 elementor-widget elementor-widget-text-editor\" data-id=\"da096e9\" data-element_type=\"widget\" data-e-type=\"widget\" data-widget_type=\"text-editor.default\">\n\t\t\t\t\t\t\t\t\t<h6>For whom?<\/h6><p>The module is ideal for everyone:<\/p><p><strong>\u2714<\/strong> Store owners <a href=\"https:\/\/prestashop.com\/\" title=\"PrestaShop\" target=\"_blank\" rel=\"noopener\">PrestaShop<\/a> looking to increase payment conversion<br \/><strong>\u2714<\/strong> E-commerce managers optimizing operating costs<br \/><strong>\u2714<\/strong> Store administrators looking for simple automation solutions<br \/><strong>\u2714<\/strong> Companies offering various payment methods<br \/><strong>\u2714<\/strong> Entrepreneurs focused on increasing profitability<br \/><strong>\u2714<\/strong> Stores with a high proportion of cash on delivery payments<br \/><strong>\u2714<\/strong> Anyone who wants to motivate customers to make better payment choices<\/p>\t\t\t\t\t\t\t\t<\/div>\n\t\t\t\t<div class=\"elementor-element elementor-element-09a744f elementor-widget elementor-widget-spacer\" data-id=\"09a744f\" data-element_type=\"widget\" data-e-type=\"widget\" data-widget_type=\"spacer.default\">\n\t\t\t\t\t\t\t<div class=\"elementor-spacer\">\n\t\t\t<div class=\"elementor-spacer-inner\"><\/div>\n\t\t<\/div>\n\t\t\t\t\t\t<\/div>\n\t\t\t\t<div class=\"elementor-element elementor-element-e28f8ec elementor-widget elementor-widget-text-editor\" data-id=\"e28f8ec\" data-element_type=\"widget\" data-e-type=\"widget\" data-widget_type=\"text-editor.default\">\n\t\t\t\t\t\t\t\t\t<p><div class=\"pls-block pls-block-3297\">\t\t<div data-elementor-type=\"wp-post\" data-elementor-id=\"3297\" class=\"elementor elementor-3297\">\n\t\t\t\t<div class=\"elementor-element elementor-element-d99440d e-flex e-con-boxed e-con e-parent\" data-id=\"d99440d\" data-element_type=\"container\" data-e-type=\"container\" data-settings=\"{&quot;background_background&quot;:&quot;classic&quot;}\">\n\t\t\t\t\t<div class=\"e-con-inner\">\n\t\t\t\t<div class=\"elementor-element elementor-element-b850409 elementor-widget elementor-widget-text-editor\" data-id=\"b850409\" data-element_type=\"widget\" data-e-type=\"widget\" data-widget_type=\"text-editor.default\">\n\t\t\t\t\t\t\t\t\t<h6><strong>\u00a0Enhance your store's capabilities today! <\/strong><strong>\ud83d\ude80<\/strong><\/h6>Add new features, improve user experience and increase conversions with our module. Easy installation, full compatibility and regular updates - everything you need to make your store work even better.<br \/>\u2705 Easy setup \u2705 Professional support \u2705 Seamless integration<br \/><br \/><a class=\"button simple\" href=\"#main-content\" title=\"Install And Start Using Now!\">Install and start using now!<\/a>\t\t\t\t\t\t\t\t<\/div>\n\t\t\t\t\t<\/div>\n\t\t\t\t<\/div>\n\t\t\t\t<\/div>\n\t\t<\/div><\/p>\t\t\t\t\t\t\t\t<\/div>\n\t\t\t\t\t<\/div>\n\t\t\t\t<\/div>\n\t\t\t\t<\/div>","protected":false},"excerpt":{"rendered":"Presta Shop Automatyczny rabat Zwi\u0119ksz konwersj\u0119 i zach\u0119\u0107 klient\u00f3w do korzystania z preferowanych metod p\u0142atno\u015bci dzi\u0119ki automatycznym rabatom. Rabat dla Metod P\u0142atno\u015bci to prosty i skuteczny modu\u0142, kt\u00f3ry automatycznie przyznaje","protected":false},"featured_media":5404,"comment_status":"open","ping_status":"closed","template":"","meta":{"powered_cache_disable_cache":false,"powered_cache_disable_css_optimization":false,"powered_cache_disable_js_optimization":false},"product_brand":[275],"product_cat":[128,131],"product_tag":[273,295,208],"class_list":{"0":"post-5285","1":"product","2":"type-product","3":"status-publish","4":"has-post-thumbnail","6":"product_brand-cocos","7":"product_cat-moduly","8":"product_cat-prestashop","9":"product_tag-modul-prestashop","10":"product_tag-obnizka-ceny","11":"product_tag-rabaty","13":"first","14":"instock","15":"downloadable","16":"virtual","17":"taxable","18":"purchasable","19":"product-type-simple"},"_links":{"self":[{"href":"https:\/\/iarina029.supserv.cozmoslabs.com\/en\/wp-json\/wp\/v2\/product\/5285","targetHints":{"allow":["GET"]}}],"collection":[{"href":"https:\/\/iarina029.supserv.cozmoslabs.com\/en\/wp-json\/wp\/v2\/product"}],"about":[{"href":"https:\/\/iarina029.supserv.cozmoslabs.com\/en\/wp-json\/wp\/v2\/types\/product"}],"replies":[{"embeddable":true,"href":"https:\/\/iarina029.supserv.cozmoslabs.com\/en\/wp-json\/wp\/v2\/comments?post=5285"}],"version-history":[{"count":0,"href":"https:\/\/iarina029.supserv.cozmoslabs.com\/en\/wp-json\/wp\/v2\/product\/5285\/revisions"}],"wp:featuredmedia":[{"embeddable":true,"href":"https:\/\/iarina029.supserv.cozmoslabs.com\/en\/wp-json\/wp\/v2\/media\/5404"}],"wp:attachment":[{"href":"https:\/\/iarina029.supserv.cozmoslabs.com\/en\/wp-json\/wp\/v2\/media?parent=5285"}],"wp:term":[{"taxonomy":"product_brand","embeddable":true,"href":"https:\/\/iarina029.supserv.cozmoslabs.com\/en\/wp-json\/wp\/v2\/product_brand?post=5285"},{"taxonomy":"product_cat","embeddable":true,"href":"https:\/\/iarina029.supserv.cozmoslabs.com\/en\/wp-json\/wp\/v2\/product_cat?post=5285"},{"taxonomy":"product_tag","embeddable":true,"href":"https:\/\/iarina029.supserv.cozmoslabs.com\/en\/wp-json\/wp\/v2\/product_tag?post=5285"}],"curies":[{"name":"wp","href":"https:\/\/api.w.org\/{rel}","templated":true}]}}