{"id":5028,"date":"2025-08-20T14:36:38","date_gmt":"2025-08-20T12:36:38","guid":{"rendered":"https:\/\/cocos.codes\/?post_type=product&#038;p=5028"},"modified":"2026-01-21T16:14:48","modified_gmt":"2026-01-21T15:14:48","slug":"prestashop-categories-on-the-home-page","status":"publish","type":"product","link":"https:\/\/iarina029.supserv.cozmoslabs.com\/en\/product\/prestashop-categories-on-the-home-page\/","title":{"rendered":"PrestaShop Categories on the Home Page 1.0.1"},"content":{"rendered":"<div data-elementor-type=\"wp-post\" data-elementor-id=\"5028\" class=\"elementor elementor-5028\">\n\t\t\t\t<div class=\"elementor-element elementor-element-ca0f18d e-flex e-con-boxed e-con e-parent\" data-id=\"ca0f18d\" data-element_type=\"container\" data-e-type=\"container\">\n\t\t\t\t\t<div class=\"e-con-inner\">\n\t\t\t\t<div class=\"elementor-element elementor-element-d444945 elementor-widget elementor-widget-text-editor\" data-id=\"d444945\" data-element_type=\"widget\" data-e-type=\"widget\" data-widget_type=\"text-editor.default\">\n\t\t\t\t\t\t\t\t\t<h6>PrestaShop Categories on the Home Page<\/h6>Advanced module for presenting categories on the home page of stores <a href=\"https:\/\/prestashop.com\/\" title=\"PrestaShop\" target=\"_blank\" rel=\"noopener\">PrestaShop<\/a>. Increase customer engagement and improve store navigation with 11 different display styles, full responsiveness, and animations.<br \/><br \/><strong>Why choose our PrestaShop Categories module?<\/strong><br \/><a href=\"https:\/\/iarina029.supserv.cozmoslabs.com\/en\/product-category\/individual-stores\/\" title=\"The first page of your store is your business card.\">The first page of your store is your business card.<\/a>. A professional presentation of product categories can significantly impact customer engagement and ease of navigation. Our module offers modern solutions for presenting categories while maintaining full control over appearance and functionality.\t\t\t\t\t\t\t\t<\/div>\n\t\t\t\t<div class=\"elementor-element elementor-element-26a66d6 elementor-widget elementor-widget-spacer\" data-id=\"26a66d6\" data-element_type=\"widget\" data-e-type=\"widget\" data-widget_type=\"spacer.default\">\n\t\t\t\t\t\t\t<div class=\"elementor-spacer\">\n\t\t\t<div class=\"elementor-spacer-inner\"><\/div>\n\t\t<\/div>\n\t\t\t\t\t\t<\/div>\n\t\t\t\t\t<\/div>\n\t\t\t\t<\/div>\n\t\t<div class=\"elementor-element elementor-element-b99f31a e-flex e-con-boxed e-con e-parent\" data-id=\"b99f31a\" data-element_type=\"container\" data-e-type=\"container\">\n\t\t\t\t\t<div class=\"e-con-inner\">\n\t\t<div class=\"elementor-element elementor-element-fc24746 e-grid e-con-full e-con e-child\" data-id=\"fc24746\" data-element_type=\"container\" data-e-type=\"container\">\n\t\t\t\t<div class=\"elementor-element elementor-element-72deda0 elementor-widget elementor-widget-pls-button\" data-id=\"72deda0\" data-element_type=\"widget\" data-e-type=\"widget\" data-widget_type=\"pls-button.default\">\n\t\t\t\t<div class=\"elementor-widget-container\">\n\t\t\t\t\t<div id=\"pls-button-23885\" class=\"pls-element pls-button\">\n\t<a class=\"button btn-style-flat\" href=\"https:\/\/iarina029.supserv.cozmoslabs.com\/en\/knowledge-base\/prestashop\/prestashop-documentation\/categories-on-the-prestashop-home-page\/\" title=\"DOCUMENTATION\" target=\"_blank\">\n\t\tDOCUMENTATION\t<\/a>\n<\/div>\n\t\t\t\t<\/div>\n\t\t\t\t<\/div>\n\t\t\t\t<div class=\"elementor-element elementor-element-5ff338f elementor-widget elementor-widget-pls-button\" data-id=\"5ff338f\" data-element_type=\"widget\" data-e-type=\"widget\" data-widget_type=\"pls-button.default\">\n\t\t\t\t<div class=\"elementor-widget-container\">\n\t\t\t\t\t<div id=\"pls-button-84023\" class=\"pls-element pls-button\">\n\t<a class=\"button btn-style-flat\" href=\"https:\/\/demo.cocos.codes\/cc_ps_home_categories\/\" title=\"DEMO\" target=\"_blank\" rel=\"noopener\">\n\t\tDEMO\t<\/a>\n<\/div>\n\t\t\t\t<\/div>\n\t\t\t\t<\/div>\n\t\t\t\t<\/div>\n\t\t\t\t\t<\/div>\n\t\t\t\t<\/div>\n\t\t<div class=\"elementor-element elementor-element-0b85be9 e-flex e-con-boxed e-con e-parent\" data-id=\"0b85be9\" data-element_type=\"container\" data-e-type=\"container\">\n\t\t\t\t\t<div class=\"e-con-inner\">\n\t\t\t\t<div class=\"elementor-element elementor-element-ecb11b7 elementor-widget elementor-widget-spacer\" data-id=\"ecb11b7\" data-element_type=\"widget\" data-e-type=\"widget\" data-widget_type=\"spacer.default\">\n\t\t\t\t\t\t\t<div class=\"elementor-spacer\">\n\t\t\t<div class=\"elementor-spacer-inner\"><\/div>\n\t\t<\/div>\n\t\t\t\t\t\t<\/div>\n\t\t\t\t<div class=\"elementor-element elementor-element-299352a elementor-widget elementor-widget-text-editor\" data-id=\"299352a\" data-element_type=\"widget\" data-e-type=\"widget\" data-widget_type=\"text-editor.default\">\n\t\t\t\t\t\t\t\t\t<h6><strong>A wealth of features and capabilities<\/strong><\/h6><strong>\ud83c\udfa8 A wealth of display styles<\/strong><br \/>\u2705 <strong>7 grid styles<\/strong> - from classic to modern dark mode<br \/>\u2705 <strong>Slider with navigation<\/strong> - elegant carousel with touch gesture support<br \/>\u2705 <strong>3 list modes<\/strong> - horizontal, vertical and compact<br \/>\u2705 <strong>Unique animations<\/strong> - for each display style<br \/>\u2705 <strong>Easy change of styles<\/strong> - without losing the configuration<br \/><br \/><strong>\ud83d\udcf1 Fully responsive<\/strong><br \/>\u2705 <strong>Automatic adjustment<\/strong> - for all devices<br \/>\u2705 <strong>Smart breakpoints<\/strong> - for mobile, tablet and desktop<br \/>\u2705 <strong>Touch-friendly navigation<\/strong> - Slider touch gesture support<br \/>\u2705 <strong>Optimized images<\/strong> - sizes to fit any screen<br \/>\u2705 <strong>Responsive typography<\/strong> - automatic scaling of fonts and spacing<br \/><br \/><strong>\ud83d\uddbc\ufe0f Advanced image management<\/strong><br \/>\u2705 <strong>3 container sizes<\/strong> - small, medium and large<br \/>\u2705 <strong>Automatic detection<\/strong> - available image types in the system<br \/>\u2705 <strong>Lazy loading<\/strong> - optimization of loading performance<br \/>\u2705 <strong>Fallback images<\/strong> - for categories without assigned photos<br \/>\u2705 <strong>Retina-ready<\/strong> - support for high-resolution devices<br \/><br \/><strong>\u2699\ufe0f Flexible configuration<\/strong><br \/>\u2705 <strong>Category selection<\/strong> - automatic or manual<br \/>\u2705 <strong>Content control<\/strong> - display of category names and descriptions<br \/>\u2705 <strong>Multilingual titles<\/strong> - support for all store languages<br \/>\u2705 <strong>Configurable limit<\/strong> - 1 to 50 categories<br \/>\u2705 <strong>Flexible columns<\/strong> - 1 to 6 columns in the grid<br \/><br \/><strong>\ud83c\udfad Professional visual styles<\/strong><br \/>\u2705 <strong>Grid Classic<\/strong> - classic cards with shadows and frames<br \/>\u2705 <strong>Grid Modern<\/strong> - gradient backgrounds with overlay effects<br \/>\u2705 <strong>Grid Minimal<\/strong> - clean, minimalist design<br \/>\u2705 <strong>Grid Colorful<\/strong> - colorful frames with animations<br \/>\u2705 <strong>Grid Elegant<\/strong> - elegant cards with gold accents<br \/>\u2705 <strong>Grid Dark<\/strong> - dark theme with lighting effects<br \/>\u2705 <strong>Grid Light Bordered<\/strong> - bright cards with clear borders<br \/><br \/><strong>\ud83d\udd12 Security and licensing system<\/strong><br \/>\u2705 <strong>Advanced licensing<\/strong> - COCOS system with automatic validation<br \/>\u2705 <strong>Encrypted data<\/strong> - secure storage of license information<br \/>\u2705 <strong>Integrity check<\/strong> - control over unaltered files<br \/>\u2705 <strong>Secure APIs<\/strong> - encrypted connections to license servers<br \/>\u2705 <strong>Automatic checking<\/strong> - license validation every 20-28 hours<br \/><br \/><strong>\u26a1 Performance optimization<\/strong><br \/>\u2705 <strong>Minimum inquiries<\/strong> - optimized database connections<br \/>\u2705 <strong>Conditional charging<\/strong> - resources loaded only when needed<br \/>\u2705 <strong>Cache-friendly<\/strong> - compatibility with caching systems<br \/>\u2705 <strong>Compressed assets<\/strong> - optimized CSS and JavaScript files\t\t\t\t\t\t\t\t<\/div>\n\t\t\t\t<div class=\"elementor-element elementor-element-ace90ab elementor-widget elementor-widget-spacer\" data-id=\"ace90ab\" data-element_type=\"widget\" data-e-type=\"widget\" data-widget_type=\"spacer.default\">\n\t\t\t\t\t\t\t<div class=\"elementor-spacer\">\n\t\t\t<div class=\"elementor-spacer-inner\"><\/div>\n\t\t<\/div>\n\t\t\t\t\t\t<\/div>\n\t\t\t\t<div class=\"elementor-element elementor-element-380632f elementor-widget elementor-widget-text-editor\" data-id=\"380632f\" data-element_type=\"widget\" data-e-type=\"widget\" data-widget_type=\"text-editor.default\">\n\t\t\t\t\t\t\t\t\t<h6>\ud83d\udcc8 Increase your conversions!<\/h6><strong>Professional category presentation<\/strong> it's <strong>key<\/strong> to better navigate the store and increase customer engagement. Thanks to <strong>attractive styles, smooth animations<\/strong> and full <strong>responsiveness<\/strong>, you will help customers find what they are looking for faster.\t\t\t\t\t\t\t\t<\/div>\n\t\t\t\t<div class=\"elementor-element elementor-element-2a18a78 elementor-widget elementor-widget-spacer\" data-id=\"2a18a78\" data-element_type=\"widget\" data-e-type=\"widget\" data-widget_type=\"spacer.default\">\n\t\t\t\t\t\t\t<div class=\"elementor-spacer\">\n\t\t\t<div class=\"elementor-spacer-inner\"><\/div>\n\t\t<\/div>\n\t\t\t\t\t\t<\/div>\n\t\t\t\t<div class=\"elementor-element elementor-element-6a75a72 elementor-widget elementor-widget-text-editor\" data-id=\"6a75a72\" data-element_type=\"widget\" data-e-type=\"widget\" data-widget_type=\"text-editor.default\">\n\t\t\t\t\t\t\t\t\t<h6><strong>For whom?<\/strong><\/h6>The module is ideal for everyone:<br \/><strong>\u2714 <a href=\"https:\/\/iarina029.supserv.cozmoslabs.com\/en\/product-category\/individual-stores\/\" title=\"The first page of your store is your business card.\">PrestaShop Stores<\/a><\/strong> Those wishing to improve the appearance of the homepage<br \/><strong>\u2714 E-commerce managers<\/strong> that care about user experience<br \/><strong>\u2714 Shop owners<\/strong> with a large number of product categories<br \/><strong>\u2714 Web agencies<\/strong> creating stores for customers<br \/><strong>\u2714 Entrepreneurs<\/strong> who rely on a professional image<br \/><strong>\u2714 Mobile stores<\/strong> requiring responsive solutions<br \/><strong>\u2714 Mark premium<\/strong> in need of elegant presentations<div class=\"notranslate\" style=\"all: initial;\">\u00a0<\/div>\t\t\t\t\t\t\t\t<\/div>\n\t\t\t\t<div class=\"elementor-element elementor-element-7c39143 elementor-widget elementor-widget-spacer\" data-id=\"7c39143\" data-element_type=\"widget\" data-e-type=\"widget\" data-widget_type=\"spacer.default\">\n\t\t\t\t\t\t\t<div class=\"elementor-spacer\">\n\t\t\t<div class=\"elementor-spacer-inner\"><\/div>\n\t\t<\/div>\n\t\t\t\t\t\t<\/div>\n\t\t\t\t<div class=\"elementor-element elementor-element-87aca6e elementor-widget elementor-widget-text-editor\" data-id=\"87aca6e\" data-element_type=\"widget\" data-e-type=\"widget\" data-widget_type=\"text-editor.default\">\n\t\t\t\t\t\t\t\t\t<p><div class=\"pls-block pls-block-3297\">\t\t<div data-elementor-type=\"wp-post\" data-elementor-id=\"3297\" class=\"elementor elementor-3297\">\n\t\t\t\t<div class=\"elementor-element elementor-element-d99440d e-flex e-con-boxed e-con e-parent\" data-id=\"d99440d\" data-element_type=\"container\" data-e-type=\"container\" data-settings=\"{&quot;background_background&quot;:&quot;classic&quot;}\">\n\t\t\t\t\t<div class=\"e-con-inner\">\n\t\t\t\t<div class=\"elementor-element elementor-element-b850409 elementor-widget elementor-widget-text-editor\" data-id=\"b850409\" data-element_type=\"widget\" data-e-type=\"widget\" data-widget_type=\"text-editor.default\">\n\t\t\t\t\t\t\t\t\t<h6><strong>\u00a0Enhance your store's capabilities today! <\/strong><strong>\ud83d\ude80<\/strong><\/h6>Add new features, improve user experience and increase conversions with our module. Easy installation, full compatibility and regular updates - everything you need to make your store work even better.<br \/>\u2705 Easy setup \u2705 Professional support \u2705 Seamless integration<br \/><br \/><a class=\"button simple\" href=\"#main-content\" title=\"Install And Start Using Now!\">Install and start using now!<\/a>\t\t\t\t\t\t\t\t<\/div>\n\t\t\t\t\t<\/div>\n\t\t\t\t<\/div>\n\t\t\t\t<\/div>\n\t\t<\/div><\/p>\t\t\t\t\t\t\t\t<\/div>\n\t\t\t\t\t<\/div>\n\t\t\t\t<\/div>\n\t\t\t\t<\/div>","protected":false},"excerpt":{"rendered":"Presta Shop Kategorie Na Stronie G\u0142\u00f3wnej Zaawansowany modu\u0142 do prezentacji kategorii na stronie g\u0142\u00f3wnej sklep\u00f3w Presta Shop. Zwi\u0119ksz zaanga\u017cowanie klient\u00f3w i popraw nawigacj\u0119 w sklepie dzi\u0119ki 11 r\u00f3\u017cnym stylom wy\u015bwietlania,","protected":false},"featured_media":5036,"comment_status":"open","ping_status":"closed","template":"","meta":{"powered_cache_disable_cache":false,"powered_cache_disable_css_optimization":false,"powered_cache_disable_js_optimization":false},"product_brand":[275],"product_cat":[128,131],"product_tag":[282,281,273,244],"class_list":{"0":"post-5028","1":"product","2":"type-product","3":"status-publish","4":"has-post-thumbnail","6":"product_brand-cocos","7":"product_cat-moduly","8":"product_cat-prestashop","9":"product_tag-blok-kategorii","10":"product_tag-kategorie-na-stronie-glownej","11":"product_tag-modul-prestashop","12":"product_tag-prestashop","14":"first","15":"instock","16":"downloadable","17":"virtual","18":"taxable","19":"purchasable","20":"product-type-simple"},"_links":{"self":[{"href":"https:\/\/iarina029.supserv.cozmoslabs.com\/en\/wp-json\/wp\/v2\/product\/5028","targetHints":{"allow":["GET"]}}],"collection":[{"href":"https:\/\/iarina029.supserv.cozmoslabs.com\/en\/wp-json\/wp\/v2\/product"}],"about":[{"href":"https:\/\/iarina029.supserv.cozmoslabs.com\/en\/wp-json\/wp\/v2\/types\/product"}],"replies":[{"embeddable":true,"href":"https:\/\/iarina029.supserv.cozmoslabs.com\/en\/wp-json\/wp\/v2\/comments?post=5028"}],"version-history":[{"count":0,"href":"https:\/\/iarina029.supserv.cozmoslabs.com\/en\/wp-json\/wp\/v2\/product\/5028\/revisions"}],"wp:featuredmedia":[{"embeddable":true,"href":"https:\/\/iarina029.supserv.cozmoslabs.com\/en\/wp-json\/wp\/v2\/media\/5036"}],"wp:attachment":[{"href":"https:\/\/iarina029.supserv.cozmoslabs.com\/en\/wp-json\/wp\/v2\/media?parent=5028"}],"wp:term":[{"taxonomy":"product_brand","embeddable":true,"href":"https:\/\/iarina029.supserv.cozmoslabs.com\/en\/wp-json\/wp\/v2\/product_brand?post=5028"},{"taxonomy":"product_cat","embeddable":true,"href":"https:\/\/iarina029.supserv.cozmoslabs.com\/en\/wp-json\/wp\/v2\/product_cat?post=5028"},{"taxonomy":"product_tag","embeddable":true,"href":"https:\/\/iarina029.supserv.cozmoslabs.com\/en\/wp-json\/wp\/v2\/product_tag?post=5028"}],"curies":[{"name":"wp","href":"https:\/\/api.w.org\/{rel}","templated":true}]}}