{"id":3873,"date":"2025-05-12T10:28:34","date_gmt":"2025-05-12T08:28:34","guid":{"rendered":"https:\/\/cocos.codes\/?post_type=product&#038;p=3873"},"modified":"2026-01-21T17:23:20","modified_gmt":"2026-01-21T16:23:20","slug":"wordpress-portfolio","status":"publish","type":"product","link":"https:\/\/iarina029.supserv.cozmoslabs.com\/en\/product\/wordpress-portfolio\/","title":{"rendered":"WordPress Portfolio 1.0"},"content":{"rendered":"<div data-elementor-type=\"wp-post\" data-elementor-id=\"3873\" class=\"elementor elementor-3873\">\n\t\t\t\t<div class=\"elementor-element elementor-element-b4bddc2 e-flex e-con-boxed e-con e-parent\" data-id=\"b4bddc2\" data-element_type=\"container\" data-e-type=\"container\">\n\t\t\t\t\t<div class=\"e-con-inner\">\n\t\t\t\t<div class=\"elementor-element elementor-element-42eb781 elementor-widget elementor-widget-text-editor\" data-id=\"42eb781\" data-element_type=\"widget\" data-e-type=\"widget\" data-widget_type=\"text-editor.default\">\n\t\t\t\t\t\t\t\t\t<h6>WordPress Portfolio module<\/h6><strong><a href=\"https:\/\/wordpress.org\/\" title=\"WordPress\" target=\"_blank\" rel=\"noopener\">WordPress<\/a> Portfolio<\/strong> is an advanced plug-in that allows you to easily create an impressive portfolio on the <a href=\"https:\/\/iarina029.supserv.cozmoslabs.com\/en\/product-category\/individual-stores\/\" title=\"WordPress Website\">WordPress website<\/a> - Without the need for code knowledge. It offers flexible layouts, detailed project descriptions and modern galleries to professionally present your projects. Customize the look of your portfolio to match your site and stand out in the eyes of your clients.\t\t\t\t\t\t\t\t<\/div>\n\t\t\t\t<div class=\"elementor-element elementor-element-4558239 elementor-widget elementor-widget-spacer\" data-id=\"4558239\" data-element_type=\"widget\" data-e-type=\"widget\" data-widget_type=\"spacer.default\">\n\t\t\t\t\t\t\t<div class=\"elementor-spacer\">\n\t\t\t<div class=\"elementor-spacer-inner\"><\/div>\n\t\t<\/div>\n\t\t\t\t\t\t<\/div>\n\t\t\t\t\t<\/div>\n\t\t\t\t<\/div>\n\t\t<div class=\"elementor-element elementor-element-dea69ed e-grid e-con-boxed e-con e-parent\" data-id=\"dea69ed\" data-element_type=\"container\" data-e-type=\"container\">\n\t\t\t\t\t<div class=\"e-con-inner\">\n\t\t\t\t<div class=\"elementor-element elementor-element-e895d0f elementor-widget elementor-widget-pls-button\" data-id=\"e895d0f\" data-element_type=\"widget\" data-e-type=\"widget\" data-widget_type=\"pls-button.default\">\n\t\t\t\t<div class=\"elementor-widget-container\">\n\t\t\t\t\t<div id=\"pls-button-33593\" class=\"pls-element pls-button\">\n\t<a class=\"button btn-style-flat\" href=\"https:\/\/iarina029.supserv.cozmoslabs.com\/en\/knowledge-base\/wordpress\/documentations\/portfolio-presentation-of-projects-on-the-website\/\" title=\"DOCUMENTATION\" target=\"_blank\">\n\t\tDOCUMENTATION\t<\/a>\n<\/div>\n\t\t\t\t<\/div>\n\t\t\t\t<\/div>\n\t\t\t\t<div class=\"elementor-element elementor-element-4a6390e elementor-widget elementor-widget-pls-button\" data-id=\"4a6390e\" data-element_type=\"widget\" data-e-type=\"widget\" data-widget_type=\"pls-button.default\">\n\t\t\t\t<div class=\"elementor-widget-container\">\n\t\t\t\t\t<div id=\"pls-button-32691\" class=\"pls-element pls-button\">\n\t<a class=\"button btn-style-flat\" href=\"https:\/\/demo.cocos.codes\/cc_wordpress_portfolio\/\" title=\"DEMO\" target=\"_blank\" rel=\"noopener\">\n\t\tDEMO\t<\/a>\n<\/div>\n\t\t\t\t<\/div>\n\t\t\t\t<\/div>\n\t\t\t\t\t<\/div>\n\t\t\t\t<\/div>\n\t\t<div class=\"elementor-element elementor-element-26e294e e-flex e-con-boxed e-con e-parent\" data-id=\"26e294e\" data-element_type=\"container\" data-e-type=\"container\">\n\t\t\t\t\t<div class=\"e-con-inner\">\n\t\t\t\t<div class=\"elementor-element elementor-element-3623c0c elementor-widget elementor-widget-spacer\" data-id=\"3623c0c\" data-element_type=\"widget\" data-e-type=\"widget\" data-widget_type=\"spacer.default\">\n\t\t\t\t\t\t\t<div class=\"elementor-spacer\">\n\t\t\t<div class=\"elementor-spacer-inner\"><\/div>\n\t\t<\/div>\n\t\t\t\t\t\t<\/div>\n\t\t\t\t<div class=\"elementor-element elementor-element-d6e74da elementor-widget elementor-widget-text-editor\" data-id=\"d6e74da\" data-element_type=\"widget\" data-e-type=\"widget\" data-widget_type=\"text-editor.default\">\n\t\t\t\t\t\t\t\t\t<h6>A wealth of features and capabilities<\/h6><strong>\ud83d\uddbc\ufe0f Advanced photo galleries<\/strong><br \/>\u2705 Lightbox - effective enlargement of photos in the gallery<br \/>\u2705 Multiple layouts - configurable number of columns and settings<br \/>\u2705 Automatic thumbnails - the first photo as a thumbnail of the project<br \/>\u2705 Responsiveness - perfect display on any device<br \/>\u2705 Full integration - works seamlessly with WordPress theme<br \/><br \/><strong>\ud83d\udccb Flexible project attributes<\/strong><br \/>\u2705 Custom fields - define custom attributes for projects<br \/>\u2705 Various data types - text, numbers, text areas, selection lists<br \/>\u2705 Sorting and filtering - organizing projects by attributes<br \/>\u2705 Visibility control - decide which attributes to show on the front end<br \/>\u2705 Display formats - list, table or attribute grid<br \/><br \/><strong>\ud83c\udff7\ufe0f Smart organization<\/strong><br \/>\u2705 Categories and subcategories - hierarchical organization of projects<br \/>\u2705 Tag system - additional tagging of project features<br \/>\u2705 Short names - alternative titles for long project names<br \/>\u2705 Filters on the front - easy project search by category<br \/>\u2705 Similar projects - automatic suggestions of related implementations<br \/><br \/><strong>\u2699\ufe0f Flexible configuration<\/strong><br \/>\u2705 Display templates - ready-made layouts for portfolios<br \/>\u2705 Custom permalinks - SEO compliant URL structure.<br \/>\u2705 Responsive grids - configurable number of columns for different devices<br \/>\u2705 Social media integration - share buttons<br \/>\u2705 Custom CSS - ability to add custom styles.<br \/><br \/><strong>\ud83d\udd27 Technical features<\/strong><br \/>\u2705 Intuitive administrative interface - easy project management<br \/>\u2705 License management system - convenient activation and management<br \/>\u2705 Import\/export - transferring projects between pages.<br \/>\u2705 Features for developers - a number of auxiliary functions for templates<br \/>\u2705 Compatibility - works with the latest versions of WordPress.\t\t\t\t\t\t\t\t<\/div>\n\t\t\t\t<div class=\"elementor-element elementor-element-8c37500 elementor-widget elementor-widget-spacer\" data-id=\"8c37500\" data-element_type=\"widget\" data-e-type=\"widget\" data-widget_type=\"spacer.default\">\n\t\t\t\t\t\t\t<div class=\"elementor-spacer\">\n\t\t\t<div class=\"elementor-spacer-inner\"><\/div>\n\t\t<\/div>\n\t\t\t\t\t\t<\/div>\n\t\t\t\t<div class=\"elementor-element elementor-element-44d22b0 elementor-widget elementor-widget-text-editor\" data-id=\"44d22b0\" data-element_type=\"widget\" data-e-type=\"widget\" data-widget_type=\"text-editor.default\">\n\t\t\t\t\t\t\t\t\t<h6>Endless application possibilities<\/h6>The CC WordPress Portfolio plugin will be perfect for:<br \/><strong>Presentation of creative works<\/strong><br \/>\u2705 Photography and graphic design portfolio<br \/>\u2705 Architectural realizations and interior designs<br \/>\u2705 Web and application designs<br \/>\u2705 Arts and crafts work<br \/><br \/><strong>Business applications<\/strong><br \/>\u2705 Case studies and success stories<br \/>\u2705 Customer implementations and references<br \/>\u2705 Presentation of products and services<br \/>\u2705 Research and scientific projects\t\t\t\t\t\t\t\t<\/div>\n\t\t\t\t<div class=\"elementor-element elementor-element-6f2f2d9 elementor-widget elementor-widget-spacer\" data-id=\"6f2f2d9\" data-element_type=\"widget\" data-e-type=\"widget\" data-widget_type=\"spacer.default\">\n\t\t\t\t\t\t\t<div class=\"elementor-spacer\">\n\t\t\t<div class=\"elementor-spacer-inner\"><\/div>\n\t\t<\/div>\n\t\t\t\t\t\t<\/div>\n\t\t\t\t<div class=\"elementor-element elementor-element-8f30cac elementor-widget elementor-widget-text-editor\" data-id=\"8f30cac\" data-element_type=\"widget\" data-e-type=\"widget\" data-widget_type=\"text-editor.default\">\n\t\t\t\t\t\t\t\t\t<h6>\ud83d\udcc8 Enhance your professional image!<\/h6><strong>Professional portfolio<\/strong> effectively showcases your skills and experience. Thanks to <strong>specific attributes<\/strong>, <strong>impressive galleries<\/strong> i <strong>modern design<\/strong>, you will increase <strong>customer interest<\/strong> and improve <strong>conversion rate<\/strong>. Bet on a portfolio that really <strong>sells your skills<\/strong>!\t\t\t\t\t\t\t\t<\/div>\n\t\t\t\t<div class=\"elementor-element elementor-element-7edb483 elementor-widget elementor-widget-spacer\" data-id=\"7edb483\" data-element_type=\"widget\" data-e-type=\"widget\" data-widget_type=\"spacer.default\">\n\t\t\t\t\t\t\t<div class=\"elementor-spacer\">\n\t\t\t<div class=\"elementor-spacer-inner\"><\/div>\n\t\t<\/div>\n\t\t\t\t\t\t<\/div>\n\t\t\t\t<div class=\"elementor-element elementor-element-956e169 elementor-widget elementor-widget-text-editor\" data-id=\"956e169\" data-element_type=\"widget\" data-e-type=\"widget\" data-widget_type=\"text-editor.default\">\n\t\t\t\t\t\t\t\t\t<h6><strong style=\"font-size: 16px;\">For whom?<\/strong><\/h6>The plug-in is ideal for everyone:<br \/>\u2714 Photographers, graphic designers and artists in need of a professional portfolio<br \/>\u2714 Design companies and agencies presenting their projects<br \/>\u2714 Architects and interior designers showing completed projects<br \/>\u2714 Website and application developers demonstrating their skills<br \/>\u2714 Freelancers building a professional image online<br \/>\u2714 Companies that want to present case studies and success stories\t\t\t\t\t\t\t\t<\/div>\n\t\t\t\t<div class=\"elementor-element elementor-element-e4497c2 elementor-widget elementor-widget-spacer\" data-id=\"e4497c2\" data-element_type=\"widget\" data-e-type=\"widget\" data-widget_type=\"spacer.default\">\n\t\t\t\t\t\t\t<div class=\"elementor-spacer\">\n\t\t\t<div class=\"elementor-spacer-inner\"><\/div>\n\t\t<\/div>\n\t\t\t\t\t\t<\/div>\n\t\t\t\t<div class=\"elementor-element elementor-element-390b181 elementor-widget elementor-widget-text-editor\" data-id=\"390b181\" data-element_type=\"widget\" data-e-type=\"widget\" data-widget_type=\"text-editor.default\">\n\t\t\t\t\t\t\t\t\t<p><div class=\"pls-block pls-block-3297\">\t\t<div data-elementor-type=\"wp-post\" data-elementor-id=\"3297\" class=\"elementor elementor-3297\">\n\t\t\t\t<div class=\"elementor-element elementor-element-d99440d e-flex e-con-boxed e-con e-parent\" data-id=\"d99440d\" data-element_type=\"container\" data-e-type=\"container\" data-settings=\"{&quot;background_background&quot;:&quot;classic&quot;}\">\n\t\t\t\t\t<div class=\"e-con-inner\">\n\t\t\t\t<div class=\"elementor-element elementor-element-b850409 elementor-widget elementor-widget-text-editor\" data-id=\"b850409\" data-element_type=\"widget\" data-e-type=\"widget\" data-widget_type=\"text-editor.default\">\n\t\t\t\t\t\t\t\t\t<h6><strong>\u00a0Enhance your store's capabilities today! <\/strong><strong>\ud83d\ude80<\/strong><\/h6>Add new features, improve user experience and increase conversions with our module. Easy installation, full compatibility and regular updates - everything you need to make your store work even better.<br \/>\u2705 Easy setup \u2705 Professional support \u2705 Seamless integration<br \/><br \/><a class=\"button simple\" href=\"#main-content\" title=\"Install And Start Using Now!\">Install and start using now!<\/a>\t\t\t\t\t\t\t\t<\/div>\n\t\t\t\t\t<\/div>\n\t\t\t\t<\/div>\n\t\t\t\t<\/div>\n\t\t<\/div><\/p>\t\t\t\t\t\t\t\t<\/div>\n\t\t\t\t\t<\/div>\n\t\t\t\t<\/div>\n\t\t\t\t<\/div>","protected":false},"excerpt":{"rendered":"Modu\u0142 Word Press Portfolio Word Press Portfolio to zaawansowana wtyczka, kt\u00f3ra pozwala w prosty spos\u00f3b stworzy\u0107 efektowne portfolio na stronie Word Press \u2013 bez potrzeby znajomo\u015bci kodu. Oferuje elastyczne uk\u0142ady,","protected":false},"featured_media":3993,"comment_status":"open","ping_status":"closed","template":"","meta":{"powered_cache_disable_cache":false,"powered_cache_disable_css_optimization":false,"powered_cache_disable_js_optimization":false},"product_brand":[275],"product_cat":[128,132],"product_tag":[238,237,239,198],"class_list":{"0":"post-3873","1":"product","2":"type-product","3":"status-publish","4":"has-post-thumbnail","6":"product_brand-cocos","7":"product_cat-moduly","8":"product_cat-wordpress","9":"product_tag-galeria","10":"product_tag-portfolio","11":"product_tag-projekty","12":"product_tag-wordpress","14":"first","15":"instock","16":"downloadable","17":"virtual","18":"taxable","19":"purchasable","20":"product-type-simple"},"_links":{"self":[{"href":"https:\/\/iarina029.supserv.cozmoslabs.com\/en\/wp-json\/wp\/v2\/product\/3873","targetHints":{"allow":["GET"]}}],"collection":[{"href":"https:\/\/iarina029.supserv.cozmoslabs.com\/en\/wp-json\/wp\/v2\/product"}],"about":[{"href":"https:\/\/iarina029.supserv.cozmoslabs.com\/en\/wp-json\/wp\/v2\/types\/product"}],"replies":[{"embeddable":true,"href":"https:\/\/iarina029.supserv.cozmoslabs.com\/en\/wp-json\/wp\/v2\/comments?post=3873"}],"version-history":[{"count":0,"href":"https:\/\/iarina029.supserv.cozmoslabs.com\/en\/wp-json\/wp\/v2\/product\/3873\/revisions"}],"wp:featuredmedia":[{"embeddable":true,"href":"https:\/\/iarina029.supserv.cozmoslabs.com\/en\/wp-json\/wp\/v2\/media\/3993"}],"wp:attachment":[{"href":"https:\/\/iarina029.supserv.cozmoslabs.com\/en\/wp-json\/wp\/v2\/media?parent=3873"}],"wp:term":[{"taxonomy":"product_brand","embeddable":true,"href":"https:\/\/iarina029.supserv.cozmoslabs.com\/en\/wp-json\/wp\/v2\/product_brand?post=3873"},{"taxonomy":"product_cat","embeddable":true,"href":"https:\/\/iarina029.supserv.cozmoslabs.com\/en\/wp-json\/wp\/v2\/product_cat?post=3873"},{"taxonomy":"product_tag","embeddable":true,"href":"https:\/\/iarina029.supserv.cozmoslabs.com\/en\/wp-json\/wp\/v2\/product_tag?post=3873"}],"curies":[{"name":"wp","href":"https:\/\/api.w.org\/{rel}","templated":true}]}}