{"id":3682,"date":"2025-04-17T20:04:45","date_gmt":"2025-04-17T18:04:45","guid":{"rendered":"https:\/\/cocos.codes\/?post_type=product&#038;p=3682"},"modified":"2026-03-03T19:28:53","modified_gmt":"2026-03-03T18:28:53","slug":"wordpress-google-merchant-center","status":"publish","type":"product","link":"https:\/\/iarina029.supserv.cozmoslabs.com\/en\/product\/wordpress-google-merchant-center\/","title":{"rendered":"WordPress Google Merchant Center 1.0.3"},"content":{"rendered":"<div data-elementor-type=\"wp-post\" data-elementor-id=\"3682\" class=\"elementor elementor-3682\">\n\t\t\t\t<div class=\"elementor-element elementor-element-e799f38 e-flex e-con-boxed e-con e-parent\" data-id=\"e799f38\" data-element_type=\"container\" data-e-type=\"container\">\n\t\t\t\t\t<div class=\"e-con-inner\">\n\t\t\t\t<div class=\"elementor-element elementor-element-959c3f7 elementor-widget elementor-widget-text-editor\" data-id=\"959c3f7\" data-element_type=\"widget\" data-e-type=\"widget\" data-widget_type=\"text-editor.default\">\n\t\t\t\t\t\t\t\t\t<h6>WordPress Google Merchant Center<\/h6><strong>WordPress Google Merchant Center<\/strong> is an indispensable tool for WooCommerce stores that want to effectively promote products on the <a href=\"https:\/\/merchants.google.com\/\" title=\"Google Shopping\" target=\"_blank\" rel=\"noopener\">Google Shopping<\/a>. Plugin <strong>CC Google Merchant Center<\/strong> automates catalog synchronization with Google, allows you to showcase your offerings in search and reach millions of customers. It offers automatic XML file generation, category mapping and product campaign management, ensuring maximum effectiveness of your Google Shopping efforts.\t\t\t\t\t\t\t\t<\/div>\n\t\t\t\t<div class=\"elementor-element elementor-element-98b7f49 elementor-widget elementor-widget-spacer\" data-id=\"98b7f49\" data-element_type=\"widget\" data-e-type=\"widget\" data-widget_type=\"spacer.default\">\n\t\t\t\t\t\t\t<div class=\"elementor-spacer\">\n\t\t\t<div class=\"elementor-spacer-inner\"><\/div>\n\t\t<\/div>\n\t\t\t\t\t\t<\/div>\n\t\t\t\t\t<\/div>\n\t\t\t\t<\/div>\n\t\t<div class=\"elementor-element elementor-element-97ae8e8 e-grid e-con-boxed e-con e-parent\" data-id=\"97ae8e8\" data-element_type=\"container\" data-e-type=\"container\">\n\t\t\t\t\t<div class=\"e-con-inner\">\n\t\t\t\t<div class=\"elementor-element elementor-element-fbd6b65 elementor-widget elementor-widget-pls-button\" data-id=\"fbd6b65\" data-element_type=\"widget\" data-e-type=\"widget\" data-widget_type=\"pls-button.default\">\n\t\t\t\t<div class=\"elementor-widget-container\">\n\t\t\t\t\t<div id=\"pls-button-54382\" class=\"pls-element pls-button\">\n\t<a class=\"button btn-style-flat\" href=\"https:\/\/iarina029.supserv.cozmoslabs.com\/en\/knowledge-base\/wordpress\/documentations\/google-merchant-center\/\" title=\"DOCUMENTATION\" target=\"_blank\">\n\t\tDOCUMENTATION\t<\/a>\n<\/div>\n\t\t\t\t<\/div>\n\t\t\t\t<\/div>\n\t\t\t\t<div class=\"elementor-element elementor-element-5f71e4f elementor-widget elementor-widget-pls-button\" data-id=\"5f71e4f\" data-element_type=\"widget\" data-e-type=\"widget\" data-widget_type=\"pls-button.default\">\n\t\t\t\t<div class=\"elementor-widget-container\">\n\t\t\t\t\t<div id=\"pls-button-90092\" class=\"pls-element pls-button\">\n\t<a class=\"button btn-style-flat\" href=\"https:\/\/demo.cocos.codes\/cc_google_merchant_center\/\" title=\"DEMO\" target=\"_blank\" rel=\"noopener\">\n\t\tDEMO\t<\/a>\n<\/div>\n\t\t\t\t<\/div>\n\t\t\t\t<\/div>\n\t\t\t\t\t<\/div>\n\t\t\t\t<\/div>\n\t\t<div class=\"elementor-element elementor-element-33e2e77 e-flex e-con-boxed e-con e-parent\" data-id=\"33e2e77\" data-element_type=\"container\" data-e-type=\"container\">\n\t\t\t\t\t<div class=\"e-con-inner\">\n\t\t\t\t<div class=\"elementor-element elementor-element-8f9a4f9 elementor-widget elementor-widget-spacer\" data-id=\"8f9a4f9\" data-element_type=\"widget\" data-e-type=\"widget\" data-widget_type=\"spacer.default\">\n\t\t\t\t\t\t\t<div class=\"elementor-spacer\">\n\t\t\t<div class=\"elementor-spacer-inner\"><\/div>\n\t\t<\/div>\n\t\t\t\t\t\t<\/div>\n\t\t\t\t<div class=\"elementor-element elementor-element-b5b83e0 elementor-widget elementor-widget-text-editor\" data-id=\"b5b83e0\" data-element_type=\"widget\" data-e-type=\"widget\" data-widget_type=\"text-editor.default\">\n\t\t\t\t\t\t\t\t\t<h6>Comprehensive configuration options<\/h6><p class=\"whitespace-pre-wrap break-words\"><strong>\ud83d\udecd\ufe0f Full integration with Google Merchant Center<br \/><\/strong> \u2705 Automatic synchronization - regular updating of the product channel without manual intervention <br \/>\u2705 Category mapping - intuitively assign WooCommerce categories to Google's official taxonomy <br \/>\u2705 XML Formats - generate XML files that comply with the latest Google Merchant Center requirements. <br \/>\u2705 Debug mode - convenient integration testing with diagnostic messages<\/p><p class=\"whitespace-pre-wrap break-words\"><strong>\ud83d\udcca Advanced product management<\/strong> <br \/>\u2705 Multiple channels - create different feeds for different product categories or target markets <br \/>\u2705 Custom field mapping - precise control over data sent to Google <br \/>\u2705 Product identifiers - support for GTIN, MPN and Brand required by Google. <br \/>\u2705 Extended attributes - enrichment of products with colors, sizes, genders and dimensions<\/p><p class=\"whitespace-pre-wrap break-words\"><strong>\ud83d\udd04 Process automation<\/strong> <br \/>\u2705 Generation schedules - automatic refreshing of feeds at selected intervals <br \/>\u2705 Intelligent filters - precise selection of products to include in the channel <br \/>\u2705 Exclusion of products - possibility to skip selected products or price ranges <br \/>\u2705 Availability management - automatic updating of product availability status<\/p><p class=\"whitespace-pre-wrap break-words\"><strong>\u2699\ufe0f Flexible configuration options<\/strong> <br \/>\u2705 Price mapping - choosing between gross and net prices for different markets <br \/>\u2705 Media control - determining the number of product images exported to Google <br \/>\u2705 Price filtering - creating channels of products in specific price ranges <br \/>\u2705 Variant support - export all product variants as separate entries<\/p><p class=\"whitespace-pre-wrap break-words\"><strong>\ud83d\udd27 Technical features<\/strong> <br \/>\u2705 HPOS compatibility - full support for WooCommerce High-Performance Order Storage. <br \/>\u2705 License management system - convenient activation and license management in the administration panel <br \/>\u2705 Performance optimization - event queuing for minimal impact on page speed <br \/>\u2705 Compatibility with different themes - works regardless of the WooCommerce theme used <br \/>\u2705 Regular updates - constantly adapting to the latest Google Merchant Center requirements.<\/p>\t\t\t\t\t\t\t\t<\/div>\n\t\t\t\t<div class=\"elementor-element elementor-element-85154fc elementor-widget elementor-widget-spacer\" data-id=\"85154fc\" data-element_type=\"widget\" data-e-type=\"widget\" data-widget_type=\"spacer.default\">\n\t\t\t\t\t\t\t<div class=\"elementor-spacer\">\n\t\t\t<div class=\"elementor-spacer-inner\"><\/div>\n\t\t<\/div>\n\t\t\t\t\t\t<\/div>\n\t\t\t\t<div class=\"elementor-element elementor-element-cef436c elementor-widget elementor-widget-text-editor\" data-id=\"cef436c\" data-element_type=\"widget\" data-e-type=\"widget\" data-widget_type=\"text-editor.default\">\n\t\t\t\t\t\t\t\t\t<h6>Product attributes in the XML file<\/h6>The plug-in generates advanced XML files containing all necessary and optional attributes required by Google:<br \/><p class=\"whitespace-pre-wrap break-words\"><strong>Basic attributes (required)<\/strong><br \/>\u2705 g:id - unique product identifier<br \/>\u2705 g:title - product name (up to 150 characters)<br \/>\u2705 g:description - full description of the product (up to 5000 characters)<br \/>\u2705 g:link - URL to product page<br \/>\u2705 g:image_link - URL to the main product image<br \/>\u2705 g:availability - availability status (in_stock, out_of_stock, preorder)<br \/>\u2705 g:price - current product price with currency<br \/>\u2705 g:google_product_category - Google's official category<br \/><br \/><strong>Identification attributes<\/strong><br \/>\u2705 g:brand - the brand or manufacturer of the product<br \/>\u2705 g:gtin - Global Trade Unit Number (EAN, UPC, ISBN).<br \/>\u2705 g:mpn - Manufacturer's Catalog Number (MPN).<br \/><br \/><strong>Price attributes<\/strong><br \/>\u2705 g:sale_price - promotional price of the product<br \/>\u2705 g:sale_price_effective_date - promotion effective date<br \/><br \/><strong>Additional attributes<\/strong><br \/>\u2705 g:additional_image_link - additional product images<br \/>\u2705 g:color - product color<br \/>\u2705 g:size - product size<br \/>\u2705 g:gender - target gender (male, female, unisex)<br \/>\u2705 g:condition - product condition (new, refurbished, used)<br \/>\u2705 g:product_type - product category from the store (up to 750 characters)<br \/>\u2705 g:length - product length with unit<br \/>\u2705 g:width - width of product with unit<br \/>\u2705 g:height - height of product with unit<br \/>\u2705 g:weight - product weight with unit<\/p>\t\t\t\t\t\t\t\t<\/div>\n\t\t\t\t<div class=\"elementor-element elementor-element-b775f8f elementor-widget elementor-widget-spacer\" data-id=\"b775f8f\" data-element_type=\"widget\" data-e-type=\"widget\" data-widget_type=\"spacer.default\">\n\t\t\t\t\t\t\t<div class=\"elementor-spacer\">\n\t\t\t<div class=\"elementor-spacer-inner\"><\/div>\n\t\t<\/div>\n\t\t\t\t\t\t<\/div>\n\t\t\t\t<div class=\"elementor-element elementor-element-5b93729 elementor-widget elementor-widget-text-editor\" data-id=\"5b93729\" data-element_type=\"widget\" data-e-type=\"widget\" data-widget_type=\"text-editor.default\">\n\t\t\t\t\t\t\t\t\t<h6><strong>\ud83d\udcc8 Increase the visibility of your products on Google by 200-300%!<\/strong><\/h6>Studies show that a professionally configured product channel is a <strong>the key to success in Google Shopping<\/strong>. Thanks to CC Google Merchant Center <strong>Your products will be visible in Google search results<\/strong>, and precise attribute configuration will allow you to <strong>increase the effectiveness of Google Shopping campaigns and the number of conversions<\/strong>.\t\t\t\t\t\t\t\t<\/div>\n\t\t\t\t<div class=\"elementor-element elementor-element-34851c5 elementor-widget elementor-widget-spacer\" data-id=\"34851c5\" data-element_type=\"widget\" data-e-type=\"widget\" data-widget_type=\"spacer.default\">\n\t\t\t\t\t\t\t<div class=\"elementor-spacer\">\n\t\t\t<div class=\"elementor-spacer-inner\"><\/div>\n\t\t<\/div>\n\t\t\t\t\t\t<\/div>\n\t\t\t\t<div class=\"elementor-element elementor-element-032243e elementor-widget elementor-widget-text-editor\" data-id=\"032243e\" data-element_type=\"widget\" data-e-type=\"widget\" data-widget_type=\"text-editor.default\">\n\t\t\t\t\t\t\t\t\t<p><strong>For whom?<\/strong> <br \/>The plugin is ideal for everyone: <br \/>\u2714 WooCommerce stores that want to increase product reach and visibility on Google <br \/>\u2714 E-commerce owners investing in Google Shopping campaigns <br \/>\u2714 Marketers looking for effective ways to reach new customers <br \/>\u2714 Vendors who want to automatically synchronize product data with Google <br \/>\u2714 Businesses looking to increase sales through exposure on Google Shopping<\/p>\t\t\t\t\t\t\t\t<\/div>\n\t\t\t\t<div class=\"elementor-element elementor-element-815079d elementor-widget elementor-widget-spacer\" data-id=\"815079d\" data-element_type=\"widget\" data-e-type=\"widget\" data-widget_type=\"spacer.default\">\n\t\t\t\t\t\t\t<div class=\"elementor-spacer\">\n\t\t\t<div class=\"elementor-spacer-inner\"><\/div>\n\t\t<\/div>\n\t\t\t\t\t\t<\/div>\n\t\t\t\t<div class=\"elementor-element elementor-element-172bfff elementor-widget elementor-widget-text-editor\" data-id=\"172bfff\" data-element_type=\"widget\" data-e-type=\"widget\" data-widget_type=\"text-editor.default\">\n\t\t\t\t\t\t\t\t\t<p><div class=\"pls-block pls-block-3297\">\t\t<div data-elementor-type=\"wp-post\" data-elementor-id=\"3297\" class=\"elementor elementor-3297\">\n\t\t\t\t<div class=\"elementor-element elementor-element-d99440d e-flex e-con-boxed e-con e-parent\" data-id=\"d99440d\" data-element_type=\"container\" data-e-type=\"container\" data-settings=\"{&quot;background_background&quot;:&quot;classic&quot;}\">\n\t\t\t\t\t<div class=\"e-con-inner\">\n\t\t\t\t<div class=\"elementor-element elementor-element-b850409 elementor-widget elementor-widget-text-editor\" data-id=\"b850409\" data-element_type=\"widget\" data-e-type=\"widget\" data-widget_type=\"text-editor.default\">\n\t\t\t\t\t\t\t\t\t<h6><strong>\u00a0Enhance your store's capabilities today! <\/strong><strong>\ud83d\ude80<\/strong><\/h6>Add new features, improve user experience and increase conversions with our module. Easy installation, full compatibility and regular updates - everything you need to make your store work even better.<br \/>\u2705 Easy setup \u2705 Professional support \u2705 Seamless integration<br \/><br \/><a class=\"button simple\" href=\"#main-content\" title=\"Install And Start Using Now!\">Install and start using now!<\/a>\t\t\t\t\t\t\t\t<\/div>\n\t\t\t\t\t<\/div>\n\t\t\t\t<\/div>\n\t\t\t\t<\/div>\n\t\t<\/div><\/p>\t\t\t\t\t\t\t\t<\/div>\n\t\t\t\t\t<\/div>\n\t\t\t\t<\/div>\n\t\t\t\t<\/div>","protected":false},"excerpt":{"rendered":"Word Press Google Merchant Center Word Press Google Merchant Center to niezb\u0119dne narz\u0119dzie dla sklep\u00f3w Woo Commerce, kt\u00f3re chc\u0105 skutecznie promowa\u0107 produkty w Google Shopping. Wtyczka CC Google Merchant Center","protected":false},"featured_media":3814,"comment_status":"open","ping_status":"closed","template":"","meta":{"powered_cache_disable_cache":false,"powered_cache_disable_css_optimization":false,"powered_cache_disable_js_optimization":false},"product_brand":[275],"product_cat":[128,132],"product_tag":[224,199,198,225],"class_list":{"0":"post-3682","1":"product","2":"type-product","3":"status-publish","4":"has-post-thumbnail","6":"product_brand-cocos","7":"product_cat-moduly","8":"product_cat-wordpress","9":"product_tag-google-merchant-center","10":"product_tag-woocommerce","11":"product_tag-wordpress","12":"product_tag-xml","14":"first","15":"instock","16":"downloadable","17":"virtual","18":"taxable","19":"purchasable","20":"product-type-simple"},"_links":{"self":[{"href":"https:\/\/iarina029.supserv.cozmoslabs.com\/en\/wp-json\/wp\/v2\/product\/3682","targetHints":{"allow":["GET"]}}],"collection":[{"href":"https:\/\/iarina029.supserv.cozmoslabs.com\/en\/wp-json\/wp\/v2\/product"}],"about":[{"href":"https:\/\/iarina029.supserv.cozmoslabs.com\/en\/wp-json\/wp\/v2\/types\/product"}],"replies":[{"embeddable":true,"href":"https:\/\/iarina029.supserv.cozmoslabs.com\/en\/wp-json\/wp\/v2\/comments?post=3682"}],"version-history":[{"count":0,"href":"https:\/\/iarina029.supserv.cozmoslabs.com\/en\/wp-json\/wp\/v2\/product\/3682\/revisions"}],"wp:featuredmedia":[{"embeddable":true,"href":"https:\/\/iarina029.supserv.cozmoslabs.com\/en\/wp-json\/wp\/v2\/media\/3814"}],"wp:attachment":[{"href":"https:\/\/iarina029.supserv.cozmoslabs.com\/en\/wp-json\/wp\/v2\/media?parent=3682"}],"wp:term":[{"taxonomy":"product_brand","embeddable":true,"href":"https:\/\/iarina029.supserv.cozmoslabs.com\/en\/wp-json\/wp\/v2\/product_brand?post=3682"},{"taxonomy":"product_cat","embeddable":true,"href":"https:\/\/iarina029.supserv.cozmoslabs.com\/en\/wp-json\/wp\/v2\/product_cat?post=3682"},{"taxonomy":"product_tag","embeddable":true,"href":"https:\/\/iarina029.supserv.cozmoslabs.com\/en\/wp-json\/wp\/v2\/product_tag?post=3682"}],"curies":[{"name":"wp","href":"https:\/\/api.w.org\/{rel}","templated":true}]}}