{"id":3459,"date":"2025-04-08T10:48:57","date_gmt":"2025-04-08T08:48:57","guid":{"rendered":"https:\/\/cocos.codes\/?post_type=product&#038;p=3459"},"modified":"2026-01-21T17:32:42","modified_gmt":"2026-01-21T16:32:42","slug":"woocommerce-advanced-discounts","status":"publish","type":"product","link":"https:\/\/iarina029.supserv.cozmoslabs.com\/en\/product\/woocommerce-advanced-discounts\/","title":{"rendered":"WooCommerce advanced discounts 1.0.1"},"content":{"rendered":"<div data-elementor-type=\"wp-post\" data-elementor-id=\"3459\" class=\"elementor elementor-3459\">\n\t\t\t\t<div class=\"elementor-element elementor-element-6637f1e e-flex e-con-boxed e-con e-parent\" data-id=\"6637f1e\" data-element_type=\"container\" data-e-type=\"container\">\n\t\t\t\t\t<div class=\"e-con-inner\">\n\t\t\t\t<div class=\"elementor-element elementor-element-7369965 elementor-widget elementor-widget-text-editor\" data-id=\"7369965\" data-element_type=\"widget\" data-e-type=\"widget\" data-widget_type=\"text-editor.default\">\n\t\t\t\t\t\t\t\t\t<h6><strong>WooCommerce advanced discounts<br \/><\/strong><\/h6><strong><a href=\"https:\/\/woocommerce.com\/\" title=\"WooCommerce\" target=\"_blank\" rel=\"noopener\">WooCommerce<\/a> discounts<\/strong> is an effective tool for building loyalty and maximizing basket value. <a href=\"https:\/\/iarina029.supserv.cozmoslabs.com\/en\/product-category\/modules\/wordpress\/\" title=\"WordPress plugin\">WordPress plugin<\/a> <strong>CC Discounts<\/strong> allows you to flexibly manage promotions, create personalized discount groups and track the effectiveness of discounts. Take advantage of promotion scheduling, automatic activation of discounts on selected dates and smart discount badges. Advanced product filters and personalization for selected customers guarantee maximum effectiveness of each promotional action.\t\t\t\t\t\t\t\t<\/div>\n\t\t\t\t<div class=\"elementor-element elementor-element-4a660a8 elementor-widget elementor-widget-spacer\" data-id=\"4a660a8\" data-element_type=\"widget\" data-e-type=\"widget\" data-widget_type=\"spacer.default\">\n\t\t\t\t\t\t\t<div class=\"elementor-spacer\">\n\t\t\t<div class=\"elementor-spacer-inner\"><\/div>\n\t\t<\/div>\n\t\t\t\t\t\t<\/div>\n\t\t\t\t\t<\/div>\n\t\t\t\t<\/div>\n\t\t<div class=\"elementor-element elementor-element-c840eb8 e-grid e-con-boxed e-con e-parent\" data-id=\"c840eb8\" data-element_type=\"container\" data-e-type=\"container\">\n\t\t\t\t\t<div class=\"e-con-inner\">\n\t\t\t\t<div class=\"elementor-element elementor-element-b847cfe elementor-widget elementor-widget-pls-button\" data-id=\"b847cfe\" data-element_type=\"widget\" data-e-type=\"widget\" data-widget_type=\"pls-button.default\">\n\t\t\t\t<div class=\"elementor-widget-container\">\n\t\t\t\t\t<div id=\"pls-button-99735\" class=\"pls-element pls-button\">\n\t<a class=\"button btn-style-flat\" href=\"https:\/\/iarina029.supserv.cozmoslabs.com\/en\/knowledge-base\/wordpress\/documentations\/advanced-woocommerce-discounts\/\" title=\"DOCUMENTATION\" target=\"_blank\">\n\t\tDOCUMENTATION\t<\/a>\n<\/div>\n\t\t\t\t<\/div>\n\t\t\t\t<\/div>\n\t\t\t\t<div class=\"elementor-element elementor-element-04c09b9 elementor-widget elementor-widget-pls-button\" data-id=\"04c09b9\" data-element_type=\"widget\" data-e-type=\"widget\" data-widget_type=\"pls-button.default\">\n\t\t\t\t<div class=\"elementor-widget-container\">\n\t\t\t\t\t<div id=\"pls-button-79309\" class=\"pls-element pls-button\">\n\t<a class=\"button btn-style-flat\" href=\"https:\/\/demo.cocos.codes\/cc_discounts\/\" title=\"DEMO\" target=\"_blank\" rel=\"noopener\">\n\t\tDEMO\t<\/a>\n<\/div>\n\t\t\t\t<\/div>\n\t\t\t\t<\/div>\n\t\t\t\t\t<\/div>\n\t\t\t\t<\/div>\n\t\t<div class=\"elementor-element elementor-element-5fde9ac e-flex e-con-boxed e-con e-parent\" data-id=\"5fde9ac\" data-element_type=\"container\" data-e-type=\"container\">\n\t\t\t\t\t<div class=\"e-con-inner\">\n\t\t\t\t<div class=\"elementor-element elementor-element-983333a elementor-widget elementor-widget-spacer\" data-id=\"983333a\" data-element_type=\"widget\" data-e-type=\"widget\" data-widget_type=\"spacer.default\">\n\t\t\t\t\t\t\t<div class=\"elementor-spacer\">\n\t\t\t<div class=\"elementor-spacer-inner\"><\/div>\n\t\t<\/div>\n\t\t\t\t\t\t<\/div>\n\t\t\t\t<div class=\"elementor-element elementor-element-7184ed9 elementor-widget elementor-widget-text-editor\" data-id=\"7184ed9\" data-element_type=\"widget\" data-e-type=\"widget\" data-widget_type=\"text-editor.default\">\n\t\t\t\t\t\t\t\t\t<h6>Comprehensive discounting options<\/h6><strong>\ud83d\udcb0 Advanced discount group system<\/strong><br \/>\u2705 Percentage and value discounts - flexible options to suit your business needs<br \/>\u2705 Promotion scheduling - automatically activate and deactivate discounts on specific dates<br \/>\u2705 Personalization for customers - giving special discounts to selected groups of customers<br \/>\u2705 Product filters - ability to limit discounts to specific products, categories or brands<br \/>\u2705 Easy management - intuitive interface for creating and modifying discount groups<br \/><br \/><strong>\ud83d\uded2 Smart product discounts<\/strong><br \/>\u2705 Discounts for specific products - promotions for selected items in your assortment<br \/>\u2705 Category discounts - automatic discounts for all products in selected categories<br \/>\u2705 Brand discounts - promotions for all products of a given manufacturer.<br \/>\u2705 Combination of conditions - creating complex rules that combine products, categories and brands<br \/>\u2705 Discount badges - automatic marking of discounted products with eye-catching badges<br \/><br \/><strong>\ud83d\udc65 Personalization for customers<\/strong><br \/>\u2705 Discounts for selected customers - special offers for VIPs and regular customers<br \/>\u2705 Customer search engine - easily find and add users to discount groups<br \/>\u2705 Discounts available to all - ability to create all-access promotions<br \/>\u2705 Building loyalty - increasing customer satisfaction through personalized offers<br \/>\u2705 Registration incentives - special discounts to motivate people to create an account with the store<br \/><br \/><strong>\u23f1\ufe0f Advanced scheduling<\/strong><br \/>\u2705 Exact dates - set precise discount period<br \/>\u2705 Hours of promotion - control over the start and end time of the discount<br \/>\u2705 Automatic activation - discounts turn on automatically at the indicated time<br \/>\u2705 Promotions without an end date - the ability to create discounts without an end date<br \/>\u2705 Seasonal promotions - easily prepare discounts for specific times of the year<br \/><br \/><strong>\u2699\ufe0f Flexible configuration options<\/strong><br \/>\u2705 Display customization - options to show or hide the original product price<br \/>\u2705 Personalization of discount badges - custom text, colors and badge position on products<br \/>\u2705 Automatic calculation - enable or disable automatic application of discounts<br \/>\u2705 Default values - configuration of default parameters for new discount groups<br \/>\u2705 Discount logs - detailed history of all discounts applied<br \/><br \/><strong>\ud83d\udd27 Technical features<\/strong><br \/>\u2705 WooCommerce compatibility - full support for latest versions.<br \/>\u2705 License management system - convenient activation and license management in the panel<br \/>\u2705 Import\/export tools - easy transfer of configurations between installations<br \/>\u2705 Debug mode - advanced diagnostic options for troubleshooting<br \/>\u2705 Regular updates - constantly adapting to the latest versions of WooCommerce\t\t\t\t\t\t\t\t<\/div>\n\t\t\t\t<div class=\"elementor-element elementor-element-ee345ac elementor-widget elementor-widget-spacer\" data-id=\"ee345ac\" data-element_type=\"widget\" data-e-type=\"widget\" data-widget_type=\"spacer.default\">\n\t\t\t\t\t\t\t<div class=\"elementor-spacer\">\n\t\t\t<div class=\"elementor-spacer-inner\"><\/div>\n\t\t<\/div>\n\t\t\t\t\t\t<\/div>\n\t\t\t\t<div class=\"elementor-element elementor-element-d4de078 elementor-widget elementor-widget-text-editor\" data-id=\"d4de078\" data-element_type=\"widget\" data-e-type=\"widget\" data-widget_type=\"text-editor.default\">\n\t\t\t\t\t\t\t\t\t<h6>\ud83d\udcb0 Increase the average order value by up to 25-40%!<\/h6>Studies show that well-designed discounts are the key to increasing conversions and cart value. Thanks to CC Discounts<strong> Your customers will add more products to the cart<\/strong>, and personalized promotions will make the <strong>customer loyalty and purchase frequency will increase.<\/strong>\t\t\t\t\t\t\t\t<\/div>\n\t\t\t\t<div class=\"elementor-element elementor-element-4d6209f elementor-widget elementor-widget-spacer\" data-id=\"4d6209f\" data-element_type=\"widget\" data-e-type=\"widget\" data-widget_type=\"spacer.default\">\n\t\t\t\t\t\t\t<div class=\"elementor-spacer\">\n\t\t\t<div class=\"elementor-spacer-inner\"><\/div>\n\t\t<\/div>\n\t\t\t\t\t\t<\/div>\n\t\t\t\t<div class=\"elementor-element elementor-element-e72fcc9 elementor-widget elementor-widget-text-editor\" data-id=\"e72fcc9\" data-element_type=\"widget\" data-e-type=\"widget\" data-widget_type=\"text-editor.default\">\n\t\t\t\t\t\t\t\t\t<h6>For whom?<\/h6><p>The plugin is ideal for everyone:<br \/>\u2714 Stores that want to increase the average order value<br \/>\u2714 E-commerce owners looking for ways to build customer loyalty<br \/>\u2714 WooCommerce stores in need of flexible discount system<br \/>\u2714 Marketers who want to create advanced promotional campaigns<br \/>\u2714 Businesses looking for ways to increase conversion rate and purchase frequency<\/p>\t\t\t\t\t\t\t\t<\/div>\n\t\t\t\t<div class=\"elementor-element elementor-element-5ae346c elementor-widget elementor-widget-spacer\" data-id=\"5ae346c\" data-element_type=\"widget\" data-e-type=\"widget\" data-widget_type=\"spacer.default\">\n\t\t\t\t\t\t\t<div class=\"elementor-spacer\">\n\t\t\t<div class=\"elementor-spacer-inner\"><\/div>\n\t\t<\/div>\n\t\t\t\t\t\t<\/div>\n\t\t\t\t<div class=\"elementor-element elementor-element-a09f484 elementor-widget elementor-widget-text-editor\" data-id=\"a09f484\" data-element_type=\"widget\" data-e-type=\"widget\" data-widget_type=\"text-editor.default\">\n\t\t\t\t\t\t\t\t\t<p><div class=\"pls-block pls-block-3297\">\t\t<div data-elementor-type=\"wp-post\" data-elementor-id=\"3297\" class=\"elementor elementor-3297\">\n\t\t\t\t<div class=\"elementor-element elementor-element-d99440d e-flex e-con-boxed e-con e-parent\" data-id=\"d99440d\" data-element_type=\"container\" data-e-type=\"container\" data-settings=\"{&quot;background_background&quot;:&quot;classic&quot;}\">\n\t\t\t\t\t<div class=\"e-con-inner\">\n\t\t\t\t<div class=\"elementor-element elementor-element-b850409 elementor-widget elementor-widget-text-editor\" data-id=\"b850409\" data-element_type=\"widget\" data-e-type=\"widget\" data-widget_type=\"text-editor.default\">\n\t\t\t\t\t\t\t\t\t<h6><strong>\u00a0Enhance your store's capabilities today! <\/strong><strong>\ud83d\ude80<\/strong><\/h6>Add new features, improve user experience and increase conversions with our module. Easy installation, full compatibility and regular updates - everything you need to make your store work even better.<br \/>\u2705 Easy setup \u2705 Professional support \u2705 Seamless integration<br \/><br \/><a class=\"button simple\" href=\"#main-content\" title=\"Install And Start Using Now!\">Install and start using now!<\/a>\t\t\t\t\t\t\t\t<\/div>\n\t\t\t\t\t<\/div>\n\t\t\t\t<\/div>\n\t\t\t\t<\/div>\n\t\t<\/div><\/p>\t\t\t\t\t\t\t\t<\/div>\n\t\t\t\t\t<\/div>\n\t\t\t\t<\/div>\n\t\t\t\t<\/div>","protected":false},"excerpt":{"rendered":"Woo Commerce zaawansowane rabaty Woo Commerce rabaty to skuteczne narz\u0119dzie do budowania lojalno\u015bci i maksymalizacji warto\u015bci koszyka. Wtyczka Word Press CC Discounts umo\u017cliwia elastyczne zarz\u0105dzanie promocjami, tworzenie spersonalizowanych grup rabatowych","protected":false},"featured_media":3808,"comment_status":"open","ping_status":"closed","template":"","meta":{"powered_cache_disable_cache":false,"powered_cache_disable_css_optimization":false,"powered_cache_disable_js_optimization":false},"product_brand":[275],"product_cat":[128,132],"product_tag":[208,199,198],"class_list":{"0":"post-3459","1":"product","2":"type-product","3":"status-publish","4":"has-post-thumbnail","6":"product_brand-cocos","7":"product_cat-moduly","8":"product_cat-wordpress","9":"product_tag-rabaty","10":"product_tag-woocommerce","11":"product_tag-wordpress","13":"first","14":"instock","15":"downloadable","16":"virtual","17":"taxable","18":"purchasable","19":"product-type-simple"},"_links":{"self":[{"href":"https:\/\/iarina029.supserv.cozmoslabs.com\/en\/wp-json\/wp\/v2\/product\/3459","targetHints":{"allow":["GET"]}}],"collection":[{"href":"https:\/\/iarina029.supserv.cozmoslabs.com\/en\/wp-json\/wp\/v2\/product"}],"about":[{"href":"https:\/\/iarina029.supserv.cozmoslabs.com\/en\/wp-json\/wp\/v2\/types\/product"}],"replies":[{"embeddable":true,"href":"https:\/\/iarina029.supserv.cozmoslabs.com\/en\/wp-json\/wp\/v2\/comments?post=3459"}],"version-history":[{"count":0,"href":"https:\/\/iarina029.supserv.cozmoslabs.com\/en\/wp-json\/wp\/v2\/product\/3459\/revisions"}],"wp:featuredmedia":[{"embeddable":true,"href":"https:\/\/iarina029.supserv.cozmoslabs.com\/en\/wp-json\/wp\/v2\/media\/3808"}],"wp:attachment":[{"href":"https:\/\/iarina029.supserv.cozmoslabs.com\/en\/wp-json\/wp\/v2\/media?parent=3459"}],"wp:term":[{"taxonomy":"product_brand","embeddable":true,"href":"https:\/\/iarina029.supserv.cozmoslabs.com\/en\/wp-json\/wp\/v2\/product_brand?post=3459"},{"taxonomy":"product_cat","embeddable":true,"href":"https:\/\/iarina029.supserv.cozmoslabs.com\/en\/wp-json\/wp\/v2\/product_cat?post=3459"},{"taxonomy":"product_tag","embeddable":true,"href":"https:\/\/iarina029.supserv.cozmoslabs.com\/en\/wp-json\/wp\/v2\/product_tag?post=3459"}],"curies":[{"name":"wp","href":"https:\/\/api.w.org\/{rel}","templated":true}]}}