{"id":3288,"date":"2025-03-11T15:19:02","date_gmt":"2025-03-11T14:19:02","guid":{"rendered":"https:\/\/cocos.codes\/?post_type=product&#038;p=3288"},"modified":"2026-04-09T19:38:25","modified_gmt":"2026-04-09T17:38:25","slug":"woocommerce-free-shipping","status":"publish","type":"product","link":"https:\/\/iarina029.supserv.cozmoslabs.com\/en\/product\/woocommerce-free-shipping\/","title":{"rendered":"WooCommerce Free Shipping 1.0.3"},"content":{"rendered":"<div data-elementor-type=\"wp-post\" data-elementor-id=\"3288\" class=\"elementor elementor-3288\">\n\t\t\t\t<div class=\"elementor-element elementor-element-dfc0fc3 e-flex e-con-boxed e-con e-parent\" data-id=\"dfc0fc3\" data-element_type=\"container\" data-e-type=\"container\">\n\t\t\t\t\t<div class=\"e-con-inner\">\n\t\t\t\t<div class=\"elementor-element elementor-element-aa982fe elementor-widget elementor-widget-text-editor\" data-id=\"aa982fe\" data-element_type=\"widget\" data-e-type=\"widget\" data-widget_type=\"text-editor.default\">\n\t\t\t\t\t\t\t\t\t<h6><strong>WooCommerce free shipping - increase sales with free shipping<br \/><\/strong><\/h6><strong>Free shipping <a href=\"https:\/\/woocommerce.com\/\" title=\"WooCommerce\" target=\"_blank\" rel=\"noopener\">WooCommerce<\/a><\/strong> is a proven way to increase the value of your shopping cart. Our plugin <strong>CC Free Shipping<\/strong> allows easy configuration of the free shipping threshold and personalization of incentive messages. The solution supports multiple currencies, dynamically shows the missing amount for free shipping and offers advanced styling. Increase sales with dedicated messages at checkout and full compatibility with popular currency switches.\t\t\t\t\t\t\t\t<\/div>\n\t\t\t\t<div class=\"elementor-element elementor-element-316deeb elementor-widget elementor-widget-spacer\" data-id=\"316deeb\" data-element_type=\"widget\" data-e-type=\"widget\" data-widget_type=\"spacer.default\">\n\t\t\t\t\t\t\t<div class=\"elementor-spacer\">\n\t\t\t<div class=\"elementor-spacer-inner\"><\/div>\n\t\t<\/div>\n\t\t\t\t\t\t<\/div>\n\t\t\t\t\t<\/div>\n\t\t\t\t<\/div>\n\t\t<div class=\"elementor-element elementor-element-4a4fbba e-grid e-con-boxed e-con e-parent\" data-id=\"4a4fbba\" data-element_type=\"container\" data-e-type=\"container\">\n\t\t\t\t\t<div class=\"e-con-inner\">\n\t\t\t\t<div class=\"elementor-element elementor-element-6872402 elementor-widget elementor-widget-pls-button\" data-id=\"6872402\" data-element_type=\"widget\" data-e-type=\"widget\" data-widget_type=\"pls-button.default\">\n\t\t\t\t<div class=\"elementor-widget-container\">\n\t\t\t\t\t<div id=\"pls-button-61041\" class=\"pls-element pls-button\">\n\t<a class=\"button btn-style-flat\" href=\"\/en\/knowledge-base\/wordpress\/woocommerce-free-shipping\/\" title=\"DOCUMENTATION\"  target=\"_blank\">\n\t\tDOCUMENTATION\t<\/a>\n<\/div>\n\t\t\t\t<\/div>\n\t\t\t\t<\/div>\n\t\t\t\t<div class=\"elementor-element elementor-element-9d8fdd7 elementor-widget elementor-widget-pls-button\" data-id=\"9d8fdd7\" data-element_type=\"widget\" data-e-type=\"widget\" data-widget_type=\"pls-button.default\">\n\t\t\t\t<div class=\"elementor-widget-container\">\n\t\t\t\t\t<div id=\"pls-button-26701\" class=\"pls-element pls-button\">\n\t<a class=\"button btn-style-flat\" href=\"https:\/\/demo.cocos.codes\/cc_free_shipping\/\" title=\"DEMO\" target=\"_blank\" rel=\"noopener\">\n\t\tDEMO\t<\/a>\n<\/div>\n\t\t\t\t<\/div>\n\t\t\t\t<\/div>\n\t\t\t\t\t<\/div>\n\t\t\t\t<\/div>\n\t\t<div class=\"elementor-element elementor-element-3c1e8fe e-flex e-con-boxed e-con e-parent\" data-id=\"3c1e8fe\" data-element_type=\"container\" data-e-type=\"container\">\n\t\t\t\t\t<div class=\"e-con-inner\">\n\t\t\t\t<div class=\"elementor-element elementor-element-0b775e8 elementor-widget elementor-widget-spacer\" data-id=\"0b775e8\" data-element_type=\"widget\" data-e-type=\"widget\" data-widget_type=\"spacer.default\">\n\t\t\t\t\t\t\t<div class=\"elementor-spacer\">\n\t\t\t<div class=\"elementor-spacer-inner\"><\/div>\n\t\t<\/div>\n\t\t\t\t\t\t<\/div>\n\t\t\t\t<div class=\"elementor-element elementor-element-52c36ce elementor-widget elementor-widget-text-editor\" data-id=\"52c36ce\" data-element_type=\"widget\" data-e-type=\"widget\" data-widget_type=\"text-editor.default\">\n\t\t\t\t\t\t\t\t\t<h6><strong>Comprehensive configuration options<\/strong><\/h6><strong>\u2699\ufe0f Basic settings<\/strong><br \/>\u2705 Free shipping threshold - precise definition of the order amount, after which the customer will receive free shipping.<br \/>\u2705 Include discount coupons - option to subtract the value of coupons from the value of the cart before checking the threshold<br \/>\u2705 Consideration of additional charges - possibility to take into account charges with a negative value when calculating the threshold<br \/>\u2705 Disable default CSS styles - full control over appearance by disabling built-in styles<br \/><br \/><strong>\u2728 Personalization of messages<\/strong><br \/>\u2705 Message below threshold - with dynamic variable {remaining} showing missing amount<br \/><strong>\u2705 <\/strong>Message above threshold - information about reaching free shipping<br \/>\u2705 Dedicated messages at checkout - separate messages for order side (below and above threshold)<br \/>\u2705 Message appearing with free shipping method, e.g. (free shipping).<br \/><br \/><strong>\ud83d\udccd Display locations<\/strong><br \/>\u2705 Cart - display messages on the cart page<br \/>\u2705 Order page - free shipping information during order finalization<br \/>\u2705 Before payment methods - strategic placement of a message before selecting a payment method<br \/><br \/><strong>\ud83c\udfa8 Advanced styling<\/strong><br \/>\u2705 Text color - separate settings for messages below and above the threshold<br \/>\u2705 Background color - personalize the background for both message types<br \/>\u2705 Border color - adjust the border color for messages below and above the threshold<br \/>\u2705 Border size - precise control over border thickness (in pixels)<br \/>\u2705 Border rounding - setting the degree of rounding of corners (in pixels).<br \/>\u2705 Font size - the ability to change the size of the text (in pixels)<br \/>\u2705 Custom CSS - field for advanced CSS styles for complete control over the appearance<br \/><br \/><strong>\ud83d\udcb1 Compatibility with multiple currencies<\/strong><br \/>\u2705 WOOCS - WooCommerce Currency Switcher.<br \/>\u2705 Aelia Currency Switcher<br \/>\u2705 WPML + WooCommerce Multilingual<br \/>\u2705 WooCommerce Multi-Currency.<br \/>\u2705 Currency Switcher for WooCommerce by WP Desk.<br \/>\u2705 Automatic conversion of the threshold to the customer's chosen currency<br \/><br \/><strong>\ud83d\udd27 Technical features<\/strong><br \/>\u2705 HPOS compatibility - full support for WooCommerce High-Performance Order Storage.<br \/>\u2705 License management system - convenient activation and license management in the administration panel<br \/>\u2705 Performance optimization - minimal server load and fast performance\t\t\t\t\t\t\t\t<\/div>\n\t\t\t\t<div class=\"elementor-element elementor-element-4a5e7ff elementor-widget elementor-widget-spacer\" data-id=\"4a5e7ff\" data-element_type=\"widget\" data-e-type=\"widget\" data-widget_type=\"spacer.default\">\n\t\t\t\t\t\t\t<div class=\"elementor-spacer\">\n\t\t\t<div class=\"elementor-spacer-inner\"><\/div>\n\t\t<\/div>\n\t\t\t\t\t\t<\/div>\n\t\t\t\t<div class=\"elementor-element elementor-element-ce1e9fa elementor-widget elementor-widget-text-editor\" data-id=\"ce1e9fa\" data-element_type=\"widget\" data-e-type=\"widget\" data-widget_type=\"text-editor.default\">\n\t\t\t\t\t\t\t\t\t<h6><strong>\ud83d\udcc8 Increase the value of your cart by 20-30%!<\/strong><\/h6>Studies show that free shipping is one of the <strong>The most effective ways to increase the average order value<\/strong>. Thanks to CC Free Shipping <strong>Your customers will add products to their shopping cart<\/strong>, to reach the free shipping threshold - all thanks to attractive communications that <strong>motivate more purchases<\/strong>.\t\t\t\t\t\t\t\t<\/div>\n\t\t\t\t<div class=\"elementor-element elementor-element-8ec8481 elementor-widget elementor-widget-spacer\" data-id=\"8ec8481\" data-element_type=\"widget\" data-e-type=\"widget\" data-widget_type=\"spacer.default\">\n\t\t\t\t\t\t\t<div class=\"elementor-spacer\">\n\t\t\t<div class=\"elementor-spacer-inner\"><\/div>\n\t\t<\/div>\n\t\t\t\t\t\t<\/div>\n\t\t\t\t<div class=\"elementor-element elementor-element-7888287 elementor-widget elementor-widget-text-editor\" data-id=\"7888287\" data-element_type=\"widget\" data-e-type=\"widget\" data-widget_type=\"text-editor.default\">\n\t\t\t\t\t\t\t\t\t<h6><strong>For whom?\u00a0<\/strong><\/h6>The plugin is ideal for everyone:<br \/>\u2714 Stores that want to increase average basket value<br \/>\u2714 E-commerce owners looking for effective sales techniques<br \/>\u2714 <a href=\"https:\/\/iarina029.supserv.cozmoslabs.com\/en\/product-category\/individual-stores\/\" title=\"WooCommerce Stores\">WooCommerce Stores<\/a>, who value a professional approach to the purchasing process<br \/>\u2714 Vendors who want to encourage customers to buy more<br \/>\u2714 Businesses with international reach (thanks to support for multiple currencies)\t\t\t\t\t\t\t\t<\/div>\n\t\t\t\t<div class=\"elementor-element elementor-element-425c3d6 elementor-widget elementor-widget-spacer\" data-id=\"425c3d6\" data-element_type=\"widget\" data-e-type=\"widget\" data-widget_type=\"spacer.default\">\n\t\t\t\t\t\t\t<div class=\"elementor-spacer\">\n\t\t\t<div class=\"elementor-spacer-inner\"><\/div>\n\t\t<\/div>\n\t\t\t\t\t\t<\/div>\n\t\t\t\t<div class=\"elementor-element elementor-element-4669eef elementor-widget elementor-widget-text-editor\" data-id=\"4669eef\" data-element_type=\"widget\" data-e-type=\"widget\" data-widget_type=\"text-editor.default\">\n\t\t\t\t\t\t\t\t\t<p><div class=\"pls-block pls-block-3297\">\t\t<div data-elementor-type=\"wp-post\" data-elementor-id=\"3297\" class=\"elementor elementor-3297\">\n\t\t\t\t<div class=\"elementor-element elementor-element-d99440d e-flex e-con-boxed e-con e-parent\" data-id=\"d99440d\" data-element_type=\"container\" data-e-type=\"container\" data-settings=\"{&quot;background_background&quot;:&quot;classic&quot;}\">\n\t\t\t\t\t<div class=\"e-con-inner\">\n\t\t\t\t<div class=\"elementor-element elementor-element-b850409 elementor-widget elementor-widget-text-editor\" data-id=\"b850409\" data-element_type=\"widget\" data-e-type=\"widget\" data-widget_type=\"text-editor.default\">\n\t\t\t\t\t\t\t\t\t<h6><strong>\u00a0Enhance your store's capabilities today! <\/strong><strong>\ud83d\ude80<\/strong><\/h6>Add new features, improve user experience and increase conversions with our module. Easy installation, full compatibility and regular updates - everything you need to make your store work even better.<br \/>\u2705 Easy setup \u2705 Professional support \u2705 Seamless integration<br \/><br \/><a class=\"button simple\" href=\"#main-content\" title=\"Install And Start Using Now!\">Install and start using now!<\/a>\t\t\t\t\t\t\t\t<\/div>\n\t\t\t\t\t<\/div>\n\t\t\t\t<\/div>\n\t\t\t\t<\/div>\n\t\t<\/div><\/p>\t\t\t\t\t\t\t\t<\/div>\n\t\t\t\t\t<\/div>\n\t\t\t\t<\/div>\n\t\t\t\t<\/div>","protected":false},"excerpt":{"rendered":"Woo Commerce darmowa dostawa \u2013 zwi\u0119ksz sprzeda\u017c dzi\u0119ki darmowej wysy\u0142ce Darmowa wysy\u0142ka Woo Commerce to sprawdzony spos\u00f3b na podniesienie warto\u015bci koszyka. Nasza wtyczka CC Free Shipping umo\u017cliwia \u0142atw\u0105 konfiguracj\u0119 progu","protected":false},"featured_media":3809,"comment_status":"open","ping_status":"closed","template":"","meta":{"powered_cache_disable_cache":false,"powered_cache_disable_css_optimization":false,"powered_cache_disable_js_optimization":false},"product_brand":[275],"product_cat":[128,132],"product_tag":[200,199,198],"class_list":{"0":"post-3288","1":"product","2":"type-product","3":"status-publish","4":"has-post-thumbnail","6":"product_brand-cocos","7":"product_cat-moduly","8":"product_cat-wordpress","9":"product_tag-darmowa-dostawa","10":"product_tag-woocommerce","11":"product_tag-wordpress","13":"first","14":"instock","15":"featured","16":"downloadable","17":"virtual","18":"taxable","19":"purchasable","20":"product-type-simple"},"_links":{"self":[{"href":"https:\/\/iarina029.supserv.cozmoslabs.com\/en\/wp-json\/wp\/v2\/product\/3288","targetHints":{"allow":["GET"]}}],"collection":[{"href":"https:\/\/iarina029.supserv.cozmoslabs.com\/en\/wp-json\/wp\/v2\/product"}],"about":[{"href":"https:\/\/iarina029.supserv.cozmoslabs.com\/en\/wp-json\/wp\/v2\/types\/product"}],"replies":[{"embeddable":true,"href":"https:\/\/iarina029.supserv.cozmoslabs.com\/en\/wp-json\/wp\/v2\/comments?post=3288"}],"version-history":[{"count":0,"href":"https:\/\/iarina029.supserv.cozmoslabs.com\/en\/wp-json\/wp\/v2\/product\/3288\/revisions"}],"wp:featuredmedia":[{"embeddable":true,"href":"https:\/\/iarina029.supserv.cozmoslabs.com\/en\/wp-json\/wp\/v2\/media\/3809"}],"wp:attachment":[{"href":"https:\/\/iarina029.supserv.cozmoslabs.com\/en\/wp-json\/wp\/v2\/media?parent=3288"}],"wp:term":[{"taxonomy":"product_brand","embeddable":true,"href":"https:\/\/iarina029.supserv.cozmoslabs.com\/en\/wp-json\/wp\/v2\/product_brand?post=3288"},{"taxonomy":"product_cat","embeddable":true,"href":"https:\/\/iarina029.supserv.cozmoslabs.com\/en\/wp-json\/wp\/v2\/product_cat?post=3288"},{"taxonomy":"product_tag","embeddable":true,"href":"https:\/\/iarina029.supserv.cozmoslabs.com\/en\/wp-json\/wp\/v2\/product_tag?post=3288"}],"curies":[{"name":"wp","href":"https:\/\/api.w.org\/{rel}","templated":true}]}}