{"id":2770,"date":"2025-03-03T14:42:32","date_gmt":"2025-03-03T13:42:32","guid":{"rendered":"https:\/\/cocos.codes\/?post_type=product&#038;p=2770"},"modified":"2026-01-21T17:36:14","modified_gmt":"2026-01-21T16:36:14","slug":"wordpress-prestashop-website-move","status":"publish","type":"product","link":"https:\/\/iarina029.supserv.cozmoslabs.com\/en\/product\/wordpress-prestashop-website-move\/","title":{"rendered":"Moving a WordPress 6.x\/PrestaShop 1.7\/8.x\/9.x site"},"content":{"rendered":"<div data-elementor-type=\"wp-post\" data-elementor-id=\"2770\" class=\"elementor elementor-2770\">\n\t\t\t\t<div class=\"elementor-element elementor-element-4d1107db e-flex e-con-boxed e-con e-parent\" data-id=\"4d1107db\" data-element_type=\"container\" data-e-type=\"container\">\n\t\t\t\t\t<div class=\"e-con-inner\">\n\t\t\t\t<div class=\"elementor-element elementor-element-32101906 elementor-widget elementor-widget-text-editor\" data-id=\"32101906\" data-element_type=\"widget\" data-e-type=\"widget\" data-widget_type=\"text-editor.default\">\n\t\t\t\t\t\t\t\t\t<h6><strong>Moving a WordPress site<br \/><\/strong><\/h6><h6>PrestaShop site move<\/h6>Professional <strong>website transfer<\/strong> requires experience and precision. We offer a smooth migration <a href=\"https:\/\/wordpress.org\/\" title=\"WordPress\" target=\"_blank\" rel=\"noopener\">WordPress<\/a> i <a href=\"https:\/\/www.prestashop.com\/\" title=\"PrestaShop\" target=\"_blank\" rel=\"noopener\">PrestaShop<\/a> To a new server - without stress and downtime. We move all files, databases, plugins and themes, taking care of security and optimization on the <a href=\"https:\/\/iarina029.supserv.cozmoslabs.com\/en\/product\/cocos_host-stable-and-secure-hosting-for-your-business\/\" title=\"New Hosting\">new hosting<\/a>. For the price of the service, you get backup, DNS monitoring, CRON job migration and 14 days of technical support.<br \/><br \/><h6>What we offer:<\/h6><div><ol><li><strong>Comprehensive migration \ud83d\uddc2\ufe0f:<\/strong> We move all files, databases, plugins, themes and email accounts - securely and with attention to detail.<\/li><li><strong>Zero downtime \u23f1\ufe0f:<\/strong> Your website or store will be available at all times - we minimize inconvenience to zero.<\/li><li><strong>Optimization on the new server \u26a1 :<\/strong> After the migration, we test and adjust the settings to make the site run faster and more efficiently.<\/li><li><strong>Full support for WordPress and PrestaShop \ud83d\udee0\ufe0f:<\/strong> We carry every version and configuration, preserving 100% functionality.<\/li><li><strong>DNS Update \ud83c\udf0d:<\/strong> We monitor the process of updating DNS, reducing the time of changes to a minimum (even to a few hours!).<\/li><li><strong>Moving CRON jobs \ud83d\udd04:<\/strong> We take care of the correct operation of CRON tasks on the new server.<\/li><\/ol><\/div>\t\t\t\t\t\t\t\t<\/div>\n\t\t\t\t\t<\/div>\n\t\t\t\t<\/div>\n\t\t<div class=\"elementor-element elementor-element-7032d6e e-flex e-con-boxed e-con e-parent\" data-id=\"7032d6e\" data-element_type=\"container\" data-e-type=\"container\">\n\t\t\t\t\t<div class=\"e-con-inner\">\n\t\t\t\t<div class=\"elementor-element elementor-element-7829b3c elementor-widget elementor-widget-heading\" data-id=\"7829b3c\" data-element_type=\"widget\" data-e-type=\"widget\" data-widget_type=\"heading.default\">\n\t\t\t\t\t<h6 class=\"elementor-heading-title elementor-size-default\">Additional benefits:<\/h6>\t\t\t\t<\/div>\n\t\t\t\t\t<\/div>\n\t\t\t\t<\/div>\n\t\t<div class=\"elementor-element elementor-element-706f456 e-grid e-con-boxed e-con e-parent\" data-id=\"706f456\" data-element_type=\"container\" data-e-type=\"container\">\n\t\t\t\t\t<div class=\"e-con-inner\">\n\t\t\t\t<div class=\"elementor-element elementor-element-7ac3ce6 elementor-widget elementor-widget-text-editor\" data-id=\"7ac3ce6\" data-element_type=\"widget\" data-e-type=\"widget\" data-widget_type=\"text-editor.default\">\n\t\t\t\t\t\t\t\t\t<h6 style=\"text-align: center;\"><strong>Data security \ud83d\udd12<\/strong><\/h6><p style=\"text-align: center;\">We know how important your data is, which is why we make sure it is fully secure during the migration. Before starting the process, we create <strong>backup<\/strong> entire website\/store. In case of any problems, we immediately restore the previous version so you don't have to worry about losing your data. Your files, database and configuration are in safe hands!<br \/><br \/><\/p>\t\t\t\t\t\t\t\t<\/div>\n\t\t\t\t<div class=\"elementor-element elementor-element-a9b7e19 elementor-widget elementor-widget-text-editor\" data-id=\"a9b7e19\" data-element_type=\"widget\" data-e-type=\"widget\" data-widget_type=\"text-editor.default\">\n\t\t\t\t\t\t\t\t\t<h6 style=\"text-align: center;\"><strong>Post-migration support \ud83d\udee0\ufe0f<\/strong><\/h6><p style=\"text-align: center;\">Migration is not the end of our cooperation! We offer <strong>14-day technical support<\/strong> After the transfer of the site\/shop is completed. If you notice any problems or have questions about the new server, our experts are available to <strong>Your<\/strong> disposition. This way you can be sure that everything works as it should.<\/p>\t\t\t\t\t\t\t\t<\/div>\n\t\t\t\t<div class=\"elementor-element elementor-element-07fe717 elementor-widget elementor-widget-text-editor\" data-id=\"07fe717\" data-element_type=\"widget\" data-e-type=\"widget\" data-widget_type=\"text-editor.default\">\n\t\t\t\t\t\t\t\t\t<h6 style=\"text-align: center;\"><strong>Free consultation \ud83d\udde3\ufe0f<\/strong><\/h6><p style=\"text-align: center;\">Not sure if your website\/store is ready for migration? No worries! We offer <strong>free<\/strong> consultation, during which <strong>we will analyze<\/strong> current configuration, software versions, plugins and themes. With this, we will prepare <strong>personalized migration plan<\/strong>, which will ensure a smooth transfer with no surprises. It's our way of putting you in complete control of the process.<\/p>\t\t\t\t\t\t\t\t<\/div>\n\t\t\t\t\t<\/div>\n\t\t\t\t<\/div>\n\t\t<div class=\"elementor-element elementor-element-9a04ba6 e-flex e-con-boxed e-con e-parent\" data-id=\"9a04ba6\" data-element_type=\"container\" data-e-type=\"container\">\n\t\t\t\t\t<div class=\"e-con-inner\">\n\t\t\t\t<div class=\"elementor-element elementor-element-4c26bd7 elementor-widget elementor-widget-spacer\" data-id=\"4c26bd7\" data-element_type=\"widget\" data-e-type=\"widget\" data-widget_type=\"spacer.default\">\n\t\t\t\t\t\t\t<div class=\"elementor-spacer\">\n\t\t\t<div class=\"elementor-spacer-inner\"><\/div>\n\t\t<\/div>\n\t\t\t\t\t\t<\/div>\n\t\t\t\t\t<\/div>\n\t\t\t\t<\/div>\n\t\t<div class=\"elementor-element elementor-element-ef62bdf e-flex e-con-boxed e-con e-parent\" data-id=\"ef62bdf\" data-element_type=\"container\" data-e-type=\"container\" data-settings=\"{&quot;background_background&quot;:&quot;classic&quot;}\">\n\t\t\t\t\t<div class=\"e-con-inner\">\n\t\t\t\t<div class=\"elementor-element elementor-element-c334b42 elementor-widget elementor-widget-text-editor\" data-id=\"c334b42\" data-element_type=\"widget\" data-e-type=\"widget\" data-widget_type=\"text-editor.default\">\n\t\t\t\t\t\t\t\t\t<h6 style=\"text-align: center;\">Don't worry about the technical intricacies of moving! \ud83d\ude9a<\/h6><p style=\"text-align: center;\">Entrust it to us -. <strong>experts<\/strong>, who will take care of every detail.<\/p><p style=\"text-align: center;\"><a class=\"button simple\" href=\"https:\/\/iarina029.supserv.cozmoslabs.com\/en\/contact\/\" title=\"Contact Us Today to Discuss Migration Details!\">Contact us today to discuss the details of the migration!<\/a><\/p><p style=\"text-align: center;\"><strong>Focus on your business and we'll take care of the rest.<\/strong> <br \/>Move your website or store to a new server with the confidence that everything will go from A to Z without any problems!<\/p>\t\t\t\t\t\t\t\t<\/div>\n\t\t\t\t\t<\/div>\n\t\t\t\t<\/div>\n\t\t<div class=\"elementor-element elementor-element-d2ad6e7 e-flex e-con-boxed e-con e-parent\" data-id=\"d2ad6e7\" data-element_type=\"container\" data-e-type=\"container\">\n\t\t\t\t\t<div class=\"e-con-inner\">\n\t\t\t\t<div class=\"elementor-element elementor-element-9709519 elementor-widget elementor-widget-spacer\" data-id=\"9709519\" data-element_type=\"widget\" data-e-type=\"widget\" data-widget_type=\"spacer.default\">\n\t\t\t\t\t\t\t<div class=\"elementor-spacer\">\n\t\t\t<div class=\"elementor-spacer-inner\"><\/div>\n\t\t<\/div>\n\t\t\t\t\t\t<\/div>\n\t\t\t\t<div class=\"elementor-element elementor-element-79a7d82 elementor-widget elementor-widget-heading\" data-id=\"79a7d82\" data-element_type=\"widget\" data-e-type=\"widget\" data-widget_type=\"heading.default\">\n\t\t\t\t\t<h6 class=\"elementor-heading-title elementor-size-default\">What package (amount of data) should I choose?<\/h6>\t\t\t\t<\/div>\n\t\t\t\t<div class=\"elementor-element elementor-element-b92a65a elementor-widget elementor-widget-text-editor\" data-id=\"b92a65a\" data-element_type=\"widget\" data-e-type=\"widget\" data-widget_type=\"text-editor.default\">\n\t\t\t\t\t\t\t\t\t<table class=\"cc-table\"><thead><tr><th style=\"text-align: left;\">Size<\/th><th style=\"text-align: left;\">For whom<\/th><th style=\"text-align: left;\">What to expect<\/th><\/tr><\/thead><tbody><tr><td><strong>up to 5 GB \ud83d\udce6<\/strong>\u00a0- Micro site\/shop<\/td><td>Blogs, portfolios, small stores (<strong>up to 25<\/strong> products).<\/td><td><strong>Simple<\/strong> Templates, a few plugins, a small database.<\/td><\/tr><tr><td><strong>up to 10 GB \ud83d\ude9a<\/strong>\u00a0- Small website\/shop<\/td><td>Company websites, stores (<strong>up to 50<\/strong> products).<\/td><td><strong>Several<\/strong> Plug-ins, basic e-commerce functionality.<\/td><\/tr><tr><td><strong>up to 20 GB \ud83c\udfe2<\/strong>\u00a0- Medium site\/shop<\/td><td>Large stores (<strong>up to 250<\/strong> products), pages with a lot of content.<\/td><td>Advanced functionality, database <strong>approximately 1 GB<\/strong>.<\/td><\/tr><tr><td><strong>Up to 50 GB \ud83c\udf10<\/strong>\u00a0- Large website\/shop<\/td><td>Huge stores (<strong>above 250<\/strong> products), platforms with multimedia.<\/td><td>Complex functionality, database <strong>approximately 5 GB<\/strong>.<\/td><\/tr><tr><td><strong>over 50 GB \ud83d\udee0\ufe0f\u00a0<\/strong> - Very large website\/shop (individual pricing)<\/td><td>SaaS platforms, multilingual stores, sites with <strong>huge<\/strong> amount of data.<\/td><td>Full customization, advanced integrations, database <strong>over 5 GB<\/strong>.<\/td><\/tr><\/tbody><\/table>\t\t\t\t\t\t\t\t<\/div>\n\t\t\t\t\t<\/div>\n\t\t\t\t<\/div>\n\t\t\t\t<\/div>","protected":false},"excerpt":{"rendered":"Przeprowadzka strony Word Press Przeprowadzka strony Presta Shop Profesjonalne przeniesienie strony wymaga do\u015bwiadczenia i precyzji. Oferujemy p\u0142ynn\u0105 migracj\u0119 Word Press i Presta Shop na nowy serwer \u2013 bez stresu i","protected":false},"featured_media":2780,"comment_status":"open","ping_status":"closed","template":"","meta":{"powered_cache_disable_cache":false,"powered_cache_disable_css_optimization":false,"powered_cache_disable_js_optimization":false},"product_brand":[275],"product_cat":[129],"product_tag":[256,244,255,198],"class_list":{"0":"post-2770","1":"product","2":"type-product","3":"status-publish","4":"has-post-thumbnail","6":"product_brand-cocos","7":"product_cat-uslugi","8":"product_tag-migracja","9":"product_tag-prestashop","10":"product_tag-przeniesienie-strony","11":"product_tag-wordpress","13":"first","14":"instock","15":"taxable","16":"shipping-taxable","17":"purchasable","18":"product-type-variable","19":"has-default-attributes"},"_links":{"self":[{"href":"https:\/\/iarina029.supserv.cozmoslabs.com\/en\/wp-json\/wp\/v2\/product\/2770","targetHints":{"allow":["GET"]}}],"collection":[{"href":"https:\/\/iarina029.supserv.cozmoslabs.com\/en\/wp-json\/wp\/v2\/product"}],"about":[{"href":"https:\/\/iarina029.supserv.cozmoslabs.com\/en\/wp-json\/wp\/v2\/types\/product"}],"replies":[{"embeddable":true,"href":"https:\/\/iarina029.supserv.cozmoslabs.com\/en\/wp-json\/wp\/v2\/comments?post=2770"}],"version-history":[{"count":0,"href":"https:\/\/iarina029.supserv.cozmoslabs.com\/en\/wp-json\/wp\/v2\/product\/2770\/revisions"}],"wp:featuredmedia":[{"embeddable":true,"href":"https:\/\/iarina029.supserv.cozmoslabs.com\/en\/wp-json\/wp\/v2\/media\/2780"}],"wp:attachment":[{"href":"https:\/\/iarina029.supserv.cozmoslabs.com\/en\/wp-json\/wp\/v2\/media?parent=2770"}],"wp:term":[{"taxonomy":"product_brand","embeddable":true,"href":"https:\/\/iarina029.supserv.cozmoslabs.com\/en\/wp-json\/wp\/v2\/product_brand?post=2770"},{"taxonomy":"product_cat","embeddable":true,"href":"https:\/\/iarina029.supserv.cozmoslabs.com\/en\/wp-json\/wp\/v2\/product_cat?post=2770"},{"taxonomy":"product_tag","embeddable":true,"href":"https:\/\/iarina029.supserv.cozmoslabs.com\/en\/wp-json\/wp\/v2\/product_tag?post=2770"}],"curies":[{"name":"wp","href":"https:\/\/api.w.org\/{rel}","templated":true}]}}