{"id":2692,"date":"2025-03-02T13:30:53","date_gmt":"2025-03-02T12:30:53","guid":{"rendered":"https:\/\/cocos.codes\/?post_type=product&#038;p=2692"},"modified":"2026-04-09T19:38:28","modified_gmt":"2026-04-09T17:38:28","slug":"vps-server-super-fast-and-powerful-server","status":"publish","type":"product","link":"https:\/\/iarina029.supserv.cozmoslabs.com\/en\/product\/vps-server-super-fast-and-powerful-server\/","title":{"rendered":"VPS server - super fast and powerful server for the demanding \ud83d\udcaa"},"content":{"rendered":"<div data-elementor-type=\"wp-post\" data-elementor-id=\"2692\" class=\"elementor elementor-2692\">\n\t\t\t\t<div class=\"elementor-element elementor-element-49939bd3 e-flex e-con-boxed e-con e-parent\" data-id=\"49939bd3\" data-element_type=\"container\" data-e-type=\"container\">\n\t\t\t\t\t<div class=\"e-con-inner\">\n\t\t\t\t<div class=\"elementor-element elementor-element-45b48c71 elementor-widget elementor-widget-text-editor\" data-id=\"45b48c71\" data-element_type=\"widget\" data-e-type=\"widget\" data-widget_type=\"text-editor.default\">\n\t\t\t\t\t\t\t\t\t<strong>VPS server - super fast and reliable for demanding projects<\/strong><br \/>Need complete control and maximum efficiency? Our <strong>VPS server<\/strong> are dedicated resources with processors <a href=\"https:\/\/www.amd.com\/pl\/products\/epyc-processors\" title=\"AMD EPYC\u2122 7002\" target=\"_blank\" rel=\"noopener\">AMD EPYC\u2122 7002<\/a>, which guarantee speed and stability of operation. We offer premium caching (<a href=\"https:\/\/nginx.org\/en\/\" title=\"Nginx Cache\" target=\"_blank\" rel=\"noopener\">Nginx Cache<\/a> + Redis), 14-day S3 backup, 24\/7 monitoring and full administration. Uptime of 99.9% ensures reliability for sites, applications and <a href=\"https:\/\/iarina029.supserv.cozmoslabs.com\/en\/product-category\/individual-stores\/\" title=\"WooCommerce Stores\">WooCommerce stores<\/a>. It's ideal for demanding projects that need more than a standard <a href=\"https:\/\/iarina029.supserv.cozmoslabs.com\/en\/product\/cocos_host-stable-and-secure-hosting-for-your-business\/\" title=\"Business Hosting\">business hosting<\/a>. <br \/><br \/><h6>What do we offer?<\/h6><ul><li><strong><span style=\"text-decoration: underline;\">Full administration<\/span> and system updates<\/strong> - We take care of your server, ensuring its continuous optimization and security.<\/li><li><strong>High performance<\/strong> - processors <strong>AMD EPYC\u2122 7002<\/strong> and premium caching (<strong>Nginx Cache<\/strong> + <strong>Redis<\/strong>) guarantee lightning-fast performance of applications and websites.<\/li><li><strong>14-day full S3 backup<\/strong> - Your data is safe with daily backups stored on separate servers.<\/li><li><strong>Dedicated resources<\/strong> - CPU, RAM and disk space exclusively at your disposal, providing full power for demanding projects.<\/li><li><strong>Security at the highest level<\/strong> - SSL certificate, firewall and DDoS attack protection protect your server from threats.<\/li><li><strong>24\/7 monitoring<\/strong> - Your server is under constant care and uptime at the level of <strong>99,9%<\/strong> guarantees service reliability.<\/li><li><strong>Flexibility and scalability<\/strong> - free access to the panel <strong>COCOS. Control Panel<\/strong> allows you to easily manage your server, and you can quickly increase your resources if needed.<\/li><li><strong>24\/7 technical support<\/strong> - Our team is available via email and chat anytime, ready to solve your problems.<\/li><\/ul>Our VPS server is the perfect solution for those who need reliability, full control and exceptional performance. Whether you are running advanced applications, online stores or other projects, with our VPS you are assured that your server will meet every requirement, always running at full capacity.\t\t\t\t\t\t\t\t<\/div>\n\t\t\t\t<div class=\"elementor-element elementor-element-7ea57db elementor-widget elementor-widget-spacer\" data-id=\"7ea57db\" data-element_type=\"widget\" data-e-type=\"widget\" data-widget_type=\"spacer.default\">\n\t\t\t\t\t\t\t<div class=\"elementor-spacer\">\n\t\t\t<div class=\"elementor-spacer-inner\"><\/div>\n\t\t<\/div>\n\t\t\t\t\t\t<\/div>\n\t\t\t\t<div class=\"elementor-element elementor-element-a7f394b elementor-widget elementor-widget-heading\" data-id=\"a7f394b\" data-element_type=\"widget\" data-e-type=\"widget\" data-widget_type=\"heading.default\">\n\t\t\t\t\t<h6 class=\"elementor-heading-title elementor-size-default\">Packages - detailed specification<\/h6>\t\t\t\t<\/div>\n\t\t\t\t<div class=\"elementor-element elementor-element-ac447e7 elementor-widget elementor-widget-text-editor\" data-id=\"ac447e7\" data-element_type=\"widget\" data-e-type=\"widget\" data-widget_type=\"text-editor.default\">\n\t\t\t\t\t\t\t\t\t<table class=\"cc-table\"><thead><tr><th>Package<\/th><th>Capacity<\/th><th>COCOS Common Benefits.<\/th><\/tr><\/thead><tbody><tr><td><strong>COCOS_VPS_40<\/strong><\/td><td><strong>40<\/strong> GB NVMe \u26a1<\/td><td class=\"cc-details\" rowspan=\"6\"><br \/>\u2714 <span style=\"text-decoration: underline;\"><strong>Full administration<\/strong><\/span> i <strong>updates<\/strong> systemic \ud83d\udd27<br \/>\u2714 14-day <strong>full S3 backup, <\/strong>stored on <strong>separate<\/strong> servers \ud83d\udcbe<br \/>\u2714 <strong>SSL Certificate<\/strong> for secure connection \ud83d\udd11<br \/>\u2714 Firewall (<strong>firewall<\/strong>) protecting against threats \ud83d\udd25<br \/>\u2714 Protection from <strong>DDoS attacks<\/strong> providing stability \ud83d\udee1\ufe0f<br \/>\u2714 24\/7 server monitoring <strong>24\/7<\/strong> \ud83d\udc40<br \/>\u2714 Technical support: <strong>24\/7<\/strong> (email, chat) \ud83d\udcac<br \/>\u2714 Uptime: <strong>99,9%<\/strong> \ud83d\udcc8<br \/>\u2714 High performance: processors <strong>AMD EPYC\u2122 7002<\/strong>\u26a1<br \/>\u2714 Premium Caching: <strong>Nginx Cache<\/strong> + <strong>Redis<\/strong> for maximum speed \ud83d\ude80<br \/>\u2714 Free access to the panel <strong>COCOS. Control Panel<\/strong> \ud83d\udda5\ufe0f<\/td><\/tr><tr><td><strong>COCOS_VPS_80<\/strong><\/td><td><strong>80<\/strong> GB NVMe \u26a1<\/td><\/tr><tr><td><strong>COCOS_VPS_160<\/strong><\/td><td><strong>160<\/strong> GB NVMe \u26a1<\/td><\/tr><tr><td><strong>COCOS_VPS_240<\/strong><\/td><td><strong>240<\/strong> GB NVMe \u26a1<\/td><\/tr><tr><td><strong>COCOS_VPS_360<\/strong><\/td><td><strong>360<\/strong> GB NVMe \u26a1<\/td><\/tr><\/tbody><\/table>\t\t\t\t\t\t\t\t<\/div>\n\t\t\t\t<div class=\"elementor-element elementor-element-9631622 elementor-widget elementor-widget-spacer\" data-id=\"9631622\" data-element_type=\"widget\" data-e-type=\"widget\" data-widget_type=\"spacer.default\">\n\t\t\t\t\t\t\t<div class=\"elementor-spacer\">\n\t\t\t<div class=\"elementor-spacer-inner\"><\/div>\n\t\t<\/div>\n\t\t\t\t\t\t<\/div>\n\t\t\t\t<div class=\"elementor-element elementor-element-cce84e5 elementor-widget elementor-widget-text-editor\" data-id=\"cce84e5\" data-element_type=\"widget\" data-e-type=\"widget\" data-widget_type=\"text-editor.default\">\n\t\t\t\t\t\t\t\t\t<p><div class=\"pls-block pls-block-3263\">\t\t<div data-elementor-type=\"wp-post\" data-elementor-id=\"3263\" class=\"elementor elementor-3263\">\n\t\t\t\t<div class=\"elementor-element elementor-element-199e8ab e-flex e-con-boxed e-con e-child\" data-id=\"199e8ab\" data-element_type=\"container\" data-e-type=\"container\" data-settings=\"{&quot;background_background&quot;:&quot;classic&quot;}\">\n\t\t\t\t\t<div class=\"e-con-inner\">\n\t\t\t\t<div class=\"elementor-element elementor-element-1d2e8eb elementor-widget elementor-widget-text-editor\" data-id=\"1d2e8eb\" data-element_type=\"widget\" data-e-type=\"widget\" data-widget_type=\"text-editor.default\">\n\t\t\t\t\t\t\t\t\t<h6 style=\"text-align: center;\">Ensure the stability of your business now! \u26a1<\/h6><p style=\"text-align: center;\">Put your server in the hands of <strong>experts<\/strong>who will take care of <strong>reliability<\/strong> i <strong>security<\/strong> Your data.<\/p><p style=\"text-align: center;\"><a class=\"button simple\" href=\"https:\/\/iarina029.supserv.cozmoslabs.com\/en\/contact\/\" title=\"Contact Us Today to choose the perfect server for you!\">Contact us today to choose the perfect server for you!<\/a><\/p><p style=\"text-align: center;\"><strong>Focus on your business and we'll take care of the rest.<\/strong> <br \/>With our server, you are assured that your website, store or application will run quickly, securely and without interruption!<\/p>\t\t\t\t\t\t\t\t<\/div>\n\t\t\t\t\t<\/div>\n\t\t\t\t<\/div>\n\t\t\t\t<\/div>\n\t\t<\/div><\/p>\t\t\t\t\t\t\t\t<\/div>\n\t\t\t\t\t<\/div>\n\t\t\t\t<\/div>\n\t\t\t\t<\/div>","protected":false},"excerpt":{"rendered":"Serwer VPS \u2013 superszybki i niezawodny dla wymagaj\u0105cych projekt\u00f3w Potrzebujesz pe\u0142nej kontroli i maksymalnej wydajno\u015bci? Nasz serwer VPS to dedykowane zasoby z procesorami AMD EPYC\u2122 7002, kt\u00f3re gwarantuj\u0105 szybko\u015b\u0107 i","protected":false},"featured_media":2779,"comment_status":"open","ping_status":"closed","template":"","meta":{"powered_cache_disable_cache":false,"powered_cache_disable_css_optimization":false,"powered_cache_disable_js_optimization":false},"product_brand":[275],"product_cat":[129],"product_tag":[262,260,261],"class_list":{"0":"post-2692","1":"product","2":"type-product","3":"status-publish","4":"has-post-thumbnail","6":"product_brand-cocos","7":"product_cat-uslugi","8":"product_tag-amd-epyc","9":"product_tag-serwer-vps","10":"product_tag-superszybki-serwer","12":"first","13":"instock","14":"taxable","15":"shipping-taxable","16":"purchasable","17":"product-type-variable","18":"has-default-attributes"},"_links":{"self":[{"href":"https:\/\/iarina029.supserv.cozmoslabs.com\/en\/wp-json\/wp\/v2\/product\/2692","targetHints":{"allow":["GET"]}}],"collection":[{"href":"https:\/\/iarina029.supserv.cozmoslabs.com\/en\/wp-json\/wp\/v2\/product"}],"about":[{"href":"https:\/\/iarina029.supserv.cozmoslabs.com\/en\/wp-json\/wp\/v2\/types\/product"}],"replies":[{"embeddable":true,"href":"https:\/\/iarina029.supserv.cozmoslabs.com\/en\/wp-json\/wp\/v2\/comments?post=2692"}],"version-history":[{"count":0,"href":"https:\/\/iarina029.supserv.cozmoslabs.com\/en\/wp-json\/wp\/v2\/product\/2692\/revisions"}],"wp:featuredmedia":[{"embeddable":true,"href":"https:\/\/iarina029.supserv.cozmoslabs.com\/en\/wp-json\/wp\/v2\/media\/2779"}],"wp:attachment":[{"href":"https:\/\/iarina029.supserv.cozmoslabs.com\/en\/wp-json\/wp\/v2\/media?parent=2692"}],"wp:term":[{"taxonomy":"product_brand","embeddable":true,"href":"https:\/\/iarina029.supserv.cozmoslabs.com\/en\/wp-json\/wp\/v2\/product_brand?post=2692"},{"taxonomy":"product_cat","embeddable":true,"href":"https:\/\/iarina029.supserv.cozmoslabs.com\/en\/wp-json\/wp\/v2\/product_cat?post=2692"},{"taxonomy":"product_tag","embeddable":true,"href":"https:\/\/iarina029.supserv.cozmoslabs.com\/en\/wp-json\/wp\/v2\/product_tag?post=2692"}],"curies":[{"name":"wp","href":"https:\/\/api.w.org\/{rel}","templated":true}]}}