{"id":2689,"date":"2025-03-02T13:29:27","date_gmt":"2025-03-02T12:29:27","guid":{"rendered":"https:\/\/cocos.codes\/?post_type=product&#038;p=2689"},"modified":"2026-01-21T17:38:49","modified_gmt":"2026-01-21T16:38:49","slug":"business-hosting-stable-and-secure","status":"publish","type":"product","link":"https:\/\/iarina029.supserv.cozmoslabs.com\/en\/product\/business-hosting-stable-and-secure\/","title":{"rendered":"Business hosting - stable and secure \ud83d\udd12"},"content":{"rendered":"<div data-elementor-type=\"wp-post\" data-elementor-id=\"2689\" class=\"elementor elementor-2689\">\n\t\t\t\t<div class=\"elementor-element elementor-element-4cb05206 e-flex e-con-boxed e-con e-parent\" data-id=\"4cb05206\" data-element_type=\"container\" data-e-type=\"container\">\n\t\t\t\t\t<div class=\"e-con-inner\">\n\t\t\t\t<div class=\"elementor-element elementor-element-41775d13 elementor-widget elementor-widget-text-editor\" data-id=\"41775d13\" data-element_type=\"widget\" data-e-type=\"widget\" data-widget_type=\"text-editor.default\">\n\t\t\t\t\t\t\t\t\t<h6>Business Hosting<\/h6>Are you looking for reliable infrastructure without unnecessary complications? <strong>Business Hosting<\/strong> is the ideal solution for companies that value efficiency and security. We offer modern <a href=\"https:\/\/www.amd.com\/pl\/products\/epyc-processors\" title=\"AMD EPYC servers\" target=\"_blank\" rel=\"noopener\">AMD EPYC servers<\/a> and ultra-fast NVMe drives, guaranteeing smooth operation of websites, applications and <a href=\"https:\/\/iarina029.supserv.cozmoslabs.com\/en\/product\/advanced-woocommerce-discounts\/\" title=\"WooCommerce Stores\">WooCommerce stores<\/a>. We provide daily backups, 99.9% availability, 24\/7 support and premium caching (<a href=\"https:\/\/nginx.org\/en\/\" title=\"Nginx Cache\" target=\"_blank\" rel=\"noopener\">Nginx Cache<\/a> + Redis). An intuitive management panel allows full control of the infrastructure, just like a <a href=\"https:\/\/iarina029.supserv.cozmoslabs.com\/en\/product\/cocos_vps-superfast-and-powerful-server-for-the-discerning\/\" title=\"VPS server\">VPS server<\/a>. <br \/><br \/><h6>What do we offer?<\/h6><ul><li><strong>NVMe drives<\/strong> - Lightning-fast loading time, which speeds up your website and applications.<\/li><li><strong>Security and Backups<\/strong> - Daily backups so your data is always safe. If necessary, you can quickly restore your system to an earlier state.<\/li><li><strong>Performance<\/strong> - With the latest generation processors and plenty of RAM, you are assured that your server can handle simple websites\/shops.<\/li><li><strong>Availability time (uptime)<\/strong> - we guarantee availability at <strong>99,9%<\/strong>, which means that your site will be available to users almost all the time.<\/li><li><strong>Quick<\/strong> i <strong>stable<\/strong> Connectivity - we offer a high-bandwidth Internet connection, which ensures smooth operation of the site and minimizes the risk of delays.<\/li><li><strong>24\/7 Support<\/strong> - Our team of experts is available at any time of the day or night, ready to help you with any problems.<\/li><li><strong>Simple management panel<\/strong> - An intuitive panel so you can easily manage your hosting services.<\/li><\/ul>Our hosting server is a solution that will work in any situation, providing an optimal balance of performance, security and ease of use.\t\t\t\t\t\t\t\t<\/div>\n\t\t\t\t<div class=\"elementor-element elementor-element-de5f741 elementor-widget elementor-widget-spacer\" data-id=\"de5f741\" data-element_type=\"widget\" data-e-type=\"widget\" data-widget_type=\"spacer.default\">\n\t\t\t\t\t\t\t<div class=\"elementor-spacer\">\n\t\t\t<div class=\"elementor-spacer-inner\"><\/div>\n\t\t<\/div>\n\t\t\t\t\t\t<\/div>\n\t\t\t\t<div class=\"elementor-element elementor-element-52410fd elementor-widget elementor-widget-heading\" data-id=\"52410fd\" data-element_type=\"widget\" data-e-type=\"widget\" data-widget_type=\"heading.default\">\n\t\t\t\t\t<h6 class=\"elementor-heading-title elementor-size-default\">Packages - detailed specification<\/h6>\t\t\t\t<\/div>\n\t\t\t\t<div class=\"elementor-element elementor-element-c780931 elementor-widget elementor-widget-text-editor\" data-id=\"c780931\" data-element_type=\"widget\" data-e-type=\"widget\" data-widget_type=\"text-editor.default\">\n\t\t\t\t\t\t\t\t\t<table class=\"cc-table\"><thead><tr><th>Package<\/th><th>Capacity<\/th><th>Package Features<\/th><th>COCOS Common Benefits.<\/th><\/tr><\/thead><tbody><tr><td><strong>COCOS_HOST_5<\/strong><\/td><td><strong>5<\/strong> GB NVMe \u26a1<\/td><td><strong>5<\/strong> email accounts<br \/><strong>5<\/strong> FTP accounts<br \/><strong>1<\/strong> database<\/td><td class=\"cc-details\" rowspan=\"5\">\u2714 14-day <strong>full backup<\/strong> priced \ud83d\udcbe<br \/>\u2714 <strong>SSL Certificate<\/strong> for secure connection \ud83d\udd11<br \/>\u2714 Firewall (<strong>firewall<\/strong>) protecting against threats \ud83d\udd25<br \/>\u2714 Protection from <strong>DDoS attacks<\/strong> providing stability \ud83d\udee1\ufe0f<br \/>\u2714 24\/7 server monitoring <strong>24\/7<\/strong> \ud83d\udc40<br \/>\u2714 Technical support: <strong>24\/7<\/strong> (email, chat) \ud83d\udcac<br \/>\u2714 Uptime: <strong>99,9%<\/strong> \ud83d\udcc8<br \/>\u2714 Premium Caching: <strong>Nginx Cache<\/strong> + <strong>Redis<\/strong> for maximum speed \ud83d\ude80<br \/>\u2714 Free access to the panel <strong>COCOS. Control Panel<\/strong> \ud83d\udda5\ufe0f<\/td><\/tr><tr><td><strong>COCOS_HOST_10<\/strong><\/td><td><strong>10<\/strong> GB NVMe \u26a1<\/td><td><strong>10<\/strong> email accounts<br \/><strong>10<\/strong> FTP accounts<br \/><strong>2<\/strong> databases<\/td><\/tr><tr><td><strong>COCOS_HOST_30<\/strong><\/td><td><strong>30<\/strong> GB NVMe \u26a1<\/td><td><strong>30<\/strong> email accounts<br \/><strong>30<\/strong> FTP accounts<br \/><strong>5<\/strong> databases<\/td><\/tr><tr><td><strong>COCOS_HOST_60<\/strong><\/td><td><strong>60<\/strong> GB NVMe \u26a1<\/td><td><strong>60<\/strong> email accounts<br \/><strong>60<\/strong> FTP accounts<br \/><strong>10<\/strong> databases<\/td><\/tr><tr><td><strong>COCOS_HOST_100<\/strong><\/td><td><strong>100<\/strong> GB NVMe \u26a1<\/td><td><strong>100<\/strong> email accounts<br \/><strong>100<\/strong> FTP accounts<br \/><strong>20<\/strong> databases<\/td><\/tr><\/tbody><\/table>\t\t\t\t\t\t\t\t<\/div>\n\t\t\t\t<div class=\"elementor-element elementor-element-23b73ad elementor-widget elementor-widget-spacer\" data-id=\"23b73ad\" data-element_type=\"widget\" data-e-type=\"widget\" data-widget_type=\"spacer.default\">\n\t\t\t\t\t\t\t<div class=\"elementor-spacer\">\n\t\t\t<div class=\"elementor-spacer-inner\"><\/div>\n\t\t<\/div>\n\t\t\t\t\t\t<\/div>\n\t\t\t\t<div class=\"elementor-element elementor-element-d117fd6 elementor-widget elementor-widget-text-editor\" data-id=\"d117fd6\" data-element_type=\"widget\" data-e-type=\"widget\" data-widget_type=\"text-editor.default\">\n\t\t\t\t\t\t\t\t\t<p><div class=\"pls-block pls-block-3263\">\t\t<div data-elementor-type=\"wp-post\" data-elementor-id=\"3263\" class=\"elementor elementor-3263\">\n\t\t\t\t<div class=\"elementor-element elementor-element-199e8ab e-flex e-con-boxed e-con e-child\" data-id=\"199e8ab\" data-element_type=\"container\" data-e-type=\"container\" data-settings=\"{&quot;background_background&quot;:&quot;classic&quot;}\">\n\t\t\t\t\t<div class=\"e-con-inner\">\n\t\t\t\t<div class=\"elementor-element elementor-element-1d2e8eb elementor-widget elementor-widget-text-editor\" data-id=\"1d2e8eb\" data-element_type=\"widget\" data-e-type=\"widget\" data-widget_type=\"text-editor.default\">\n\t\t\t\t\t\t\t\t\t<h6 style=\"text-align: center;\">Ensure the stability of your business now! \u26a1<\/h6><p style=\"text-align: center;\">Put your server in the hands of <strong>experts<\/strong>who will take care of <strong>reliability<\/strong> i <strong>security<\/strong> Your data.<\/p><p style=\"text-align: center;\"><a class=\"button simple\" href=\"https:\/\/iarina029.supserv.cozmoslabs.com\/en\/contact\/\" title=\"Contact Us Today to choose the perfect server for you!\">Contact us today to choose the perfect server for you!<\/a><\/p><p style=\"text-align: center;\"><strong>Focus on your business and we'll take care of the rest.<\/strong> <br \/>With our server, you are assured that your website, store or application will run quickly, securely and without interruption!<\/p>\t\t\t\t\t\t\t\t<\/div>\n\t\t\t\t\t<\/div>\n\t\t\t\t<\/div>\n\t\t\t\t<\/div>\n\t\t<\/div><\/p>\t\t\t\t\t\t\t\t<\/div>\n\t\t\t\t\t<\/div>\n\t\t\t\t<\/div>\n\t\t\t\t<\/div>","protected":false},"excerpt":{"rendered":"Hosting biznesowy Szukasz niezawodnej infrastruktury bez zb\u0119dnych komplikacji? Hosting biznesowy to idealne rozwi\u0105zanie dla firm, kt\u00f3re ceni\u0105 wydajno\u015b\u0107 i bezpiecze\u0144stwo. Oferujemy nowoczesne serwery AMD EPYC oraz ultraszybkie dyski NVMe, gwarantuj\u0105ce","protected":false},"featured_media":2778,"comment_status":"open","ping_status":"closed","template":"","meta":{"powered_cache_disable_cache":false,"powered_cache_disable_css_optimization":false,"powered_cache_disable_js_optimization":false},"product_brand":[275],"product_cat":[129],"product_tag":[257,259,258],"class_list":{"0":"post-2689","1":"product","2":"type-product","3":"status-publish","4":"has-post-thumbnail","6":"product_brand-cocos","7":"product_cat-uslugi","8":"product_tag-hosting","9":"product_tag-nvme","10":"product_tag-serwery","12":"first","13":"instock","14":"featured","15":"taxable","16":"shipping-taxable","17":"purchasable","18":"product-type-variable","19":"has-default-attributes"},"_links":{"self":[{"href":"https:\/\/iarina029.supserv.cozmoslabs.com\/en\/wp-json\/wp\/v2\/product\/2689","targetHints":{"allow":["GET"]}}],"collection":[{"href":"https:\/\/iarina029.supserv.cozmoslabs.com\/en\/wp-json\/wp\/v2\/product"}],"about":[{"href":"https:\/\/iarina029.supserv.cozmoslabs.com\/en\/wp-json\/wp\/v2\/types\/product"}],"replies":[{"embeddable":true,"href":"https:\/\/iarina029.supserv.cozmoslabs.com\/en\/wp-json\/wp\/v2\/comments?post=2689"}],"version-history":[{"count":0,"href":"https:\/\/iarina029.supserv.cozmoslabs.com\/en\/wp-json\/wp\/v2\/product\/2689\/revisions"}],"wp:featuredmedia":[{"embeddable":true,"href":"https:\/\/iarina029.supserv.cozmoslabs.com\/en\/wp-json\/wp\/v2\/media\/2778"}],"wp:attachment":[{"href":"https:\/\/iarina029.supserv.cozmoslabs.com\/en\/wp-json\/wp\/v2\/media?parent=2689"}],"wp:term":[{"taxonomy":"product_brand","embeddable":true,"href":"https:\/\/iarina029.supserv.cozmoslabs.com\/en\/wp-json\/wp\/v2\/product_brand?post=2689"},{"taxonomy":"product_cat","embeddable":true,"href":"https:\/\/iarina029.supserv.cozmoslabs.com\/en\/wp-json\/wp\/v2\/product_cat?post=2689"},{"taxonomy":"product_tag","embeddable":true,"href":"https:\/\/iarina029.supserv.cozmoslabs.com\/en\/wp-json\/wp\/v2\/product_tag?post=2689"}],"curies":[{"name":"wp","href":"https:\/\/api.w.org\/{rel}","templated":true}]}}