{"id":2677,"date":"2025-03-01T22:17:52","date_gmt":"2025-03-01T21:17:52","guid":{"rendered":"https:\/\/cocos.codes\/?post_type=product&#038;p=2677"},"modified":"2026-01-21T17:41:10","modified_gmt":"2026-01-21T16:41:10","slug":"prestashop-and-wordpress-module-installation","status":"publish","type":"product","link":"https:\/\/iarina029.supserv.cozmoslabs.com\/en\/product\/prestashop-and-wordpress-module-installation\/","title":{"rendered":"Installing PrestaShop 1.7\/8.x\/9.x and WordPress 6.x Modules - fast and hassle-free \u2699\ufe0f"},"content":{"rendered":"<div data-elementor-type=\"wp-post\" data-elementor-id=\"2677\" class=\"elementor elementor-2677\">\n\t\t\t\t<div class=\"elementor-element elementor-element-17d430f4 e-flex e-con-boxed e-con e-parent\" data-id=\"17d430f4\" data-element_type=\"container\" data-e-type=\"container\">\n\t\t\t\t\t<div class=\"e-con-inner\">\n\t\t\t\t<div class=\"elementor-element elementor-element-5a42bdf5 elementor-widget elementor-widget-text-editor\" data-id=\"5a42bdf5\" data-element_type=\"widget\" data-e-type=\"widget\" data-widget_type=\"text-editor.default\">\n\t\t\t\t\t\t\t\t\t<h6><strong>PrestaShop Module Installation<br \/>WordPress Module Installation<\/strong><\/h6>Don't waste time configuring it yourself! Professional <strong>module installation<\/strong> is the ideal solution for stores based on <a href=\"https:\/\/www.prestashop.com\/\" title=\"PrestaShop\" target=\"_blank\" rel=\"noopener\">PrestaShop<\/a> i <a href=\"https:\/\/woocommerce.com\/\" title=\"WordPress WooCommerce\" target=\"_blank\" rel=\"noopener\">WordPress WooCommerce<\/a>. We offer full configuration, testing and compatibility verification to make your store work flawlessly. We guarantee security and no conflicts with other modules, even with advanced solutions such as <a href=\"https:\/\/iarina029.supserv.cozmoslabs.com\/en\/product\/advanced-woocommerce-discounts\/\" title=\"Discount Modules\">discount modules<\/a> or <a href=\"https:\/\/iarina029.supserv.cozmoslabs.com\/en\/product\/prestashop-banner\/\" title=\"PrestaShop Banners\">PrestaShop banners<\/a>. Focus on business development and we'll take care of the rest!<br \/><br \/><strong>What do you gain?<\/strong><br \/>\u2705 Quick and flawless installation - your module will be up and running in no time.<br \/>\u2705 Full configuration - we will customize the module settings to meet your needs.<br \/>\u2705 Testing and verification - we will check that everything works as it should.<br \/>\u2705 Security and compatibility - we will make sure that the module does not cause conflicts in your store.<br \/><br \/><strong>How does it work?<\/strong><br \/>1\ufe0f\u20e3 You choose a service and send us the module.<br \/>2\ufe0f\u20e3 We install it in your store.<br \/>3\ufe0f\u20e3 We configure and test for correct operation.<br \/>4\ufe0f\u20e3 Done! You can enjoy the new functionality without stress.\t\t\t\t\t\t\t\t<\/div>\n\t\t\t\t<div class=\"elementor-element elementor-element-051c866 elementor-widget elementor-widget-spacer\" data-id=\"051c866\" data-element_type=\"widget\" data-e-type=\"widget\" data-widget_type=\"spacer.default\">\n\t\t\t\t\t\t\t<div class=\"elementor-spacer\">\n\t\t\t<div class=\"elementor-spacer-inner\"><\/div>\n\t\t<\/div>\n\t\t\t\t\t\t<\/div>\n\t\t<div class=\"elementor-element elementor-element-9457359 e-con-full e-flex e-con e-child\" data-id=\"9457359\" data-element_type=\"container\" data-e-type=\"container\" data-settings=\"{&quot;background_background&quot;:&quot;classic&quot;}\">\n\t\t\t\t<div class=\"elementor-element elementor-element-c19d460 elementor-widget elementor-widget-text-editor\" data-id=\"c19d460\" data-element_type=\"widget\" data-e-type=\"widget\" data-widget_type=\"text-editor.default\">\n\t\t\t\t\t\t\t\t\t<h6 style=\"text-align: center;\">Install the module without stress! \ud83d\udd27<\/h6><p style=\"text-align: center;\"><strong>Don't waste time<\/strong> On technical details - leave it <strong>specialists<\/strong>! We will take care of installing the module in your store or website so that it works smoothly and flawlessly.<\/p><p style=\"text-align: center;\"><a class=\"button simple\" href=\"https:\/\/iarina029.supserv.cozmoslabs.com\/en\/contact\/\" title=\"Contact Us Today to Discuss Installation Details!\">Contact us today to discuss installation details!<\/a><\/p><p style=\"text-align: center;\"><strong>Focus on your business and we'll take care of the rest.<\/strong> <br \/>Install a module that will increase the functionality of your site, without unnecessary complications!<\/p>\t\t\t\t\t\t\t\t<\/div>\n\t\t\t\t<\/div>\n\t\t\t\t<div class=\"elementor-element elementor-element-c3363be elementor-widget elementor-widget-spacer\" data-id=\"c3363be\" data-element_type=\"widget\" data-e-type=\"widget\" data-widget_type=\"spacer.default\">\n\t\t\t\t\t\t\t<div class=\"elementor-spacer\">\n\t\t\t<div class=\"elementor-spacer-inner\"><\/div>\n\t\t<\/div>\n\t\t\t\t\t\t<\/div>\n\t\t\t\t<div class=\"elementor-element elementor-element-0b263de elementor-widget elementor-widget-text-editor\" data-id=\"0b263de\" data-element_type=\"widget\" data-e-type=\"widget\" data-widget_type=\"text-editor.default\">\n\t\t\t\t\t\t\t\t\t<p>\u26a0\ufe0f NOTE: If you buy the module from our store, the installation is completely free! \ud83c\udf89<br \/>Don't risk technical problems - leave the installation to the professionals and focus on growing your business! \ud83d\uded2\ud83d\udcbc<br \/><br \/><strong>\ud83d\udca1 Order now and let us do it for you!<\/strong><\/p>\t\t\t\t\t\t\t\t<\/div>\n\t\t\t\t\t<\/div>\n\t\t\t\t<\/div>\n\t\t\t\t<\/div>","protected":false},"excerpt":{"rendered":"Instalacja Modu\u0142u Presta Shop Instalacja Modu\u0142u Word Press Nie tra\u0107 czasu na samodzieln\u0105 konfiguracj\u0119! Profesjonalna instalacja modu\u0142u to idealne rozwi\u0105zanie dla sklep\u00f3w opartych na Presta Shop i Word Press Woo","protected":false},"featured_media":2774,"comment_status":"open","ping_status":"closed","template":"","meta":{"powered_cache_disable_cache":false,"powered_cache_disable_css_optimization":false,"powered_cache_disable_js_optimization":false},"product_brand":[275],"product_cat":[129],"product_tag":[263,264,244,198],"class_list":{"0":"post-2677","1":"product","2":"type-product","3":"status-publish","4":"has-post-thumbnail","6":"product_brand-cocos","7":"product_cat-uslugi","8":"product_tag-instalacja-modulu","9":"product_tag-instalacja-wtyczki","10":"product_tag-prestashop","11":"product_tag-wordpress","13":"first","14":"instock","15":"featured","16":"taxable","17":"shipping-taxable","18":"purchasable","19":"product-type-simple"},"_links":{"self":[{"href":"https:\/\/iarina029.supserv.cozmoslabs.com\/en\/wp-json\/wp\/v2\/product\/2677","targetHints":{"allow":["GET"]}}],"collection":[{"href":"https:\/\/iarina029.supserv.cozmoslabs.com\/en\/wp-json\/wp\/v2\/product"}],"about":[{"href":"https:\/\/iarina029.supserv.cozmoslabs.com\/en\/wp-json\/wp\/v2\/types\/product"}],"replies":[{"embeddable":true,"href":"https:\/\/iarina029.supserv.cozmoslabs.com\/en\/wp-json\/wp\/v2\/comments?post=2677"}],"version-history":[{"count":0,"href":"https:\/\/iarina029.supserv.cozmoslabs.com\/en\/wp-json\/wp\/v2\/product\/2677\/revisions"}],"wp:featuredmedia":[{"embeddable":true,"href":"https:\/\/iarina029.supserv.cozmoslabs.com\/en\/wp-json\/wp\/v2\/media\/2774"}],"wp:attachment":[{"href":"https:\/\/iarina029.supserv.cozmoslabs.com\/en\/wp-json\/wp\/v2\/media?parent=2677"}],"wp:term":[{"taxonomy":"product_brand","embeddable":true,"href":"https:\/\/iarina029.supserv.cozmoslabs.com\/en\/wp-json\/wp\/v2\/product_brand?post=2677"},{"taxonomy":"product_cat","embeddable":true,"href":"https:\/\/iarina029.supserv.cozmoslabs.com\/en\/wp-json\/wp\/v2\/product_cat?post=2677"},{"taxonomy":"product_tag","embeddable":true,"href":"https:\/\/iarina029.supserv.cozmoslabs.com\/en\/wp-json\/wp\/v2\/product_tag?post=2677"}],"curies":[{"name":"wp","href":"https:\/\/api.w.org\/{rel}","templated":true}]}}