{"id":2645,"date":"2025-02-26T16:17:08","date_gmt":"2025-02-26T15:17:08","guid":{"rendered":"https:\/\/cocos.codes\/?post_type=product&#038;p=2645"},"modified":"2026-01-21T17:42:54","modified_gmt":"2026-01-21T16:42:54","slug":"coco-elite-store","status":"publish","type":"product","link":"https:\/\/iarina029.supserv.cozmoslabs.com\/en\/product\/coco-elite-store\/","title":{"rendered":"Store Coco Elite - Rolls-Royce among online stores \ud83d\ude80."},"content":{"rendered":"<div data-elementor-type=\"wp-post\" data-elementor-id=\"2645\" class=\"elementor elementor-2645\">\n\t\t\t\t<div class=\"elementor-element elementor-element-33553f2b e-flex e-con-boxed e-con e-parent\" data-id=\"33553f2b\" data-element_type=\"container\" data-e-type=\"container\">\n\t\t\t\t\t<div class=\"e-con-inner\">\n\t\t\t\t<div class=\"elementor-element elementor-element-2070f4c4 elementor-widget elementor-widget-text-editor\" data-id=\"2070f4c4\" data-element_type=\"widget\" data-e-type=\"widget\" data-widget_type=\"text-editor.default\">\n\t\t\t\t\t\t\t\t\t<h6><strong>Premium online store - the Rolls-Royce among e-commerce.<br \/><\/strong><\/h6>Looking for a unique solution for your online business? <strong>Premium online store<\/strong> is a proposal for the most demanding. We offer a store based on <a href=\"https:\/\/woocommerce.com\/\" title=\"WordPress WooCommerce\" target=\"_blank\" rel=\"noopener\">WordPress WooCommerce<\/a> or <a href=\"https:\/\/www.prestashop.com\/\" title=\"PrestaShop\" target=\"_blank\" rel=\"noopener\">PrestaShop<\/a> With a unique design created from scratch. We provide full integration of payments (PayPal, Stripe, Blik, Przelewy24) and support for courier shipments (InPost, DPD, DHL). In the package you get <a href=\"https:\/\/iarina029.supserv.cozmoslabs.com\/en\/product\/cocos_vps-superfast-and-powerful-server-for-the-discerning\/\" title=\"VPS server\">VPS server<\/a> and 5 COCOS modules that maximize the functionality of the store. In addition, we offer 1:1 consultations, online training, and 6 months of technical support with a dedicated account manager. We take care of marketing integrations and SEO optimization so you can fully focus on growing your business.<br \/><br \/><h6><strong>What it contains:<\/strong><\/h6><ul><li>Store on the platform of your choice (<strong>WordPress<\/strong> z <strong>WooCommerce<\/strong> or <strong>PrestaShop<\/strong>).<\/li><li><strong>Premium<\/strong> Graphic template (unique design from scratch, full personalization, UX\/UI tailored to your target audience).<\/li><li><strong>Full integration of payment and delivery<\/strong> (for the Polish market: PayPal, Stripe, Blik, Przelewy24, integration with couriers and warehouses: InPost, DPD, DHL; for the global market: PayPal, Stripe, integration with couriers and warehouses: UPS, FedEx).<\/li><li><strong>5 modules from COCOS.<\/strong> included.<\/li><li>Product management module (for <strong>500 products<\/strong> uploaded by us at launch).<\/li><li>1:1 consultation on platform selection, strategy and marketing (<strong>2 hours<\/strong> with an expert).<\/li><li>Online training: advanced store management and sales strategies (<strong>3 hours<\/strong> with an expert).<\/li><li>Technical support by <strong>6 months<\/strong> (<strong>dedicated<\/strong> mentor, <strong>priority<\/strong> corrections, assistance <strong>24\/7<\/strong>).<\/li><li>Server <a href=\"https:\/\/iarina029.supserv.cozmoslabs.com\/en\/product\/cocos_vps-superfast-and-powerful-server-for-the-discerning\/\" title=\"VPS server\"><strong>COCOS_VPS \ud83d\udd17<\/strong><\/a> - A reliable base for your online store.<\/li><li>Any <strong>domain<\/strong> Included in the price of the service (e.g. .pl, .com) - registration or transfer for one year included in the package!<\/li><\/ul><br \/><h6><strong>Extras:<\/strong><\/h6><ol><li><div><strong>Integration<\/strong> With marketing tools (e.g. Google Analytics, Mailchimp, Facebook Pixel).<\/div><\/li><li><div><strong>Automatic<\/strong> Email notifications (e.g., order confirmation, abandoned cart reminder).<\/div><\/li><li><div>Integration with <strong>Cloudflare<\/strong> (CDN configuration for faster page loading, DDoS protection and performance optimization).<\/div><\/li><li><div>Competitor and market analysis (<strong>extensive<\/strong> report from <strong>3<\/strong> selected competitors).<\/div><\/li><li><div><strong>Advanced<\/strong> SEO optimization (keyword analysis, internal linking, positioning report).<\/div><\/li><li><div>Positioning by <strong>6 months<\/strong>\u00a0(Optimization and SEO efforts to improve search engine visibility).<\/div><\/li><li><div><strong>Optimization<\/strong> charging speed (certified <strong>Core Web Vitals<\/strong>).<\/div><\/li><li><div><strong>Integration<\/strong> With multiple sales channels (e.g. Allegro, Amazon, eBay - up to 3 platforms).<\/div><\/li><li><div><strong>Advanced<\/strong> Marketing campaign (Google Ads + social media, budget <strong>500$<\/strong> included, with optimization).<\/div><\/li><li><div><strong>Recommendation system<\/strong> products on the site (e.g., \"Customers also bought\" - advanced version).<\/div><\/li><li><div><strong>Chatbot<\/strong> for customer service (an advanced version with ready answers to common questions, such as shipping or returns).<\/div><\/li><li><div><strong>Personalization<\/strong> store for customers (e.g., dynamic content based on purchase history or user location).<\/div><\/li><li><div><strong>Automation<\/strong> Logistics processes (e.g., generating shipping labels directly from the store panel).<\/div><\/li><li><div><strong>Dedicated<\/strong> reporting panel (interactive dashboards with data on sales, traffic and customer behavior).<\/div><\/li><li><div><strong>Dedicated<\/strong> <strong>application<\/strong> Mobile (the basic version of the store on iOS\/Android).<\/div><\/li><li><div><strong>Advanced<\/strong> settings <strong>cache<\/strong> (Cache optimization for faster store loading and improved performance).<\/div><\/li><\/ol>\t\t\t\t\t\t\t\t<\/div>\n\t\t\t\t<div class=\"elementor-element elementor-element-8032efd elementor-widget elementor-widget-text-editor\" data-id=\"8032efd\" data-element_type=\"widget\" data-e-type=\"widget\" data-widget_type=\"text-editor.default\">\n\t\t\t\t\t\t\t\t\t<p><div class=\"pls-block pls-block-3027\">\t\t<div data-elementor-type=\"wp-post\" data-elementor-id=\"3027\" class=\"elementor elementor-3027\">\n\t\t\t\t<div class=\"elementor-element elementor-element-0797111 e-flex e-con-boxed e-con e-parent\" data-id=\"0797111\" data-element_type=\"container\" data-e-type=\"container\" data-settings=\"{&quot;background_background&quot;:&quot;classic&quot;}\">\n\t\t\t\t\t<div class=\"e-con-inner\">\n\t\t\t\t<div class=\"elementor-element elementor-element-8c9b906 elementor-widget elementor-widget-text-editor\" data-id=\"8c9b906\" data-element_type=\"widget\" data-e-type=\"widget\" data-widget_type=\"text-editor.default\">\n\t\t\t\t\t\t\t\t\t<h6 style=\"text-align: center;\">Ready to start selling online? \ud83d\ude80<\/h6><p style=\"text-align: center;\">Realize your <strong>dreams<\/strong> About your own online store! Whether you are just starting out or already running a <strong>business<\/strong> - Our platform will help you achieve <strong>success<\/strong> Online.<\/p><p style=\"text-align: center;\"><a class=\"button simple\" href=\"https:\/\/iarina029.supserv.cozmoslabs.com\/en\/contact\/\" title=\"Contact Us Today to Discuss the Details!\">Contact us today to discuss the details!<\/a><\/p><p style=\"text-align: center;\">Build your store the easy way! Get <strong>professional store<\/strong>, which is <strong>quick<\/strong>, <strong>safe<\/strong> And ready for action!<\/p>\t\t\t\t\t\t\t\t<\/div>\n\t\t\t\t\t<\/div>\n\t\t\t\t<\/div>\n\t\t\t\t<\/div>\n\t\t<\/div><\/p>\t\t\t\t\t\t\t\t<\/div>\n\t\t\t\t<div class=\"elementor-element elementor-element-3334469 elementor-widget elementor-widget-text-editor\" data-id=\"3334469\" data-element_type=\"widget\" data-e-type=\"widget\" data-widget_type=\"text-editor.default\">\n\t\t\t\t\t\t\t\t\t<p><div class=\"pls-block pls-block-3017\">\t\t<div data-elementor-type=\"wp-post\" data-elementor-id=\"3017\" class=\"elementor elementor-3017\">\n\t\t\t\t<div class=\"elementor-element elementor-element-e354b0c e-con-full e-flex e-con e-parent\" data-id=\"e354b0c\" data-element_type=\"container\" data-e-type=\"container\">\n\t\t<div class=\"elementor-element elementor-element-04f7f32 e-con-full e-flex e-con e-child\" data-id=\"04f7f32\" data-element_type=\"container\" data-e-type=\"container\">\n\t\t\t\t<div class=\"elementor-element elementor-element-69b4e93 elementor-widget elementor-widget-heading\" data-id=\"69b4e93\" data-element_type=\"widget\" data-e-type=\"widget\" data-widget_type=\"heading.default\">\n\t\t\t\t\t<h6 class=\"elementor-heading-title elementor-size-default\">Implementation stages:<\/h6>\t\t\t\t<\/div>\n\t\t\t\t<div class=\"elementor-element elementor-element-3458f08 elementor-widget elementor-widget-text-editor\" data-id=\"3458f08\" data-element_type=\"widget\" data-e-type=\"widget\" data-widget_type=\"text-editor.default\">\n\t\t\t\t\t\t\t\t\tWith years of experience in the online market, we have developed a process that ensures your project goes smoothly, safely and efficiently. Every step is fine-tuned so that you can rest easy and your vision becomes a reality.\t\t\t\t\t\t\t\t<\/div>\n\t\t\t\t<\/div>\n\t\t\t\t<\/div>\n\t\t<div class=\"elementor-element elementor-element-2d1d6f1 e-con-full e-flex e-con e-parent\" data-id=\"2d1d6f1\" data-element_type=\"container\" data-e-type=\"container\">\n\t\t<div class=\"elementor-element elementor-element-191de34 e-con-full e-flex e-con e-child\" data-id=\"191de34\" data-element_type=\"container\" data-e-type=\"container\">\n\t\t\t\t<div class=\"elementor-element elementor-element-1a92225 elementor-widget elementor-widget-heading\" data-id=\"1a92225\" data-element_type=\"widget\" data-e-type=\"widget\" data-widget_type=\"heading.default\">\n\t\t\t\t\t<h5 class=\"elementor-heading-title elementor-size-default\">Stage 1 \ud83d\udccb <\/h5>\t\t\t\t<\/div>\n\t\t\t\t<div class=\"elementor-element elementor-element-0fbc5c1 elementor-widget elementor-widget-heading\" data-id=\"0fbc5c1\" data-element_type=\"widget\" data-e-type=\"widget\" data-widget_type=\"heading.default\">\n\t\t\t\t\t<h6 class=\"elementor-heading-title elementor-size-default\">Understanding your needs<\/h6>\t\t\t\t<\/div>\n\t\t\t\t<div class=\"elementor-element elementor-element-eae8a3f elementor-widget elementor-widget-text-editor\" data-id=\"eae8a3f\" data-element_type=\"widget\" data-e-type=\"widget\" data-widget_type=\"text-editor.default\">\n\t\t\t\t\t\t\t\t\tTo begin with, we send you <strong>dedicated<\/strong> form, which allows you to collect all <strong>key<\/strong> Information regarding your project. All of this is done so that you can gather the necessary data from the very beginning and have full control over the <strong>every detail<\/strong>.\t\t\t\t\t\t\t\t<\/div>\n\t\t\t\t<\/div>\n\t\t<div class=\"elementor-element elementor-element-7055cf2 e-con-full e-flex e-con e-child\" data-id=\"7055cf2\" data-element_type=\"container\" data-e-type=\"container\">\n\t\t\t\t<div class=\"elementor-element elementor-element-fb4d28c elementor-widget elementor-widget-heading\" data-id=\"fb4d28c\" data-element_type=\"widget\" data-e-type=\"widget\" data-widget_type=\"heading.default\">\n\t\t\t\t\t<h5 class=\"elementor-heading-title elementor-size-default\">Stage 2 \u270d\ufe0f<\/h5>\t\t\t\t<\/div>\n\t\t\t\t<div class=\"elementor-element elementor-element-c277da9 elementor-widget elementor-widget-heading\" data-id=\"c277da9\" data-element_type=\"widget\" data-e-type=\"widget\" data-widget_type=\"heading.default\">\n\t\t\t\t\t<h6 class=\"elementor-heading-title elementor-size-default\">Transparent paperwork<\/h6>\t\t\t\t<\/div>\n\t\t\t\t<div class=\"elementor-element elementor-element-ba5a1b0 elementor-widget__width-initial elementor-widget elementor-widget-text-editor\" data-id=\"ba5a1b0\" data-element_type=\"widget\" data-e-type=\"widget\" data-widget_type=\"text-editor.default\">\n\t\t\t\t\t\t\t\t\t<p data-start=\"630\" data-end=\"883\">We will make sure that the paperwork is <strong>simple<\/strong> i <strong>clear<\/strong>. We prepare a contract and issue an advance invoice for <strong>30%<\/strong> value of the project, so we can fully focus on implementation, confident that both parties are <strong>ready<\/strong> for action.<\/p>\t\t\t\t\t\t\t\t<\/div>\n\t\t\t\t<\/div>\n\t\t<div class=\"elementor-element elementor-element-0946d8e e-con-full e-flex e-con e-child\" data-id=\"0946d8e\" data-element_type=\"container\" data-e-type=\"container\">\n\t\t\t\t<div class=\"elementor-element elementor-element-520a4bc elementor-widget elementor-widget-heading\" data-id=\"520a4bc\" data-element_type=\"widget\" data-e-type=\"widget\" data-widget_type=\"heading.default\">\n\t\t\t\t\t<h5 class=\"elementor-heading-title elementor-size-default\">Stage 3 <strong>\ud83c\udfa8<\/strong><\/h5>\t\t\t\t<\/div>\n\t\t\t\t<div class=\"elementor-element elementor-element-98f8e78 elementor-widget elementor-widget-heading\" data-id=\"98f8e78\" data-element_type=\"widget\" data-e-type=\"widget\" data-widget_type=\"heading.default\">\n\t\t\t\t\t<h6 class=\"elementor-heading-title elementor-size-default\"><div data-id=\"616e8fc\" data-element_type=\"widget\" data-widget_type=\"heading.default\" style=\"--order: initial;--align-self: initial;gap: var(--row-gap) var(--column-gap);--widgets-spacing: 20px 20px;--widgets-spacing-row: 20px;--widgets-spacing-column: 20px;--kit-widget-spacing: 0px;max-width: 100%;font-size: 18px;font-weight: 400;text-transform: none\"><div style=\"height: 60px\"><h6>Creation and implementation<span><\/span><\/h6><\/div><\/div><\/h6>\t\t\t\t<\/div>\n\t\t\t\t<div class=\"elementor-element elementor-element-23cb1bd elementor-widget elementor-widget-text-editor\" data-id=\"23cb1bd\" data-element_type=\"widget\" data-e-type=\"widget\" data-widget_type=\"text-editor.default\">\n\t\t\t\t\t\t\t\t\tNow we start the real <strong>magic<\/strong>! Our <strong>designers<\/strong> i <strong>programmers<\/strong> They create your project as agreed. Each <strong>detail<\/strong>, every line of code, every picture - everything is tailored to the <strong>Your expectations<\/strong>, to create a solution that is both functional and <strong>unique<\/strong>.\t\t\t\t\t\t\t\t<\/div>\n\t\t\t\t<\/div>\n\t\t<div class=\"elementor-element elementor-element-8dbf386 e-con-full e-flex e-con e-child\" data-id=\"8dbf386\" data-element_type=\"container\" data-e-type=\"container\">\n\t\t\t\t<div class=\"elementor-element elementor-element-0cfd314 elementor-widget elementor-widget-heading\" data-id=\"0cfd314\" data-element_type=\"widget\" data-e-type=\"widget\" data-widget_type=\"heading.default\">\n\t\t\t\t\t<h5 class=\"elementor-heading-title elementor-size-default\">Stage 4 <strong>\u2705<\/strong><\/h5>\t\t\t\t<\/div>\n\t\t\t\t<div class=\"elementor-element elementor-element-371b916 elementor-widget elementor-widget-heading\" data-id=\"371b916\" data-element_type=\"widget\" data-e-type=\"widget\" data-widget_type=\"heading.default\">\n\t\t\t\t\t<h6 class=\"elementor-heading-title elementor-size-default\">Finalization and acceptance of the project<\/h6>\t\t\t\t<\/div>\n\t\t\t\t<div class=\"elementor-element elementor-element-a350a73 elementor-widget elementor-widget-text-editor\" data-id=\"a350a73\" data-element_type=\"widget\" data-e-type=\"widget\" data-widget_type=\"text-editor.default\">\n\t\t\t\t\t\t\t\t\tThe final step is to refine the design to <strong>perfection<\/strong>. We make adjustments, carry out <strong>tests<\/strong> and finalize all technical and formal issues, including the settlement of the final invoice and the <strong>detailed<\/strong> Checking the operation of the project so that it is fully <strong>ready to use<\/strong>.\t\t\t\t\t\t\t\t<\/div>\n\t\t\t\t<\/div>\n\t\t\t\t<\/div>\n\t\t\t\t<\/div>\n\t\t<\/div><\/p>\t\t\t\t\t\t\t\t<\/div>\n\t\t\t\t<div class=\"elementor-element elementor-element-c6292e7 elementor-widget elementor-widget-text-editor\" data-id=\"c6292e7\" data-element_type=\"widget\" data-e-type=\"widget\" data-widget_type=\"text-editor.default\">\n\t\t\t\t\t\t\t\t\t<p><strong>Note<\/strong>: The package presented is only a starting point - <strong>verified<\/strong>, <strong>usually<\/strong> selected options that have won over the years <strong>trust<\/strong> Our clients. However, your project deserves more than the standard! That's why we open the door for individual discussions - specification and price? We will tailor them to your unique needs.<br \/>\ud83d\udca1Every business has a story, and we love to create offers with <strong>in character<\/strong>. <strong><a href=\"https:\/\/iarina029.supserv.cozmoslabs.com\/en\/contact\/\" title=\"Contact Us Today to Discuss the Details!\">Contact us <\/a><a href=\"https:\/\/iarina029.supserv.cozmoslabs.com\/en\/product\/cocos_vps-superfast-and-powerful-server-for-the-discerning\/\" title=\"VPS server\">\ud83d\udd17<\/a><\/strong>, and together we'll work out a solution that not only meets your needs, but sets you apart in the marketplace. Let's talk about the final cost of your online store and the options that will allow you to gain <strong>advantage<\/strong>!<\/p>\t\t\t\t\t\t\t\t<\/div>\n\t\t\t\t\t<\/div>\n\t\t\t\t<\/div>\n\t\t\t\t<\/div>","protected":false},"excerpt":{"rendered":"Sklep internetowy premium \u2013 Rolls-Royce w\u015br\u00f3d e-commerce Szukasz wyj\u0105tkowego rozwi\u0105zania dla swojego biznesu online? Sklep internetowy premium to propozycja dla najbardziej wymagaj\u0105cych. Oferujemy sklep oparty na Word Press Woo Commerce","protected":false},"featured_media":3285,"comment_status":"open","ping_status":"closed","template":"","meta":{"powered_cache_disable_cache":false,"powered_cache_disable_css_optimization":false,"powered_cache_disable_js_optimization":false},"product_brand":[275],"product_cat":[130],"product_tag":[244,265,199,198],"class_list":{"0":"post-2645","1":"product","2":"type-product","3":"status-publish","4":"has-post-thumbnail","6":"product_brand-cocos","7":"product_cat-indywidualne-sklepy","8":"product_tag-prestashop","9":"product_tag-sklep-internetowy","10":"product_tag-woocommerce","11":"product_tag-wordpress","13":"first","14":"instock","15":"taxable","16":"shipping-taxable","17":"purchasable","18":"product-type-simple"},"_links":{"self":[{"href":"https:\/\/iarina029.supserv.cozmoslabs.com\/en\/wp-json\/wp\/v2\/product\/2645","targetHints":{"allow":["GET"]}}],"collection":[{"href":"https:\/\/iarina029.supserv.cozmoslabs.com\/en\/wp-json\/wp\/v2\/product"}],"about":[{"href":"https:\/\/iarina029.supserv.cozmoslabs.com\/en\/wp-json\/wp\/v2\/types\/product"}],"replies":[{"embeddable":true,"href":"https:\/\/iarina029.supserv.cozmoslabs.com\/en\/wp-json\/wp\/v2\/comments?post=2645"}],"version-history":[{"count":0,"href":"https:\/\/iarina029.supserv.cozmoslabs.com\/en\/wp-json\/wp\/v2\/product\/2645\/revisions"}],"wp:featuredmedia":[{"embeddable":true,"href":"https:\/\/iarina029.supserv.cozmoslabs.com\/en\/wp-json\/wp\/v2\/media\/3285"}],"wp:attachment":[{"href":"https:\/\/iarina029.supserv.cozmoslabs.com\/en\/wp-json\/wp\/v2\/media?parent=2645"}],"wp:term":[{"taxonomy":"product_brand","embeddable":true,"href":"https:\/\/iarina029.supserv.cozmoslabs.com\/en\/wp-json\/wp\/v2\/product_brand?post=2645"},{"taxonomy":"product_cat","embeddable":true,"href":"https:\/\/iarina029.supserv.cozmoslabs.com\/en\/wp-json\/wp\/v2\/product_cat?post=2645"},{"taxonomy":"product_tag","embeddable":true,"href":"https:\/\/iarina029.supserv.cozmoslabs.com\/en\/wp-json\/wp\/v2\/product_tag?post=2645"}],"curies":[{"name":"wp","href":"https:\/\/api.w.org\/{rel}","templated":true}]}}