{"id":5668,"date":"2025-12-10T17:18:10","date_gmt":"2025-12-10T16:18:10","guid":{"rendered":"https:\/\/cocos.codes\/?post_type=product&#038;p=5668"},"modified":"2026-04-09T19:38:27","modified_gmt":"2026-04-09T17:38:27","slug":"prestashop-google-tag-manager","status":"publish","type":"product","link":"https:\/\/iarina029.supserv.cozmoslabs.com\/de\/product\/prestashop-google-tag-manager\/","title":{"rendered":"PrestaShop Google Tag Manager (GTM, GA4, ADS)"},"content":{"rendered":"<div data-elementor-type=\"wp-post\" data-elementor-id=\"5668\" class=\"elementor elementor-5668\">\n\t\t\t\t<div class=\"elementor-element elementor-element-94e5338 e-flex e-con-boxed e-con e-parent\" data-id=\"94e5338\" data-element_type=\"container\" data-e-type=\"container\">\n\t\t\t\t\t<div class=\"e-con-inner\">\n\t\t\t\t<div class=\"elementor-element elementor-element-f704832 elementor-widget elementor-widget-text-editor\" data-id=\"f704832\" data-element_type=\"widget\" data-e-type=\"widget\" data-widget_type=\"text-editor.default\">\n\t\t\t\t\t\t\t\t\t<h6>PrestaShop Google Tag Manager \u2013 professionelle E-Commerce-Integration<\/h6>Google Tag Manager &amp; Analytics ist <strong>fortgeschritten<\/strong> Modul f\u00fcr PrestaShop-Shops, die die M\u00f6glichkeiten von Google Analytics 4 und Enhanced Ecommerce voll aussch\u00f6pfen m\u00f6chten. <strong>CC PrestaShop Google Tag Manager<\/strong> verfolgt automatisch <strong>18 wichtige Ereignisse<\/strong>, und bieten eine detaillierte Analyse des Kundenverhaltens, der Konversionsraten und der Einnahmen. <strong>Verschaffen Sie sich einen vollst\u00e4ndigen \u00dcberblick \u00fcber die Leistung Ihres Shops, optimieren Sie Ihre Werbekampagnen und treffen Sie datengest\u00fctzte Entscheidungen.<\/strong> Professionelle Implementierung gem\u00e4\u00df den neuesten Standards <strong>Google<\/strong>, sofort nach der Installation einsatzbereit.\t\t\t\t\t\t\t\t<\/div>\n\t\t\t\t<div class=\"elementor-element elementor-element-a0f82a9 elementor-widget elementor-widget-spacer\" data-id=\"a0f82a9\" data-element_type=\"widget\" data-e-type=\"widget\" data-widget_type=\"spacer.default\">\n\t\t\t\t\t\t\t<div class=\"elementor-spacer\">\n\t\t\t<div class=\"elementor-spacer-inner\"><\/div>\n\t\t<\/div>\n\t\t\t\t\t\t<\/div>\n\t\t\t\t\t<\/div>\n\t\t\t\t<\/div>\n\t\t<div class=\"elementor-element elementor-element-bf6d82d e-flex e-con-boxed e-con e-parent\" data-id=\"bf6d82d\" data-element_type=\"container\" data-e-type=\"container\">\n\t\t\t\t\t<div class=\"e-con-inner\">\n\t\t<div class=\"elementor-element elementor-element-b8beb48 e-grid e-con-full e-con e-child\" data-id=\"b8beb48\" data-element_type=\"container\" data-e-type=\"container\">\n\t\t\t\t<div class=\"elementor-element elementor-element-2068a0d elementor-widget elementor-widget-pls-button\" data-id=\"2068a0d\" data-element_type=\"widget\" data-e-type=\"widget\" data-widget_type=\"pls-button.default\">\n\t\t\t\t<div class=\"elementor-widget-container\">\n\t\t\t\t\t<div id=\"pls-button-82108\" class=\"pls-element pls-button\">\n\t<a class=\"button btn-style-flat\" href=\"https:\/\/iarina029.supserv.cozmoslabs.com\/de\/wissensbasis\/prestashop\/prestashop-dokumentation\/prestashop-google-tag-manager\/\" title=\"DOKUMENTATION\"  target=\"_blank\">\n\t\tDOKUMENTATION\t<\/a>\n<\/div>\n\t\t\t\t<\/div>\n\t\t\t\t<\/div>\n\t\t\t\t<div class=\"elementor-element elementor-element-a6cfdfd elementor-widget elementor-widget-pls-button\" data-id=\"a6cfdfd\" data-element_type=\"widget\" data-e-type=\"widget\" data-widget_type=\"pls-button.default\">\n\t\t\t\t<div class=\"elementor-widget-container\">\n\t\t\t\t\t<div id=\"pls-button-23208\" class=\"pls-element pls-button\">\n\t<a class=\"button btn-style-flat\" href=\"https:\/\/demo.cocos.codes\/cc_ps_googletrack\/\" title=\"DEMO\" target=\"_blank\" rel=\"noopener\">\n\t\tDEMO\t<\/a>\n<\/div>\n\t\t\t\t<\/div>\n\t\t\t\t<\/div>\n\t\t\t\t<\/div>\n\t\t\t\t\t<\/div>\n\t\t\t\t<\/div>\n\t\t<div class=\"elementor-element elementor-element-61a6a8b e-flex e-con-boxed e-con e-parent\" data-id=\"61a6a8b\" data-element_type=\"container\" data-e-type=\"container\">\n\t\t\t\t\t<div class=\"e-con-inner\">\n\t\t\t\t<div class=\"elementor-element elementor-element-5145bd8 elementor-widget elementor-widget-spacer\" data-id=\"5145bd8\" data-element_type=\"widget\" data-e-type=\"widget\" data-widget_type=\"spacer.default\">\n\t\t\t\t\t\t\t<div class=\"elementor-spacer\">\n\t\t\t<div class=\"elementor-spacer-inner\"><\/div>\n\t\t<\/div>\n\t\t\t\t\t\t<\/div>\n\t\t\t\t<div class=\"elementor-element elementor-element-73d1d61 elementor-widget elementor-widget-text-editor\" data-id=\"73d1d61\" data-element_type=\"widget\" data-e-type=\"widget\" data-widget_type=\"text-editor.default\">\n\t\t\t\t\t\t\t\t\t<h6><strong>Umfassende E-Commerce-Nachverfolgung<\/strong><\/h6><strong>\ud83c\udfaf Vollst\u00e4ndige Integration mit Google Analytics 4<\/strong><br \/><ul><li><strong>18 wichtige GA4-Ereignisse<\/strong> \u2013 automatische Verfolgung des gesamten Kaufprozesses des Kunden<\/li><li><strong>Erweiterter E-Commerce<\/strong> \u2013 \u00dcbereinstimmung mit den neuesten Google-Standards f\u00fcr E-Commerce<\/li><li><strong>Verbesserte Conversions<\/strong> \u2013 Hash-verschl\u00fcsselte Benutzerdaten f\u00fcr eine bessere Zuordnung von Conversions<\/li><li><strong>Integration mit GTM<\/strong> \u2013 vollst\u00e4ndige Kontrolle durch <a href=\"https:\/\/tagmanager.google.com\/\" title=\"Google Tag Manager\" target=\"_blank\" rel=\"noopener\">Google Tag Manager<\/a><\/li><\/ul><strong>\ud83d\udcca Erweiterte Ereignisverfolgung<\/strong><br \/><ul><li><strong>page_view<\/strong> \u2013 Anzeige jeder Seite mit vollst\u00e4ndigem Kontext<\/li><li><strong>view_item<\/strong> \u2013 detaillierte Angaben zu den angezeigten Produkten<\/li><li><strong>view_item_list<\/strong> \u2013 Verfolgung von Produktlisten in Kategorien und Suchergebnissen<\/li><li><strong>select_item<\/strong> \u2013 Klicks auf Produkte aus Listen<\/li><li><strong>add_to_cart<\/strong> \u2013 Hinzuf\u00fcgen von Produkten zum Warenkorb mit Menge und Preis<\/li><li><strong>Aus dem Warenkorb entfernen<\/strong> \u2013 Produkte aus dem Warenkorb entfernen<\/li><li><strong>view_cart<\/strong> \u2013 den Inhalt des Warenkorbs anzeigen<\/li><li><strong>begin_checkout<\/strong> \u2013 Start des Bestellvorgangs<\/li><li><strong>add_shipping_info<\/strong> \u2013 Auswahl der Liefermethode<\/li><li><strong>Zahlungsinformationen hinzuf\u00fcgen<\/strong> \u2013 Auswahl der Zahlungsmethode<\/li><li><strong>kaufen<\/strong> \u2013 Abschluss des Kaufs mit vollst\u00e4ndigen Transaktionsdaten<\/li><li><strong>search<\/strong> \u2013 Suche im Shop<\/li><li><strong>Anmelden \/ Registrieren<\/strong> \u2013 Anmeldung und Registrierung von Benutzern<\/li><li><strong>Zur Wunschliste hinzuf\u00fcgen<\/strong> \u2013 Zur Wunschliste hinzuf\u00fcgen<\/li><li><strong>teilen<\/strong> \u2013 Bereitstellung von Produkten in sozialen Medien<\/li><li><strong>select_promotion<\/strong> \u2013 Interaktionen mit Werbeaktionen und Rabatten<\/li><\/ul><strong>\ud83d\udd0d Erweiterte Datenebene (Enhanced Data)<\/strong><br \/><ul><li><strong>Website-Daten<\/strong> \u2013 Art der Seite, URL, Titel, Sprache, W\u00e4hrung<\/li><li><strong>Benutzerdaten<\/strong> \u2013 Kundenstatus (Besucher\/Gast\/Kunde), Benutzer-ID<\/li><li><strong>Kategoriehierarchie<\/strong> \u2013 bis zu 5 Ebenen von Produktkategorien<\/li><li><strong>Produktdaten<\/strong> \u2013 Marken, Preise, Rabatte, Eigenschaften<\/li><li><strong>Bestelldaten<\/strong> \u2013 Liefermethoden, Zahlungsmethoden, Rabattgutscheine<\/li><li><strong>Datenstandardisierung<\/strong> \u2013 automatische Formatierung von Kategorien und Namen<\/li><\/ul><strong>\ud83d\udee1\ufe0f Erweiterte Conversions und Datenschutz<\/strong><br \/><ul><li><strong>Hash-verschl\u00fcsselte Benutzerdaten<\/strong> \u2013 SHA-256 f\u00fcr die Sicherheit personenbezogener Daten<\/li><li><strong>E-Mail, Telefon, Adresse<\/strong> \u2013 alle Daten in sicherer Form<\/li><li><strong>Bessere Zuordnung von Conversions<\/strong> \u2013 genauere Nachverfolgung der Kampagneneffizienz<\/li><li><strong>\u00dcbereinstimmung mit RODO<\/strong> \u2013 Hashing von Daten vor dem Senden an Google<\/li><li><strong>Integration mit Google Consent Mode 2.0<\/strong> \u2013 Zusammenarbeit mit Modulen zur Verwaltung von Genehmigungen<\/li><\/ul><strong>\ud83c\udfa8 Flexible Konfiguration<\/strong><br \/><ul><li><strong>Ereignisse aktivieren\/deaktivieren<\/strong> \u2013 vollst\u00e4ndige Kontrolle \u00fcber alle 18 Veranstaltungen<\/li><li><strong>Debug-Modus<\/strong> \u2013 detaillierte Anmeldung bei der Browserkonsole<\/li><li><strong>Anmeldung von Veranstaltungen<\/strong> \u2013 Speicherung aller Ereignisse in einer Datenbank<\/li><li><strong>Benutzerdefinierter JavaScript-Code<\/strong> \u2013 M\u00f6glichkeit, benutzerdefinierte Tags hinzuzuf\u00fcgen<\/li><li><strong>Mehrsprachigkeit<\/strong> \u2013 Polnisch, Englisch, M\u00f6glichkeit, eigene Sprachen hinzuzuf\u00fcgen<\/li><li><strong>Schnelle Auswahl von Veranstaltungen<\/strong> \u2013 Schaltfl\u00e4chen \u201eAlle ausw\u00e4hlen\u201d \/ \u201eAlle abw\u00e4hlen\u201d<\/li><\/ul><strong>\u2699\ufe0f Technische Funktionen<\/strong><br \/><ul><li><strong>Automatische Produktdetektion<\/strong> \u2013 Intelligenter Datenabruf \u00fcber AJAX<\/li><li><strong>PrestaShop-Events-Service<\/strong> \u2013 Integration mit updateCart und anderen Ereignissen<\/li><li><strong>Fetch- und XMLHttpRequest-Interception<\/strong> \u2013 Verfolgung von Wunschlisten und anderen Interaktionen<\/li><li><strong>Erkennung der Menge<\/strong> \u2013 aus verschiedenen Quellen (#quantity_wanted, event.reason.qty usw.)<\/li><li><strong>Duplikate \u00fcberpr\u00fcfen<\/strong> \u2013 sendet dasselbe Ereignis nicht zweimal<\/li><li><strong>Reaktionsf\u00e4higkeit<\/strong> - automatische Anpassung an mobile Ger\u00e4te<\/li><li><strong>Hook-System<\/strong> \u2013 Nutzung aller wichtigen PrestaShop-Hooks<\/li><\/ul><strong>\ud83d\udd27 Erweiterte Entwicklertools<\/strong><br \/><ul><li><strong>Tag-Assistent<\/strong> \u2013 Testen mit dem offiziellen Google-Tool<\/li><li><strong>Vorschau-Modus GTM<\/strong> \u2013 Echtzeit-Vorschau von Veranstaltungen<\/li><li><strong>Debug-Konsole<\/strong> \u2013 detaillierte Protokolle aller Vorg\u00e4nge<\/li><li><strong>Exportieren von Protokollen<\/strong> \u2013 M\u00f6glichkeit zur Analyse gespeicherter Ereignisse<\/li><li><strong>API f\u00fcr Entwickler<\/strong> \u2013 Variablen window.ccpsTranslations, window.ccpsEventConfig<\/li><li><strong>Die Funktion t()<\/strong> \u2013 \u00dcbersetzungssystem verf\u00fcgbar in JavaScript<\/li><\/ul>\t\t\t\t\t\t\t\t<\/div>\n\t\t\t\t<div class=\"elementor-element elementor-element-62ba93d elementor-widget elementor-widget-text-editor\" data-id=\"62ba93d\" data-element_type=\"widget\" data-e-type=\"widget\" data-widget_type=\"text-editor.default\">\n\t\t\t\t\t\t\t\t\t<h6><strong>\ud83d\udcc8 Datenstruktur gem\u00e4\u00df Google<br \/><\/strong><\/h6>Das Modul gew\u00e4hrleistet vollst\u00e4ndige Konformit\u00e4t mit der Spezifikation. <a href=\"https:\/\/developers.google.com\/analytics\/devguides\/collection\/ga4\/ecommerce?hl=pl&amp;client_type=gtag\" target=\"_blank\" rel=\"noopener\">Google Analytics 4 Erweiterter E-Commerce<\/a>:<br \/><br \/><strong>Das Objekt items[] enth\u00e4lt:<\/strong><br \/><ul><li><strong>item_id<\/strong> \u2013 eindeutige Produktkennung<\/li><li><strong>item_name<\/strong> \u2013 Produktname<\/li><li><strong>Preis<\/strong> \u2013 Produktpreis (nach Rabatt)<\/li><li><strong>quantity<\/strong> \u2013 Anzahl der Produkte<\/li><li><strong>item_brand<\/strong> \u2013 Produktmarke<\/li><li><strong>item_category<\/strong> \u2013 Hauptkategorie<\/li><li><strong>item_category2-5<\/strong> \u2013 Unterkategorien (Hierarchie bis zu 5 Ebenen)<\/li><li><strong>Index<\/strong> \u2013 Position des Produkts in der Liste<\/li><li><strong>google_business_vertical<\/strong> \u2013 automatisch auf 'Einzelhandel\u2019 eingestellt\u2019<\/li><\/ul><p><strong>Transaktionsdaten (Kauf):<\/strong><\/p><ul><li><strong>transaction_id<\/strong> \u2013 eindeutige Bestellnummer<\/li><li><strong>Wert<\/strong> \u2013 Gesamtwert der Bestellung<\/li><li><strong>Steuer<\/strong> \u2013 Steuerbetrag<\/li><li><strong>Versand<\/strong> \u2013 Versandkosten<\/li><li><strong>W\u00e4hrung<\/strong> \u2013 W\u00e4hrungscode (PLN, EUR, USD usw.)<\/li><li><strong>Gutschein<\/strong> \u2013 verwendeter Rabattcode<\/li><li><strong>items[]<\/strong> \u2013 vollst\u00e4ndige Liste der gekauften Produkte<\/li><\/ul>\t\t\t\t\t\t\t\t<\/div>\n\t\t\t\t<div class=\"elementor-element elementor-element-f902eee elementor-widget elementor-widget-spacer\" data-id=\"f902eee\" data-element_type=\"widget\" data-e-type=\"widget\" data-widget_type=\"spacer.default\">\n\t\t\t\t\t\t\t<div class=\"elementor-spacer\">\n\t\t\t<div class=\"elementor-spacer-inner\"><\/div>\n\t\t<\/div>\n\t\t\t\t\t\t<\/div>\n\t\t\t\t<div class=\"elementor-element elementor-element-989aa7e elementor-widget elementor-widget-text-editor\" data-id=\"989aa7e\" data-element_type=\"widget\" data-e-type=\"widget\" data-widget_type=\"text-editor.default\">\n\t\t\t\t\t\t\t\t\t<h6><strong>\ud83d\ude80 Steigern Sie die Effizienz Ihrer Werbekampagnen und optimieren Sie Ihren Umsatz!<\/strong><\/h6><p><br \/>Ohne <strong>genaue analytische Daten<\/strong> Sie betreiben Ihr Gesch\u00e4ft blindlings. Sie verschwenden Geld f\u00fcr ineffektive Kampagnen, wissen nicht, welche Produkte sich wirklich verkaufen und wo Ihre Kunden sind. <strong>sie lassen ihre K\u00f6rbe stehen<\/strong>. CC Google Tag Manager &amp; Analytics bietet Ihnen <strong>vollst\u00e4ndiger Einblick in jede Phase des Kaufprozesses<\/strong>, wodurch eine pr\u00e4zise <strong>Optimierung der Konversion und des ROI<\/strong>. <strong>Automatisch<\/strong> Implementierung<strong> 18 wichtige Ereignisse<\/strong> spart Dutzende von Stunden Programmierarbeit und eliminiert Fehler bei der Nachverfolgung.<br \/><br \/>Dank an <strong>Verbesserte Conversions<\/strong> Sie erh\u00f6hen die Genauigkeit der Zuordnung von Conversions zu Google Ads-Werbekampagnen um bis zu <strong>20-30%<\/strong>. <strong>Erweiterte Datenschicht<\/strong> erm\u00f6glicht die Erstellung komplexer Segmente in Google Analytics und die Personalisierung <strong>Remarketing<\/strong>. Der Debug-Modus und die Protokollierung von Ereignissen erleichtern das Testen und die Fehlerbehebung. All dies \u00fcber das intuitive PrestaShop-Admin-Panel., <strong>ohne Programmierkenntnisse<\/strong>.<\/p>\t\t\t\t\t\t\t\t<\/div>\n\t\t\t\t<div class=\"elementor-element elementor-element-f20f9f7 elementor-widget elementor-widget-spacer\" data-id=\"f20f9f7\" data-element_type=\"widget\" data-e-type=\"widget\" data-widget_type=\"spacer.default\">\n\t\t\t\t\t\t\t<div class=\"elementor-spacer\">\n\t\t\t<div class=\"elementor-spacer-inner\"><\/div>\n\t\t<\/div>\n\t\t\t\t\t\t<\/div>\n\t\t\t\t<div class=\"elementor-element elementor-element-85a068a elementor-widget elementor-widget-text-editor\" data-id=\"85a068a\" data-element_type=\"widget\" data-e-type=\"widget\" data-widget_type=\"text-editor.default\">\n\t\t\t\t\t\t\t\t\t<strong>F\u00fcr wen?<\/strong><br \/>Das Modul ist ideal f\u00fcr alle:<br \/><br \/><div style=\"padding-left: 40px;\">\u2714 <strong>Gesch\u00e4fte <a href=\"https:\/\/prestashop.com\/\" title=\"PrestaShop\" target=\"_blank\" rel=\"noopener\">PrestaShop<\/a><\/strong> die eine professionelle Integration mit Google Analytics 4 ben\u00f6tigen<\/div><div style=\"padding-left: 40px;\">\u2714 <strong>E-Commerce-Unternehmen, die Google Ads nutzen<\/strong> und die ihren ROAS steigern m\u00f6chten<\/div><div style=\"padding-left: 40px;\">\u2714 <strong>Vermarkter<\/strong> die detaillierte Daten zum Kundenverhalten ben\u00f6tigen<\/div><div style=\"padding-left: 40px;\">\u2714 <strong>Ladenbesitzer<\/strong> die datengest\u00fctzte Entscheidungen treffen m\u00f6chten<\/div><div style=\"padding-left: 40px;\">\u2714 <strong>Marketingagenturen<\/strong> Kampagnenmanager f\u00fcr Kunden<\/div><div style=\"padding-left: 40px;\">\u2714 <strong>Entwickler<\/strong> die nach einer fertigen L\u00f6sung suchen, anstatt benutzerdefinierten Code zu schreiben<\/div><div style=\"padding-left: 40px;\">\u2714 <strong>Mehrsprachige Shops<\/strong> die umfassende Unterst\u00fctzung bei \u00dcbersetzungen ben\u00f6tigen<\/div><div style=\"padding-left: 40px;\">\u2714 <strong>Unternehmen, die sich um die Einhaltung der DSGVO k\u00fcmmern<\/strong> dank Enhanced Conversions mit Daten-Hashing<\/div><div style=\"padding-left: 40px;\">\u2714 <strong>Verwalter<\/strong> die eine einfache Konfiguration und eine intuitive Benutzeroberfl\u00e4che sch\u00e4tzen<\/div><div style=\"padding-left: 40px;\">\u2714 <strong>Fortgeschrittene GTM-Benutzer<\/strong> die vollst\u00e4ndige Kontrolle durch dataLayer ben\u00f6tigen<br \/><br \/><\/div><div class=\"cc-alert cc-alert-success\"><div class=\"cc-alert-title\">Zeit- und Geldersparnis<\/div><div class=\"cc-alert-content\"><strong>Die manuelle Implementierung von Enhanced Ecommerce GA4 erfordert 20 bis 40 Arbeitsstunden eines Programmierers und kostet 3000 bis 8000 PLN.<\/strong>. Unser Modul ist sofort nach der Installation einsatzbereit und spart Ihnen Zeit und Geld. <strong>Sie zahlen einmal und erhalten professionelles Tracking und Updates gem\u00e4\u00df den neuesten Google-Standards.<\/strong><\/div><\/div>\t\t\t\t\t\t\t\t<\/div>\n\t\t\t\t<div class=\"elementor-element elementor-element-cec8481 elementor-widget elementor-widget-spacer\" data-id=\"cec8481\" data-element_type=\"widget\" data-e-type=\"widget\" data-widget_type=\"spacer.default\">\n\t\t\t\t\t\t\t<div class=\"elementor-spacer\">\n\t\t\t<div class=\"elementor-spacer-inner\"><\/div>\n\t\t<\/div>\n\t\t\t\t\t\t<\/div>\n\t\t\t\t<div class=\"elementor-element elementor-element-738c0c6 elementor-widget elementor-widget-text-editor\" data-id=\"738c0c6\" data-element_type=\"widget\" data-e-type=\"widget\" data-widget_type=\"text-editor.default\">\n\t\t\t\t\t\t\t\t\t<p><div class=\"pls-block pls-block-3297\">\t\t<div data-elementor-type=\"wp-post\" data-elementor-id=\"3297\" class=\"elementor elementor-3297\">\n\t\t\t\t<div class=\"elementor-element elementor-element-d99440d e-flex e-con-boxed e-con e-parent\" data-id=\"d99440d\" data-element_type=\"container\" data-e-type=\"container\" data-settings=\"{&quot;background_background&quot;:&quot;classic&quot;}\">\n\t\t\t\t\t<div class=\"e-con-inner\">\n\t\t\t\t<div class=\"elementor-element elementor-element-b850409 elementor-widget elementor-widget-text-editor\" data-id=\"b850409\" data-element_type=\"widget\" data-e-type=\"widget\" data-widget_type=\"text-editor.default\">\n\t\t\t\t\t\t\t\t\t<h6><strong>\u00a0Erweitern Sie die M\u00f6glichkeiten Ihres Shops noch heute! <\/strong><strong>\ud83d\ude80<\/strong><\/h6>F\u00fcgen Sie neue Funktionen hinzu, verbessern Sie die Benutzerfreundlichkeit und steigern Sie Ihre Ums\u00e4tze mit unserem Modul. Einfache Installation, volle Kompatibilit\u00e4t und regelm\u00e4\u00dfige Updates - alles, was Sie brauchen, damit Ihr Shop noch besser funktioniert.<br \/>\u2705 Einfache Einrichtung \u2705 Professionelle Unterst\u00fctzung \u2705 Nahtlose Integration<br \/><br \/><a class=\"button simple\" href=\"#main-content\" title=\"Jetzt installieren und benutzen!\">Installieren und benutzen Sie es jetzt!<\/a>\t\t\t\t\t\t\t\t<\/div>\n\t\t\t\t\t<\/div>\n\t\t\t\t<\/div>\n\t\t\t\t<\/div>\n\t\t<\/div><\/p>\t\t\t\t\t\t\t\t<\/div>\n\t\t\t\t\t<\/div>\n\t\t\t\t<\/div>\n\t\t\t\t<\/div>","protected":false},"excerpt":{"rendered":"Presta Shop Google Tag Manager \u2013 professionelle E-Commerce-Integration Google Tag Manager &amp; Analytics ist ein fortschrittliches Modul f\u00fcr Presta Shop-Shops, die die M\u00f6glichkeiten von Google Analytics 4 und","protected":false},"featured_media":5675,"comment_status":"open","ping_status":"closed","template":"","meta":{"powered_cache_disable_cache":false,"powered_cache_disable_css_optimization":false,"powered_cache_disable_js_optimization":false},"product_brand":[275],"product_cat":[131],"product_tag":[207,206,325,205,204,273],"class_list":{"0":"post-5668","1":"product","2":"type-product","3":"status-publish","4":"has-post-thumbnail","6":"product_brand-cocos","7":"product_cat-prestashop","8":"product_tag-ads","9":"product_tag-ga4","10":"product_tag-gtag","11":"product_tag-gtm","12":"product_tag-integracja-google","13":"product_tag-modul-prestashop","15":"first","16":"instock","17":"downloadable","18":"virtual","19":"taxable","20":"purchasable","21":"product-type-simple"},"_links":{"self":[{"href":"https:\/\/iarina029.supserv.cozmoslabs.com\/de\/wp-json\/wp\/v2\/product\/5668","targetHints":{"allow":["GET"]}}],"collection":[{"href":"https:\/\/iarina029.supserv.cozmoslabs.com\/de\/wp-json\/wp\/v2\/product"}],"about":[{"href":"https:\/\/iarina029.supserv.cozmoslabs.com\/de\/wp-json\/wp\/v2\/types\/product"}],"replies":[{"embeddable":true,"href":"https:\/\/iarina029.supserv.cozmoslabs.com\/de\/wp-json\/wp\/v2\/comments?post=5668"}],"version-history":[{"count":0,"href":"https:\/\/iarina029.supserv.cozmoslabs.com\/de\/wp-json\/wp\/v2\/product\/5668\/revisions"}],"wp:featuredmedia":[{"embeddable":true,"href":"https:\/\/iarina029.supserv.cozmoslabs.com\/de\/wp-json\/wp\/v2\/media\/5675"}],"wp:attachment":[{"href":"https:\/\/iarina029.supserv.cozmoslabs.com\/de\/wp-json\/wp\/v2\/media?parent=5668"}],"wp:term":[{"taxonomy":"product_brand","embeddable":true,"href":"https:\/\/iarina029.supserv.cozmoslabs.com\/de\/wp-json\/wp\/v2\/product_brand?post=5668"},{"taxonomy":"product_cat","embeddable":true,"href":"https:\/\/iarina029.supserv.cozmoslabs.com\/de\/wp-json\/wp\/v2\/product_cat?post=5668"},{"taxonomy":"product_tag","embeddable":true,"href":"https:\/\/iarina029.supserv.cozmoslabs.com\/de\/wp-json\/wp\/v2\/product_tag?post=5668"}],"curies":[{"name":"wp","href":"https:\/\/api.w.org\/{rel}","templated":true}]}}