{"id":5504,"date":"2025-09-29T18:46:52","date_gmt":"2025-09-29T16:46:52","guid":{"rendered":"https:\/\/cocos.codes\/?post_type=product&#038;p=5504"},"modified":"2026-04-09T19:38:33","modified_gmt":"2026-04-09T17:38:33","slug":"prestashop-paynow","status":"publish","type":"product","link":"https:\/\/iarina029.supserv.cozmoslabs.com\/de\/product\/prestashop-paynow\/","title":{"rendered":"[DARMOWY] PrestaShop PayNow 1.7.13"},"content":{"rendered":"<div data-elementor-type=\"wp-post\" data-elementor-id=\"5504\" class=\"elementor elementor-5504\">\n\t\t\t\t<div class=\"elementor-element elementor-element-1ede599 e-flex e-con-boxed e-con e-parent\" data-id=\"1ede599\" data-element_type=\"container\" data-e-type=\"container\">\n\t\t\t\t\t<div class=\"e-con-inner\">\n\t\t\t\t<div class=\"elementor-element elementor-element-691a170 elementor-widget elementor-widget-text-editor\" data-id=\"691a170\" data-element_type=\"widget\" data-e-type=\"widget\" data-widget_type=\"text-editor.default\">\n\t\t\t\t\t\t\t\t\t<h6>PrestaShop PayNow - Offizielles Zahlungsmodul<\/h6>Steigern Sie Konversion und Kundenvertrauen mit einem professionellen Zahlungs-Gateway von <a href=\"https:\/\/www.mbank.pl\/\" title=\"MBank\" target=\"_blank\" rel=\"noopener\">mBank<\/a>. <strong><a href=\"https:\/\/paynow.pl\/\" title=\"PayNow\" target=\"_blank\" rel=\"noopener\">PayNow<\/a> f\u00fcr PrestaShop<\/strong> ist eine komplette Zahlungsl\u00f6sung, die BLIK-Zahlungen, schnelle \u00dcberweisungen und Zahlungskarten akzeptiert - alles in einem sicheren System mit der niedrigsten Provision auf dem Markt.\t\t\t\t\t\t\t\t<\/div>\n\t\t\t\t\t<\/div>\n\t\t\t\t<\/div>\n\t\t<div class=\"elementor-element elementor-element-8b15fd2 e-flex e-con-boxed e-con e-parent\" data-id=\"8b15fd2\" data-element_type=\"container\" data-e-type=\"container\">\n\t\t\t\t\t<div class=\"e-con-inner\">\n\t\t\t\t<div class=\"elementor-element elementor-element-afe4a80 elementor-widget elementor-widget-spacer\" data-id=\"afe4a80\" data-element_type=\"widget\" data-e-type=\"widget\" data-widget_type=\"spacer.default\">\n\t\t\t\t\t\t\t<div class=\"elementor-spacer\">\n\t\t\t<div class=\"elementor-spacer-inner\"><\/div>\n\t\t<\/div>\n\t\t\t\t\t\t<\/div>\n\t\t\t\t<div class=\"elementor-element elementor-element-eec8d6e elementor-widget elementor-widget-text-editor\" data-id=\"eec8d6e\" data-element_type=\"widget\" data-e-type=\"widget\" data-widget_type=\"text-editor.default\">\n\t\t\t\t\t\t\t\t\t<h6>Sehen Sie, was Sie bekommen<\/h6><strong>\ud83d\udcb0 Beste Provision auf dem Markt<\/strong><ul><li>Nur <strong>0,95% Transaktionsprovision<\/strong> - keine versteckten Kosten<\/li><li>Kostenlose Registrierung und Aktivierung<\/li><li>Keine Abonnementgeb\u00fchren<\/li><li>Kein Bedarf an Verhandlungen und Umsatzerkl\u00e4rungen<\/li><li>Sofortiger Zugang zu Geldmitteln - Einzahlungen gehen direkt auf Ihr mBank-Konto<\/li><\/ul><strong>\ud83d\udcb3 Vollst\u00e4ndige Auswahl an Zahlungsmitteln<\/strong><ul><li>BLIK-Zahlungen - die beliebteste Methode in Polen<\/li><li>Schnelle Bank\u00fcberweisungen - alle gro\u00dfen Banken in Polen (PKO BP, ING, Santander, Pekao, Alior, BNP Paribas und viele andere)<\/li><li>Kartenzahlungen - Unterst\u00fctzung von VISA und Mastercard<\/li><li>Google Pay - schnelle mobile Zahlungen<\/li><li>Pay-by-Link-System f\u00fcr maximalen Komfort<\/li><\/ul><strong>\ud83d\udd12 Sicherheit auf h\u00f6chstem Niveau<\/strong><ul><li>Datenverschl\u00fcsselung auf h\u00f6chstem Niveau<\/li><li>Zweistufige Zulassung f\u00fcr zus\u00e4tzlichen Schutz<\/li><li>Von der mBank ausgestellte Sicherheitszertifikate<\/li><li>Schutz der pers\u00f6nlichen und finanziellen Daten der Kunden<\/li><li>Einhaltung von PSD2 und anderen europ\u00e4ischen Vorschriften<\/li><\/ul><strong>\u2699\ufe0f Einfache Installation und Konfiguration<\/strong><ul><li>Kompatibilit\u00e4t mit PrestaShop Version 1.6.0 und h\u00f6her<\/li><li>Intuitive Installation \u00fcber den Modulmanager<\/li><li>Automatische Konfiguration der Absenderadresse<\/li><li>Testumgebung f\u00fcr die Leistungs\u00fcberpr\u00fcfung<\/li><li>Ausf\u00fchrliche Dokumentation und Videoanleitungen<\/li><li>Automatische Benachrichtigung \u00fcber den Transaktionsstatus<\/li><\/ul><strong>\ud83d\ude80 Vollst\u00e4ndige Automatisierung und Integration<\/strong><ul><li>Panel integriert mit Bankkonto in mBank<\/li><li>Automatische Aktualisierung des Auftragsstatus<\/li><li>Einfache Zahlungsr\u00fcckgabe direkt aus dem Transaktionsdienst<\/li><li>Kein separates Konto erforderlich - Zugang \u00fcber mBanking<\/li><li>Berichterstattung \u00fcber Transaktionen in Echtzeit<\/li><\/ul>\t\t\t\t\t\t\t\t<\/div>\n\t\t\t\t<div class=\"elementor-element elementor-element-3854b2a elementor-widget elementor-widget-spacer\" data-id=\"3854b2a\" data-element_type=\"widget\" data-e-type=\"widget\" data-widget_type=\"spacer.default\">\n\t\t\t\t\t\t\t<div class=\"elementor-spacer\">\n\t\t\t<div class=\"elementor-spacer-inner\"><\/div>\n\t\t<\/div>\n\t\t\t\t\t\t<\/div>\n\t\t\t\t<div class=\"elementor-element elementor-element-5fd9977 elementor-widget elementor-widget-text-editor\" data-id=\"5fd9977\" data-element_type=\"widget\" data-e-type=\"widget\" data-widget_type=\"text-editor.default\">\n\t\t\t\t\t\t\t\t\t<div class=\"cc-alert cc-alert-tip\"><div class=\"cc-alert-title\">Tipp<\/div><div class=\"cc-alert-content\">Um PayNow zu nutzen, ben\u00f6tigen Sie ein Firmenkonto bei der mBank. Das PayNow-Dashboard ist vollst\u00e4ndig in das Online-Banking integriert, was die Verwaltung von Zahlungen erheblich erleichtert.<\/div><\/div>\t\t\t\t\t\t\t\t<\/div>\n\t\t\t\t<div class=\"elementor-element elementor-element-cc629fb elementor-widget elementor-widget-spacer\" data-id=\"cc629fb\" data-element_type=\"widget\" data-e-type=\"widget\" data-widget_type=\"spacer.default\">\n\t\t\t\t\t\t\t<div class=\"elementor-spacer\">\n\t\t\t<div class=\"elementor-spacer-inner\"><\/div>\n\t\t<\/div>\n\t\t\t\t\t\t<\/div>\n\t\t\t\t<div class=\"elementor-element elementor-element-a9941d1 elementor-widget elementor-widget-text-editor\" data-id=\"a9941d1\" data-element_type=\"widget\" data-e-type=\"widget\" data-widget_type=\"text-editor.default\">\n\t\t\t\t\t\t\t\t\t<h6>\ud83d\udcc8 Schnellere und bequemere Zahlungseing\u00e4nge<\/h6><p><strong>PayNow ist mehr als ein Zahlungs-Gateway<\/strong> - ist eine umfassende L\u00f6sung, die von der mBank entwickelt wurde, um den Bed\u00fcrfnissen polnischer Unternehmer gerecht zu werden. Dank der <strong>die niedrigste Provision auf dem Markt<\/strong> (nur 0,95%), <strong>unmittelbare Auswirkung<\/strong> auf Rechnung und <strong>vollst\u00e4ndige Integration<\/strong> PayNow erm\u00f6glicht es, mit Online-Banking nicht nur die Ums\u00e4tze zu steigern, sondern auch die Betriebskosten so weit wie m\u00f6glich zu optimieren. <strong>Jede Transaktion bedeutet mehr Gewinn f\u00fcr Ihr Unternehmen!<\/strong><\/p>\t\t\t\t\t\t\t\t<\/div>\n\t\t\t\t<div class=\"elementor-element elementor-element-7b9f1d0 elementor-widget elementor-widget-spacer\" data-id=\"7b9f1d0\" data-element_type=\"widget\" data-e-type=\"widget\" data-widget_type=\"spacer.default\">\n\t\t\t\t\t\t\t<div class=\"elementor-spacer\">\n\t\t\t<div class=\"elementor-spacer-inner\"><\/div>\n\t\t<\/div>\n\t\t\t\t\t\t<\/div>\n\t\t\t\t<div class=\"elementor-element elementor-element-3e00cf6 elementor-widget elementor-widget-text-editor\" data-id=\"3e00cf6\" data-element_type=\"widget\" data-e-type=\"widget\" data-widget_type=\"text-editor.default\">\n\t\t\t\t\t\t\t\t\t<h6>F\u00fcr wen?<\/h6><p>Das Modul ist ideal f\u00fcr alle:<\/p><p><strong>\u2714<\/strong> Eigent\u00fcmer <a href=\"https:\/\/iarina029.supserv.cozmoslabs.com\/de\/produktkategorie\/einzelne-geschafte\/\" title=\"PrestaShop Gesch\u00e4fte\">PrestaShop-Shops<\/a> die die Konversion von Zahlungen erh\u00f6hen wollen<br \/><strong>\u2714<\/strong> E-Commerce-Manager optimieren die Betriebskosten<br \/><strong>\u2714<\/strong> Shop-Administratoren auf der Suche nach einfachen Automatisierungsl\u00f6sungen<br \/><strong>\u2714<\/strong> Unternehmen, die verschiedene Zahlungsarten anbieten<br \/><strong>\u2714<\/strong> Unternehmer, die sich auf die Steigerung der Rentabilit\u00e4t konzentrieren<br \/><strong>\u2714<\/strong> Gesch\u00e4fte mit einem hohen Anteil an Nachnahmezahlungen<br \/><strong>\u2714<\/strong> Jeder, der seine Kunden zu einer besseren Zahlungsmoral motivieren m\u00f6chte<\/p>\t\t\t\t\t\t\t\t<\/div>\n\t\t\t\t<div class=\"elementor-element elementor-element-425cc4e elementor-widget elementor-widget-spacer\" data-id=\"425cc4e\" data-element_type=\"widget\" data-e-type=\"widget\" data-widget_type=\"spacer.default\">\n\t\t\t\t\t\t\t<div class=\"elementor-spacer\">\n\t\t\t<div class=\"elementor-spacer-inner\"><\/div>\n\t\t<\/div>\n\t\t\t\t\t\t<\/div>\n\t\t\t\t<div class=\"elementor-element elementor-element-d08237e elementor-widget elementor-widget-text-editor\" data-id=\"d08237e\" data-element_type=\"widget\" data-e-type=\"widget\" data-widget_type=\"text-editor.default\">\n\t\t\t\t\t\t\t\t\t<p><div class=\"pls-block pls-block-3297\">\t\t<div data-elementor-type=\"wp-post\" data-elementor-id=\"3297\" class=\"elementor elementor-3297\">\n\t\t\t\t<div class=\"elementor-element elementor-element-d99440d e-flex e-con-boxed e-con e-parent\" data-id=\"d99440d\" data-element_type=\"container\" data-e-type=\"container\" data-settings=\"{&quot;background_background&quot;:&quot;classic&quot;}\">\n\t\t\t\t\t<div class=\"e-con-inner\">\n\t\t\t\t<div class=\"elementor-element elementor-element-b850409 elementor-widget elementor-widget-text-editor\" data-id=\"b850409\" data-element_type=\"widget\" data-e-type=\"widget\" data-widget_type=\"text-editor.default\">\n\t\t\t\t\t\t\t\t\t<h6><strong>\u00a0Erweitern Sie die M\u00f6glichkeiten Ihres Shops noch heute! <\/strong><strong>\ud83d\ude80<\/strong><\/h6>F\u00fcgen Sie neue Funktionen hinzu, verbessern Sie die Benutzerfreundlichkeit und steigern Sie Ihre Ums\u00e4tze mit unserem Modul. Einfache Installation, volle Kompatibilit\u00e4t und regelm\u00e4\u00dfige Updates - alles, was Sie brauchen, damit Ihr Shop noch besser funktioniert.<br \/>\u2705 Einfache Einrichtung \u2705 Professionelle Unterst\u00fctzung \u2705 Nahtlose Integration<br \/><br \/><a class=\"button simple\" href=\"#main-content\" title=\"Jetzt installieren und benutzen!\">Installieren und benutzen Sie es jetzt!<\/a>\t\t\t\t\t\t\t\t<\/div>\n\t\t\t\t\t<\/div>\n\t\t\t\t<\/div>\n\t\t\t\t<\/div>\n\t\t<\/div><\/p>\t\t\t\t\t\t\t\t<\/div>\n\t\t\t\t\t<\/div>\n\t\t\t\t<\/div>\n\t\t\t\t<\/div>","protected":false},"excerpt":{"rendered":"Presta Shop Pay Now - Offizielles Zahlungsmodul Erh\u00f6hen Sie die Konversion und das Kundenvertrauen mit einem professionellen Zahlungsgateway der m Bank. Pay Now f\u00fcr Presta Shop ist eine komplette Zahlungsl\u00f6sung, die","protected":false},"featured_media":5507,"comment_status":"open","ping_status":"closed","template":"","meta":{"powered_cache_disable_cache":false,"powered_cache_disable_css_optimization":false,"powered_cache_disable_js_optimization":false},"product_brand":[],"product_cat":[131],"product_tag":[309,310,244],"class_list":{"0":"post-5504","1":"product","2":"type-product","3":"status-publish","4":"has-post-thumbnail","6":"product_cat-prestashop","7":"product_tag-paynow","8":"product_tag-platnosci","9":"product_tag-prestashop","11":"first","12":"instock","13":"downloadable","14":"virtual","15":"taxable","16":"purchasable","17":"product-type-simple"},"_links":{"self":[{"href":"https:\/\/iarina029.supserv.cozmoslabs.com\/de\/wp-json\/wp\/v2\/product\/5504","targetHints":{"allow":["GET"]}}],"collection":[{"href":"https:\/\/iarina029.supserv.cozmoslabs.com\/de\/wp-json\/wp\/v2\/product"}],"about":[{"href":"https:\/\/iarina029.supserv.cozmoslabs.com\/de\/wp-json\/wp\/v2\/types\/product"}],"replies":[{"embeddable":true,"href":"https:\/\/iarina029.supserv.cozmoslabs.com\/de\/wp-json\/wp\/v2\/comments?post=5504"}],"version-history":[{"count":0,"href":"https:\/\/iarina029.supserv.cozmoslabs.com\/de\/wp-json\/wp\/v2\/product\/5504\/revisions"}],"wp:featuredmedia":[{"embeddable":true,"href":"https:\/\/iarina029.supserv.cozmoslabs.com\/de\/wp-json\/wp\/v2\/media\/5507"}],"wp:attachment":[{"href":"https:\/\/iarina029.supserv.cozmoslabs.com\/de\/wp-json\/wp\/v2\/media?parent=5504"}],"wp:term":[{"taxonomy":"product_brand","embeddable":true,"href":"https:\/\/iarina029.supserv.cozmoslabs.com\/de\/wp-json\/wp\/v2\/product_brand?post=5504"},{"taxonomy":"product_cat","embeddable":true,"href":"https:\/\/iarina029.supserv.cozmoslabs.com\/de\/wp-json\/wp\/v2\/product_cat?post=5504"},{"taxonomy":"product_tag","embeddable":true,"href":"https:\/\/iarina029.supserv.cozmoslabs.com\/de\/wp-json\/wp\/v2\/product_tag?post=5504"}],"curies":[{"name":"wp","href":"https:\/\/api.w.org\/{rel}","templated":true}]}}