{"id":5409,"date":"2025-09-24T13:18:32","date_gmt":"2025-09-24T11:18:32","guid":{"rendered":"https:\/\/cocos.codes\/?post_type=product&#038;p=5409"},"modified":"2026-04-09T19:38:24","modified_gmt":"2026-04-09T17:38:24","slug":"prestashop-und-wordpress-programmierdienstleistungen","status":"publish","type":"product","link":"https:\/\/iarina029.supserv.cozmoslabs.com\/de\/product\/prestashop-und-wordpress-programmierdienstleistungen\/","title":{"rendered":"Entwicklungsdienstleistungen PrestaShop 1.7\/8.x\/9.x und WordPress 6.x"},"content":{"rendered":"<div data-elementor-type=\"wp-post\" data-elementor-id=\"5409\" class=\"elementor elementor-5409\">\n\t\t\t\t<div class=\"elementor-element elementor-element-b07ab12 e-flex e-con-boxed e-con e-parent\" data-id=\"b07ab12\" data-element_type=\"container\" data-e-type=\"container\">\n\t\t\t\t\t<div class=\"e-con-inner\">\n\t\t\t\t<div class=\"elementor-element elementor-element-3534c01 elementor-widget elementor-widget-heading\" data-id=\"3534c01\" data-element_type=\"widget\" data-e-type=\"widget\" data-widget_type=\"heading.default\">\n\t\t\t\t\t<h6 class=\"elementor-heading-title elementor-size-default\">PrestaShop- &amp; WordPress-Programmierdienstleistungen<\/h6>\t\t\t\t<\/div>\n\t\t\t\t<div class=\"elementor-element elementor-element-f6a8b64 elementor-widget elementor-widget-text-editor\" data-id=\"f6a8b64\" data-element_type=\"widget\" data-e-type=\"widget\" data-widget_type=\"text-editor.default\">\n\t\t\t\t\t\t\t\t\t<p style=\"text-align: left;\">Ben\u00f6tigen Sie schnelle und flexible Hilfe f\u00fcr Ihr Gesch\u00e4ft? <a href=\"https:\/\/prestashop.com\/\" title=\"PrestaShop\" target=\"_blank\" rel=\"noopener\">PrestaShop<\/a> \/ <a href=\"https:\/\/wordpress.com\/\" title=\"WordPress\" target=\"_blank\" rel=\"noopener\">WordPress<\/a> \/ <a href=\"https:\/\/woocommerce.com\/\" title=\"WooCommerce\" target=\"_blank\" rel=\"noopener\">WooCommerce<\/a>? Entscheiden Sie sich f\u00fcr unsere Dienstleistungen als Prestashop-Entwickler \/ WordPress-Entwickler und f\u00fcr analytische und technische Unterst\u00fctzung, die nach Arbeitszeit abgerechnet werden. Ideal f\u00fcr kleine Korrekturen, Modifikationen oder die laufende Wartung Ihres Shops.<br \/><br \/><strong>Wir nehmen jede Aufgabe an, egal wie schwierig sie ist.<br \/><br \/>Der Stundensatz betr\u00e4gt $54\/1h ($27\/0,5h), unabh\u00e4ngig von der Anzahl der Stunden. <br \/>Der in dem Produkt angegebene Tarif $27 entspricht 30 Minuten.<br \/><br \/><\/strong><\/p><p style=\"text-align: center;\"><strong>\u26a0\ufe0f Wichtig: Vor der Bestellung <a href=\"https:\/\/iarina029.supserv.cozmoslabs.com\/de\/kontakt\/\" title=\"Bitte kontaktieren Sie uns\">Bitte kontaktieren Sie uns<\/a> um die Details und den Umfang der Arbeiten zu besprechen.<\/strong><\/p>\t\t\t\t\t\t\t\t<\/div>\n\t\t\t\t<div class=\"elementor-element elementor-element-b2ca412 elementor-widget elementor-widget-spacer\" data-id=\"b2ca412\" data-element_type=\"widget\" data-e-type=\"widget\" data-widget_type=\"spacer.default\">\n\t\t\t\t\t\t\t<div class=\"elementor-spacer\">\n\t\t\t<div class=\"elementor-spacer-inner\"><\/div>\n\t\t<\/div>\n\t\t\t\t\t\t<\/div>\n\t\t\t\t\t<\/div>\n\t\t\t\t<\/div>\n\t\t<div class=\"elementor-element elementor-element-aa63b05 e-flex e-con-boxed e-con e-parent\" data-id=\"aa63b05\" data-element_type=\"container\" data-e-type=\"container\">\n\t\t\t\t\t<div class=\"e-con-inner\">\n\t\t\t\t<div class=\"elementor-element elementor-element-6c5b301 elementor-widget elementor-widget-spacer\" data-id=\"6c5b301\" data-element_type=\"widget\" data-e-type=\"widget\" data-widget_type=\"spacer.default\">\n\t\t\t\t\t\t\t<div class=\"elementor-spacer\">\n\t\t\t<div class=\"elementor-spacer-inner\"><\/div>\n\t\t<\/div>\n\t\t\t\t\t\t<\/div>\n\t\t\t\t<div class=\"elementor-element elementor-element-dd4b192 elementor-widget elementor-widget-heading\" data-id=\"dd4b192\" data-element_type=\"widget\" data-e-type=\"widget\" data-widget_type=\"heading.default\">\n\t\t\t\t\t<h6 class=\"elementor-heading-title elementor-size-default\">Ausf\u00fchrliche Beschreibung<\/h6>\t\t\t\t<\/div>\n\t\t\t\t\t<\/div>\n\t\t\t\t<\/div>\n\t\t<div class=\"elementor-element elementor-element-670073a e-flex e-con-boxed e-con e-parent\" data-id=\"670073a\" data-element_type=\"container\" data-e-type=\"container\">\n\t\t\t\t\t<div class=\"e-con-inner\">\n\t\t<div class=\"elementor-element elementor-element-6e6afde e-con-full e-flex e-con e-child\" data-id=\"6e6afde\" data-element_type=\"container\" data-e-type=\"container\">\n\t\t\t\t<div class=\"elementor-element elementor-element-32f556d elementor-widget elementor-widget-text-editor\" data-id=\"32f556d\" data-element_type=\"widget\" data-e-type=\"widget\" data-widget_type=\"text-editor.default\">\n\t\t\t\t\t\t\t\t\t<h6>\u2b50 Warum<\/h6><strong>\u2705 Flexible Arbeitszeitkonten<\/strong> - Bezahlung nur f\u00fcr die angesammelten Stunden, wobei keine Pakete ungenutzt bleiben.<br \/><strong>\u2705 Unterst\u00fctzung bei der Analyse und Programmierung<\/strong> - nicht nur Code, sondern auch Beratung, Analyse, Optimierung und Fehlerdiagnose.<br \/><strong>\u2705 Schnelle Reaktion und Umsetzung<\/strong> - Kleine \u00c4nderungen werden innerhalb von 24-72 Arbeitsstunden (je nach Komplexit\u00e4t) vorgenommen.<br \/><strong>\u2705 Unterst\u00fctzung f\u00fcr PrestaShop-Versionen 1.6 \/ 1.7 \/ 8.x \/ 9.x<\/strong> - Kompatibilit\u00e4t mit aktuellen und \u00e4lteren Shop-Installationen.<br \/><strong>\u2705 Unterst\u00fctzung der WordPress-Versionen 4.9 \/ 5.x \/ 6.x<\/strong>\u00a0- Kompatibilit\u00e4t mit aktuellen und \u00e4lteren CMS-Installationen.<br \/><strong>\u2705 Vollst\u00e4ndige Dokumentation und Bericht<\/strong> - Am Ende jeder Aufgabe erhalten Sie eine Beschreibung der durchgef\u00fchrten T\u00e4tigkeiten und der Zeiten.<br \/><strong>\u2705 Rechnung mit Mehrwertsteuer<\/strong> - Transparenz der Abrechnungen, M\u00f6glichkeit der Verrechnung der Kosten innerhalb des Unternehmens.\t\t\t\t\t\t\t\t<\/div>\n\t\t\t\t<\/div>\n\t\t\t\t<div class=\"elementor-element elementor-element-cb1eff2 elementor-widget elementor-widget-spacer\" data-id=\"cb1eff2\" data-element_type=\"widget\" data-e-type=\"widget\" data-widget_type=\"spacer.default\">\n\t\t\t\t\t\t\t<div class=\"elementor-spacer\">\n\t\t\t<div class=\"elementor-spacer-inner\"><\/div>\n\t\t<\/div>\n\t\t\t\t\t\t<\/div>\n\t\t<div class=\"elementor-element elementor-element-a0e2864 e-con-full e-flex e-con e-child\" data-id=\"a0e2864\" data-element_type=\"container\" data-e-type=\"container\">\n\t\t\t\t<div class=\"elementor-element elementor-element-4c78578 elementor-widget elementor-widget-text-editor\" data-id=\"4c78578\" data-element_type=\"widget\" data-e-type=\"widget\" data-widget_type=\"text-editor.default\">\n\t\t\t\t\t\t\t\t\t<h6>\ud83d\udee0\ufe0f Umfang der Dienstleistungen (Beispielaufgaben)<\/h6><strong>\u2705 <\/strong>Template-\u00c4nderungen, CSS\/JS-Anpassungen<br \/><strong>\u2705 <\/strong>Implementierung von neuen Funktionen oder Integrationen<br \/><strong>\u2705 <\/strong>Fehlerkorrekturen und Diagnosen<br \/><strong>\u2705 <\/strong>Datenmigrationen\/Versionsaktualisierungen<br \/><strong>\u2705 <\/strong>Leistungsoptimierung (Ladegeschwindigkeit, SQL-Abfragen)<br \/><strong>\u2705 <\/strong>Analyse und Berichterstattung (\u00dcberwachung, Protokolle, Verbesserungsvorschl\u00e4ge)\t\t\t\t\t\t\t\t<\/div>\n\t\t\t\t<div class=\"elementor-element elementor-element-351023d elementor-widget elementor-widget-spacer\" data-id=\"351023d\" data-element_type=\"widget\" data-e-type=\"widget\" data-widget_type=\"spacer.default\">\n\t\t\t\t\t\t\t<div class=\"elementor-spacer\">\n\t\t\t<div class=\"elementor-spacer-inner\"><\/div>\n\t\t<\/div>\n\t\t\t\t\t\t<\/div>\n\t\t\t\t<div class=\"elementor-element elementor-element-8d9ec7d elementor-widget elementor-widget-text-editor\" data-id=\"8d9ec7d\" data-element_type=\"widget\" data-e-type=\"widget\" data-widget_type=\"text-editor.default\">\n\t\t\t\t\t\t\t\t\t<h6>\ud83d\udcb0 Clearingregeln<\/h6><strong>\u2705 Mindesteinsatz:<\/strong> 0,5 Stunden<br \/><strong>\u2705<\/strong> <strong>Einheit der Rechnung:<\/strong> 30 Minuten oder 1 Stunde<br \/><strong>\u2705 Bezahlung:<\/strong> Bank\u00fcberweisung, BLIK, Karte, Google Pay - Mehrwertsteuerrechnung wird sofort nach der Buchung ausgestellt\t\t\t\t\t\t\t\t<\/div>\n\t\t\t\t<\/div>\n\t\t\t\t\t<\/div>\n\t\t\t\t<\/div>\n\t\t<div class=\"elementor-element elementor-element-423a629 e-flex e-con-boxed e-con e-parent\" data-id=\"423a629\" data-element_type=\"container\" data-e-type=\"container\">\n\t\t\t\t\t<div class=\"e-con-inner\">\n\t\t\t\t<div class=\"elementor-element elementor-element-0e67222 elementor-widget elementor-widget-spacer\" data-id=\"0e67222\" data-element_type=\"widget\" data-e-type=\"widget\" data-widget_type=\"spacer.default\">\n\t\t\t\t\t\t\t<div class=\"elementor-spacer\">\n\t\t\t<div class=\"elementor-spacer-inner\"><\/div>\n\t\t<\/div>\n\t\t\t\t\t\t<\/div>\n\t\t\t\t\t<\/div>\n\t\t\t\t<\/div>\n\t\t<div class=\"elementor-element elementor-element-5e3f77b e-flex e-con-boxed e-con e-parent\" data-id=\"5e3f77b\" data-element_type=\"container\" data-e-type=\"container\">\n\t\t\t\t\t<div class=\"e-con-inner\">\n\t\t\t\t\t<\/div>\n\t\t\t\t<\/div>\n\t\t\t\t<\/div>","protected":false},"excerpt":{"rendered":"Us\u0142ugi programistyczne Presta Shop &amp; Word Press Potrzebujesz szybkiej, elastycznej pomocy przy swoim sklepie Presta Shop \/ Word Press \/ Woo Commerce? Wybierz nasze us\u0142ugi programisty Prestashop \/ programisty Word","protected":false},"featured_media":5410,"comment_status":"open","ping_status":"closed","template":"","meta":{"powered_cache_disable_cache":false,"powered_cache_disable_css_optimization":false,"powered_cache_disable_js_optimization":false},"product_brand":[275],"product_cat":[129],"product_tag":[305,244,304,198],"class_list":{"0":"post-5409","1":"product","2":"type-product","3":"status-publish","4":"has-post-thumbnail","6":"product_brand-cocos","7":"product_cat-uslugi","8":"product_tag-kodowanie","9":"product_tag-prestashop","10":"product_tag-programista","11":"product_tag-wordpress","13":"first","14":"instock","15":"featured","16":"taxable","17":"shipping-taxable","18":"purchasable","19":"product-type-simple"},"_links":{"self":[{"href":"https:\/\/iarina029.supserv.cozmoslabs.com\/de\/wp-json\/wp\/v2\/product\/5409","targetHints":{"allow":["GET"]}}],"collection":[{"href":"https:\/\/iarina029.supserv.cozmoslabs.com\/de\/wp-json\/wp\/v2\/product"}],"about":[{"href":"https:\/\/iarina029.supserv.cozmoslabs.com\/de\/wp-json\/wp\/v2\/types\/product"}],"replies":[{"embeddable":true,"href":"https:\/\/iarina029.supserv.cozmoslabs.com\/de\/wp-json\/wp\/v2\/comments?post=5409"}],"version-history":[{"count":0,"href":"https:\/\/iarina029.supserv.cozmoslabs.com\/de\/wp-json\/wp\/v2\/product\/5409\/revisions"}],"wp:featuredmedia":[{"embeddable":true,"href":"https:\/\/iarina029.supserv.cozmoslabs.com\/de\/wp-json\/wp\/v2\/media\/5410"}],"wp:attachment":[{"href":"https:\/\/iarina029.supserv.cozmoslabs.com\/de\/wp-json\/wp\/v2\/media?parent=5409"}],"wp:term":[{"taxonomy":"product_brand","embeddable":true,"href":"https:\/\/iarina029.supserv.cozmoslabs.com\/de\/wp-json\/wp\/v2\/product_brand?post=5409"},{"taxonomy":"product_cat","embeddable":true,"href":"https:\/\/iarina029.supserv.cozmoslabs.com\/de\/wp-json\/wp\/v2\/product_cat?post=5409"},{"taxonomy":"product_tag","embeddable":true,"href":"https:\/\/iarina029.supserv.cozmoslabs.com\/de\/wp-json\/wp\/v2\/product_tag?post=5409"}],"curies":[{"name":"wp","href":"https:\/\/api.w.org\/{rel}","templated":true}]}}