{"id":5383,"date":"2025-09-23T21:01:43","date_gmt":"2025-09-23T19:01:43","guid":{"rendered":"https:\/\/cocos.codes\/?post_type=product&#038;p=5383"},"modified":"2026-04-09T19:38:23","modified_gmt":"2026-04-09T17:38:23","slug":"wordpress-anti-spam","status":"publish","type":"product","link":"https:\/\/iarina029.supserv.cozmoslabs.com\/de\/product\/wordpress-anti-spam\/","title":{"rendered":"WordPress Anti-Spam 1.0.2"},"content":{"rendered":"<div data-elementor-type=\"wp-post\" data-elementor-id=\"5383\" class=\"elementor elementor-5383\">\n\t\t\t\t<div class=\"elementor-element elementor-element-9f9cdfa e-flex e-con-boxed e-con e-parent\" data-id=\"9f9cdfa\" data-element_type=\"container\" data-e-type=\"container\">\n\t\t\t\t\t<div class=\"e-con-inner\">\n\t\t\t\t<div class=\"elementor-element elementor-element-1076e98 elementor-widget elementor-widget-text-editor\" data-id=\"1076e98\" data-element_type=\"widget\" data-e-type=\"widget\" data-widget_type=\"text-editor.default\">\n\t\t\t\t\t\t\t\t\t<h6>CC WordPress Antispam - erweiterter Spamschutz ohne JavaScript<\/h6>CC WordPress Anti Spam ist ein professionelles Plug-in, das Ihre WordPress-Website umfassend vor Spam in Kommentaren, Registrierungsformularen und externen Kontaktformularen sch\u00fctzt. Das System l\u00e4uft auf der PHP-Technologie in 100% und bietet zuverl\u00e4ssigen Schutz unabh\u00e4ngig von den JavaScript-Einstellungen im Browser des Benutzers.\t\t\t\t\t\t\t\t<\/div>\n\t\t\t\t<div class=\"elementor-element elementor-element-7e7ebdf elementor-widget elementor-widget-spacer\" data-id=\"7e7ebdf\" data-element_type=\"widget\" data-e-type=\"widget\" data-widget_type=\"spacer.default\">\n\t\t\t\t\t\t\t<div class=\"elementor-spacer\">\n\t\t\t<div class=\"elementor-spacer-inner\"><\/div>\n\t\t<\/div>\n\t\t\t\t\t\t<\/div>\n\t\t\t\t\t<\/div>\n\t\t\t\t<\/div>\n\t\t<div class=\"elementor-element elementor-element-2894c7d e-flex e-con-boxed e-con e-parent\" data-id=\"2894c7d\" data-element_type=\"container\" data-e-type=\"container\">\n\t\t\t\t\t<div class=\"e-con-inner\">\n\t\t<div class=\"elementor-element elementor-element-3174046 e-grid e-con-full e-con e-child\" data-id=\"3174046\" data-element_type=\"container\" data-e-type=\"container\">\n\t\t\t\t<div class=\"elementor-element elementor-element-39719e2 elementor-widget elementor-widget-pls-button\" data-id=\"39719e2\" data-element_type=\"widget\" data-e-type=\"widget\" data-widget_type=\"pls-button.default\">\n\t\t\t\t<div class=\"elementor-widget-container\">\n\t\t\t\t\t<div id=\"pls-button-88399\" class=\"pls-element pls-button\">\n\t<a class=\"button btn-style-flat\" href=\"https:\/\/iarina029.supserv.cozmoslabs.com\/de\/wissensbasis\/wordpress\/dokumentationen\/anti-spam\/\" title=\"DOKUMENTATION\"  target=\"_blank\">\n\t\tDOKUMENTATION\t<\/a>\n<\/div>\n\t\t\t\t<\/div>\n\t\t\t\t<\/div>\n\t\t\t\t<div class=\"elementor-element elementor-element-5400b43 elementor-widget elementor-widget-pls-button\" data-id=\"5400b43\" data-element_type=\"widget\" data-e-type=\"widget\" data-widget_type=\"pls-button.default\">\n\t\t\t\t<div class=\"elementor-widget-container\">\n\t\t\t\t\t<div id=\"pls-button-19726\" class=\"pls-element pls-button\">\n\t<a class=\"button btn-style-flat\" href=\"https:\/\/demo.cocos.codes\/cc_wordpress_anti_spam\/\" title=\"DEMO\" target=\"_blank\" rel=\"noopener\">\n\t\tDEMO\t<\/a>\n<\/div>\n\t\t\t\t<\/div>\n\t\t\t\t<\/div>\n\t\t\t\t<\/div>\n\t\t\t\t\t<\/div>\n\t\t\t\t<\/div>\n\t\t<div class=\"elementor-element elementor-element-c0762d4 e-flex e-con-boxed e-con e-parent\" data-id=\"c0762d4\" data-element_type=\"container\" data-e-type=\"container\">\n\t\t\t\t\t<div class=\"e-con-inner\">\n\t\t\t\t<div class=\"elementor-element elementor-element-c669d90 elementor-widget elementor-widget-spacer\" data-id=\"c669d90\" data-element_type=\"widget\" data-e-type=\"widget\" data-widget_type=\"spacer.default\">\n\t\t\t\t\t\t\t<div class=\"elementor-spacer\">\n\t\t\t<div class=\"elementor-spacer-inner\"><\/div>\n\t\t<\/div>\n\t\t\t\t\t\t<\/div>\n\t\t\t\t<div class=\"elementor-element elementor-element-ee8a087 elementor-widget elementor-widget-text-editor\" data-id=\"ee8a087\" data-element_type=\"widget\" data-e-type=\"widget\" data-widget_type=\"text-editor.default\">\n\t\t\t\t\t\t\t\t\t<h6><strong>Sehen Sie, was Sie bekommen<\/strong><\/h6><p><strong>\ud83d\udee1\ufe0f Mehrschichtiger Formularschutz<\/strong><\/p><ul><li><strong>Feld Honeypot<\/strong> - unsichtbare Felder zur Erkennung automatischer Bots<\/li><li><strong>Kontrolle der Bef\u00fcllungszeit<\/strong> - Sperrung von zu schnell oder zu langsam ausgef\u00fcllten Formularen<\/li><li><strong>Filterung des Inhalts<\/strong> - intelligente Erkennung von verbotenen W\u00f6rtern und Ausdr\u00fccken<\/li><li><strong>Begrenzung der Links<\/strong> - Kontrolle einer \u00fcberm\u00e4\u00dfigen Anzahl von URLs im Inhalt<\/li><li><strong>Validierung von Benutzerdaten<\/strong> - \u00dcberpr\u00fcfung von verd\u00e4chtigen Mustern in der Registry<\/li><li><strong>Verschiedene Schutzniveaus<\/strong> - Anpassung der Empfindlichkeit an die Bed\u00fcrfnisse des Standorts<\/li><\/ul><p><strong>\ud83c\udf10 Native Integration beliebter Plug-ins<\/strong><\/p><ul><li><a href=\"https:\/\/wordpress.org\/plugins\/contact-form-7\/\" title=\"Kontakt-Formular 7\" target=\"_blank\" rel=\"noopener\"><strong>Kontakt-Formular 7<\/strong><\/a> - automatischer Schutz aller CF7-Formulare<\/li><li><a href=\"https:\/\/www.gravityforms.com\/\" title=\"Schwerkraft-Formulare\" target=\"_blank\" rel=\"noopener\"><strong>Schwerkraft-Formulare<\/strong><\/a> - vollst\u00e4ndige Integration mit dem GF-Validierungssystem<\/li><li><strong>WordPress-Kommentare<\/strong> - Schutz der einheimischen Kommentare<\/li><li><strong>Anmeldeformulare<\/strong> - sichere Erstellung von Benutzerkonten<\/li><li><strong>Automatische Erkennung<\/strong> - das Plug-in selbst erkennt aktive Formulare<\/li><li><strong>Ohne \u00c4nderung des Codes<\/strong> - Integration \u00fcber WordPress-Hookups<\/li><\/ul><p><strong>\ud83d\udeab Erweiterte IP-Sperre<\/strong><\/p><ul><li><strong>Zeitschl\u00f6sser<\/strong> - automatischer Ablauf nach einer bestimmten Zeitspanne (30 min - 24h)<\/li><li><strong>Feste Schl\u00f6sser<\/strong> - permanente Sperren f\u00fcr hartn\u00e4ckige Spammer<\/li><li><strong>Wei\u00dfe Liste<\/strong> - erlaubte IPs werden nie blockiert<\/li><li><strong>Automatische Verriegelungen<\/strong> - das System sperrt die IP selbst, wenn der Spam-Schwellenwert \u00fcberschritten wird<\/li><li><strong>CIDR-Unterst\u00fctzung<\/strong> - Sperrung ganzer IP-Bereiche (IPv4 und IPv6)<\/li><li><strong>Proxy-Erkennung<\/strong> - korrekte IP-Identifizierung hinter CDN und Proxy<\/li><\/ul><p><strong>\ud83d\udcca Detaillierte Protokollierung und Statistik<\/strong><\/p><ul><li><strong>Umfassende Protokolle<\/strong> - Aufzeichnung aller Spam-Versuche mit Details<\/li><li><strong>Filtersystem<\/strong> - schnelles Auffinden bestimmter Arten von Angriffen<\/li><li><strong>Visuelle Statistik<\/strong> - Berichte mit Top 10 IP und t\u00e4glichen Trends<\/li><li><strong>Farbkodierung<\/strong> - einfache Identifizierung der Schlosstypen<\/li><li><strong>Automatische Reinigung<\/strong> - Verwaltung der Protokollgr\u00f6\u00dfe<\/li><li><strong>Datenexport<\/strong> - M\u00f6glichkeit zum Herunterladen vollst\u00e4ndiger Berichte<\/li><\/ul><p><strong>\u26a1 Optimierung der Leistung<\/strong><\/p><ul><li><strong>IP-Check-Cache<\/strong> - Reduzierung der Datenbanklast<\/li><li><strong>Pr\u00fcfung nur bei POST<\/strong> - Minimierung der Kontrollen der Formulare<\/li><li><strong>Angemeldetes \u00dcberspringen<\/strong> - Ausschluss von Nutzern von der Kontrolle<\/li><li><strong>Intelligente Anfragen<\/strong> - Optimierung von Datenbankoperationen<\/li><li><strong>Asynchrone Aufgaben<\/strong> - Hintergrundreinigung \u00fcber CRON<\/li><li><strong>Minimale Ressourcen<\/strong> - unmerkliche Auswirkungen auf die Geschwindigkeit der Website<\/li><\/ul><p><strong>\ud83d\udd27 Automatische Aufgaben und Wartung<\/strong><\/p><ul><li><strong>CRON-Aufgaben<\/strong> - automatische t\u00e4gliche und w\u00f6chentliche Reinigung<\/li><li><strong>Entfernung von abgelaufenen Schl\u00f6ssern<\/strong> - Sauberhaltung der Datenbank<\/li><li><strong>Grenzwert protokollieren<\/strong> - automatische Speicherplatzverwaltung<\/li><li><strong>Berichte zur Reinigung<\/strong> - Einzelheiten der Wartungsarbeiten<\/li><li><strong>Individueller Zeitplan<\/strong> - Frequenzanpassungsf\u00e4higkeit<\/li><li><strong>Null Verwaltung<\/strong> - das System arbeitet nach der Konfiguration selbstst\u00e4ndig<\/li><\/ul>\t\t\t\t\t\t\t\t<\/div>\n\t\t\t\t<div class=\"elementor-element elementor-element-685bb0c elementor-widget elementor-widget-text-editor\" data-id=\"685bb0c\" data-element_type=\"widget\" data-e-type=\"widget\" data-widget_type=\"text-editor.default\">\n\t\t\t\t\t\t\t\t\t<div class=\"cc-alert cc-alert-tip\"><div class=\"cc-alert-title\">Tipp<\/div><div class=\"cc-alert-content\">Im Gegensatz zu JavaScript-basierten L\u00f6sungen, <strong>WordPress Anti-Spam<\/strong> arbeitet auf Server-Ebene, was es zu einem <strong>kann von fortgeschrittenen Bots nicht umgangen werden und gew\u00e4hrleistet die Wirksamkeit des 100%-Schutzes<\/strong>.<\/div><\/div><h6><br \/>\ud83c\udfaf Die wichtigsten technischen Vorteile<\/h6><table class=\"woocommerce-table shop_table\"><thead><tr><td><strong>Funktion<\/strong><\/td><td><strong>CC Anti-Spam<\/strong><\/td><td><strong>Typische L\u00f6sungen<\/strong><\/td><\/tr><\/thead><tbody><tr><td>Betrieb ohne JavaScript<\/td><td>\u2705 100% Unabh\u00e4ngigkeit<\/td><td>\u274c Erfordert JS<\/td><\/tr><tr><td>IP-Bl\u00f6cke mit CIDR<\/td><td>Vollst\u00e4ndige IPv4\/IPv6-Unterst\u00fctzung<\/td><td>\u26a0\ufe0f Basic IP<\/td><\/tr><tr><td>Leistungs-Cache<\/td><td>\u2705 Intelligenter Cache<\/td><td>\u274c Keine Optimierung<\/td><\/tr><tr><td>Automatisches CRON<\/td><td>\u2705 Vollst\u00e4ndige Automatisierung<\/td><td>\u26a0\ufe0f Manuelle Verwaltung<\/td><\/tr><tr><td>Ausf\u00fchrliche Protokolle<\/td><td>\u2705 Erweiterte Berichte<\/td><td>\u26a0\ufe0f Grundlegende Anmeldung<\/td><\/tr><tr><td>Integration mit g\u00e4ngigen Plug-ins<\/td><td>\u2705 CF7 + GF nativ<\/td><td>\u274c Erfordert Konfiguration<\/td><\/tr><\/tbody><\/table>\t\t\t\t\t\t\t\t<\/div>\n\t\t\t\t<div class=\"elementor-element elementor-element-a25f403 elementor-widget elementor-widget-spacer\" data-id=\"a25f403\" data-element_type=\"widget\" data-e-type=\"widget\" data-widget_type=\"spacer.default\">\n\t\t\t\t\t\t\t<div class=\"elementor-spacer\">\n\t\t\t<div class=\"elementor-spacer-inner\"><\/div>\n\t\t<\/div>\n\t\t\t\t\t\t<\/div>\n\t\t\t\t<div class=\"elementor-element elementor-element-7137739 elementor-widget elementor-widget-text-editor\" data-id=\"7137739\" data-element_type=\"widget\" data-e-type=\"widget\" data-widget_type=\"text-editor.default\">\n\t\t\t\t\t\t\t\t\t<h6>\ud83d\udcaa Erh\u00f6hen Sie die Sicherheit Ihrer WordPress-Website!<\/h6><strong>Spam in Kommentaren und Formularen mindert nicht nur die Qualit\u00e4t des Inhalts, sondern kann sich auch negativ auf die Google-Positionierung und das Vertrauen der Nutzer auswirken.<\/strong> Automatische Bot-Registrierungen belasten die Datenbank und k\u00f6nnen f\u00fcr weitere Angriffe genutzt werden. <strong>CC WordPress Anti Spam beseitigt diese Probleme an der Quelle<\/strong>und bietet <strong>sauber<\/strong> Formulare und <strong>sicher<\/strong> Umgebung f\u00fcr echte Benutzer.<div class=\"notranslate\" style=\"all: initial;\">\u00a0<\/div>\t\t\t\t\t\t\t\t<\/div>\n\t\t\t\t<div class=\"elementor-element elementor-element-b5b3a9a elementor-widget elementor-widget-spacer\" data-id=\"b5b3a9a\" data-element_type=\"widget\" data-e-type=\"widget\" data-widget_type=\"spacer.default\">\n\t\t\t\t\t\t\t<div class=\"elementor-spacer\">\n\t\t\t<div class=\"elementor-spacer-inner\"><\/div>\n\t\t<\/div>\n\t\t\t\t\t\t<\/div>\n\t\t\t\t<div class=\"elementor-element elementor-element-4f80c05 elementor-widget elementor-widget-text-editor\" data-id=\"4f80c05\" data-element_type=\"widget\" data-e-type=\"widget\" data-widget_type=\"text-editor.default\">\n\t\t\t\t\t\t\t\t\t<h6><strong>F\u00fcr wen?<\/strong><\/h6>Das Plug-in ist ideal f\u00fcr:<ul><li><strong>Unternehmens-Websites<\/strong> die einen professionellen Schutz gegen Spam ben\u00f6tigen<\/li><li><strong>Blogs und Nachrichtendienste<\/strong> mit aktiven Kommentarbereichen<\/li><li><strong>Online-Shops<\/strong> Schutz von Kontakt- und Anmeldeformularen<\/li><li><strong>Soziale Netzwerke<\/strong> mit hohem Nutzeraufkommen<\/li><li><strong>Business-Websites<\/strong> Kontaktform 7 oder Gravity Forms verwenden<\/li><li><strong>WordPress-Administratoren<\/strong> auf der Suche nach einer L\u00f6sung nach dem Motto \"einrichten und vergessen\".<\/li><li><strong>Web-Agenturen<\/strong> Verwaltung mehrerer Kundenprojekte<\/li><li><strong>Eigent\u00fcmer der Website<\/strong> m\u00fcde von der t\u00e4glichen Moderation von Spam<\/li><\/ul>\t\t\t\t\t\t\t\t<\/div>\n\t\t\t\t<div class=\"elementor-element elementor-element-652f369 elementor-widget elementor-widget-spacer\" data-id=\"652f369\" data-element_type=\"widget\" data-e-type=\"widget\" data-widget_type=\"spacer.default\">\n\t\t\t\t\t\t\t<div class=\"elementor-spacer\">\n\t\t\t<div class=\"elementor-spacer-inner\"><\/div>\n\t\t<\/div>\n\t\t\t\t\t\t<\/div>\n\t\t\t\t<div class=\"elementor-element elementor-element-fdfe69a elementor-widget elementor-widget-text-editor\" data-id=\"fdfe69a\" data-element_type=\"widget\" data-e-type=\"widget\" data-widget_type=\"text-editor.default\">\n\t\t\t\t\t\t\t\t\t<p><div class=\"pls-block pls-block-3297\">\t\t<div data-elementor-type=\"wp-post\" data-elementor-id=\"3297\" class=\"elementor elementor-3297\">\n\t\t\t\t<div class=\"elementor-element elementor-element-d99440d e-flex e-con-boxed e-con e-parent\" data-id=\"d99440d\" data-element_type=\"container\" data-e-type=\"container\" data-settings=\"{&quot;background_background&quot;:&quot;classic&quot;}\">\n\t\t\t\t\t<div class=\"e-con-inner\">\n\t\t\t\t<div class=\"elementor-element elementor-element-b850409 elementor-widget elementor-widget-text-editor\" data-id=\"b850409\" data-element_type=\"widget\" data-e-type=\"widget\" data-widget_type=\"text-editor.default\">\n\t\t\t\t\t\t\t\t\t<h6><strong>\u00a0Erweitern Sie die M\u00f6glichkeiten Ihres Shops noch heute! <\/strong><strong>\ud83d\ude80<\/strong><\/h6>F\u00fcgen Sie neue Funktionen hinzu, verbessern Sie die Benutzerfreundlichkeit und steigern Sie Ihre Ums\u00e4tze mit unserem Modul. Einfache Installation, volle Kompatibilit\u00e4t und regelm\u00e4\u00dfige Updates - alles, was Sie brauchen, damit Ihr Shop noch besser funktioniert.<br \/>\u2705 Einfache Einrichtung \u2705 Professionelle Unterst\u00fctzung \u2705 Nahtlose Integration<br \/><br \/><a class=\"button simple\" href=\"#main-content\" title=\"Jetzt installieren und benutzen!\">Installieren und benutzen Sie es jetzt!<\/a>\t\t\t\t\t\t\t\t<\/div>\n\t\t\t\t\t<\/div>\n\t\t\t\t<\/div>\n\t\t\t\t<\/div>\n\t\t<\/div><\/p>\t\t\t\t\t\t\t\t<\/div>\n\t\t\t\t\t<\/div>\n\t\t\t\t<\/div>\n\t\t\t\t<\/div>","protected":false},"excerpt":{"rendered":"CC Word Press Anti Spam - erweiterter Spamschutz ohne Java Script CC Word Press Anti Spam ist ein professionelles Plugin, das einen umfassenden Schutz f\u00fcr Ihre Word Press Seite gegen Spam im","protected":false},"featured_media":5400,"comment_status":"open","ping_status":"closed","template":"","meta":{"powered_cache_disable_cache":false,"powered_cache_disable_css_optimization":false,"powered_cache_disable_js_optimization":false},"product_brand":[275],"product_cat":[132],"product_tag":[302,198,303],"class_list":{"0":"post-5383","1":"product","2":"type-product","3":"status-publish","4":"has-post-thumbnail","6":"product_brand-cocos","7":"product_cat-wordpress","8":"product_tag-anty-spam","9":"product_tag-wordpress","10":"product_tag-zabezpieczenie","12":"first","13":"instock","14":"featured","15":"downloadable","16":"virtual","17":"taxable","18":"purchasable","19":"product-type-simple"},"_links":{"self":[{"href":"https:\/\/iarina029.supserv.cozmoslabs.com\/de\/wp-json\/wp\/v2\/product\/5383","targetHints":{"allow":["GET"]}}],"collection":[{"href":"https:\/\/iarina029.supserv.cozmoslabs.com\/de\/wp-json\/wp\/v2\/product"}],"about":[{"href":"https:\/\/iarina029.supserv.cozmoslabs.com\/de\/wp-json\/wp\/v2\/types\/product"}],"replies":[{"embeddable":true,"href":"https:\/\/iarina029.supserv.cozmoslabs.com\/de\/wp-json\/wp\/v2\/comments?post=5383"}],"version-history":[{"count":0,"href":"https:\/\/iarina029.supserv.cozmoslabs.com\/de\/wp-json\/wp\/v2\/product\/5383\/revisions"}],"wp:featuredmedia":[{"embeddable":true,"href":"https:\/\/iarina029.supserv.cozmoslabs.com\/de\/wp-json\/wp\/v2\/media\/5400"}],"wp:attachment":[{"href":"https:\/\/iarina029.supserv.cozmoslabs.com\/de\/wp-json\/wp\/v2\/media?parent=5383"}],"wp:term":[{"taxonomy":"product_brand","embeddable":true,"href":"https:\/\/iarina029.supserv.cozmoslabs.com\/de\/wp-json\/wp\/v2\/product_brand?post=5383"},{"taxonomy":"product_cat","embeddable":true,"href":"https:\/\/iarina029.supserv.cozmoslabs.com\/de\/wp-json\/wp\/v2\/product_cat?post=5383"},{"taxonomy":"product_tag","embeddable":true,"href":"https:\/\/iarina029.supserv.cozmoslabs.com\/de\/wp-json\/wp\/v2\/product_tag?post=5383"}],"curies":[{"name":"wp","href":"https:\/\/api.w.org\/{rel}","templated":true}]}}