{"id":5341,"date":"2025-09-16T11:55:22","date_gmt":"2025-09-16T09:55:22","guid":{"rendered":"https:\/\/cocos.codes\/?post_type=product&#038;p=5341"},"modified":"2026-04-09T19:38:34","modified_gmt":"2026-04-09T17:38:34","slug":"massenprodukt-updates","status":"publish","type":"product","link":"https:\/\/iarina029.supserv.cozmoslabs.com\/de\/product\/massenprodukt-updates\/","title":{"rendered":"PrestaShop Massenprodukt-Update 1.0.1"},"content":{"rendered":"<div data-elementor-type=\"wp-post\" data-elementor-id=\"5341\" class=\"elementor elementor-5341\">\n\t\t\t\t<div class=\"elementor-element elementor-element-0f0a159 e-flex e-con-boxed e-con e-parent\" data-id=\"0f0a159\" data-element_type=\"container\" data-e-type=\"container\">\n\t\t\t\t\t<div class=\"e-con-inner\">\n\t\t\t\t<div class=\"elementor-element elementor-element-dc7e15c elementor-widget elementor-widget-text-editor\" data-id=\"dc7e15c\" data-element_type=\"widget\" data-e-type=\"widget\" data-widget_type=\"text-editor.default\">\n\t\t\t\t\t\t\t\t\t<h6>PrestaShop Mass Product Updater - professionelle Sortimentsverwaltung<\/h6>Der Massen-Produkt-Updater ist ein unverzichtbares Werkzeug f\u00fcr <a href=\"https:\/\/iarina029.supserv.cozmoslabs.com\/de\/produktkategorie\/einzelne-geschafte\/\" title=\"PrestaShop Gesch\u00e4fte\">PrestaShop-Shops<\/a> die eine effektive Verwaltung eines gro\u00dfen Sortiments erfordern. Die Massenaktualisierung von Produkten erm\u00f6glicht die sofortige Aktualisierung der Mengen und Preise von Tausenden von Produkten gleichzeitig durch den Import von CSV-\/<a href=\"https:\/\/excel.cloud.microsoft\/pl-pl\/\" title=\"Excel\" target=\"_blank\" rel=\"noopener\">Excel<\/a>, CRON-Automatisierung und Aktualisierung nach erweiterten Kriterien. Sparen Sie Dutzende von Arbeitsstunden, vermeiden Sie manuelle Fehler und halten Sie Ihr Sortiment m\u00fchelos auf dem neuesten Stand.\t\t\t\t\t\t\t\t<\/div>\n\t\t\t\t<div class=\"elementor-element elementor-element-f7f0e4b elementor-widget elementor-widget-spacer\" data-id=\"f7f0e4b\" data-element_type=\"widget\" data-e-type=\"widget\" data-widget_type=\"spacer.default\">\n\t\t\t\t\t\t\t<div class=\"elementor-spacer\">\n\t\t\t<div class=\"elementor-spacer-inner\"><\/div>\n\t\t<\/div>\n\t\t\t\t\t\t<\/div>\n\t\t\t\t\t<\/div>\n\t\t\t\t<\/div>\n\t\t<div class=\"elementor-element elementor-element-6af4eff e-flex e-con-boxed e-con e-parent\" data-id=\"6af4eff\" data-element_type=\"container\" data-e-type=\"container\">\n\t\t\t\t\t<div class=\"e-con-inner\">\n\t\t<div class=\"elementor-element elementor-element-5352920 e-grid e-con-full e-con e-child\" data-id=\"5352920\" data-element_type=\"container\" data-e-type=\"container\">\n\t\t\t\t<div class=\"elementor-element elementor-element-e321c28 elementor-widget elementor-widget-pls-button\" data-id=\"e321c28\" data-element_type=\"widget\" data-e-type=\"widget\" data-widget_type=\"pls-button.default\">\n\t\t\t\t<div class=\"elementor-widget-container\">\n\t\t\t\t\t<div id=\"pls-button-39202\" class=\"pls-element pls-button\">\n\t<a class=\"button btn-style-flat\" href=\"https:\/\/iarina029.supserv.cozmoslabs.com\/de\/wissensbasis\/prestashop\/prestashop-dokumentation\/massenprodukt-updates\/\" title=\"DOKUMENTATION\" target=\"_blank\">\n\t\tDOKUMENTATION\t<\/a>\n<\/div>\n\t\t\t\t<\/div>\n\t\t\t\t<\/div>\n\t\t\t\t<div class=\"elementor-element elementor-element-955347c elementor-widget elementor-widget-pls-button\" data-id=\"955347c\" data-element_type=\"widget\" data-e-type=\"widget\" data-widget_type=\"pls-button.default\">\n\t\t\t\t<div class=\"elementor-widget-container\">\n\t\t\t\t\t<div id=\"pls-button-69509\" class=\"pls-element pls-button\">\n\t<a class=\"button btn-style-flat\" href=\"https:\/\/demo.cocos.codes\/cc_ps_mass_update_product\/\" title=\"DEMO\" target=\"_blank\" rel=\"noopener\">\n\t\tDEMO\t<\/a>\n<\/div>\n\t\t\t\t<\/div>\n\t\t\t\t<\/div>\n\t\t\t\t<\/div>\n\t\t\t\t\t<\/div>\n\t\t\t\t<\/div>\n\t\t<div class=\"elementor-element elementor-element-8565531 e-flex e-con-boxed e-con e-parent\" data-id=\"8565531\" data-element_type=\"container\" data-e-type=\"container\">\n\t\t\t\t\t<div class=\"e-con-inner\">\n\t\t\t\t<div class=\"elementor-element elementor-element-697a559 elementor-widget elementor-widget-spacer\" data-id=\"697a559\" data-element_type=\"widget\" data-e-type=\"widget\" data-widget_type=\"spacer.default\">\n\t\t\t\t\t\t\t<div class=\"elementor-spacer\">\n\t\t\t<div class=\"elementor-spacer-inner\"><\/div>\n\t\t<\/div>\n\t\t\t\t\t\t<\/div>\n\t\t\t\t<div class=\"elementor-element elementor-element-2af47cf elementor-widget elementor-widget-text-editor\" data-id=\"2af47cf\" data-element_type=\"widget\" data-e-type=\"widget\" data-widget_type=\"text-editor.default\">\n\t\t\t\t\t\t\t\t\t<h6>Sehen Sie, was Sie bekommen<\/h6><p><strong>\ud83d\udcc2 Flexible Datenquellen<\/strong><\/p><ul><li>Import von CSV-, XLS- und XLSX-Dateien - Unterst\u00fctzung f\u00fcr die g\u00e4ngigsten Datenformate<\/li><li>Upload von einem Computer - direkter Datei-Upload \u00fcber den Browser<\/li><li>Server-Dateien - Angabe des Pfads zu einer Datei auf dem Server<\/li><li>Import von URL - automatischer Download von Dateien aus externen Quellen<\/li><li>Automatische Erkennung von CSV-Trennzeichen - intelligente Formaterkennung<\/li><\/ul><p><strong>\ud83c\udff7\ufe0f Erweiterte Produktidentifikatoren<\/strong><\/p><ul><li>Produkt-ID - schnellste Aktualisierung durch interne Identifikatoren<\/li><li>Referenz\/SKU - im elektronischen Handel verwendete Standard-Produktcodes<\/li><li><a href=\"https:\/\/gs1pl.org\/zamow-kod-kreskowy\/\" title=\"EAN\" target=\"_blank\" rel=\"noopener\">EAN<\/a> \u2013 Europ\u00e4ische Barcodes f\u00fcr physische Produkte<\/li><li>UPC, ISBN, MPN - Unterst\u00fctzung f\u00fcr internationale Standards<\/li><li><a href=\"https:\/\/gs1pl.org\/zamow-kod-kreskowy\/\" title=\"EAN\" target=\"_blank\" rel=\"noopener\">GTIN<\/a> \u2013 universeller Identifikator, der alle Arten von Codes \u00fcberpr\u00fcft<\/li><li>Automatische Validierung - Validierung von Identifikatoren<\/li><\/ul><p><strong>\ud83d\udcca Massenaktualisierung nach Kriterien<\/strong><\/p><ul><li>Aktualisierung nach Kategorien - Auswahl von Produkten aus bestimmten Kategorien<\/li><li>Preisklassen - Produkte in bestimmten Preisklassen<\/li><li>Produkt-ID-Sortimente - Aktualisierung der fortlaufenden Produktsortimente<\/li><li>Filterung nach Hersteller - Massenpreis\u00e4nderung f\u00fcr einen bestimmten Lieferanten<\/li><li>Produktstatus - Aktualisierung nur von aktiven oder inaktiven Produkten<\/li><li>Kombination von Kriterien - flexible Kombination von verschiedenen Bedingungen<\/li><\/ul><p><strong>\u23f0 Automatisierung durch CRON-Aufgaben<\/strong><\/p><ul><li>Konfigurationsmodus - eine Vorlage f\u00fcr regelm\u00e4\u00dfige Aktualisierungen<\/li><li>URL-Parameter-Modus - viele verschiedene CRON-Aufgaben mit einzigartigen Einstellungen<\/li><li>Zeitpl\u00e4ne - automatische Aktualisierungen zu bestimmten Zeiten<\/li><li>Import aus FTP - Integration mit externen Lieferantensystemen<\/li><li>Leistungs\u00fcberwachung - detaillierte Berichte zu jeder Aufgabe<\/li><li>Token-Sicherheit - sichere Ausf\u00fchrung von automatisierten Aufgaben<\/li><\/ul><p><strong>\ud83e\udde9 Intelligente Datenzuordnung<\/strong><\/p><ul><li>Dateivorschau - visuelle \u00dcberpr\u00fcfung der Struktur vor dem Importieren<\/li><li>Column Mapping - flexible Zuordnung von Daten zu Produktfeldern<\/li><li>Einstellungsspeicher - automatische Wiederherstellung von fr\u00fcheren Zuordnungen<\/li><li>Datenvalidierung - \u00dcberpr\u00fcfung der Mengen und Preise auf ihre Richtigkeit vor der Aktualisierung<\/li><li>Header-Handling - Erkennung von Dateien mit Spaltenbeschreibungen<\/li><li>Unterst\u00fctzung f\u00fcr verschiedene Zahlenformate - automatische Formatkonvertierung<\/li><\/ul><p><strong>\ud83d\udcdd Erweitertes Protokollierungssystem<\/strong><\/p><ul><li>Detaillierte Betriebsprotokolle - vollst\u00e4ndige Dokumentation aller Aktualisierungen<\/li><li>Protokollierungsebenen - INFO, WARNING, ERROR f\u00fcr eine einfache Analyse<\/li><li>Panel-Ansicht - direkter Zugriff auf die Protokolle ohne Zugriff auf den Server<\/li><li>Download von Protokolldateien - Export f\u00fcr externe Analysetools<\/li><li>Automatische Reinigung - L\u00f6schung alter Protokolle nach einer bestimmten Zeitspanne<\/li><li>Integration mit PrestaShop - Speicherung auch in Systemprotokollen<\/li><\/ul><p><strong>\ud83d\udcbc Professionelle Gesch\u00e4ftsfunktionen<\/strong><\/p><ul><li>Lizenzierungssystem - sichere und komfortable Verwaltung von Rechten<\/li><li>Integrit\u00e4tskontrolle - Schutz vor unbefugten \u00c4nderungen<\/li><li>Mehrsprachigkeit - volle Unterst\u00fctzung f\u00fcr internationale Shops<\/li><li>API f\u00fcr Entwickler - M\u00f6glichkeit der Integration mit ma\u00dfgeschneiderten L\u00f6sungen<\/li><li>Leistungsoptimierung - effizientes Arbeiten mit gro\u00dfen Datenbest\u00e4nden<\/li><li>Backups - Empfehlungen und Tools f\u00fcr den sicheren Umgang mit Daten<\/li><\/ul><p><strong>\u2699\ufe0f CRON-Automatisierungsfunktionen<\/strong><\/p>Das Modul bietet zwei flexible Methoden zur Automatisierung von Produktaktualisierungen:<br \/><br \/><strong>Konfigurationsmodus<\/strong><ul><li>Eine Konfigurationsvorlage - einfache Einrichtung f\u00fcr regelm\u00e4\u00dfige Aktualisierungen<\/li><li>Datenbankspeicherung - sichere Speicherung aller Parameter<\/li><li>Webinterface - einfach zu konfigurieren, ohne die technischen Parameter zu kennen<\/li><li>Ideal f\u00fcr Standardprozesse - t\u00e4gliche Updates aus der gleichen Quelle<\/li><\/ul><strong>URL-Parameter-Modus<\/strong><ul><li>Mehrere gleichzeitige Aufgaben - verschiedene Aufgaben mit einzigartigen Einstellungen<\/li><li>Maximale Flexibilit\u00e4t - jede Aufgabe kann unterschiedliche Parameter haben<\/li><li>Erweiterte Konfiguration - volle Kontrolle \u00fcber alle Aspekte des Imports<\/li><li>Ideal f\u00fcr komplexe Prozesse - verschiedene Lieferanten, verschiedene Arten von Aktualisierungen<\/li><\/ul>\t\t\t\t\t\t\t\t<\/div>\n\t\t\t\t<div class=\"elementor-element elementor-element-e7e96d3 elementor-widget elementor-widget-spacer\" data-id=\"e7e96d3\" data-element_type=\"widget\" data-e-type=\"widget\" data-widget_type=\"spacer.default\">\n\t\t\t\t\t\t\t<div class=\"elementor-spacer\">\n\t\t\t<div class=\"elementor-spacer-inner\"><\/div>\n\t\t<\/div>\n\t\t\t\t\t\t<\/div>\n\t\t\t\t<div class=\"elementor-element elementor-element-b97b0f3 elementor-widget elementor-widget-text-editor\" data-id=\"b97b0f3\" data-element_type=\"widget\" data-e-type=\"widget\" data-widget_type=\"text-editor.default\">\n\t\t\t\t\t\t\t\t\t<h6>\ud83d\udce6 Steigern Sie die Effizienz Ihres Sortimentsmanagements!<\/h6>Die manuelle Aktualisierung von Hunderten oder Tausenden von Produkten ist <strong>Zeitverschwendung<\/strong>die Sie zuweisen k\u00f6nnen an <strong>Gesch\u00e4ftsentwicklung<\/strong>. Fehler bei Preisen oder Mengen k\u00f6nnen kosten <strong>Verlust von Kunden und Verk\u00e4ufen<\/strong>. <strong>Massenprodukt-Updater<\/strong> automatisiert diese Prozesse, sorgt f\u00fcr Pr\u00e4zision und <strong>spart mehrere Dutzend Arbeitsstunden pro Monat<\/strong>.\t\t\t\t\t\t\t\t<\/div>\n\t\t\t\t<div class=\"elementor-element elementor-element-b5398f4 elementor-widget elementor-widget-spacer\" data-id=\"b5398f4\" data-element_type=\"widget\" data-e-type=\"widget\" data-widget_type=\"spacer.default\">\n\t\t\t\t\t\t\t<div class=\"elementor-spacer\">\n\t\t\t<div class=\"elementor-spacer-inner\"><\/div>\n\t\t<\/div>\n\t\t\t\t\t\t<\/div>\n\t\t\t\t<div class=\"elementor-element elementor-element-da0ef91 elementor-widget elementor-widget-text-editor\" data-id=\"da0ef91\" data-element_type=\"widget\" data-e-type=\"widget\" data-widget_type=\"text-editor.default\">\n\t\t\t\t\t\t\t\t\t<h6>F\u00fcr wen?<\/h6>Das Modul ist ideal f\u00fcr:<ul><li>Gesch\u00e4fte mit einem gro\u00dfen Sortiment, die regelm\u00e4\u00dfige Preis- und Bestandsaktualisierungen erfordern<\/li><li>E-Commerce in Zusammenarbeit mit externen Lieferanten und Gro\u00dfh\u00e4ndlern<\/li><li>Unternehmen, die Daten aus ERP-Systemen, WMS oder Tabellenkalkulationen importieren<\/li><li>Multi-Channel-Shops synchronisieren Daten zwischen Plattformen<\/li><li>Administratoren, die sich wiederholende Aufgaben automatisieren m\u00f6chten<\/li><li>Unternehmer sparen Zeit bei der operativen Verwaltung der Produktpalette<\/li><li>Entwickler, die eine API zur Integration mit nicht standardisierten Systemen ben\u00f6tigen<\/li><\/ul>\t\t\t\t\t\t\t\t<\/div>\n\t\t\t\t<div class=\"elementor-element elementor-element-be5b11d elementor-widget elementor-widget-spacer\" data-id=\"be5b11d\" data-element_type=\"widget\" data-e-type=\"widget\" data-widget_type=\"spacer.default\">\n\t\t\t\t\t\t\t<div class=\"elementor-spacer\">\n\t\t\t<div class=\"elementor-spacer-inner\"><\/div>\n\t\t<\/div>\n\t\t\t\t\t\t<\/div>\n\t\t\t\t<div class=\"elementor-element elementor-element-5fc0386 elementor-widget elementor-widget-text-editor\" data-id=\"5fc0386\" data-element_type=\"widget\" data-e-type=\"widget\" data-widget_type=\"text-editor.default\">\n\t\t\t\t\t\t\t\t\t<p><div class=\"pls-block pls-block-3297\">\t\t<div data-elementor-type=\"wp-post\" data-elementor-id=\"3297\" class=\"elementor elementor-3297\">\n\t\t\t\t<div class=\"elementor-element elementor-element-d99440d e-flex e-con-boxed e-con e-parent\" data-id=\"d99440d\" data-element_type=\"container\" data-e-type=\"container\" data-settings=\"{&quot;background_background&quot;:&quot;classic&quot;}\">\n\t\t\t\t\t<div class=\"e-con-inner\">\n\t\t\t\t<div class=\"elementor-element elementor-element-b850409 elementor-widget elementor-widget-text-editor\" data-id=\"b850409\" data-element_type=\"widget\" data-e-type=\"widget\" data-widget_type=\"text-editor.default\">\n\t\t\t\t\t\t\t\t\t<h6><strong>\u00a0Erweitern Sie die M\u00f6glichkeiten Ihres Shops noch heute! <\/strong><strong>\ud83d\ude80<\/strong><\/h6>F\u00fcgen Sie neue Funktionen hinzu, verbessern Sie die Benutzerfreundlichkeit und steigern Sie Ihre Ums\u00e4tze mit unserem Modul. Einfache Installation, volle Kompatibilit\u00e4t und regelm\u00e4\u00dfige Updates - alles, was Sie brauchen, damit Ihr Shop noch besser funktioniert.<br \/>\u2705 Einfache Einrichtung \u2705 Professionelle Unterst\u00fctzung \u2705 Nahtlose Integration<br \/><br \/><a class=\"button simple\" href=\"#main-content\" title=\"Jetzt installieren und benutzen!\">Installieren und benutzen Sie es jetzt!<\/a>\t\t\t\t\t\t\t\t<\/div>\n\t\t\t\t\t<\/div>\n\t\t\t\t<\/div>\n\t\t\t\t<\/div>\n\t\t<\/div><\/p>\t\t\t\t\t\t\t\t<\/div>\n\t\t\t\t\t<\/div>\n\t\t\t\t<\/div>\n\t\t\t\t<\/div>","protected":false},"excerpt":{"rendered":"Presta Shop Mass Product Updater - professionelle Sortimentsverwaltung Der Mass Product Updater ist ein unverzichtbares Werkzeug f\u00fcr Presta Shop Shops, die ein gro\u00dfes Sortiment effizient verwalten m\u00fcssen. Der Mass Product Updater erm\u00f6glicht Ihnen die sofortige Aktualisierung von","protected":false},"featured_media":5393,"comment_status":"open","ping_status":"closed","template":"","meta":{"powered_cache_disable_cache":false,"powered_cache_disable_css_optimization":false,"powered_cache_disable_js_optimization":false},"product_brand":[275],"product_cat":[128,131],"product_tag":[297,272,296,273],"class_list":{"0":"post-5341","1":"product","2":"type-product","3":"status-publish","4":"has-post-thumbnail","6":"product_brand-cocos","7":"product_cat-moduly","8":"product_cat-prestashop","9":"product_tag-masowa-aktualizacja","10":"product_tag-masowa-zmiana-cen","11":"product_tag-masowa-zmiana-ilosci","12":"product_tag-modul-prestashop","14":"first","15":"instock","16":"downloadable","17":"virtual","18":"taxable","19":"purchasable","20":"product-type-simple"},"_links":{"self":[{"href":"https:\/\/iarina029.supserv.cozmoslabs.com\/de\/wp-json\/wp\/v2\/product\/5341","targetHints":{"allow":["GET"]}}],"collection":[{"href":"https:\/\/iarina029.supserv.cozmoslabs.com\/de\/wp-json\/wp\/v2\/product"}],"about":[{"href":"https:\/\/iarina029.supserv.cozmoslabs.com\/de\/wp-json\/wp\/v2\/types\/product"}],"replies":[{"embeddable":true,"href":"https:\/\/iarina029.supserv.cozmoslabs.com\/de\/wp-json\/wp\/v2\/comments?post=5341"}],"version-history":[{"count":0,"href":"https:\/\/iarina029.supserv.cozmoslabs.com\/de\/wp-json\/wp\/v2\/product\/5341\/revisions"}],"wp:featuredmedia":[{"embeddable":true,"href":"https:\/\/iarina029.supserv.cozmoslabs.com\/de\/wp-json\/wp\/v2\/media\/5393"}],"wp:attachment":[{"href":"https:\/\/iarina029.supserv.cozmoslabs.com\/de\/wp-json\/wp\/v2\/media?parent=5341"}],"wp:term":[{"taxonomy":"product_brand","embeddable":true,"href":"https:\/\/iarina029.supserv.cozmoslabs.com\/de\/wp-json\/wp\/v2\/product_brand?post=5341"},{"taxonomy":"product_cat","embeddable":true,"href":"https:\/\/iarina029.supserv.cozmoslabs.com\/de\/wp-json\/wp\/v2\/product_cat?post=5341"},{"taxonomy":"product_tag","embeddable":true,"href":"https:\/\/iarina029.supserv.cozmoslabs.com\/de\/wp-json\/wp\/v2\/product_tag?post=5341"}],"curies":[{"name":"wp","href":"https:\/\/api.w.org\/{rel}","templated":true}]}}