{"id":5285,"date":"2025-09-10T14:14:21","date_gmt":"2025-09-10T12:14:21","guid":{"rendered":"https:\/\/cocos.codes\/?post_type=product&#038;p=5285"},"modified":"2026-04-09T19:38:30","modified_gmt":"2026-04-09T17:38:30","slug":"kostenloser-automatischer-prestashop-rabatt","status":"publish","type":"product","link":"https:\/\/iarina029.supserv.cozmoslabs.com\/de\/product\/kostenloser-automatischer-prestashop-rabatt\/","title":{"rendered":"PrestaShop Automatischer Zahlungsrabatt 1.0.2"},"content":{"rendered":"<div data-elementor-type=\"wp-post\" data-elementor-id=\"5285\" class=\"elementor elementor-5285\">\n\t\t\t\t<div class=\"elementor-element elementor-element-889c0cb e-flex e-con-boxed e-con e-parent\" data-id=\"889c0cb\" data-element_type=\"container\" data-e-type=\"container\">\n\t\t\t\t\t<div class=\"e-con-inner\">\n\t\t\t\t<div class=\"elementor-element elementor-element-72af316 elementor-widget elementor-widget-text-editor\" data-id=\"72af316\" data-element_type=\"widget\" data-e-type=\"widget\" data-widget_type=\"text-editor.default\">\n\t\t\t\t\t\t\t\t\t<h6>PrestaShop Automatischer Rabatt<\/h6><p>Steigern Sie die Konversionsrate und ermutigen Sie Ihre Kunden durch automatische Rabatte, ihre bevorzugte Zahlungsmethode zu nutzen. <br \/><strong>Rabatt f\u00fcr Zahlungsarten<\/strong> ist ein einfaches und effektives Modul, das automatisch Rabatte f\u00fcr Kunden gew\u00e4hrt, die bestimmte Zahlungsmethoden w\u00e4hlen - ohne dass der Shop-Administrator eingreifen muss.<\/p>\t\t\t\t\t\t\t\t<\/div>\n\t\t\t\t\t<\/div>\n\t\t\t\t<\/div>\n\t\t<div class=\"elementor-element elementor-element-61d59dc e-flex e-con-boxed e-con e-parent\" data-id=\"61d59dc\" data-element_type=\"container\" data-e-type=\"container\">\n\t\t\t\t\t<div class=\"e-con-inner\">\n\t\t\t\t<div class=\"elementor-element elementor-element-b22f5d8 elementor-widget elementor-widget-spacer\" data-id=\"b22f5d8\" data-element_type=\"widget\" data-e-type=\"widget\" data-widget_type=\"spacer.default\">\n\t\t\t\t\t\t\t<div class=\"elementor-spacer\">\n\t\t\t<div class=\"elementor-spacer-inner\"><\/div>\n\t\t<\/div>\n\t\t\t\t\t\t<\/div>\n\t\t\t\t<div class=\"elementor-element elementor-element-54a667a elementor-widget elementor-widget-text-editor\" data-id=\"54a667a\" data-element_type=\"widget\" data-e-type=\"widget\" data-widget_type=\"text-editor.default\">\n\t\t\t\t\t\t\t\t\t<h6>Sehen Sie, was Sie bekommen<\/h6><strong>\ud83d\udcb0 Automatische Verwaltung von Rabatten<\/strong><ul><li>Automatische Gew\u00e4hrung von Rabatten nach Auftragsbest\u00e4tigung<\/li><li>Prozentualer Rabatt oder fester Betrag - volle Flexibilit\u00e4t<\/li><li>Schutz vor doppelter Gew\u00e4hrung von Rabatten<\/li><li>Automatische Kommentare zu Auftr\u00e4gen mit dem Hinweis, dass ein Rabatt gew\u00e4hrt wurde<\/li><li>Unmittelbare Aktualisierung des Auftragswerts<\/li><\/ul><p><strong>\u2699\ufe0f Einfache Konfiguration<\/strong><\/p><ul><li>Auswahl einer beliebigen Zahlungsmethode aus der Liste der verf\u00fcgbaren Module<\/li><li>Einstellung des Rabatts in Prozent (z.B. 5%) oder als Festbetrag (z.B. 10 PLN)<\/li><li>Validierung der Korrektheit der eingegebenen Werte<\/li><li>Intuitive Verwaltungsoberfl\u00e4che<\/li><li>Kompatibilit\u00e4t mit PrestaShop 1.7+<\/li><\/ul><p><strong>\ud83d\ude80 Automatisierung des Verkaufs<\/strong><\/p><ul><li>Betrieb im Hintergrund - ohne Eingriff des Administrators<\/li><li>Unterst\u00fctzung verschiedener PrestaShop-Hooks f\u00fcr maximale Effektivit\u00e4t<\/li><li>Protokollierung von Vorg\u00e4ngen zur Leistungs\u00fcberwachung<\/li><li>Sichere Berechnung - der Rabatt wird den Bestellwert nicht \u00fcberschreiten<\/li><\/ul>\t\t\t\t\t\t\t\t<\/div>\n\t\t\t\t<div class=\"elementor-element elementor-element-cb053de elementor-widget elementor-widget-spacer\" data-id=\"cb053de\" data-element_type=\"widget\" data-e-type=\"widget\" data-widget_type=\"spacer.default\">\n\t\t\t\t\t\t\t<div class=\"elementor-spacer\">\n\t\t\t<div class=\"elementor-spacer-inner\"><\/div>\n\t\t<\/div>\n\t\t\t\t\t\t<\/div>\n\t\t\t\t<div class=\"elementor-element elementor-element-f6dd588 elementor-widget elementor-widget-text-editor\" data-id=\"f6dd588\" data-element_type=\"widget\" data-e-type=\"widget\" data-widget_type=\"text-editor.default\">\n\t\t\t\t\t\t\t\t\t<h6>Unendliche Anwendungsm\u00f6glichkeiten<\/h6><p><a href=\"https:\/\/iarina029.supserv.cozmoslabs.com\/de\/produktkategorie\/module\/prestashop\/\" title=\"PrestaShop-Modul\">PrestaShop-Modul<\/a> Der Rabatt f\u00fcr Zahlungsarten funktioniert perfekt in:<\/p><p><strong>Steigerung der Zahlungskonversion<\/strong><\/p><p><strong>\u2705<\/strong> F\u00f6rderung der Zahlung per Bank\u00fcberweisung anstelle der Nachnahme<br \/><strong>\u2705<\/strong> F\u00f6rderung von schnellen Online-Zahlungen<br \/><strong>\u2705<\/strong> Senkung der Kosten f\u00fcr die Abwicklung von Barzahlungen<br \/><strong>\u2705<\/strong> Steigerung des Cashflows im Gesch\u00e4ft<\/p><p><strong>Optimierung der Betriebskosten<\/strong><\/p><p><strong>\u2705<\/strong> Senkung der Kosten f\u00fcr die Bearbeitung von Nachnahmeauftr\u00e4gen<br \/><strong>\u2705<\/strong> Schnellere Eing\u00e4nge auf dem Konto des Unternehmens<br \/><strong>\u2705<\/strong> Automatisierung von Rabattprozessen<br \/><strong>\u2705<\/strong> Verringerung von R\u00fccksendungen und Auftragsstornierungen<\/p>\t\t\t\t\t\t\t\t<\/div>\n\t\t\t\t<div class=\"elementor-element elementor-element-4c1854f elementor-widget elementor-widget-spacer\" data-id=\"4c1854f\" data-element_type=\"widget\" data-e-type=\"widget\" data-widget_type=\"spacer.default\">\n\t\t\t\t\t\t\t<div class=\"elementor-spacer\">\n\t\t\t<div class=\"elementor-spacer-inner\"><\/div>\n\t\t<\/div>\n\t\t\t\t\t\t<\/div>\n\t\t\t\t<div class=\"elementor-element elementor-element-97bd8dd elementor-widget elementor-widget-text-editor\" data-id=\"97bd8dd\" data-element_type=\"widget\" data-e-type=\"widget\" data-widget_type=\"text-editor.default\">\n\t\t\t\t\t\t\t\t\t<h6>\ud83d\udcc8 Steigern Sie Ihre Gewinne durch die F\u00f6rderung von Vorzugszahlungen<\/h6><p><strong>Intelligente Rabatte<\/strong> Es ist <strong>wirksamer Weg<\/strong> um das Kundenverhalten zu steuern. Das Angebot <strong>attraktive Rabatte<\/strong> f\u00fcr die Wahl bestimmter Zahlungsmethoden, nicht nur <strong>Sie steigern die Konversion<\/strong>, aber auch <strong>Sie optimieren Ihre Kosten<\/strong> Betrieb Ihres Gesch\u00e4fts. <strong>Jeder Kunde, der seine bevorzugte Zahlungsmethode ausw\u00e4hlt, bedeutet mehr Gewinn f\u00fcr Sie. <a href=\"https:\/\/iarina029.supserv.cozmoslabs.com\/de\/produktkategorie\/einzelne-geschafte\/\" title=\"Online-Shop\">Online-Shop<\/a>!<\/strong><\/p>\t\t\t\t\t\t\t\t<\/div>\n\t\t\t\t<div class=\"elementor-element elementor-element-22ea469 elementor-widget elementor-widget-spacer\" data-id=\"22ea469\" data-element_type=\"widget\" data-e-type=\"widget\" data-widget_type=\"spacer.default\">\n\t\t\t\t\t\t\t<div class=\"elementor-spacer\">\n\t\t\t<div class=\"elementor-spacer-inner\"><\/div>\n\t\t<\/div>\n\t\t\t\t\t\t<\/div>\n\t\t\t\t<div class=\"elementor-element elementor-element-da096e9 elementor-widget elementor-widget-text-editor\" data-id=\"da096e9\" data-element_type=\"widget\" data-e-type=\"widget\" data-widget_type=\"text-editor.default\">\n\t\t\t\t\t\t\t\t\t<h6>F\u00fcr wen?<\/h6><p>Das Modul ist ideal f\u00fcr alle:<\/p><p><strong>\u2714<\/strong> Ladenbesitzer <a href=\"https:\/\/prestashop.com\/\" title=\"PrestaShop\" target=\"_blank\" rel=\"noopener\">PrestaShop<\/a> die die Konversion von Zahlungen erh\u00f6hen wollen<br \/><strong>\u2714<\/strong> E-Commerce-Manager optimieren die Betriebskosten<br \/><strong>\u2714<\/strong> Shop-Administratoren auf der Suche nach einfachen Automatisierungsl\u00f6sungen<br \/><strong>\u2714<\/strong> Unternehmen, die verschiedene Zahlungsarten anbieten<br \/><strong>\u2714<\/strong> Unternehmer, die sich auf die Steigerung der Rentabilit\u00e4t konzentrieren<br \/><strong>\u2714<\/strong> Gesch\u00e4fte mit einem hohen Anteil an Nachnahmezahlungen<br \/><strong>\u2714<\/strong> Jeder, der seine Kunden zu einer besseren Zahlungsmoral motivieren m\u00f6chte<\/p>\t\t\t\t\t\t\t\t<\/div>\n\t\t\t\t<div class=\"elementor-element elementor-element-09a744f elementor-widget elementor-widget-spacer\" data-id=\"09a744f\" data-element_type=\"widget\" data-e-type=\"widget\" data-widget_type=\"spacer.default\">\n\t\t\t\t\t\t\t<div class=\"elementor-spacer\">\n\t\t\t<div class=\"elementor-spacer-inner\"><\/div>\n\t\t<\/div>\n\t\t\t\t\t\t<\/div>\n\t\t\t\t<div class=\"elementor-element elementor-element-e28f8ec elementor-widget elementor-widget-text-editor\" data-id=\"e28f8ec\" data-element_type=\"widget\" data-e-type=\"widget\" data-widget_type=\"text-editor.default\">\n\t\t\t\t\t\t\t\t\t<p><div class=\"pls-block pls-block-3297\">\t\t<div data-elementor-type=\"wp-post\" data-elementor-id=\"3297\" class=\"elementor elementor-3297\">\n\t\t\t\t<div class=\"elementor-element elementor-element-d99440d e-flex e-con-boxed e-con e-parent\" data-id=\"d99440d\" data-element_type=\"container\" data-e-type=\"container\" data-settings=\"{&quot;background_background&quot;:&quot;classic&quot;}\">\n\t\t\t\t\t<div class=\"e-con-inner\">\n\t\t\t\t<div class=\"elementor-element elementor-element-b850409 elementor-widget elementor-widget-text-editor\" data-id=\"b850409\" data-element_type=\"widget\" data-e-type=\"widget\" data-widget_type=\"text-editor.default\">\n\t\t\t\t\t\t\t\t\t<h6><strong>\u00a0Erweitern Sie die M\u00f6glichkeiten Ihres Shops noch heute! <\/strong><strong>\ud83d\ude80<\/strong><\/h6>F\u00fcgen Sie neue Funktionen hinzu, verbessern Sie die Benutzerfreundlichkeit und steigern Sie Ihre Ums\u00e4tze mit unserem Modul. Einfache Installation, volle Kompatibilit\u00e4t und regelm\u00e4\u00dfige Updates - alles, was Sie brauchen, damit Ihr Shop noch besser funktioniert.<br \/>\u2705 Einfache Einrichtung \u2705 Professionelle Unterst\u00fctzung \u2705 Nahtlose Integration<br \/><br \/><a class=\"button simple\" href=\"#main-content\" title=\"Jetzt installieren und benutzen!\">Installieren und benutzen Sie es jetzt!<\/a>\t\t\t\t\t\t\t\t<\/div>\n\t\t\t\t\t<\/div>\n\t\t\t\t<\/div>\n\t\t\t\t<\/div>\n\t\t<\/div><\/p>\t\t\t\t\t\t\t\t<\/div>\n\t\t\t\t\t<\/div>\n\t\t\t\t<\/div>\n\t\t\t\t<\/div>","protected":false},"excerpt":{"rendered":"Presta Shop Automatyczny rabat Zwi\u0119ksz konwersj\u0119 i zach\u0119\u0107 klient\u00f3w do korzystania z preferowanych metod p\u0142atno\u015bci dzi\u0119ki automatycznym rabatom. Rabat dla Metod P\u0142atno\u015bci to prosty i skuteczny modu\u0142, kt\u00f3ry automatycznie przyznaje","protected":false},"featured_media":5404,"comment_status":"open","ping_status":"closed","template":"","meta":{"powered_cache_disable_cache":false,"powered_cache_disable_css_optimization":false,"powered_cache_disable_js_optimization":false},"product_brand":[275],"product_cat":[128,131],"product_tag":[273,295,208],"class_list":{"0":"post-5285","1":"product","2":"type-product","3":"status-publish","4":"has-post-thumbnail","6":"product_brand-cocos","7":"product_cat-moduly","8":"product_cat-prestashop","9":"product_tag-modul-prestashop","10":"product_tag-obnizka-ceny","11":"product_tag-rabaty","13":"first","14":"instock","15":"downloadable","16":"virtual","17":"taxable","18":"purchasable","19":"product-type-simple"},"_links":{"self":[{"href":"https:\/\/iarina029.supserv.cozmoslabs.com\/de\/wp-json\/wp\/v2\/product\/5285","targetHints":{"allow":["GET"]}}],"collection":[{"href":"https:\/\/iarina029.supserv.cozmoslabs.com\/de\/wp-json\/wp\/v2\/product"}],"about":[{"href":"https:\/\/iarina029.supserv.cozmoslabs.com\/de\/wp-json\/wp\/v2\/types\/product"}],"replies":[{"embeddable":true,"href":"https:\/\/iarina029.supserv.cozmoslabs.com\/de\/wp-json\/wp\/v2\/comments?post=5285"}],"version-history":[{"count":0,"href":"https:\/\/iarina029.supserv.cozmoslabs.com\/de\/wp-json\/wp\/v2\/product\/5285\/revisions"}],"wp:featuredmedia":[{"embeddable":true,"href":"https:\/\/iarina029.supserv.cozmoslabs.com\/de\/wp-json\/wp\/v2\/media\/5404"}],"wp:attachment":[{"href":"https:\/\/iarina029.supserv.cozmoslabs.com\/de\/wp-json\/wp\/v2\/media?parent=5285"}],"wp:term":[{"taxonomy":"product_brand","embeddable":true,"href":"https:\/\/iarina029.supserv.cozmoslabs.com\/de\/wp-json\/wp\/v2\/product_brand?post=5285"},{"taxonomy":"product_cat","embeddable":true,"href":"https:\/\/iarina029.supserv.cozmoslabs.com\/de\/wp-json\/wp\/v2\/product_cat?post=5285"},{"taxonomy":"product_tag","embeddable":true,"href":"https:\/\/iarina029.supserv.cozmoslabs.com\/de\/wp-json\/wp\/v2\/product_tag?post=5285"}],"curies":[{"name":"wp","href":"https:\/\/api.w.org\/{rel}","templated":true}]}}