{"id":5135,"date":"2025-08-30T16:24:08","date_gmt":"2025-08-30T14:24:08","guid":{"rendered":"https:\/\/cocos.codes\/?post_type=product&#038;p=5135"},"modified":"2025-12-10T21:49:38","modified_gmt":"2025-12-10T20:49:38","slug":"prestashop-inpost-paketautomaten","status":"publish","type":"product","link":"https:\/\/iarina029.supserv.cozmoslabs.com\/de\/product\/prestashop-inpost-paketautomaten\/","title":{"rendered":"PrestaShop Paketautomaten InPost 1.0.1"},"content":{"rendered":"<div data-elementor-type=\"wp-post\" data-elementor-id=\"5135\" class=\"elementor elementor-5135\">\n\t\t\t\t<div class=\"elementor-element elementor-element-2b3711e e-flex e-con-boxed e-con e-parent\" data-id=\"2b3711e\" data-element_type=\"container\" data-e-type=\"container\">\n\t\t\t\t\t<div class=\"e-con-inner\">\n\t\t\t\t<div class=\"elementor-element elementor-element-358e8db elementor-widget elementor-widget-text-editor\" data-id=\"358e8db\" data-element_type=\"widget\" data-e-type=\"widget\" data-widget_type=\"text-editor.default\">\n\t\t\t\t\t\t\t\t\t<h6>PrestaShop Paczkomaty InPost - Vollst\u00e4ndige Integration mit InPost-System<\/h6>Steigern Sie die Kundenzufriedenheit und rationalisieren Sie den Lieferprozess durch die vollst\u00e4ndige Integration Ihres PrestaShop-Shops mit dem InPost Paczkomaty-System. CC <a href=\"https:\/\/inpost.pl\/\" title=\"InPost\" target=\"_blank\" rel=\"noopener\">InPost<\/a> Paketautomaten ist ein professionelles Modul, das den gesamten Prozess der Paketabwicklung automatisiert - von der Auswahl eines Paketautomaten durch den Kunden \u00fcber die Erstellung von Etiketten bis hin zur Sendungsverfolgung.\t\t\t\t\t\t\t\t<\/div>\n\t\t\t\t<div class=\"elementor-element elementor-element-feceb44 elementor-widget elementor-widget-spacer\" data-id=\"feceb44\" data-element_type=\"widget\" data-e-type=\"widget\" data-widget_type=\"spacer.default\">\n\t\t\t\t\t\t\t<div class=\"elementor-spacer\">\n\t\t\t<div class=\"elementor-spacer-inner\"><\/div>\n\t\t<\/div>\n\t\t\t\t\t\t<\/div>\n\t\t\t\t\t<\/div>\n\t\t\t\t<\/div>\n\t\t<div class=\"elementor-element elementor-element-e10236d e-flex e-con-boxed e-con e-parent\" data-id=\"e10236d\" data-element_type=\"container\" data-e-type=\"container\">\n\t\t\t\t\t<div class=\"e-con-inner\">\n\t\t<div class=\"elementor-element elementor-element-0700d29 e-grid e-con-full e-con e-child\" data-id=\"0700d29\" data-element_type=\"container\" data-e-type=\"container\">\n\t\t\t\t<div class=\"elementor-element elementor-element-b327911 elementor-widget elementor-widget-pls-button\" data-id=\"b327911\" data-element_type=\"widget\" data-e-type=\"widget\" data-widget_type=\"pls-button.default\">\n\t\t\t\t<div class=\"elementor-widget-container\">\n\t\t\t\t\t<div id=\"pls-button-90679\" class=\"pls-element pls-button\">\n\t<a class=\"button btn-style-flat\" href=\"https:\/\/iarina029.supserv.cozmoslabs.com\/de\/wissensbasis\/prestashop\/prestashop-dokumentation\/prestashop-inpost-paketautomaten\/\" title=\"DOKUMENTATION\" target=\"_blank\">\n\t\tDOKUMENTATION\t<\/a>\n<\/div>\n\t\t\t\t<\/div>\n\t\t\t\t<\/div>\n\t\t\t\t<div class=\"elementor-element elementor-element-f597fd7 elementor-widget elementor-widget-pls-button\" data-id=\"f597fd7\" data-element_type=\"widget\" data-e-type=\"widget\" data-widget_type=\"pls-button.default\">\n\t\t\t\t<div class=\"elementor-widget-container\">\n\t\t\t\t\t<div id=\"pls-button-37914\" class=\"pls-element pls-button\">\n\t<a class=\"button btn-style-flat\" href=\"https:\/\/demo.cocos.codes\/cc_ps_paczkomaty\/\" title=\"DEMO\" target=\"_blank\" rel=\"noopener\">\n\t\tDEMO\t<\/a>\n<\/div>\n\t\t\t\t<\/div>\n\t\t\t\t<\/div>\n\t\t\t\t<\/div>\n\t\t\t\t\t<\/div>\n\t\t\t\t<\/div>\n\t\t<div class=\"elementor-element elementor-element-85239f4 e-flex e-con-boxed e-con e-parent\" data-id=\"85239f4\" data-element_type=\"container\" data-e-type=\"container\">\n\t\t\t\t\t<div class=\"e-con-inner\">\n\t\t\t\t<div class=\"elementor-element elementor-element-a458d96 elementor-widget elementor-widget-spacer\" data-id=\"a458d96\" data-element_type=\"widget\" data-e-type=\"widget\" data-widget_type=\"spacer.default\">\n\t\t\t\t\t\t\t<div class=\"elementor-spacer\">\n\t\t\t<div class=\"elementor-spacer-inner\"><\/div>\n\t\t<\/div>\n\t\t\t\t\t\t<\/div>\n\t\t\t\t<div class=\"elementor-element elementor-element-c4ba02f elementor-widget elementor-widget-text-editor\" data-id=\"c4ba02f\" data-element_type=\"widget\" data-e-type=\"widget\" data-widget_type=\"text-editor.default\">\n\t\t\t\t\t\t\t\t\t<h6>Sehen Sie, was Sie bekommen<\/h6><strong>\ud83d\udcbc Erweiterte Sendungsverwaltung<\/strong><br \/><ul><li>Automatische Erstellung von InPost-Sendungen nach Auftragsbest\u00e4tigung<\/li><li>Erstellung und Download von Versandetiketten (PDF, EPL, ZPL)<\/li><li>Verfolgung des Sendungsstatus in Echtzeit<\/li><li>Automatische Aktualisierung des Auftragsstatus anhand des Lieferstatus<\/li><li>Verwaltungsbereich zur Verwaltung aller Sendungen<\/li><\/ul><strong>\ud83d\uddfa\ufe0f Interaktive Paketautomatenauswahl<\/strong><br \/><ul><li>Geowidget InPost mit einer Karte aller Paketautomaten in Polen<\/li><li>Suche nach Paketautomaten nach Code, Stadt oder GPS-Standort<\/li><li>Flexible Positionierung des Widgets auf der Checkout-Seite<\/li><li>Validierung der Wahl des Paketautomaten vor Abschluss der Bestellung<\/li><li>Speichern des ausgew\u00e4hlten Punktes in der Sitzung und in der Datenbank<\/li><\/ul><strong>\ud83d\ude9a Vollst\u00e4ndige Unterst\u00fctzung f\u00fcr Lieferarten<\/strong><br \/><ul><li>InPost Paczkomaty Standard (Vorkasse)<\/li><li>InPost-Paketautomaten per Nachnahme<\/li><li>InPost Paczkomaty Weekend (Zustellung samstags und sonntags)<\/li><li>InPost-Paketautomaten Wochenende<\/li><li>Automatische Verwaltung der Verf\u00fcgbarkeit von Lieferungen am Wochenende<\/li><\/ul><strong>\u2699\ufe0f Erweiterte Konfiguration<\/strong><br \/><ul><li>Vollst\u00e4ndige Konfiguration der InPost ShipX und Geowidget APIs<\/li><li>Absenderdaten und Versandparametereinstellungen<\/li><li>Konfiguration der Parzellengr\u00f6\u00dfen (klein, mittel, gro\u00df)<\/li><li>Versicherungsm\u00f6glichkeiten f\u00fcr Sendungen<\/li><li>Personalisierung der Referenzcodes der Sendungen<\/li><\/ul><strong>\ud83e\udd16 CRON-Automatisierung<\/strong><br \/><ul><li>Automatische Aktualisierung des Sendungsstatus<\/li><li>\u00c4nderung des Auftragsstatus aufgrund des Lieferfortschritts<\/li><li>Bearbeitung der gelieferten Auftr\u00e4ge<\/li><li>Bereinigung alter Daten und Protokolle<\/li><li>Sicherer Zugriffsschl\u00fcssel f\u00fcr CRON-Aufgaben<\/li><\/ul><strong>\ud83d\udd12 Sicherheit und Zuverl\u00e4ssigkeit<\/strong><br \/><ul style=\"margin-bottom:0;padding-bottom:0;\"><li>Verschl\u00fcsselte Verbindungen zur InPost-API \u00fcber HTTPS<\/li><li>Validierung aller Daten vor der \u00dcbermittlung an die API<\/li><li>Fehlerbehandlung und detaillierte Protokollierung<\/li><li>Sicherheit gegen doppelte Sendungen<\/li><li>Lizenzierungssystem mit Online-Aktivierung<\/li><\/ul>\t\t\t\t\t\t\t\t<\/div>\n\t\t\t\t<div class=\"elementor-element elementor-element-7407a83 elementor-widget elementor-widget-spacer\" data-id=\"7407a83\" data-element_type=\"widget\" data-e-type=\"widget\" data-widget_type=\"spacer.default\">\n\t\t\t\t\t\t\t<div class=\"elementor-spacer\">\n\t\t\t<div class=\"elementor-spacer-inner\"><\/div>\n\t\t<\/div>\n\t\t\t\t\t\t<\/div>\n\t\t\t\t<div class=\"elementor-element elementor-element-5b7dd7c elementor-widget elementor-widget-text-editor\" data-id=\"5b7dd7c\" data-element_type=\"widget\" data-e-type=\"widget\" data-widget_type=\"text-editor.default\">\n\t\t\t\t\t\t\t\t\t<h6>Unendliche Anwendungsm\u00f6glichkeiten<\/h6>Das PrestaShop InPost Paketmaschinen Modul ist perfekt f\u00fcr:<br \/><br \/><strong>Elektronischer Gesch\u00e4ftsverkehr jeder Gr\u00f6\u00dfenordnung<\/strong><br \/><strong>\u2705 <\/strong>Kleine Gesch\u00e4fte - einfache Nutzung und niedrige Lieferkosten<br \/><strong>\u2705 <\/strong>Mittelst\u00e4ndische Unternehmen - Automatisierung von Logistikprozessen<br \/><strong>\u2705 <\/strong>Gro\u00dfe Einzelhandelsketten - eine skalierbare L\u00f6sung f\u00fcr Tausende von Bestellungen<br \/><strong>\u2705 <\/strong>B2B-Shops - professioneller Lieferservice f\u00fcr Unternehmen<br \/><br \/><strong>Steigerung der Kundenzufriedenheit<\/strong><br \/><strong>\u2705 <\/strong>Bequeme 24\/7-Paketabholung an \u00fcber 20.000 Paketautomaten<br \/><strong>\u2705 <\/strong>Schnelle Lieferung - oft am n\u00e4chsten Arbeitstag<br \/><strong>\u2705 <\/strong>Niedrige Lieferkosten im Vergleich zu Kurierdiensten<br \/><strong>\u2705 <\/strong>R\u00fcckverfolgbarkeit der Sendung in jeder Phase<br \/><br \/><strong>Optimierung von Gesch\u00e4ftsprozessen<\/strong><br \/><strong>\u2705 <\/strong>Verk\u00fcrzung der Auftragsabwicklungszeit durch Automatisierung<br \/><strong>\u2705 <\/strong>Beseitigung menschlicher Fehler im Versandprozess<br \/><strong>\u2705 <\/strong>Zentrale Verwaltung aller Sendungen<br \/><strong>\u2705 <\/strong>Detaillierte Berichterstattung und Analyse der Lieferungen\t\t\t\t\t\t\t\t<\/div>\n\t\t\t\t<div class=\"elementor-element elementor-element-e5cb99b elementor-widget elementor-widget-spacer\" data-id=\"e5cb99b\" data-element_type=\"widget\" data-e-type=\"widget\" data-widget_type=\"spacer.default\">\n\t\t\t\t\t\t\t<div class=\"elementor-spacer\">\n\t\t\t<div class=\"elementor-spacer-inner\"><\/div>\n\t\t<\/div>\n\t\t\t\t\t\t<\/div>\n\t\t\t\t<div class=\"elementor-element elementor-element-6cf64ae elementor-widget elementor-widget-text-editor\" data-id=\"6cf64ae\" data-element_type=\"widget\" data-e-type=\"widget\" data-widget_type=\"text-editor.default\">\n\t\t\t\t\t\t\t\t\t<h6>\ud83d\udcc8 Gewinnen Sie Kunden durch eine schnelle InPost-Paketzustellung<\/h6><strong>Professioneller Lieferservice<\/strong> Es ist <strong>Stiftung<\/strong> Erfolg im elektronischen Handel. Dank <strong>Integration mit InPost<\/strong>das am schnellsten wachsende Netz <strong>Paketautomaten<\/strong> in Polen bieten Sie Ihren Kunden Bequemlichkeit und sich selbst die Gewissheit, p\u00fcnktlich zu liefern. <strong>Jede reibungslos zugestellte Sendung bedeutet einen zufriedenen Kunden und eine positive Bewertung!<\/strong>\t\t\t\t\t\t\t\t<\/div>\n\t\t\t\t<div class=\"elementor-element elementor-element-5f161ad elementor-widget elementor-widget-spacer\" data-id=\"5f161ad\" data-element_type=\"widget\" data-e-type=\"widget\" data-widget_type=\"spacer.default\">\n\t\t\t\t\t\t\t<div class=\"elementor-spacer\">\n\t\t\t<div class=\"elementor-spacer-inner\"><\/div>\n\t\t<\/div>\n\t\t\t\t\t\t<\/div>\n\t\t\t\t<div class=\"elementor-element elementor-element-45c28c9 elementor-widget elementor-widget-text-editor\" data-id=\"45c28c9\" data-element_type=\"widget\" data-e-type=\"widget\" data-widget_type=\"text-editor.default\">\n\t\t\t\t\t\t\t\t\t<h6>F\u00fcr wen?<\/h6>Das Modul ist ideal f\u00fcr alle:<br \/><strong>\u2714 <\/strong>Inhaber von PrestaShop-Shops, die Pakete in Polen versenden<br \/><strong>\u2714 <\/strong>E-Commerce-Manager auf der Suche nach modernen Logistikl\u00f6sungen<br \/><strong> \u2714 <\/strong>Shop-Administratoren, die Versandprozesse automatisieren m\u00f6chten<br \/><strong>\u2714 <\/strong>Unternehmen, die physische Produkte verkaufen, die geliefert werden m\u00fcssen<br \/><strong>\u2714 <\/strong>Unternehmer, die auf Komfort und Kundenzufriedenheit setzen<br \/><strong>\u2714 <\/strong>Gesch\u00e4fte, die per Nachnahme liefern<br \/><strong>\u2714 <\/strong>Drop-Shipping-Unternehmen, die eine zuverl\u00e4ssige Logistik ben\u00f6tigen\t\t\t\t\t\t\t\t<\/div>\n\t\t\t\t<div class=\"elementor-element elementor-element-4d3b64b elementor-widget elementor-widget-spacer\" data-id=\"4d3b64b\" data-element_type=\"widget\" data-e-type=\"widget\" data-widget_type=\"spacer.default\">\n\t\t\t\t\t\t\t<div class=\"elementor-spacer\">\n\t\t\t<div class=\"elementor-spacer-inner\"><\/div>\n\t\t<\/div>\n\t\t\t\t\t\t<\/div>\n\t\t\t\t<div class=\"elementor-element elementor-element-528eb27 elementor-widget elementor-widget-text-editor\" data-id=\"528eb27\" data-element_type=\"widget\" data-e-type=\"widget\" data-widget_type=\"text-editor.default\">\n\t\t\t\t\t\t\t\t\t<p><div class=\"pls-block pls-block-3297\">\t\t<div data-elementor-type=\"wp-post\" data-elementor-id=\"3297\" class=\"elementor elementor-3297\">\n\t\t\t\t<div class=\"elementor-element elementor-element-d99440d e-flex e-con-boxed e-con e-parent\" data-id=\"d99440d\" data-element_type=\"container\" data-e-type=\"container\" data-settings=\"{&quot;background_background&quot;:&quot;classic&quot;}\">\n\t\t\t\t\t<div class=\"e-con-inner\">\n\t\t\t\t<div class=\"elementor-element elementor-element-b850409 elementor-widget elementor-widget-text-editor\" data-id=\"b850409\" data-element_type=\"widget\" data-e-type=\"widget\" data-widget_type=\"text-editor.default\">\n\t\t\t\t\t\t\t\t\t<h6><strong>\u00a0Erweitern Sie die M\u00f6glichkeiten Ihres Shops noch heute! <\/strong><strong>\ud83d\ude80<\/strong><\/h6>F\u00fcgen Sie neue Funktionen hinzu, verbessern Sie die Benutzerfreundlichkeit und steigern Sie Ihre Ums\u00e4tze mit unserem Modul. Einfache Installation, volle Kompatibilit\u00e4t und regelm\u00e4\u00dfige Updates - alles, was Sie brauchen, damit Ihr Shop noch besser funktioniert.<br \/>\u2705 Einfache Einrichtung \u2705 Professionelle Unterst\u00fctzung \u2705 Nahtlose Integration<br \/><br \/><a class=\"button simple\" href=\"#main-content\" title=\"Jetzt installieren und benutzen!\">Installieren und benutzen Sie es jetzt!<\/a>\t\t\t\t\t\t\t\t<\/div>\n\t\t\t\t\t<\/div>\n\t\t\t\t<\/div>\n\t\t\t\t<\/div>\n\t\t<\/div><\/p>\t\t\t\t\t\t\t\t<\/div>\n\t\t\t\t\t<\/div>\n\t\t\t\t<\/div>\n\t\t\t\t<\/div>","protected":false},"excerpt":{"rendered":"Presta Shop Paketautomaten In Post - Vollst\u00e4ndige Integration mit In Post Erh\u00f6hen Sie die Kundenzufriedenheit und rationalisieren Sie den Lieferprozess mit der vollst\u00e4ndigen Integration von Presta Shop mit In Post Paketautomaten.","protected":false},"featured_media":5149,"comment_status":"open","ping_status":"closed","template":"","meta":{"powered_cache_disable_cache":false,"powered_cache_disable_css_optimization":false,"powered_cache_disable_js_optimization":false},"product_brand":[275],"product_cat":[128,131],"product_tag":[292,228,273,291],"class_list":{"0":"post-5135","1":"product","2":"type-product","3":"status-publish","4":"has-post-thumbnail","6":"product_brand-cocos","7":"product_cat-moduly","8":"product_cat-prestashop","9":"product_tag-inpost","10":"product_tag-integracja","11":"product_tag-modul-prestashop","12":"product_tag-paczkomaty","14":"first","15":"instock","16":"downloadable","17":"virtual","18":"taxable","19":"purchasable","20":"product-type-simple"},"_links":{"self":[{"href":"https:\/\/iarina029.supserv.cozmoslabs.com\/de\/wp-json\/wp\/v2\/product\/5135","targetHints":{"allow":["GET"]}}],"collection":[{"href":"https:\/\/iarina029.supserv.cozmoslabs.com\/de\/wp-json\/wp\/v2\/product"}],"about":[{"href":"https:\/\/iarina029.supserv.cozmoslabs.com\/de\/wp-json\/wp\/v2\/types\/product"}],"replies":[{"embeddable":true,"href":"https:\/\/iarina029.supserv.cozmoslabs.com\/de\/wp-json\/wp\/v2\/comments?post=5135"}],"version-history":[{"count":0,"href":"https:\/\/iarina029.supserv.cozmoslabs.com\/de\/wp-json\/wp\/v2\/product\/5135\/revisions"}],"wp:featuredmedia":[{"embeddable":true,"href":"https:\/\/iarina029.supserv.cozmoslabs.com\/de\/wp-json\/wp\/v2\/media\/5149"}],"wp:attachment":[{"href":"https:\/\/iarina029.supserv.cozmoslabs.com\/de\/wp-json\/wp\/v2\/media?parent=5135"}],"wp:term":[{"taxonomy":"product_brand","embeddable":true,"href":"https:\/\/iarina029.supserv.cozmoslabs.com\/de\/wp-json\/wp\/v2\/product_brand?post=5135"},{"taxonomy":"product_cat","embeddable":true,"href":"https:\/\/iarina029.supserv.cozmoslabs.com\/de\/wp-json\/wp\/v2\/product_cat?post=5135"},{"taxonomy":"product_tag","embeddable":true,"href":"https:\/\/iarina029.supserv.cozmoslabs.com\/de\/wp-json\/wp\/v2\/product_tag?post=5135"}],"curies":[{"name":"wp","href":"https:\/\/api.w.org\/{rel}","templated":true}]}}