{"id":5083,"date":"2025-08-20T23:01:15","date_gmt":"2025-08-20T21:01:15","guid":{"rendered":"https:\/\/cocos.codes\/?post_type=product&#038;p=5083"},"modified":"2025-12-10T21:57:00","modified_gmt":"2025-12-10T20:57:00","slug":"prestashop-auf-die-neueste-version-aktualisieren","status":"publish","type":"product","link":"https:\/\/iarina029.supserv.cozmoslabs.com\/de\/product\/prestashop-auf-die-neueste-version-aktualisieren\/","title":{"rendered":"Aktualisierung von PrestaShop auf die neueste Version 8\/9"},"content":{"rendered":"<div data-elementor-type=\"wp-post\" data-elementor-id=\"5083\" class=\"elementor elementor-5083\">\n\t\t\t\t<div class=\"elementor-element elementor-element-5b0dbe1 e-flex e-con-boxed e-con e-parent\" data-id=\"5b0dbe1\" data-element_type=\"container\" data-e-type=\"container\">\n\t\t\t\t\t<div class=\"e-con-inner\">\n\t\t\t\t<div class=\"elementor-element elementor-element-15180f6 elementor-widget elementor-widget-heading\" data-id=\"15180f6\" data-element_type=\"widget\" data-e-type=\"widget\" data-widget_type=\"heading.default\">\n\t\t\t\t\t<h6 class=\"elementor-heading-title elementor-size-default\">Prestashop-Update - warum Ihren Shop aktualisieren?<\/h6>\t\t\t\t<\/div>\n\t\t\t\t<div class=\"elementor-element elementor-element-a69c0c1 elementor-widget elementor-widget-text-editor\" data-id=\"a69c0c1\" data-element_type=\"widget\" data-e-type=\"widget\" data-widget_type=\"text-editor.default\">\n\t\t\t\t\t\t\t\t\t<p style=\"text-align: left;\">Shop-Aktualisierung <a href=\"https:\/\/prestashop.com\/\" title=\"PrestaShop\" target=\"_blank\" rel=\"noopener\">PrestaShop<\/a> bietet mehr Sicherheit und sch\u00fctzt vor Sicherheitsl\u00fccken und Angriffen. Die neuen Versionen bieten au\u00dferdem eine bessere Leistung, Kompatibilit\u00e4t mit aktuellen Technologien und zus\u00e4tzliche Funktionen, die den Umsatz und den Bedienkomfort steigern k\u00f6nnen. Dadurch l\u00e4uft der Shop stabiler und ist f\u00fcr Kunden attraktiver.<br \/>L\u00e4uft Ihr Online-Shop auf einer \u00e4lteren Version von PrestaShop? Dann ist es Zeit f\u00fcr ein professionelles Upgrade, das Ihrem Unternehmen sp\u00fcrbare Vorteile und mehr Sicherheit bringt.<\/p><p style=\"text-align: center;\"><strong>\u26a0\ufe0f Wichtig: Vor der Bestellung <a href=\"https:\/\/iarina029.supserv.cozmoslabs.com\/de\/kontakt\/\" title=\"Bitte kontaktieren Sie uns\">Bitte kontaktieren Sie uns<\/a> um die Details und den Umfang der Arbeiten zu besprechen.<\/strong><\/p>\t\t\t\t\t\t\t\t<\/div>\n\t\t\t\t<div class=\"elementor-element elementor-element-54c6820 elementor-widget elementor-widget-spacer\" data-id=\"54c6820\" data-element_type=\"widget\" data-e-type=\"widget\" data-widget_type=\"spacer.default\">\n\t\t\t\t\t\t\t<div class=\"elementor-spacer\">\n\t\t\t<div class=\"elementor-spacer-inner\"><\/div>\n\t\t<\/div>\n\t\t\t\t\t\t<\/div>\n\t\t\t\t\t<\/div>\n\t\t\t\t<\/div>\n\t\t<div class=\"elementor-element elementor-element-3d7a7aa e-flex e-con-boxed e-con e-parent\" data-id=\"3d7a7aa\" data-element_type=\"container\" data-e-type=\"container\">\n\t\t\t\t\t<div class=\"e-con-inner\">\n\t\t\t\t<div class=\"elementor-element elementor-element-31c5e32 elementor-widget elementor-widget-spacer\" data-id=\"31c5e32\" data-element_type=\"widget\" data-e-type=\"widget\" data-widget_type=\"spacer.default\">\n\t\t\t\t\t\t\t<div class=\"elementor-spacer\">\n\t\t\t<div class=\"elementor-spacer-inner\"><\/div>\n\t\t<\/div>\n\t\t\t\t\t\t<\/div>\n\t\t\t\t<div class=\"elementor-element elementor-element-08179d9 elementor-widget elementor-widget-heading\" data-id=\"08179d9\" data-element_type=\"widget\" data-e-type=\"widget\" data-widget_type=\"heading.default\">\n\t\t\t\t\t<h6 class=\"elementor-heading-title elementor-size-default\">Arten von Aktualisierungen<\/h6>\t\t\t\t<\/div>\n\t\t\t\t\t<\/div>\n\t\t\t\t<\/div>\n\t\t<div class=\"elementor-element elementor-element-c31611b e-flex e-con-boxed e-con e-parent\" data-id=\"c31611b\" data-element_type=\"container\" data-e-type=\"container\">\n\t\t\t\t\t<div class=\"e-con-inner\">\n\t\t<div class=\"elementor-element elementor-element-c3eb1e4 e-con-full e-flex e-con e-child\" data-id=\"c3eb1e4\" data-element_type=\"container\" data-e-type=\"container\">\n\t\t\t\t<div class=\"elementor-element elementor-element-1ce477c elementor-widget elementor-widget-text-editor\" data-id=\"1ce477c\" data-element_type=\"widget\" data-e-type=\"widget\" data-widget_type=\"text-editor.default\">\n\t\t\t\t\t\t\t\t\t<h6 style=\"text-align: center;\"><strong>\ud83d\udd04 Aktualisierung der gleichen Hauptversion<\/strong><\/h6><em>Beispiel: 1.7.5 \u2192 1.7.8.11 oder 8.0.1 \u2192 8.1.7<br \/><\/em><br \/><strong>Vorteile:<\/strong><br \/>\u2705 <strong>Pflege der gesamten Struktur und des Erscheinungsbildes des Ladens<\/strong><br \/>\u2705 Kompatibilit\u00e4t mit bereits installierten Modulen<br \/>\u2705 <strong>Erh\u00f6hung des Sicherheitsniveaus<\/strong><br \/>\u2705 Verbesserung der Betriebsstabilit\u00e4t<br \/>\u2705 Beseitigung von bekannten Fehlern und L\u00fccken\t\t\t\t\t\t\t\t<\/div>\n\t\t\t\t<\/div>\n\t\t\t\t<div class=\"elementor-element elementor-element-bd55802 elementor-widget elementor-widget-spacer\" data-id=\"bd55802\" data-element_type=\"widget\" data-e-type=\"widget\" data-widget_type=\"spacer.default\">\n\t\t\t\t\t\t\t<div class=\"elementor-spacer\">\n\t\t\t<div class=\"elementor-spacer-inner\"><\/div>\n\t\t<\/div>\n\t\t\t\t\t\t<\/div>\n\t\t<div class=\"elementor-element elementor-element-acb2a15 e-con-full e-flex e-con e-child\" data-id=\"acb2a15\" data-element_type=\"container\" data-e-type=\"container\">\n\t\t\t\t<div class=\"elementor-element elementor-element-3df3a5b elementor-widget elementor-widget-text-editor\" data-id=\"3df3a5b\" data-element_type=\"widget\" data-e-type=\"widget\" data-widget_type=\"text-editor.default\">\n\t\t\t\t\t\t\t\t\t<h6 style=\"text-align: center;\">\ud83d\ude80 Migration auf eine neuere Hauptversion<\/h6><p><em>Beispiel: 1.6.x \u2192 8.x oder 1.7.x \u2192 8.x<br \/><\/em><br \/><strong>Vorteile:<\/strong><br \/>\u2705 Zugang zu <strong>neueste<\/strong> E-Commerce-Funktionalit\u00e4ten<br \/>\u2705 Kann eine Anpassung der Grafikvorlage erfordern<br \/>\u2705 <strong>Notwendigkeit<\/strong> \u00dcberpr\u00fcfung der Kompatibilit\u00e4t der Module<br \/>\u2705 <strong>Erhebliche Verbesserungen bei Effizienz und Sicherheit<\/strong><br \/><strong>\u2705 Erfordert individuelle Analyse und Bewertung<\/strong><\/p>\t\t\t\t\t\t\t\t<\/div>\n\t\t\t\t<\/div>\n\t\t\t\t\t<\/div>\n\t\t\t\t<\/div>\n\t\t<div class=\"elementor-element elementor-element-3df299d e-flex e-con-boxed e-con e-parent\" data-id=\"3df299d\" data-element_type=\"container\" data-e-type=\"container\">\n\t\t\t\t\t<div class=\"e-con-inner\">\n\t\t\t\t<div class=\"elementor-element elementor-element-7845f0d elementor-widget elementor-widget-spacer\" data-id=\"7845f0d\" data-element_type=\"widget\" data-e-type=\"widget\" data-widget_type=\"spacer.default\">\n\t\t\t\t\t\t\t<div class=\"elementor-spacer\">\n\t\t\t<div class=\"elementor-spacer-inner\"><\/div>\n\t\t<\/div>\n\t\t\t\t\t\t<\/div>\n\t\t\t\t\t<\/div>\n\t\t\t\t<\/div>\n\t\t<div class=\"elementor-element elementor-element-4a822b5 e-flex e-con-boxed e-con e-parent\" data-id=\"4a822b5\" data-element_type=\"container\" data-e-type=\"container\">\n\t\t\t\t\t<div class=\"e-con-inner\">\n\t\t\t\t<div class=\"elementor-element elementor-element-9470d9e elementor-widget elementor-widget-spacer\" data-id=\"9470d9e\" data-element_type=\"widget\" data-e-type=\"widget\" data-widget_type=\"spacer.default\">\n\t\t\t\t\t\t\t<div class=\"elementor-spacer\">\n\t\t\t<div class=\"elementor-spacer-inner\"><\/div>\n\t\t<\/div>\n\t\t\t\t\t\t<\/div>\n\t\t\t\t<div class=\"elementor-element elementor-element-c8ebd1f elementor-widget elementor-widget-heading\" data-id=\"c8ebd1f\" data-element_type=\"widget\" data-e-type=\"widget\" data-widget_type=\"heading.default\">\n\t\t\t\t\t<h6 class=\"elementor-heading-title elementor-size-default\">Unser Upgrade-Prozess - 6 Schritte zum Erfolg<\/h6>\t\t\t\t<\/div>\n\t\t\t\t<div class=\"elementor-element elementor-element-3b85c89 elementor-widget elementor-widget-text-editor\" data-id=\"3b85c89\" data-element_type=\"widget\" data-e-type=\"widget\" data-widget_type=\"text-editor.default\">\n\t\t\t\t\t\t\t\t\t<p><strong>1\ufe0f\u20e3 Datensicherheit<\/strong><br \/>Wir machen <strong>Vollsicherung<\/strong> Datenbank und alle Shop-Dateien, so dass das Risiko eines Informationsverlustes ausgeschlossen ist.<br \/><br \/><strong>2\ufe0f\u20e3 Testumgebung<\/strong><br \/>Wir erstellen eine identische Kopie Ihres Shops auf dem Entwicklungsserver, so dass die <strong>die Produktionsst\u00e4tte reibungslos funktioniert<\/strong>.<br \/><br \/><strong>3\ufe0f\u20e3 Test-Update<\/strong><br \/>Wir f\u00fchren aus <strong>Aktualisierungsprozess in einer sicheren Umgebung<\/strong>Erkennen und L\u00f6sen potenzieller Probleme.<br \/><br \/><strong>4\ufe0f\u20e3 Konfliktl\u00f6sung<\/strong><br \/><strong>Wir beseitigen m\u00f6gliche Inkompatibilit\u00e4ten<\/strong> zwischen den Modulen, der Vorlage und der neuen Version von PrestaShop.<br \/><br \/><strong>5\ufe0f\u20e3 Umfassende Pr\u00fcfung<\/strong><br \/><strong>Gemeinsam \u00fcberpr\u00fcfen wir die Funktionsweise von<\/strong> aller Shop-Funktionen, bis die Ergebnisse vollst\u00e4ndig akzeptiert sind.<br \/><br \/><strong>6\ufe0f\u20e3 Umsetzung der Produktion<\/strong><br \/>Umzug <strong>gepr\u00fcftes Update<\/strong> f\u00fcr eine Produktionsst\u00e4tte in <strong>vereinbarter Termin<\/strong>.<\/p>\t\t\t\t\t\t\t\t<\/div>\n\t\t\t\t<div class=\"elementor-element elementor-element-b0994ae elementor-widget elementor-widget-spacer\" data-id=\"b0994ae\" data-element_type=\"widget\" data-e-type=\"widget\" data-widget_type=\"spacer.default\">\n\t\t\t\t\t\t\t<div class=\"elementor-spacer\">\n\t\t\t<div class=\"elementor-spacer-inner\"><\/div>\n\t\t<\/div>\n\t\t\t\t\t\t<\/div>\n\t\t\t\t\t<\/div>\n\t\t\t\t<\/div>\n\t\t<div class=\"elementor-element elementor-element-9a8c418 e-flex e-con-boxed e-con e-parent\" data-id=\"9a8c418\" data-element_type=\"container\" data-e-type=\"container\">\n\t\t\t\t\t<div class=\"e-con-inner\">\n\t\t\t\t<div class=\"elementor-element elementor-element-38728bc elementor-widget elementor-widget-spacer\" data-id=\"38728bc\" data-element_type=\"widget\" data-e-type=\"widget\" data-widget_type=\"spacer.default\">\n\t\t\t\t\t\t\t<div class=\"elementor-spacer\">\n\t\t\t<div class=\"elementor-spacer-inner\"><\/div>\n\t\t<\/div>\n\t\t\t\t\t\t<\/div>\n\t\t\t\t<div class=\"elementor-element elementor-element-948df8f elementor-widget elementor-widget-heading\" data-id=\"948df8f\" data-element_type=\"widget\" data-e-type=\"widget\" data-widget_type=\"heading.default\">\n\t\t\t\t\t<h6 class=\"elementor-heading-title elementor-size-default\">Vorteile der Aktualisierung<\/h6>\t\t\t\t<\/div>\n\t\t\t\t\t<\/div>\n\t\t\t\t<\/div>\n\t\t<div class=\"elementor-element elementor-element-3ff8a0b e-flex e-con-boxed e-con e-parent\" data-id=\"3ff8a0b\" data-element_type=\"container\" data-e-type=\"container\">\n\t\t\t\t\t<div class=\"e-con-inner\">\n\t\t<div class=\"elementor-element elementor-element-a4d9677 e-con-full e-flex e-con e-child\" data-id=\"a4d9677\" data-element_type=\"container\" data-e-type=\"container\">\n\t\t\t\t<div class=\"elementor-element elementor-element-2678d1a elementor-widget elementor-widget-text-editor\" data-id=\"2678d1a\" data-element_type=\"widget\" data-e-type=\"widget\" data-widget_type=\"text-editor.default\">\n\t\t\t\t\t\t\t\t\t<strong>\ud83d\udee1\ufe0f Sicherheit auf h\u00f6chstem Niveau<\/strong><br \/>Neueste Versionen von PrestaShop <strong>Sicherheitspatches enthalten<\/strong> gegen bekannte L\u00fccken und Risiken.\t\t\t\t\t\t\t\t<\/div>\n\t\t\t\t<\/div>\n\t\t<div class=\"elementor-element elementor-element-cd332a4 e-con-full e-flex e-con e-child\" data-id=\"cd332a4\" data-element_type=\"container\" data-e-type=\"container\">\n\t\t\t\t<div class=\"elementor-element elementor-element-f5948e3 elementor-widget elementor-widget-text-editor\" data-id=\"f5948e3\" data-element_type=\"widget\" data-e-type=\"widget\" data-widget_type=\"text-editor.default\">\n\t\t\t\t\t\t\t\t\t<strong>\u26a1 Erh\u00f6hte Produktivit\u00e4t<\/strong><br \/>Code-Optimierungen f\u00fchren zu <strong>schneller ladende Seiten<\/strong> und ein besseres Nutzererlebnis.\t\t\t\t\t\t\t\t<\/div>\n\t\t\t\t<\/div>\n\t\t<div class=\"elementor-element elementor-element-eb24874 e-con-full e-flex e-con e-child\" data-id=\"eb24874\" data-element_type=\"container\" data-e-type=\"container\">\n\t\t\t\t<div class=\"elementor-element elementor-element-12312cc elementor-widget elementor-widget-text-editor\" data-id=\"12312cc\" data-element_type=\"widget\" data-e-type=\"widget\" data-widget_type=\"text-editor.default\">\n\t\t\t\t\t\t\t\t\t<strong>\ud83c\udfaf Bessere Positionierung in Suchmaschinen<\/strong><br \/>Der moderne Code unterst\u00fctzt <strong>SEO-Optimierung<\/strong> i <strong>verbessert die Ergebnisse bei Google<\/strong>.\t\t\t\t\t\t\t\t<\/div>\n\t\t\t\t<\/div>\n\t\t<div class=\"elementor-element elementor-element-457f1bd e-con-full e-flex e-con e-child\" data-id=\"457f1bd\" data-element_type=\"container\" data-e-type=\"container\">\n\t\t\t\t<div class=\"elementor-element elementor-element-fd77cdc elementor-widget elementor-widget-text-editor\" data-id=\"fd77cdc\" data-element_type=\"widget\" data-e-type=\"widget\" data-widget_type=\"text-editor.default\">\n\t\t\t\t\t\t\t\t\t<strong>\ud83d\udd27 Neue M\u00f6glichkeiten<\/strong><br \/>Zugang zu <strong>die neuesten Module, Integration<\/strong> i <strong>Funktionalit\u00e4ten<\/strong> E-Commerce.<br \/>\t\t\t\t\t\t\t\t<\/div>\n\t\t\t\t<\/div>\n\t\t\t\t\t<\/div>\n\t\t\t\t<\/div>\n\t\t<div class=\"elementor-element elementor-element-94e50c7 e-flex e-con-boxed e-con e-parent\" data-id=\"94e50c7\" data-element_type=\"container\" data-e-type=\"container\">\n\t\t\t\t\t<div class=\"e-con-inner\">\n\t\t\t\t<div class=\"elementor-element elementor-element-f6eaea9 elementor-widget elementor-widget-spacer\" data-id=\"f6eaea9\" data-element_type=\"widget\" data-e-type=\"widget\" data-widget_type=\"spacer.default\">\n\t\t\t\t\t\t\t<div class=\"elementor-spacer\">\n\t\t\t<div class=\"elementor-spacer-inner\"><\/div>\n\t\t<\/div>\n\t\t\t\t\t\t<\/div>\n\t\t\t\t\t<\/div>\n\t\t\t\t<\/div>\n\t\t<div class=\"elementor-element elementor-element-667e20c e-flex e-con-boxed e-con e-parent\" data-id=\"667e20c\" data-element_type=\"container\" data-e-type=\"container\">\n\t\t\t\t\t<div class=\"e-con-inner\">\n\t\t\t\t<div class=\"elementor-element elementor-element-2c08653 elementor-widget elementor-widget-spacer\" data-id=\"2c08653\" data-element_type=\"widget\" data-e-type=\"widget\" data-widget_type=\"spacer.default\">\n\t\t\t\t\t\t\t<div class=\"elementor-spacer\">\n\t\t\t<div class=\"elementor-spacer-inner\"><\/div>\n\t\t<\/div>\n\t\t\t\t\t\t<\/div>\n\t\t\t\t<div class=\"elementor-element elementor-element-259dbf7 elementor-widget elementor-widget-heading\" data-id=\"259dbf7\" data-element_type=\"widget\" data-e-type=\"widget\" data-widget_type=\"heading.default\">\n\t\t\t\t\t<h6 class=\"elementor-heading-title elementor-size-default\">Einzelheiten der Durchf\u00fchrung<\/h6>\t\t\t\t<\/div>\n\t\t\t\t<div class=\"elementor-element elementor-element-6905e56 elementor-widget elementor-widget-text-editor\" data-id=\"6905e56\" data-element_type=\"widget\" data-e-type=\"widget\" data-widget_type=\"text-editor.default\">\n\t\t\t\t\t\t\t\t\t<ul><li><strong>Ausf\u00fchrungszeit:<\/strong> 7-14 Arbeitstage (je nach Komplexit\u00e4t)<\/li><li><strong>Verf\u00fcgbarkeit des Shops:<\/strong> 100% - der Shop l\u00e4uft w\u00e4hrend des gesamten Prozesses kontinuierlich<\/li><li><strong>B\u00fcrgschaft:<\/strong> Umfassender technischer Support f\u00fcr 30 Tage nach dem Update<\/li><li><strong>Zus\u00e4tzliche Arbeit:<\/strong> Aktualisierung von Modulen, \u00c4nderung des Templates, Aktualisierung der PHP-Version - individuell berechnet<\/li><\/ul>\t\t\t\t\t\t\t\t<\/div>\n\t\t\t\t<div class=\"elementor-element elementor-element-5a517ec elementor-widget elementor-widget-text-editor\" data-id=\"5a517ec\" data-element_type=\"widget\" data-e-type=\"widget\" data-widget_type=\"text-editor.default\">\n\t\t\t\t\t\t\t\t\t<p style=\"text-align: left;\"><strong>Zus\u00e4tzliche Bemerkungen<\/strong><br \/>Aktualisierung <a href=\"https:\/\/prestashop.com\/\" title=\"PrestaShop\" target=\"_blank\" rel=\"noopener\">PrestaShop<\/a> konzentriert sich auf das Shopsystem und dessen Funktionalit\u00e4t. Wenn Ihr Shop auch hinsichtlich Leistung, Ladegeschwindigkeit oder SEO optimiert werden muss, empfehlen wir Ihnen, zus\u00e4tzliche Optimierungsdienstleistungen in Betracht zu ziehen.<br \/><br \/><em>Ein professionelles PrestaShop-Upgrade ist eine Investition in die Zukunft Ihres Online-Shops. Wir bieten einen sicheren Prozess, volle Unterst\u00fctzung und Zufriedenheitsgarantie.<\/em><\/p>\t\t\t\t\t\t\t\t<\/div>\n\t\t\t\t\t<\/div>\n\t\t\t\t<\/div>\n\t\t\t\t<\/div>","protected":false},"excerpt":{"rendered":"Aktualizacja Prestashop &#8211; dlaczego warto zaktualizowa\u0107 sw\u00f3j sklep? Aktualizacja sklepu Presta Shop zapewnia wi\u0119ksze bezpiecze\u0144stwo, chroni\u0105c przed lukami i atakami. Nowe wersje oferuj\u0105 te\u017c lepsz\u0105 wydajno\u015b\u0107, zgodno\u015b\u0107 z aktualnymi technologiami","protected":false},"featured_media":5086,"comment_status":"open","ping_status":"closed","template":"","meta":{"powered_cache_disable_cache":false,"powered_cache_disable_css_optimization":false,"powered_cache_disable_js_optimization":false},"product_brand":[275],"product_cat":[129],"product_tag":[284,285,244],"class_list":{"0":"post-5083","1":"product","2":"type-product","3":"status-publish","4":"has-post-thumbnail","6":"product_brand-cocos","7":"product_cat-uslugi","8":"product_tag-aktualizacja","9":"product_tag-najnowsza-wersja-prestashop","10":"product_tag-prestashop","12":"first","13":"instock","14":"taxable","15":"shipping-taxable","16":"purchasable","17":"product-type-simple"},"_links":{"self":[{"href":"https:\/\/iarina029.supserv.cozmoslabs.com\/de\/wp-json\/wp\/v2\/product\/5083","targetHints":{"allow":["GET"]}}],"collection":[{"href":"https:\/\/iarina029.supserv.cozmoslabs.com\/de\/wp-json\/wp\/v2\/product"}],"about":[{"href":"https:\/\/iarina029.supserv.cozmoslabs.com\/de\/wp-json\/wp\/v2\/types\/product"}],"replies":[{"embeddable":true,"href":"https:\/\/iarina029.supserv.cozmoslabs.com\/de\/wp-json\/wp\/v2\/comments?post=5083"}],"version-history":[{"count":0,"href":"https:\/\/iarina029.supserv.cozmoslabs.com\/de\/wp-json\/wp\/v2\/product\/5083\/revisions"}],"wp:featuredmedia":[{"embeddable":true,"href":"https:\/\/iarina029.supserv.cozmoslabs.com\/de\/wp-json\/wp\/v2\/media\/5086"}],"wp:attachment":[{"href":"https:\/\/iarina029.supserv.cozmoslabs.com\/de\/wp-json\/wp\/v2\/media?parent=5083"}],"wp:term":[{"taxonomy":"product_brand","embeddable":true,"href":"https:\/\/iarina029.supserv.cozmoslabs.com\/de\/wp-json\/wp\/v2\/product_brand?post=5083"},{"taxonomy":"product_cat","embeddable":true,"href":"https:\/\/iarina029.supserv.cozmoslabs.com\/de\/wp-json\/wp\/v2\/product_cat?post=5083"},{"taxonomy":"product_tag","embeddable":true,"href":"https:\/\/iarina029.supserv.cozmoslabs.com\/de\/wp-json\/wp\/v2\/product_tag?post=5083"}],"curies":[{"name":"wp","href":"https:\/\/api.w.org\/{rel}","templated":true}]}}