{"id":4985,"date":"2025-08-19T18:48:45","date_gmt":"2025-08-19T16:48:45","guid":{"rendered":"https:\/\/cocos.codes\/?post_type=product&#038;p=4985"},"modified":"2026-04-17T11:13:46","modified_gmt":"2026-04-17T09:13:46","slug":"prestashop-wasserzeichen","status":"publish","type":"product","link":"https:\/\/iarina029.supserv.cozmoslabs.com\/de\/product\/prestashop-wasserzeichen\/","title":{"rendered":"PrestaShop Wasserzeichen 1.0.3"},"content":{"rendered":"<div data-elementor-type=\"wp-post\" data-elementor-id=\"4985\" class=\"elementor elementor-4985\">\n\t\t\t\t<div class=\"elementor-element elementor-element-13fae9d e-flex e-con-boxed e-con e-parent\" data-id=\"13fae9d\" data-element_type=\"container\" data-e-type=\"container\">\n\t\t\t\t\t<div class=\"e-con-inner\">\n\t\t\t\t<div class=\"elementor-element elementor-element-c5ee1f2 elementor-widget elementor-widget-text-editor\" data-id=\"c5ee1f2\" data-element_type=\"widget\" data-e-type=\"widget\" data-widget_type=\"text-editor.default\">\n\t\t\t\t\t\t\t\t\t<h6>PrestaShop Wasserzeichen \u2013 Professioneller Schutz Ihrer Produktfotos mit Backup-System<\/h6>\n\nSch\u00fctzen Sie Ihre Produktbilder vor Diebstahl und unbefugter Nutzung! <strong>CC <a href=\"https:\/\/prestashop.com\/\" title=\"PrestaShop\" target=\"_blank\" rel=\"noopener\">PrestaShop<\/a> Wasserzeichen<\/strong> to zaawansowany modu\u0142, kt\u00f3ry automatycznie dodaje znaki wodne do wszystkich miniaturek produkt\u00f3w w Twoim sklepie. Niezale\u017cnie od rozmiaru katalog\u0941 czy mo\u017cliwo\u015bci serwera, system <strong>kolejkowania przetwarzania<\/strong> CRON umo\u017cliwia bezproblemowe oznaczanie dowolnej liczby zdj\u0119\u0107 na ka\u017cdym serwerze. Wykorzystaj inteligentny system kopii zapasowych, automatyczn\u0105 regeneracj\u0119 oraz pe\u0142n\u0105 kontrol\u0119 nad procesem, by zabezpieczy\u0107 swoje obrazy bez ryzyka utraty oryginalnych wersji.\t\t\t\t\t\t\t\t<\/div>\n\t\t\t\t<div class=\"elementor-element elementor-element-c641bb3 elementor-widget elementor-widget-spacer\" data-id=\"c641bb3\" data-element_type=\"widget\" data-e-type=\"widget\" data-widget_type=\"spacer.default\">\n\t\t\t\t\t\t\t<div class=\"elementor-spacer\">\n\t\t\t<div class=\"elementor-spacer-inner\"><\/div>\n\t\t<\/div>\n\t\t\t\t\t\t<\/div>\n\t\t\t\t\t<\/div>\n\t\t\t\t<\/div>\n\t\t<div class=\"elementor-element elementor-element-12684c7 e-flex e-con-boxed e-con e-parent\" data-id=\"12684c7\" data-element_type=\"container\" data-e-type=\"container\">\n\t\t\t\t\t<div class=\"e-con-inner\">\n\t\t<div class=\"elementor-element elementor-element-d988a7d e-grid e-con-full e-con e-child\" data-id=\"d988a7d\" data-element_type=\"container\" data-e-type=\"container\">\n\t\t\t\t<div class=\"elementor-element elementor-element-8b12174 elementor-widget elementor-widget-pls-button\" data-id=\"8b12174\" data-element_type=\"widget\" data-e-type=\"widget\" data-widget_type=\"pls-button.default\">\n\t\t\t\t<div class=\"elementor-widget-container\">\n\t\t\t\t\t<div id=\"pls-button-4057\" class=\"pls-element pls-button\">\n\t<a class=\"button btn-style-flat\" href=\"https:\/\/iarina029.supserv.cozmoslabs.com\/de\/wissensbasis\/prestashop\/prestashop-dokumentation\/prestashop-wasserzeichen-2\/\" title=\"DOKUMENTATION\" target=\"_blank\">\n\t\tDOKUMENTATION\t<\/a>\n<\/div>\n\t\t\t\t<\/div>\n\t\t\t\t<\/div>\n\t\t\t\t<div class=\"elementor-element elementor-element-9e29636 elementor-widget elementor-widget-pls-button\" data-id=\"9e29636\" data-element_type=\"widget\" data-e-type=\"widget\" data-widget_type=\"pls-button.default\">\n\t\t\t\t<div class=\"elementor-widget-container\">\n\t\t\t\t\t<div id=\"pls-button-54568\" class=\"pls-element pls-button\">\n\t<a class=\"button btn-style-flat\" href=\"https:\/\/demo.cocos.codes\/cc_ps_watermark\/\" title=\"DEMO\" target=\"_blank\" rel=\"noopener\">\n\t\tDEMO\t<\/a>\n<\/div>\n\t\t\t\t<\/div>\n\t\t\t\t<\/div>\n\t\t\t\t<\/div>\n\t\t\t\t\t<\/div>\n\t\t\t\t<\/div>\n\t\t<div class=\"elementor-element elementor-element-82e69c9 e-flex e-con-boxed e-con e-parent\" data-id=\"82e69c9\" data-element_type=\"container\" data-e-type=\"container\">\n\t\t\t\t\t<div class=\"e-con-inner\">\n\t\t\t\t<div class=\"elementor-element elementor-element-7b3d050 elementor-widget elementor-widget-spacer\" data-id=\"7b3d050\" data-element_type=\"widget\" data-e-type=\"widget\" data-widget_type=\"spacer.default\">\n\t\t\t\t\t\t\t<div class=\"elementor-spacer\">\n\t\t\t<div class=\"elementor-spacer-inner\"><\/div>\n\t\t<\/div>\n\t\t\t\t\t\t<\/div>\n\t\t\t\t<div class=\"elementor-element elementor-element-43511a8 elementor-widget elementor-widget-text-editor\" data-id=\"43511a8\" data-element_type=\"widget\" data-e-type=\"widget\" data-widget_type=\"text-editor.default\">\n\t\t\t\t\t\t\t\t\t<h6>Eine F\u00fclle von Funktionen und M\u00f6glichkeiten<\/h6><strong>\ud83c\udfa8 Erweiterte Wasserzeichenoptionen<br \/>\u2705 Zwei Arten von Zeichen<\/strong> - Text mit TTF-Schriften oder PNG\/JPG\/GIF-Bildern<br \/><strong>\u2705 Personalisierung des gesamten Textes<\/strong> - Gr\u00f6\u00dfe 8-200px, beliebige Farbe, benutzerdefinierte Schriftarten<br \/><strong>\u2705 Intelligente Positionierung<\/strong> - 9 Platzierungspositionen plus Wiederholung \u00fcber das gesamte Bild<br \/><strong>\u2705 Transparenzkontrolle<\/strong> - 0% bis 100% Sichtbarkeit des Wasserzeichens<br \/><strong>\u2705 Vorschau auf die Ergebnisse<\/strong> - \u00dcberpr\u00fcfung der Auswirkungen vor der Anwendung der \u00c4nderungen<br \/><br \/><strong>\ud83c\udfaf Selektive Bildverarbeitung<\/strong><br \/><strong>\u2705 Filter f\u00fcr Vorschaubilder<\/strong> - Auswahl spezifischer Gr\u00f6\u00dfen f\u00fcr die Kennzeichnung<br \/><strong>\u2705 Automatische Erkennung<\/strong> - das System dupliziert keine Zeichen auf bereits markierten Bildern<br \/><strong>\u2705 Umgang mit neuen Produkten<\/strong> - automatische Markierung beim Hinzuf\u00fcgen\/Aktualisieren<br \/><strong>\u2705 Massenverarbeitung<\/strong> - Regenerierung aller vorhandenen Miniaturen<br \/><strong>\u2705 Intelligentes Einhaken<\/strong> - automatische Hintergrundverarbeitung<br \/><br \/><strong>\ud83d\udcbe Erweitertes Sicherungssystem<\/strong><br \/><strong>\u2705 Automatische Sicherungen<\/strong> - eine Kopie des Originals vor jeder Hinzuf\u00fcgung des Wasserzeichens<br \/><strong>\u2705 Selektive Wiederherstellung<\/strong> - R\u00fcckg\u00e4ngigmachen von \u00c4nderungen f\u00fcr ausgew\u00e4hlte Produkte<br \/><strong>\u2705 Globale Wiederherstellung<\/strong> - Entfernen Sie alle Wasserzeichen mit einem einzigen Klick<br \/><strong>\u2705 Standortverwaltung<\/strong> - Kontrolle \u00fcber die Gr\u00f6\u00dfe und Anzahl der Backups<br \/><strong>\u2705 Sicherungsstatistik<\/strong> - Vollst\u00e4ndiger \u00dcberblick \u00fcber die Festplattennutzung und den Kopierverlauf<br \/><br \/><strong>\ud83d\udcca Detaillierte Protokollierung und \u00dcberwachung<\/strong><br \/><strong>\u2705 Historie aller Vorg\u00e4nge<\/strong> - vollst\u00e4ndiges Verzeichnis der Modulaktivit\u00e4ten<br \/><strong>\u2705 Farbstatus<\/strong> - Erfolg, Warnung, Fehler, Info mit visueller Anzeige<br \/><strong>\u2705 Einzelheiten zum Produkt<\/strong> - Informationen \u00fcber bearbeitete Bilder und Spuren<br \/><strong>\u2705 Automatische Drehung<\/strong> - Maximal 5000 Eintr\u00e4ge mit Auto-Cleaning<br \/><strong>\u2705 Paginierung von Protokollen<\/strong> - effizienter \u00dcberblick \u00fcber den Aktivit\u00e4tsverlauf<br \/><br \/><strong>\u2699\ufe0f Flexible Konfiguration und Automatisierung<\/strong><br \/><strong>\u2705 CRON fortgeschritten<\/strong> - automatische Verarbeitung zu festgelegten Zeiten<br \/><strong>\u2705 Optimierung der Leistung<\/strong> - intelligentes Speicher- und Ausf\u00fchrungszeitmanagement<br \/><strong>\u2705 Mehrsprachige Schnittstelle<\/strong> - Unterst\u00fctzung f\u00fcr alle PrestaShop-Sprachen<br \/><strong>\u2705 Reaktionsf\u00e4higes Panel<\/strong> - bequeme Verwaltung auf jedem Ger\u00e4t<br \/><strong>\u2705 Zulassungsregelung<\/strong> - sichere Aktivierung bei voller Funktionalit\u00e4t<br \/><br \/><strong>\ud83d\udd27 Technische Funktionen und Integration<\/strong><br \/><strong>\u2705 Volle Kompatibilit\u00e4t<\/strong> - funktioniert mit PrestaShop 1.7.0.0 und sp\u00e4teren Versionen<br \/><strong>Unterst\u00fctzung von TTF-Schriften<\/strong> - automatische Erkennung und Verwaltung von Schriftarten<br \/><strong>\u2705 GD-Erweiterung<\/strong> - Unterst\u00fctzung f\u00fcr alle Bildformate (JPG, PNG, GIF)<br \/><strong>\u2705 Fallback-System<\/strong> - funktioniert auch ohne TTF-Schriften oder erweiterte Funktionen<br \/><strong>\u2705 Ausf\u00fchrliche Dokumentation<\/strong> - ausf\u00fchrliche Anleitungen f\u00fcr Installation und Gebrauch<div class=\"notranslate\" style=\"all: initial;\">\u00a0<\/div>\t\t\t\t\t\t\t\t<\/div>\n\t\t\t\t<div class=\"elementor-element elementor-element-46022c8 elementor-widget elementor-widget-spacer\" data-id=\"46022c8\" data-element_type=\"widget\" data-e-type=\"widget\" data-widget_type=\"spacer.default\">\n\t\t\t\t\t\t\t<div class=\"elementor-spacer\">\n\t\t\t<div class=\"elementor-spacer-inner\"><\/div>\n\t\t<\/div>\n\t\t\t\t\t\t<\/div>\n\t\t\t\t<div class=\"elementor-element elementor-element-caf68cb elementor-widget elementor-widget-text-editor\" data-id=\"caf68cb\" data-element_type=\"widget\" data-e-type=\"widget\" data-widget_type=\"text-editor.default\">\n\t\t\t\t\t\t\t\t\t<h6>Unendliche Anwendungsm\u00f6glichkeiten<\/h6>Modul <strong>CC PrestaShop Wasserzeichen<\/strong> ist perfekt f\u00fcr:<br \/><br \/><strong>Schutz des geistigen Eigentums<\/strong><br \/><strong>\u2705 Sicherheit der Bilder<\/strong> - Schutz vor Diebstahl und unbefugter Benutzung<br \/><strong>\u2705 Branding des Produkts<\/strong> - Kennzeichnung jedes Bildes mit dem Namen oder Logo des Gesch\u00e4fts<br \/><strong>\u2705 Rechtsschutz<\/strong> - Dokumentation der Eigentumsrechte an Bildern<br \/><strong>\u2705 Abschreckung des Wettbewerbs<\/strong> - das Kopieren von Bildmaterial zu erschweren<br \/><br \/><strong>Professionelles Marketing<\/strong><br \/><strong>\u2705 Markenbekanntheit<\/strong> - Werbung f\u00fcr den Namen des Gesch\u00e4fts auf jedem Bild<br \/><strong>\u2705 Visuelle Koh\u00e4renz<\/strong> - einheitliche Identifizierung in allen Bildern<br \/><strong>\u2705 Saisonale Kampagnen<\/strong> - einfache \u00c4nderung von Wasserzeichen f\u00fcr die Werbung<br \/><strong>\u2705 Verschiedene Produktlinien<\/strong> - getrennte Bezeichnungen f\u00fcr verschiedene Marken<br \/><br \/><strong>Verwaltung von gro\u00dfen Gesch\u00e4ften<\/strong><br \/><strong>\u2705 Massenverarbeitung<\/strong> - automatische Kennzeichnung von Tausenden von Produkten<br \/><strong>\u2705 Teamleitung<\/strong> - Kontrolle dar\u00fcber, wer die \u00c4nderungen vorgenommen hat und wann<br \/><strong>\u2705 Sicherung und Wiederherstellung<\/strong> - sichere Erprobung verschiedener Branding-Strategien<br \/><strong>\u2705 CRON-Automatisierung<\/strong> - Bearbeitung w\u00e4hrend der verkehrs\u00e4rmsten Stunden<div class=\"notranslate\" style=\"all: initial;\">\u00a0<\/div>\t\t\t\t\t\t\t\t<\/div>\n\t\t\t\t<div class=\"elementor-element elementor-element-3c1daa0 elementor-widget elementor-widget-spacer\" data-id=\"3c1daa0\" data-element_type=\"widget\" data-e-type=\"widget\" data-widget_type=\"spacer.default\">\n\t\t\t\t\t\t\t<div class=\"elementor-spacer\">\n\t\t\t<div class=\"elementor-spacer-inner\"><\/div>\n\t\t<\/div>\n\t\t\t\t\t\t<\/div>\n\t\t\t\t<div class=\"elementor-element elementor-element-8cbf653 elementor-widget elementor-widget-text-editor\" data-id=\"8cbf653\" data-element_type=\"widget\" data-e-type=\"widget\" data-widget_type=\"text-editor.default\">\n\t\t\t\t\t\t\t\t\t<h6>\ud83d\udcc8 Mehr Sicherheit!<\/h6><strong>Professioneller Bildschutz<\/strong> ist eine Investition in die Zukunft Ihres Online-Gesch\u00e4fts. Dank <strong>Prozessautomatisierung<\/strong>, <strong>sichere Backups<\/strong> i <strong>detaillierte \u00dcberwachung<\/strong>sichern Sie sich<strong> Tausende von Produktbildern<\/strong> ohne das Risiko, sie zu verlieren, und Sie haben die volle Kontrolle \u00fcber Ihr Markenimage. Entscheiden Sie sich f\u00fcr ein Tool, das wirklich<strong> sch\u00fctzt Ihr Unternehmen<\/strong>!<br \/><div class=\"notranslate\" style=\"all: initial;\">\u00a0<\/div>\t\t\t\t\t\t\t\t<\/div>\n\t\t\t\t<div class=\"elementor-element elementor-element-2392804 elementor-widget elementor-widget-spacer\" data-id=\"2392804\" data-element_type=\"widget\" data-e-type=\"widget\" data-widget_type=\"spacer.default\">\n\t\t\t\t\t\t\t<div class=\"elementor-spacer\">\n\t\t\t<div class=\"elementor-spacer-inner\"><\/div>\n\t\t<\/div>\n\t\t\t\t\t\t<\/div>\n\t\t\t\t<div class=\"elementor-element elementor-element-2f487a4 elementor-widget elementor-widget-text-editor\" data-id=\"2f487a4\" data-element_type=\"widget\" data-e-type=\"widget\" data-widget_type=\"text-editor.default\">\n\t\t\t\t\t\t\t\t\t<h6>F\u00fcr wen?<\/h6>Das Modul ist ideal f\u00fcr alle:<br \/><strong>\u2714 <a href=\"https:\/\/iarina029.supserv.cozmoslabs.com\/de\/produktkategorie\/einzelne-geschafte\/\" title=\"PrestaShop Gesch\u00e4fte\">PrestaShop Gesch\u00e4fte<\/a><\/strong> mit einzigartigen, sch\u00fctzenswerten Produktbildern<br \/><strong>\u2714 Markeninhaber<\/strong> Gew\u00e4hrleistung der visuellen Koh\u00e4renz und der Wiedererkennung der Marke<br \/><strong>\u2714 Fotografen und Designer<\/strong> ihre Arbeit in digitaler Form zu verkaufen<br \/><strong>\u2714 Gro\u00dfe Gesch\u00e4fte<\/strong> mit Tausenden von Produkten, die eine Massenkennzeichnung erfordern<br \/><strong>\u2714 Dropshipping-Unternehmen<\/strong> die von den Lieferanten bereitgestellten Bilder beschriften m\u00f6chten<br \/><strong>\u2714 Exklusive Anbieter<\/strong> Produkte, die dem Kopieren ausgesetzt sind<br \/><strong>\u2714 Verwalter<\/strong> Verwaltung mehrerer Gesch\u00e4fte oder Produktlinien<div class=\"notranslate\" style=\"all: initial;\">\u00a0<\/div>\t\t\t\t\t\t\t\t<\/div>\n\t\t\t\t<div class=\"elementor-element elementor-element-e5726cd elementor-widget elementor-widget-spacer\" data-id=\"e5726cd\" data-element_type=\"widget\" data-e-type=\"widget\" data-widget_type=\"spacer.default\">\n\t\t\t\t\t\t\t<div class=\"elementor-spacer\">\n\t\t\t<div class=\"elementor-spacer-inner\"><\/div>\n\t\t<\/div>\n\t\t\t\t\t\t<\/div>\n\t\t\t\t<div class=\"elementor-element elementor-element-9603ee5 elementor-widget elementor-widget-text-editor\" data-id=\"9603ee5\" data-element_type=\"widget\" data-e-type=\"widget\" data-widget_type=\"text-editor.default\">\n\t\t\t\t\t\t\t\t\t<p><div class=\"pls-block pls-block-3297\">\t\t<div data-elementor-type=\"wp-post\" data-elementor-id=\"3297\" class=\"elementor elementor-3297\">\n\t\t\t\t<div class=\"elementor-element elementor-element-d99440d e-flex e-con-boxed e-con e-parent\" data-id=\"d99440d\" data-element_type=\"container\" data-e-type=\"container\" data-settings=\"{&quot;background_background&quot;:&quot;classic&quot;}\">\n\t\t\t\t\t<div class=\"e-con-inner\">\n\t\t\t\t<div class=\"elementor-element elementor-element-b850409 elementor-widget elementor-widget-text-editor\" data-id=\"b850409\" data-element_type=\"widget\" data-e-type=\"widget\" data-widget_type=\"text-editor.default\">\n\t\t\t\t\t\t\t\t\t<h6><strong>\u00a0Erweitern Sie die M\u00f6glichkeiten Ihres Shops noch heute! <\/strong><strong>\ud83d\ude80<\/strong><\/h6>F\u00fcgen Sie neue Funktionen hinzu, verbessern Sie die Benutzerfreundlichkeit und steigern Sie Ihre Ums\u00e4tze mit unserem Modul. Einfache Installation, volle Kompatibilit\u00e4t und regelm\u00e4\u00dfige Updates - alles, was Sie brauchen, damit Ihr Shop noch besser funktioniert.<br \/>\u2705 Einfache Einrichtung \u2705 Professionelle Unterst\u00fctzung \u2705 Nahtlose Integration<br \/><br \/><a class=\"button simple\" href=\"#main-content\" title=\"Jetzt installieren und benutzen!\">Installieren und benutzen Sie es jetzt!<\/a>\t\t\t\t\t\t\t\t<\/div>\n\t\t\t\t\t<\/div>\n\t\t\t\t<\/div>\n\t\t\t\t<\/div>\n\t\t<\/div><\/p>\t\t\t\t\t\t\t\t<\/div>\n\t\t\t\t\t<\/div>\n\t\t\t\t<\/div>\n\t\t\t\t<\/div>","protected":false},"excerpt":{"rendered":"Presta Shop Znak Wodny \u2013 Profesjonalna ochrona zdj\u0119\u0107 produkt\u00f3w z systemem kopii zapasowych Chro\u0144 swoje zdj\u0119cia produkt\u00f3w przed kradzie\u017c\u0105 i nieautoryzowanym u\u017cyciem! CC Presta Shop Znak Wodny to zaawansowany modu\u0142,","protected":false},"featured_media":4991,"comment_status":"open","ping_status":"closed","template":"","meta":{"powered_cache_disable_cache":false,"powered_cache_disable_css_optimization":false,"powered_cache_disable_js_optimization":false},"product_brand":[275],"product_cat":[128,131],"product_tag":[273,244,279,278],"class_list":{"0":"post-4985","1":"product","2":"type-product","3":"status-publish","4":"has-post-thumbnail","6":"product_brand-cocos","7":"product_cat-moduly","8":"product_cat-prestashop","9":"product_tag-modul-prestashop","10":"product_tag-prestashop","11":"product_tag-zabezpieczenie-zdjec","12":"product_tag-znak-wodny","14":"first","15":"instock","16":"downloadable","17":"virtual","18":"taxable","19":"purchasable","20":"product-type-simple"},"_links":{"self":[{"href":"https:\/\/iarina029.supserv.cozmoslabs.com\/de\/wp-json\/wp\/v2\/product\/4985","targetHints":{"allow":["GET"]}}],"collection":[{"href":"https:\/\/iarina029.supserv.cozmoslabs.com\/de\/wp-json\/wp\/v2\/product"}],"about":[{"href":"https:\/\/iarina029.supserv.cozmoslabs.com\/de\/wp-json\/wp\/v2\/types\/product"}],"replies":[{"embeddable":true,"href":"https:\/\/iarina029.supserv.cozmoslabs.com\/de\/wp-json\/wp\/v2\/comments?post=4985"}],"version-history":[{"count":1,"href":"https:\/\/iarina029.supserv.cozmoslabs.com\/de\/wp-json\/wp\/v2\/product\/4985\/revisions"}],"predecessor-version":[{"id":6269,"href":"https:\/\/iarina029.supserv.cozmoslabs.com\/de\/wp-json\/wp\/v2\/product\/4985\/revisions\/6269"}],"wp:featuredmedia":[{"embeddable":true,"href":"https:\/\/iarina029.supserv.cozmoslabs.com\/de\/wp-json\/wp\/v2\/media\/4991"}],"wp:attachment":[{"href":"https:\/\/iarina029.supserv.cozmoslabs.com\/de\/wp-json\/wp\/v2\/media?parent=4985"}],"wp:term":[{"taxonomy":"product_brand","embeddable":true,"href":"https:\/\/iarina029.supserv.cozmoslabs.com\/de\/wp-json\/wp\/v2\/product_brand?post=4985"},{"taxonomy":"product_cat","embeddable":true,"href":"https:\/\/iarina029.supserv.cozmoslabs.com\/de\/wp-json\/wp\/v2\/product_cat?post=4985"},{"taxonomy":"product_tag","embeddable":true,"href":"https:\/\/iarina029.supserv.cozmoslabs.com\/de\/wp-json\/wp\/v2\/product_tag?post=4985"}],"curies":[{"name":"wp","href":"https:\/\/api.w.org\/{rel}","templated":true}]}}