{"id":4730,"date":"2025-06-30T17:57:20","date_gmt":"2025-06-30T15:57:20","guid":{"rendered":"https:\/\/cocos.codes\/?post_type=product&#038;p=4730"},"modified":"2026-01-22T21:27:14","modified_gmt":"2026-01-22T20:27:14","slug":"massive-preisanderungen","status":"publish","type":"product","link":"https:\/\/iarina029.supserv.cozmoslabs.com\/de\/product\/massive-preisanderungen\/","title":{"rendered":"PrestaShop Massenpreis\u00e4nderung 1.0.0"},"content":{"rendered":"<div data-elementor-type=\"wp-post\" data-elementor-id=\"4730\" class=\"elementor elementor-4730\">\n\t\t\t\t<div class=\"elementor-element elementor-element-fb67216 e-flex e-con-boxed e-con e-parent\" data-id=\"fb67216\" data-element_type=\"container\" data-e-type=\"container\">\n\t\t\t\t\t<div class=\"e-con-inner\">\n\t\t\t\t<div class=\"elementor-element elementor-element-3555790 elementor-widget elementor-widget-text-editor\" data-id=\"3555790\" data-element_type=\"widget\" data-e-type=\"widget\" data-widget_type=\"text-editor.default\">\n\t\t\t\t\t\t\t\t\t<h6><strong>CC PrestaShop Massenpreis\u00e4nderung - Produktpreise schnell und sicher bearbeiten<\/strong><\/h6><p>Sparen Sie Zeit und verwalten Sie Ihre Shop-Preise noch effizienter! <strong>CC <a href=\"https:\/\/prestashop.com\/\" title=\"PrestaShop\" target=\"_blank\" rel=\"noopener\">PrestaShop<\/a> Masse Preis\u00e4nderung<\/strong> ist ein fortschrittliches Modul, mit dem Sie schnell und sicher die Preise mehrerer Produkte gleichzeitig bearbeiten k\u00f6nnen. Nutzen Sie intelligente Filter, automatische Backups und eine vollst\u00e4ndige \u00c4nderungshistorie, um die volle Kontrolle \u00fcber Ihre Preispolitik zu behalten. <a href=\"https:\/\/iarina029.supserv.cozmoslabs.com\/de\/produktkategorie\/einzelne-geschafte\/\" title=\"Shop\">Gesch\u00e4ft<\/a>.<\/p>\t\t\t\t\t\t\t\t<\/div>\n\t\t\t\t<div class=\"elementor-element elementor-element-4aeca23 elementor-widget elementor-widget-spacer\" data-id=\"4aeca23\" data-element_type=\"widget\" data-e-type=\"widget\" data-widget_type=\"spacer.default\">\n\t\t\t\t\t\t\t<div class=\"elementor-spacer\">\n\t\t\t<div class=\"elementor-spacer-inner\"><\/div>\n\t\t<\/div>\n\t\t\t\t\t\t<\/div>\n\t\t\t\t\t<\/div>\n\t\t\t\t<\/div>\n\t\t<div class=\"elementor-element elementor-element-c022e9a e-grid e-con-boxed e-con e-parent\" data-id=\"c022e9a\" data-element_type=\"container\" data-e-type=\"container\">\n\t\t\t\t\t<div class=\"e-con-inner\">\n\t\t\t\t<div class=\"elementor-element elementor-element-27bf348 elementor-widget elementor-widget-pls-button\" data-id=\"27bf348\" data-element_type=\"widget\" data-e-type=\"widget\" data-widget_type=\"pls-button.default\">\n\t\t\t\t<div class=\"elementor-widget-container\">\n\t\t\t\t\t<div id=\"pls-button-80986\" class=\"pls-element pls-button\">\n\t<a class=\"button btn-style-flat\" href=\"https:\/\/iarina029.supserv.cozmoslabs.com\/de\/wissensbasis\/prestashop\/prestashop-dokumentation\/massive-preisanderungen\/\" title=\"DOKUMENTATION\" target=\"_blank\">\n\t\tDOKUMENTATION\t<\/a>\n<\/div>\n\t\t\t\t<\/div>\n\t\t\t\t<\/div>\n\t\t\t\t<div class=\"elementor-element elementor-element-b1479e2 elementor-widget elementor-widget-pls-button\" data-id=\"b1479e2\" data-element_type=\"widget\" data-e-type=\"widget\" data-widget_type=\"pls-button.default\">\n\t\t\t\t<div class=\"elementor-widget-container\">\n\t\t\t\t\t<div id=\"pls-button-50339\" class=\"pls-element pls-button\">\n\t<a class=\"button btn-style-flat\" href=\"https:\/\/demo.cocos.codes\/cc_ps_mass_price\/\" title=\"DEMO\" target=\"_blank\" rel=\"noopener\">\n\t\tDEMO\t<\/a>\n<\/div>\n\t\t\t\t<\/div>\n\t\t\t\t<\/div>\n\t\t\t\t\t<\/div>\n\t\t\t\t<\/div>\n\t\t<div class=\"elementor-element elementor-element-381878d e-flex e-con-boxed e-con e-parent\" data-id=\"381878d\" data-element_type=\"container\" data-e-type=\"container\">\n\t\t\t\t\t<div class=\"e-con-inner\">\n\t\t\t\t<div class=\"elementor-element elementor-element-539e7ce elementor-widget elementor-widget-spacer\" data-id=\"539e7ce\" data-element_type=\"widget\" data-e-type=\"widget\" data-widget_type=\"spacer.default\">\n\t\t\t\t\t\t\t<div class=\"elementor-spacer\">\n\t\t\t<div class=\"elementor-spacer-inner\"><\/div>\n\t\t<\/div>\n\t\t\t\t\t\t<\/div>\n\t\t\t\t<div class=\"elementor-element elementor-element-2be1df0 elementor-widget elementor-widget-text-editor\" data-id=\"2be1df0\" data-element_type=\"widget\" data-e-type=\"widget\" data-widget_type=\"text-editor.default\">\n\t\t\t\t\t\t\t\t\t<h6><strong>Eine F\u00fclle von Funktionen und M\u00f6glichkeiten<\/strong><\/h6><p><strong>\ud83d\udcb0 Erweiterte Optionen zur Preis\u00e4nderung<\/strong><br \/>\u2705 <strong>Drei Arten der Ver\u00e4nderung<\/strong> - Prozents\u00e4tze, feste Werte oder direkte Preisfestsetzung<br \/>\u2705 <strong>Netto- und Brutto\u00e4nderung<\/strong> - automatische Mehrwertsteuerumrechnung f\u00fcr jedes Produkt<br \/>\u2705 <strong>Intelligente Rundung<\/strong> - 7 M\u00f6glichkeiten zur Anpassung an beliebte Preistipps<br \/>\u2705 <strong>Vorschau der \u00c4nderungen<\/strong> - \u00dcberpr\u00fcfung der Ergebnisse vor der Anwendung<br \/>\u2705 <strong>Test-Modus<\/strong> - Simulation ohne Speicherung in der Datenbank<\/p><p><strong>\ud83c\udfaf Pr\u00e4zise Produktfilterung<\/strong><br \/>\u2705 <strong>Kategorie-Filter<\/strong> - Auswahl von Produkten aus bestimmten Kategorien<br \/>\u2705 <strong>Preisklassen<\/strong> - Auswahl nach den aktuellen Produktpreisen<br \/>\u2705 <strong>Best\u00e4nde<\/strong> - Filtern nach vorr\u00e4tiger Menge<br \/>\u2705 <strong>Status der Aktivit\u00e4t<\/strong> - nur aktive oder alle Produkte<br \/>\u2705 <strong>Kombination von Filtern<\/strong> - Kombination von Kriterien f\u00fcr eine pr\u00e4zise Auswahl<\/p><p><strong>\ud83d\udd12 Datensicherheitssystem<\/strong><br \/>\u2705 <strong>Automatische Backups<\/strong> - Sicherung vor jeder Massenoperation<br \/>\u2705 <strong>Manuelle Backups<\/strong> - Erstellung von Kopien zu jeder Zeit<br \/>\u2705 <strong>Schnelle Wiederherstellung<\/strong> - R\u00fcckg\u00e4ngigmachen von \u00c4nderungen mit einem Mausklick<br \/>\u2705 <strong>Archivverwaltung<\/strong> - Kontrolle \u00fcber alte Backups<br \/>\u2705 <strong>Sicherheit der Operationen<\/strong> - Best\u00e4tigungen, bevor \u00c4nderungen vorgenommen werden<\/p><p><strong>\ud83d\udcca Detaillierte Protokollierung und Pr\u00fcfung<\/strong><br \/>\u2705 <strong>Historie aller \u00c4nderungen<\/strong> - vollst\u00e4ndige Aufzeichnung der Preis\u00e4nderungen<br \/>\u2705 <strong>Informationen f\u00fcr den Benutzer<\/strong> - wer die \u00c4nderungen vorgenommen hat und wann<br \/>\u2705 <strong>Log-Filter<\/strong> - Suche nach Produkt, Datum, Benutzer<br \/>\u2705 <strong>Statistik der Operationen<\/strong> - t\u00e4gliche, w\u00f6chentliche und allgemeine Berichte<br \/>\u2705 <strong>Kontrolle der Aufzeichnung<\/strong> - M\u00f6glichkeit zur Aktivierung\/Deaktivierung von Protokollen<\/p><p><strong>\u2699\ufe0f Flexible Konfiguration<\/strong><br \/>\u2705 <strong>Standardeinstellungen<\/strong> - Personalisierung von Standardwerten<br \/>\u2705 <strong>Sicherheitsgrenzen<\/strong> - Kontrolle der maximalen Anzahl von Produkten pro Vorgang<br \/>\u2705 <strong>Mehrsprachigkeit<\/strong> - Unterst\u00fctzung f\u00fcr alle PrestaShop-Sprachen<br \/>\u2705 <strong>Reaktionsf\u00e4hige Schnittstelle<\/strong> - bequeme Verwaltung auf jedem Ger\u00e4t<br \/>\u2705 <strong>Integration mit PrestaShop<\/strong> - volle Kompatibilit\u00e4t mit dem Shopsystem<\/p><p><strong>\ud83d\udd27 Technische Merkmale<\/strong><br \/>\u2705 <strong>Optimierung der Leistung<\/strong> - Abwicklung gro\u00dfer Gesch\u00e4fte mit Tausenden von Produkten<br \/>\u2705 <strong>Lizenzvergabesystem<\/strong> - sichere Aktivierung und Verwaltung<br \/>\u2705 <strong>Paginierung der Ergebnisse<\/strong> - effizientes Durchsuchen gro\u00dfer Datenmengen<br \/>\u2705 <strong>Kompatibilit\u00e4t<\/strong> - funktioniert mit PrestaShop 1.7.0.0 und sp\u00e4teren Versionen<br \/>\u2705 <strong>Ausf\u00fchrliche Dokumentation<\/strong> - umfassende Gebrauchsanweisungen<\/p>\t\t\t\t\t\t\t\t<\/div>\n\t\t\t\t<div class=\"elementor-element elementor-element-271c3e1 elementor-widget elementor-widget-spacer\" data-id=\"271c3e1\" data-element_type=\"widget\" data-e-type=\"widget\" data-widget_type=\"spacer.default\">\n\t\t\t\t\t\t\t<div class=\"elementor-spacer\">\n\t\t\t<div class=\"elementor-spacer-inner\"><\/div>\n\t\t<\/div>\n\t\t\t\t\t\t<\/div>\n\t\t\t\t<div class=\"elementor-element elementor-element-1b98951 elementor-widget elementor-widget-text-editor\" data-id=\"1b98951\" data-element_type=\"widget\" data-e-type=\"widget\" data-widget_type=\"text-editor.default\">\n\t\t\t\t\t\t\t\t\t<h6><strong>Unendliche Anwendungsm\u00f6glichkeiten<\/strong><\/h6><p>Die CC PrestaShop Massenpreis\u00e4nderung Modul ist ideal f\u00fcr:<\/p><p><strong>Verwaltung von Bef\u00f6rderungen<\/strong><br \/>\u2705 <strong>Saisonale Verk\u00e4ufe<\/strong> - schnelle Preissenkung ganzer Kategorien<br \/>\u2705 <strong>Schwarzer Freitag und Cyber Monday<\/strong> - Massenwerbung mit ein paar Klicks<br \/>\u2705 <strong>Befristete Bef\u00f6rderungen<\/strong> - einfache Wiederherstellung der urspr\u00fcnglichen Preise<br \/>\u2705 <strong>Rabatt-Codes<\/strong> - Anpassung der Preise an die Marketingkampagnen<\/p><p><strong>Preis-Updates<\/strong><br \/>\u2705 <strong>Preis\u00e4nderungen bei den Lieferanten<\/strong> - Weitergabe von Preiserh\u00f6hungen im Einzelhandel<br \/>\u2705 <strong>Inflation und Valorisierung<\/strong> - prozentuale Anpassung aller Preise<br \/>\u2705 <strong>Anpassungen der Gewinnspanne<\/strong> - Optimierung der Rentabilit\u00e4t der Produkte<br \/>\u2705 <strong>Vereinheitlichung der Preise<\/strong> - Harmonisierung der Preise innerhalb der Kategorien<\/p><p><strong>Gesch\u00e4ftsbetrieb<\/strong><br \/>\u2705 <strong>\u00c4nderung der Preisstrategie<\/strong> - Umstellung auf ein neues Preismodell<br \/>\u2705 <strong>Ausrichtung auf den Wettbewerb<\/strong> - schnelle Reaktion auf Marktentwicklungen<br \/>\u2705 <strong>Verwaltung von Tipps<\/strong> - Anwendung der Preispsychologie (.99, .49)<br \/>\u2705 <strong>Mehrwertsteuer-Optimierung<\/strong> - Umrechnungen zwischen Netto- und Bruttopreisen<\/p>\t\t\t\t\t\t\t\t<\/div>\n\t\t\t\t<div class=\"elementor-element elementor-element-5e0445e elementor-widget elementor-widget-spacer\" data-id=\"5e0445e\" data-element_type=\"widget\" data-e-type=\"widget\" data-widget_type=\"spacer.default\">\n\t\t\t\t\t\t\t<div class=\"elementor-spacer\">\n\t\t\t<div class=\"elementor-spacer-inner\"><\/div>\n\t\t<\/div>\n\t\t\t\t\t\t<\/div>\n\t\t\t\t<div class=\"elementor-element elementor-element-389c429 elementor-widget elementor-widget-text-editor\" data-id=\"389c429\" data-element_type=\"widget\" data-e-type=\"widget\" data-widget_type=\"text-editor.default\">\n\t\t\t\t\t\t\t\t\t<h6><strong>\ud83d\udcc8 Effizienz steigern!<\/strong><\/h6><strong>Professionelles Preismanagement<\/strong> ist der Schl\u00fcssel zum Erfolg im elektronischen Handel. Dank <strong>Prozessautomatisierung<\/strong>, <strong>sichere Backups<\/strong> i <strong>detailliertes Audit<\/strong>speichern <strong>Dutzende von Arbeitsstunden<\/strong> pro Monat und vermeiden <strong>kostspielige Fehler<\/strong>. Entscheiden Sie sich f\u00fcr ein Werkzeug, das wirklich <strong>verbessert das Gesch\u00e4ft<\/strong>!\t\t\t\t\t\t\t\t<\/div>\n\t\t\t\t<div class=\"elementor-element elementor-element-f186edf elementor-widget elementor-widget-spacer\" data-id=\"f186edf\" data-element_type=\"widget\" data-e-type=\"widget\" data-widget_type=\"spacer.default\">\n\t\t\t\t\t\t\t<div class=\"elementor-spacer\">\n\t\t\t<div class=\"elementor-spacer-inner\"><\/div>\n\t\t<\/div>\n\t\t\t\t\t\t<\/div>\n\t\t\t\t<div class=\"elementor-element elementor-element-70b0b28 elementor-widget elementor-widget-text-editor\" data-id=\"70b0b28\" data-element_type=\"widget\" data-e-type=\"widget\" data-widget_type=\"text-editor.default\">\n\t\t\t\t\t\t\t\t\t<h6><strong>F\u00fcr wen?<\/strong><\/h6><p>Das Modul ist ideal f\u00fcr alle:<br \/>\u2714 <strong>PrestaShop Gesch\u00e4fte<\/strong> mit einer gro\u00dfen Anzahl von Produkten, die regelm\u00e4\u00dfige Preisaktualisierungen erfordern<br \/>\u2714 <strong>E-Commerce-Manager<\/strong> auf der Suche nach Instrumenten f\u00fcr ein effektives Sortimentsmanagement<br \/>\u2714 <strong>Ladenbesitzer<\/strong> Organisation von h\u00e4ufigen Werbeaktionen und Verk\u00e4ufen<br \/>\u2714 <strong>Dropshipping-Unternehmen<\/strong> die Notwendigkeit, schnell auf \u00c4nderungen der Lieferantenpreise zu reagieren<br \/>\u2714 <strong>Gro\u00dfh\u00e4ndler<\/strong> Verwaltung verschiedener Preisgruppen<br \/>\u2714 <strong>Verwalter einkaufen<\/strong> Gew\u00e4hrleistung der Sicherheit und Pr\u00fcfung der Preisfestsetzungsma\u00dfnahmen<br \/>\u2714 <strong>Unternehmer<\/strong> diejenigen, die sich auf Automatisierung und Zeitersparnis konzentrieren<\/p>\t\t\t\t\t\t\t\t<\/div>\n\t\t\t\t<div class=\"elementor-element elementor-element-03009ef elementor-widget elementor-widget-spacer\" data-id=\"03009ef\" data-element_type=\"widget\" data-e-type=\"widget\" data-widget_type=\"spacer.default\">\n\t\t\t\t\t\t\t<div class=\"elementor-spacer\">\n\t\t\t<div class=\"elementor-spacer-inner\"><\/div>\n\t\t<\/div>\n\t\t\t\t\t\t<\/div>\n\t\t\t\t<div class=\"elementor-element elementor-element-f21b756 elementor-widget elementor-widget-text-editor\" data-id=\"f21b756\" data-element_type=\"widget\" data-e-type=\"widget\" data-widget_type=\"text-editor.default\">\n\t\t\t\t\t\t\t\t\t<p><div class=\"pls-block pls-block-3297\">\t\t<div data-elementor-type=\"wp-post\" data-elementor-id=\"3297\" class=\"elementor elementor-3297\">\n\t\t\t\t<div class=\"elementor-element elementor-element-d99440d e-flex e-con-boxed e-con e-parent\" data-id=\"d99440d\" data-element_type=\"container\" data-e-type=\"container\" data-settings=\"{&quot;background_background&quot;:&quot;classic&quot;}\">\n\t\t\t\t\t<div class=\"e-con-inner\">\n\t\t\t\t<div class=\"elementor-element elementor-element-b850409 elementor-widget elementor-widget-text-editor\" data-id=\"b850409\" data-element_type=\"widget\" data-e-type=\"widget\" data-widget_type=\"text-editor.default\">\n\t\t\t\t\t\t\t\t\t<h6><strong>\u00a0Erweitern Sie die M\u00f6glichkeiten Ihres Shops noch heute! <\/strong><strong>\ud83d\ude80<\/strong><\/h6>F\u00fcgen Sie neue Funktionen hinzu, verbessern Sie die Benutzerfreundlichkeit und steigern Sie Ihre Ums\u00e4tze mit unserem Modul. Einfache Installation, volle Kompatibilit\u00e4t und regelm\u00e4\u00dfige Updates - alles, was Sie brauchen, damit Ihr Shop noch besser funktioniert.<br \/>\u2705 Einfache Einrichtung \u2705 Professionelle Unterst\u00fctzung \u2705 Nahtlose Integration<br \/><br \/><a class=\"button simple\" href=\"#main-content\" title=\"Jetzt installieren und benutzen!\">Installieren und benutzen Sie es jetzt!<\/a>\t\t\t\t\t\t\t\t<\/div>\n\t\t\t\t\t<\/div>\n\t\t\t\t<\/div>\n\t\t\t\t<\/div>\n\t\t<\/div><\/p>\t\t\t\t\t\t\t\t<\/div>\n\t\t\t\t\t<\/div>\n\t\t\t\t<\/div>\n\t\t\t\t<\/div>","protected":false},"excerpt":{"rendered":"CC Presta Shop Massenpreis\u00e4nderung - Produktpreise schnell und sicher bearbeiten Sparen Sie Zeit und verwalten Sie Ihre Shop-Preise noch effizienter! CC Presta Shop Massenpreis\u00e4nderung ist eine erweiterte","protected":false},"featured_media":4762,"comment_status":"open","ping_status":"closed","template":"","meta":{"powered_cache_disable_cache":false,"powered_cache_disable_css_optimization":false,"powered_cache_disable_js_optimization":false},"product_brand":[275],"product_cat":[128,131],"product_tag":[274,272,273],"class_list":{"0":"post-4730","1":"product","2":"type-product","3":"status-publish","4":"has-post-thumbnail","6":"product_brand-cocos","7":"product_cat-moduly","8":"product_cat-prestashop","9":"product_tag-ceny","10":"product_tag-masowa-zmiana-cen","11":"product_tag-modul-prestashop","13":"first","14":"instock","15":"featured","16":"downloadable","17":"virtual","18":"taxable","19":"purchasable","20":"product-type-simple"},"_links":{"self":[{"href":"https:\/\/iarina029.supserv.cozmoslabs.com\/de\/wp-json\/wp\/v2\/product\/4730","targetHints":{"allow":["GET"]}}],"collection":[{"href":"https:\/\/iarina029.supserv.cozmoslabs.com\/de\/wp-json\/wp\/v2\/product"}],"about":[{"href":"https:\/\/iarina029.supserv.cozmoslabs.com\/de\/wp-json\/wp\/v2\/types\/product"}],"replies":[{"embeddable":true,"href":"https:\/\/iarina029.supserv.cozmoslabs.com\/de\/wp-json\/wp\/v2\/comments?post=4730"}],"version-history":[{"count":0,"href":"https:\/\/iarina029.supserv.cozmoslabs.com\/de\/wp-json\/wp\/v2\/product\/4730\/revisions"}],"wp:featuredmedia":[{"embeddable":true,"href":"https:\/\/iarina029.supserv.cozmoslabs.com\/de\/wp-json\/wp\/v2\/media\/4762"}],"wp:attachment":[{"href":"https:\/\/iarina029.supserv.cozmoslabs.com\/de\/wp-json\/wp\/v2\/media?parent=4730"}],"wp:term":[{"taxonomy":"product_brand","embeddable":true,"href":"https:\/\/iarina029.supserv.cozmoslabs.com\/de\/wp-json\/wp\/v2\/product_brand?post=4730"},{"taxonomy":"product_cat","embeddable":true,"href":"https:\/\/iarina029.supserv.cozmoslabs.com\/de\/wp-json\/wp\/v2\/product_cat?post=4730"},{"taxonomy":"product_tag","embeddable":true,"href":"https:\/\/iarina029.supserv.cozmoslabs.com\/de\/wp-json\/wp\/v2\/product_tag?post=4730"}],"curies":[{"name":"wp","href":"https:\/\/api.w.org\/{rel}","templated":true}]}}