{"id":3980,"date":"2025-05-28T10:57:27","date_gmt":"2025-05-28T08:57:27","guid":{"rendered":"https:\/\/cocos.codes\/?post_type=product&#038;p=3980"},"modified":"2025-12-12T00:19:43","modified_gmt":"2025-12-11T23:19:43","slug":"prestashop-banner","status":"publish","type":"product","link":"https:\/\/iarina029.supserv.cozmoslabs.com\/de\/product\/prestashop-banner\/","title":{"rendered":"PrestaShop Banner 1.0.1"},"content":{"rendered":"<div data-elementor-type=\"wp-post\" data-elementor-id=\"3980\" class=\"elementor elementor-3980\">\n\t\t\t\t<div class=\"elementor-element elementor-element-678509c e-flex e-con-boxed e-con e-parent\" data-id=\"678509c\" data-element_type=\"container\" data-e-type=\"container\">\n\t\t\t\t\t<div class=\"e-con-inner\">\n\t\t\t\t<div class=\"elementor-element elementor-element-f528573 elementor-widget elementor-widget-text-editor\" data-id=\"f528573\" data-element_type=\"widget\" data-e-type=\"widget\" data-widget_type=\"text-editor.default\">\n\t\t\t\t\t\t\t\t\t<h6>PrestaShop Banner \u2013 Moderne Banner, die verkaufen<\/h6>Steigern Sie die Wirksamkeit Ihrer Shop-Promotions mit auff\u00e4lligen Bannern. <strong>CC <a href=\"https:\/\/prestashop.com\/\" title=\"PrestaShop\" target=\"_blank\" rel=\"noopener\">PrestaShop<\/a> Banner<\/strong> ist ein intuitives Modul, mit dem Sie attraktive Banner mit Animationen, Videohintergr\u00fcnden und vorgefertigten Vorlagen erstellen k\u00f6nnen - ganz ohne Programmierkenntnisse. Passen Sie das Aussehen Ihres Shops ganz einfach an, ziehen Sie die Aufmerksamkeit Ihrer Kunden auf sich und verbessern Sie Ihre Verkaufsergebnisse.\t\t\t\t\t\t\t\t<\/div>\n\t\t\t\t<div class=\"elementor-element elementor-element-15118ad elementor-widget elementor-widget-spacer\" data-id=\"15118ad\" data-element_type=\"widget\" data-e-type=\"widget\" data-widget_type=\"spacer.default\">\n\t\t\t\t\t\t\t<div class=\"elementor-spacer\">\n\t\t\t<div class=\"elementor-spacer-inner\"><\/div>\n\t\t<\/div>\n\t\t\t\t\t\t<\/div>\n\t\t\t\t\t<\/div>\n\t\t\t\t<\/div>\n\t\t<div class=\"elementor-element elementor-element-b97cfd6 e-grid e-con-boxed e-con e-parent\" data-id=\"b97cfd6\" data-element_type=\"container\" data-e-type=\"container\">\n\t\t\t\t\t<div class=\"e-con-inner\">\n\t\t\t\t<div class=\"elementor-element elementor-element-f862ee6 elementor-widget elementor-widget-pls-button\" data-id=\"f862ee6\" data-element_type=\"widget\" data-e-type=\"widget\" data-widget_type=\"pls-button.default\">\n\t\t\t\t<div class=\"elementor-widget-container\">\n\t\t\t\t\t<div id=\"pls-button-22201\" class=\"pls-element pls-button\">\n\t<a class=\"button btn-style-flat\" href=\"https:\/\/iarina029.supserv.cozmoslabs.com\/de\/wissensbasis\/prestashop\/prestashop-dokumentation\/prestashop-banner\/\" title=\"DOKUMENTATION\" target=\"_blank\">\n\t\tDOKUMENTATION\t<\/a>\n<\/div>\n\t\t\t\t<\/div>\n\t\t\t\t<\/div>\n\t\t\t\t<div class=\"elementor-element elementor-element-a19f8db elementor-widget elementor-widget-pls-button\" data-id=\"a19f8db\" data-element_type=\"widget\" data-e-type=\"widget\" data-widget_type=\"pls-button.default\">\n\t\t\t\t<div class=\"elementor-widget-container\">\n\t\t\t\t\t<div id=\"pls-button-53379\" class=\"pls-element pls-button\">\n\t<a class=\"button btn-style-flat\" href=\"https:\/\/demo.cocos.codes\/cc_ps_banner\/\" title=\"DEMO\" target=\"_blank\" rel=\"noopener\">\n\t\tDEMO\t<\/a>\n<\/div>\n\t\t\t\t<\/div>\n\t\t\t\t<\/div>\n\t\t\t\t\t<\/div>\n\t\t\t\t<\/div>\n\t\t<div class=\"elementor-element elementor-element-13247fd5 e-flex e-con-boxed e-con e-parent\" data-id=\"13247fd5\" data-element_type=\"container\" data-e-type=\"container\">\n\t\t\t\t\t<div class=\"e-con-inner\">\n\t\t\t\t<div class=\"elementor-element elementor-element-13f6c56 elementor-widget elementor-widget-spacer\" data-id=\"13f6c56\" data-element_type=\"widget\" data-e-type=\"widget\" data-widget_type=\"spacer.default\">\n\t\t\t\t\t\t\t<div class=\"elementor-spacer\">\n\t\t\t<div class=\"elementor-spacer-inner\"><\/div>\n\t\t<\/div>\n\t\t\t\t\t\t<\/div>\n\t\t\t\t<div class=\"elementor-element elementor-element-7462de8 elementor-widget elementor-widget-text-editor\" data-id=\"7462de8\" data-element_type=\"widget\" data-e-type=\"widget\" data-widget_type=\"text-editor.default\">\n\t\t\t\t\t\t\t\t\t<h6>Umfangreiche Tools und Optionen<\/h6><strong>\ud83c\udfac Erweiterte Hintergrundoptionen<br \/>\u2705<\/strong>Video als Hintergrund - YouTube, Vimeo oder Ihre eigene MP4-Datei<br \/>\u2705 Fotos - M\u00f6glichkeit zum Hochladen eigener Bilder in hoher Qualit\u00e4t<br \/>\u2705 Farbe - vollst\u00e4ndige Farbpalette mit Transparenzunterst\u00fctzung<br \/>\u2705 Automatische Wiedergabe - Konfiguration der Videowiedergabe<br \/>\u2705 Video-Bedienelemente - benutzerdefinierte Bedientasten<br \/><br \/><strong>\ud83c\udfa8 Vorgefertigte Inhaltsvorlagen<br \/>\u2705 <\/strong>9 professionelle Voreinstellungen - vorgefertigte Layouts f\u00fcr den sofortigen Einsatz<br \/>\u2705 Zentrale Titel - auff\u00e4llige \u00dcberschriften<br \/>\u2705 Spaltenlayouts - flexible Verteilung der Inhalte<br \/>\u2705 CTA-Schaltfl\u00e4chen - vollst\u00e4ndig anpassbare Call-To-Action-Schaltfl\u00e4chen<br \/>\u2705 Farbliche Personalisierung - passend zur Corporate Identity des Gesch\u00e4fts<br \/><br \/><strong>\u2728 Visuelle Effekte und Animation<br \/>\u2705 <\/strong>Farb- und Grafik-Overlays - erh\u00f6hen die Lesbarkeit des Textes<br \/>\u2705 Eingabeanimationen - weiches Erscheinungsbild, Verschiebe- und Skalierungseffekte<br \/>\u2705 Abgerundete Ecken - modernes Design f\u00fcr Transparente<br \/>\u2705 Transparenzanpassung - volle Kontrolle \u00fcber Ebenen<br \/>\u2705 Benutzerdefinierte CSS - M\u00f6glichkeit, benutzerdefinierte Stile hinzuzuf\u00fcgen<br \/><br \/><strong>\u2699\ufe0f Flexible Konfiguration<br \/><\/strong>\u2705 Auswahl des Anzeigeortes - mehr als 25 verschiedene PrestaShop-Haken<br \/>\u2705 Zeitplan anzeigen - automatische Aktivierung und Deaktivierung<br \/>\u2705 Reaktionsf\u00e4higkeit - perfekte Anpassung an jedes Ger\u00e4t<br \/>\u2705 Positionsmanagement - Kontrolle der Anzeigereihenfolge von mehreren Bannern<br \/>\u2705 Mehrsprachigkeit - Unterst\u00fctzung f\u00fcr alle Shopsprachen<br \/><br \/><strong>\ud83d\udd27 Technische Merkmale<br \/>\u2705 <\/strong>Intuitive Verwaltungsoberfl\u00e4che - einfache Bannerverwaltung<br \/>\u2705 Lizenzmanagementsystem - komfortable Aktivierung und Verwaltung<br \/>\u2705 Leistungsoptimierung - schnelles Laden trotz erweiterter Funktionen<br \/>\u2705 Kompatibilit\u00e4t - funktioniert mit PrestaShop 1.7 und sp\u00e4teren Versionen<br \/>\u2705 Dokumentation - detaillierte Anleitungen und Beispiele\t\t\t\t\t\t\t\t<\/div>\n\t\t\t\t<div class=\"elementor-element elementor-element-40d990c elementor-widget elementor-widget-spacer\" data-id=\"40d990c\" data-element_type=\"widget\" data-e-type=\"widget\" data-widget_type=\"spacer.default\">\n\t\t\t\t\t\t\t<div class=\"elementor-spacer\">\n\t\t\t<div class=\"elementor-spacer-inner\"><\/div>\n\t\t<\/div>\n\t\t\t\t\t\t<\/div>\n\t\t\t\t<div class=\"elementor-element elementor-element-eddeaac elementor-widget elementor-widget-text-editor\" data-id=\"eddeaac\" data-element_type=\"widget\" data-e-type=\"widget\" data-widget_type=\"text-editor.default\">\n\t\t\t\t\t\t\t\t\t<h6>Ein Werkzeug, hunderte von Anwendungen<\/h6>Das CC PrestaShop Banner Modul ist perfekt f\u00fcr:<br \/><strong>Werbekampagnen<br \/>\u2705 <\/strong>Befristete Werbeaktionen und saisonale Verk\u00e4ufe<br \/>\u2705 Sonderangebote und Rabattcodes<br \/>\u2705 Neue Produkte und Kollektionen<br \/>\u2705 Schwarzer Freitag und andere Shopping-Events<br \/><br \/><strong>Kommunikation mit Kunden<br \/>\u2705 <\/strong>Wichtige Shop-Informationen<br \/>\u2705 Arbeitszeiten und Kontaktinformationen<br \/>Informationen zu Versand und R\u00fcckgabe<br \/>\u2705 Sicherheitsgarantien und Zusicherungen\t\t\t\t\t\t\t\t<\/div>\n\t\t\t\t<div class=\"elementor-element elementor-element-7e87940 elementor-widget elementor-widget-spacer\" data-id=\"7e87940\" data-element_type=\"widget\" data-e-type=\"widget\" data-widget_type=\"spacer.default\">\n\t\t\t\t\t\t\t<div class=\"elementor-spacer\">\n\t\t\t<div class=\"elementor-spacer-inner\"><\/div>\n\t\t<\/div>\n\t\t\t\t\t\t<\/div>\n\t\t\t\t<div class=\"elementor-element elementor-element-b1b21fa elementor-widget elementor-widget-text-editor\" data-id=\"b1b21fa\" data-element_type=\"widget\" data-e-type=\"widget\" data-widget_type=\"text-editor.default\">\n\t\t\t\t\t\t\t\t\t<h6>\ud83d\udcc8 Steigern Sie den Umsatz!<\/h6><strong>Professionelle Banner<\/strong> wirksam Aufmerksamkeit erregen und zum Handeln anregen. Dank <strong>Animationen<\/strong>, <strong>CTA-Schaltfl\u00e4chen<\/strong> i <strong>modernes Design<\/strong>werden Sie die <strong>Kundenbeteiligung<\/strong> und Sie werden sich verbessern <strong>Verkaufsergebnisse<\/strong>. Entscheiden Sie sich f\u00fcr Banner, die wirklich <strong>verkaufen<\/strong>!\t\t\t\t\t\t\t\t<\/div>\n\t\t\t\t<div class=\"elementor-element elementor-element-b6fc75f elementor-widget elementor-widget-spacer\" data-id=\"b6fc75f\" data-element_type=\"widget\" data-e-type=\"widget\" data-widget_type=\"spacer.default\">\n\t\t\t\t\t\t\t<div class=\"elementor-spacer\">\n\t\t\t<div class=\"elementor-spacer-inner\"><\/div>\n\t\t<\/div>\n\t\t\t\t\t\t<\/div>\n\t\t\t\t<div class=\"elementor-element elementor-element-b5e9905 elementor-widget elementor-widget-text-editor\" data-id=\"b5e9905\" data-element_type=\"widget\" data-e-type=\"widget\" data-widget_type=\"text-editor.default\">\n\t\t\t\t\t\t\t\t\t<strong>F\u00fcr wen?<br \/><\/strong> <br \/>Das Modul ist ideal f\u00fcr alle:<br \/>\u2714 <a href=\"https:\/\/iarina029.supserv.cozmoslabs.com\/de\/produktkategorie\/einzelne-geschafte\/\" title=\"PrestaShop Gesch\u00e4fte\">PrestaShop Gesch\u00e4fte<\/a> die eine professionelle L\u00f6sung f\u00fcr die Erstellung von Bannern suchen<br \/>\u2714 Vermarkter, die die Wirksamkeit von Werbekampagnen erh\u00f6hen m\u00f6chten<br \/>\u2714 Shopbetreiber ohne HTML\/CSS-Kenntnisse, die attraktive Banner erstellen m\u00f6chten<br \/>\u2714 E-Commerce mit Fokus auf modernes Design und auff\u00e4lliges Erscheinungsbild<br \/>\u2714 L\u00e4den, die regelm\u00e4\u00dfig Werbeaktionen und Marketingkampagnen organisieren<br \/>\u2714 Unternehmen, die sich von der Konkurrenz abheben wollen\t\t\t\t\t\t\t\t<\/div>\n\t\t\t\t<div class=\"elementor-element elementor-element-8074c8c elementor-widget elementor-widget-spacer\" data-id=\"8074c8c\" data-element_type=\"widget\" data-e-type=\"widget\" data-widget_type=\"spacer.default\">\n\t\t\t\t\t\t\t<div class=\"elementor-spacer\">\n\t\t\t<div class=\"elementor-spacer-inner\"><\/div>\n\t\t<\/div>\n\t\t\t\t\t\t<\/div>\n\t\t\t\t<div class=\"elementor-element elementor-element-54c98af elementor-widget elementor-widget-text-editor\" data-id=\"54c98af\" data-element_type=\"widget\" data-e-type=\"widget\" data-widget_type=\"text-editor.default\">\n\t\t\t\t\t\t\t\t\t<p><div class=\"pls-block pls-block-3297\">\t\t<div data-elementor-type=\"wp-post\" data-elementor-id=\"3297\" class=\"elementor elementor-3297\">\n\t\t\t\t<div class=\"elementor-element elementor-element-d99440d e-flex e-con-boxed e-con e-parent\" data-id=\"d99440d\" data-element_type=\"container\" data-e-type=\"container\" data-settings=\"{&quot;background_background&quot;:&quot;classic&quot;}\">\n\t\t\t\t\t<div class=\"e-con-inner\">\n\t\t\t\t<div class=\"elementor-element elementor-element-b850409 elementor-widget elementor-widget-text-editor\" data-id=\"b850409\" data-element_type=\"widget\" data-e-type=\"widget\" data-widget_type=\"text-editor.default\">\n\t\t\t\t\t\t\t\t\t<h6><strong>\u00a0Erweitern Sie die M\u00f6glichkeiten Ihres Shops noch heute! <\/strong><strong>\ud83d\ude80<\/strong><\/h6>F\u00fcgen Sie neue Funktionen hinzu, verbessern Sie die Benutzerfreundlichkeit und steigern Sie Ihre Ums\u00e4tze mit unserem Modul. Einfache Installation, volle Kompatibilit\u00e4t und regelm\u00e4\u00dfige Updates - alles, was Sie brauchen, damit Ihr Shop noch besser funktioniert.<br \/>\u2705 Einfache Einrichtung \u2705 Professionelle Unterst\u00fctzung \u2705 Nahtlose Integration<br \/><br \/><a class=\"button simple\" href=\"#main-content\" title=\"Jetzt installieren und benutzen!\">Installieren und benutzen Sie es jetzt!<\/a>\t\t\t\t\t\t\t\t<\/div>\n\t\t\t\t\t<\/div>\n\t\t\t\t<\/div>\n\t\t\t\t<\/div>\n\t\t<\/div><\/p>\t\t\t\t\t\t\t\t<\/div>\n\t\t\t\t\t<\/div>\n\t\t\t\t<\/div>\n\t\t\t\t<\/div>","protected":false},"excerpt":{"rendered":"Presta Shop Banner \u2013 Nowoczesne banery, kt\u00f3re sprzedaj\u0105Zwi\u0119ksz skuteczno\u015b\u0107 promocji w swoim sklepie dzi\u0119ki efektownym banerom. CC Presta Shop Banner to intuicyjny modu\u0142, kt\u00f3ry pozwala tworzy\u0107 atrakcyjne banery z animacjami,","protected":false},"featured_media":3988,"comment_status":"open","ping_status":"closed","template":"","meta":{"powered_cache_disable_cache":false,"powered_cache_disable_css_optimization":false,"powered_cache_disable_js_optimization":false},"product_brand":[275],"product_cat":[128,131],"product_tag":[253,252,244,254],"class_list":{"0":"post-3980","1":"product","2":"type-product","3":"status-publish","4":"has-post-thumbnail","6":"product_brand-cocos","7":"product_cat-moduly","8":"product_cat-prestashop","9":"product_tag-banner","10":"product_tag-modul","11":"product_tag-prestashop","12":"product_tag-reklama","14":"first","15":"instock","16":"downloadable","17":"virtual","18":"taxable","19":"purchasable","20":"product-type-simple"},"_links":{"self":[{"href":"https:\/\/iarina029.supserv.cozmoslabs.com\/de\/wp-json\/wp\/v2\/product\/3980","targetHints":{"allow":["GET"]}}],"collection":[{"href":"https:\/\/iarina029.supserv.cozmoslabs.com\/de\/wp-json\/wp\/v2\/product"}],"about":[{"href":"https:\/\/iarina029.supserv.cozmoslabs.com\/de\/wp-json\/wp\/v2\/types\/product"}],"replies":[{"embeddable":true,"href":"https:\/\/iarina029.supserv.cozmoslabs.com\/de\/wp-json\/wp\/v2\/comments?post=3980"}],"version-history":[{"count":0,"href":"https:\/\/iarina029.supserv.cozmoslabs.com\/de\/wp-json\/wp\/v2\/product\/3980\/revisions"}],"wp:featuredmedia":[{"embeddable":true,"href":"https:\/\/iarina029.supserv.cozmoslabs.com\/de\/wp-json\/wp\/v2\/media\/3988"}],"wp:attachment":[{"href":"https:\/\/iarina029.supserv.cozmoslabs.com\/de\/wp-json\/wp\/v2\/media?parent=3980"}],"wp:term":[{"taxonomy":"product_brand","embeddable":true,"href":"https:\/\/iarina029.supserv.cozmoslabs.com\/de\/wp-json\/wp\/v2\/product_brand?post=3980"},{"taxonomy":"product_cat","embeddable":true,"href":"https:\/\/iarina029.supserv.cozmoslabs.com\/de\/wp-json\/wp\/v2\/product_cat?post=3980"},{"taxonomy":"product_tag","embeddable":true,"href":"https:\/\/iarina029.supserv.cozmoslabs.com\/de\/wp-json\/wp\/v2\/product_tag?post=3980"}],"curies":[{"name":"wp","href":"https:\/\/api.w.org\/{rel}","templated":true}]}}