{"id":3873,"date":"2025-05-12T10:28:34","date_gmt":"2025-05-12T08:28:34","guid":{"rendered":"https:\/\/cocos.codes\/?post_type=product&#038;p=3873"},"modified":"2026-01-21T17:23:20","modified_gmt":"2026-01-21T16:23:20","slug":"wordpress-portfolio","status":"publish","type":"product","link":"https:\/\/iarina029.supserv.cozmoslabs.com\/de\/product\/wordpress-portfolio\/","title":{"rendered":"WordPress Portfolio 1.0"},"content":{"rendered":"<div data-elementor-type=\"wp-post\" data-elementor-id=\"3873\" class=\"elementor elementor-3873\">\n\t\t\t\t<div class=\"elementor-element elementor-element-b4bddc2 e-flex e-con-boxed e-con e-parent\" data-id=\"b4bddc2\" data-element_type=\"container\" data-e-type=\"container\">\n\t\t\t\t\t<div class=\"e-con-inner\">\n\t\t\t\t<div class=\"elementor-element elementor-element-42eb781 elementor-widget elementor-widget-text-editor\" data-id=\"42eb781\" data-element_type=\"widget\" data-e-type=\"widget\" data-widget_type=\"text-editor.default\">\n\t\t\t\t\t\t\t\t\t<h6>WordPress-Portfolio-Modul<\/h6><strong><a href=\"https:\/\/wordpress.org\/\" title=\"WordPress\" target=\"_blank\" rel=\"noopener\">WordPress<\/a> Portfolio<\/strong> ist ein fortschrittliches Plug-in, mit dem Sie auf einfache Weise ein beeindruckendes Portfolio auf der Website <a href=\"https:\/\/iarina029.supserv.cozmoslabs.com\/de\/produktkategorie\/einzelne-geschafte\/\" title=\"WordPress-Website\">die WordPress-Website<\/a> - ohne dass Sie Code-Kenntnisse ben\u00f6tigen. Es bietet flexible Layouts, detaillierte Projektbeschreibungen und moderne Galerien, um Ihre Projekte professionell zu pr\u00e4sentieren. Passen Sie das Aussehen Ihres Portfolios an Ihre Website an und heben Sie sich in den Augen Ihrer Kunden ab.\t\t\t\t\t\t\t\t<\/div>\n\t\t\t\t<div class=\"elementor-element elementor-element-4558239 elementor-widget elementor-widget-spacer\" data-id=\"4558239\" data-element_type=\"widget\" data-e-type=\"widget\" data-widget_type=\"spacer.default\">\n\t\t\t\t\t\t\t<div class=\"elementor-spacer\">\n\t\t\t<div class=\"elementor-spacer-inner\"><\/div>\n\t\t<\/div>\n\t\t\t\t\t\t<\/div>\n\t\t\t\t\t<\/div>\n\t\t\t\t<\/div>\n\t\t<div class=\"elementor-element elementor-element-dea69ed e-grid e-con-boxed e-con e-parent\" data-id=\"dea69ed\" data-element_type=\"container\" data-e-type=\"container\">\n\t\t\t\t\t<div class=\"e-con-inner\">\n\t\t\t\t<div class=\"elementor-element elementor-element-e895d0f elementor-widget elementor-widget-pls-button\" data-id=\"e895d0f\" data-element_type=\"widget\" data-e-type=\"widget\" data-widget_type=\"pls-button.default\">\n\t\t\t\t<div class=\"elementor-widget-container\">\n\t\t\t\t\t<div id=\"pls-button-64300\" class=\"pls-element pls-button\">\n\t<a class=\"button btn-style-flat\" href=\"https:\/\/iarina029.supserv.cozmoslabs.com\/de\/wissensbasis\/wordpress\/dokumentationen\/portfolio-prasentation-von-projekten-auf-der-website\/\" title=\"DOKUMENTATION\" target=\"_blank\">\n\t\tDOKUMENTATION\t<\/a>\n<\/div>\n\t\t\t\t<\/div>\n\t\t\t\t<\/div>\n\t\t\t\t<div class=\"elementor-element elementor-element-4a6390e elementor-widget elementor-widget-pls-button\" data-id=\"4a6390e\" data-element_type=\"widget\" data-e-type=\"widget\" data-widget_type=\"pls-button.default\">\n\t\t\t\t<div class=\"elementor-widget-container\">\n\t\t\t\t\t<div id=\"pls-button-22693\" class=\"pls-element pls-button\">\n\t<a class=\"button btn-style-flat\" href=\"https:\/\/demo.cocos.codes\/cc_wordpress_portfolio\/\" title=\"DEMO\" target=\"_blank\" rel=\"noopener\">\n\t\tDEMO\t<\/a>\n<\/div>\n\t\t\t\t<\/div>\n\t\t\t\t<\/div>\n\t\t\t\t\t<\/div>\n\t\t\t\t<\/div>\n\t\t<div class=\"elementor-element elementor-element-26e294e e-flex e-con-boxed e-con e-parent\" data-id=\"26e294e\" data-element_type=\"container\" data-e-type=\"container\">\n\t\t\t\t\t<div class=\"e-con-inner\">\n\t\t\t\t<div class=\"elementor-element elementor-element-3623c0c elementor-widget elementor-widget-spacer\" data-id=\"3623c0c\" data-element_type=\"widget\" data-e-type=\"widget\" data-widget_type=\"spacer.default\">\n\t\t\t\t\t\t\t<div class=\"elementor-spacer\">\n\t\t\t<div class=\"elementor-spacer-inner\"><\/div>\n\t\t<\/div>\n\t\t\t\t\t\t<\/div>\n\t\t\t\t<div class=\"elementor-element elementor-element-d6e74da elementor-widget elementor-widget-text-editor\" data-id=\"d6e74da\" data-element_type=\"widget\" data-e-type=\"widget\" data-widget_type=\"text-editor.default\">\n\t\t\t\t\t\t\t\t\t<h6>Eine F\u00fclle von Funktionen und M\u00f6glichkeiten<\/h6><strong>\ud83d\uddbc\ufe0f Erweiterte Fotogalerien<\/strong><br \/>\u2705 Lightbox - effektive Vergr\u00f6\u00dferung der Fotos in der Galerie<br \/>\u2705 Mehrere Layouts - konfigurierbare Anzahl von Spalten und Einstellungen<br \/>\u2705 Automatische Miniaturansichten - erstes Foto als Miniaturansicht des Projekts<br \/>\u2705 Reaktionsf\u00e4higkeit - perfekte Darstellung auf jedem Ger\u00e4t<br \/>\u2705 Vollst\u00e4ndige Integration - funktioniert nahtlos mit dem WordPress-Theme<br \/><br \/><strong>\ud83d\udccb Flexible Projektattribute<\/strong><br \/>\u2705 Benutzerdefinierte Felder - definieren Sie Ihre eigenen Attribute f\u00fcr Projekte<br \/>\u2705 Verschiedene Datentypen - Text, Zahlen, Textbereiche, Auswahllisten<br \/>\u2705 Sortieren und Filtern - Projekte nach Attributen ordnen<br \/>\u2705 Sichtbarkeitskontrolle - entscheiden Sie, welche Attribute auf dem Frontend angezeigt werden sollen<br \/>\u2705 Anzeigeformate - Liste, Tabelle oder Gitter der Attribute<br \/><br \/><strong>\ud83c\udff7\ufe0f Intelligente Organisation<\/strong><br \/>\u2705 Kategorien und Unterkategorien - hierarchische Organisation der Projekte<br \/>\u2705 Tagging-System - zus\u00e4tzliche Kennzeichnung von Projektmerkmalen<br \/>\u2705 Kurznamen - alternative Titel f\u00fcr lange Projektnamen<br \/>\u2705 Filter auf der Vorderseite - einfache Projektsuche nach Kategorien<br \/>\u2705 \u00c4hnliche Projekte - automatische Vorschl\u00e4ge f\u00fcr verwandte Projekte<br \/><br \/><strong>\u2699\ufe0f Flexible Konfiguration<\/strong><br \/>\u2705 Anzeigevorlagen - vorgefertigte Layouts f\u00fcr Portfolios<br \/>\u2705 Benutzerdefinierte Permalinks - SEO-kompatible URL-Struktur<br \/>\u2705 Responsive Grids - konfigurierbare Anzahl von Spalten f\u00fcr verschiedene Ger\u00e4te<br \/>\u2705 Integration sozialer Medien - Schaltfl\u00e4chen zum Teilen<br \/>\u2705 Benutzerdefinierte CSS - M\u00f6glichkeit, benutzerdefinierte Stile hinzuzuf\u00fcgen<br \/><br \/><strong>\ud83d\udd27 Technische Merkmale<\/strong><br \/>\u2705 Intuitive Verwaltungsoberfl\u00e4che - einfache Projektverwaltung<br \/>\u2705 Lizenzmanagementsystem - komfortable Aktivierung und Verwaltung<br \/>\u2705 Import\/Export - \u00dcbertragung von Projekten zwischen Seiten<br \/>\u2705 Funktionen f\u00fcr Entwickler - eine Reihe von Hilfsfunktionen f\u00fcr Vorlagen<br \/>\u2705 Kompatibilit\u00e4t - funktioniert mit den neuesten Versionen von WordPress\t\t\t\t\t\t\t\t<\/div>\n\t\t\t\t<div class=\"elementor-element elementor-element-8c37500 elementor-widget elementor-widget-spacer\" data-id=\"8c37500\" data-element_type=\"widget\" data-e-type=\"widget\" data-widget_type=\"spacer.default\">\n\t\t\t\t\t\t\t<div class=\"elementor-spacer\">\n\t\t\t<div class=\"elementor-spacer-inner\"><\/div>\n\t\t<\/div>\n\t\t\t\t\t\t<\/div>\n\t\t\t\t<div class=\"elementor-element elementor-element-44d22b0 elementor-widget elementor-widget-text-editor\" data-id=\"44d22b0\" data-element_type=\"widget\" data-e-type=\"widget\" data-widget_type=\"text-editor.default\">\n\t\t\t\t\t\t\t\t\t<h6>Unendliche Anwendungsm\u00f6glichkeiten<\/h6>Das CC WordPress Portfolio Plugin ist perfekt f\u00fcr:<br \/><strong>Pr\u00e4sentation von kreativen Arbeiten<\/strong><br \/>\u2705 Fotografische und grafische Portfolios<br \/>\u2705 Architektonische Realisierungen und Innenraumgestaltung<br \/>\u2705 Web- und Anwendungsdesign<br \/>\u2705 Kunsthandwerkliche Arbeiten<br \/><br \/><strong>Business-Anwendungen<\/strong><br \/>\u2705 Fallstudien und Erfolgsgeschichten<br \/>\u2705 Kundenprojekte und Referenzen<br \/>\u2705 Pr\u00e4sentation von Produkten und Dienstleistungen<br \/>\u2705 Forschung und wissenschaftliche Projekte\t\t\t\t\t\t\t\t<\/div>\n\t\t\t\t<div class=\"elementor-element elementor-element-6f2f2d9 elementor-widget elementor-widget-spacer\" data-id=\"6f2f2d9\" data-element_type=\"widget\" data-e-type=\"widget\" data-widget_type=\"spacer.default\">\n\t\t\t\t\t\t\t<div class=\"elementor-spacer\">\n\t\t\t<div class=\"elementor-spacer-inner\"><\/div>\n\t\t<\/div>\n\t\t\t\t\t\t<\/div>\n\t\t\t\t<div class=\"elementor-element elementor-element-8f30cac elementor-widget elementor-widget-text-editor\" data-id=\"8f30cac\" data-element_type=\"widget\" data-e-type=\"widget\" data-widget_type=\"text-editor.default\">\n\t\t\t\t\t\t\t\t\t<h6>\ud83d\udcc8 Verbessern Sie Ihr professionelles Image!<\/h6><strong>Professionelles Portfolio<\/strong> Ihre F\u00e4higkeiten und Erfahrungen wirkungsvoll zur Geltung bringt. Dank <strong>detaillierte Attribute<\/strong>, <strong>beeindruckende Galerien<\/strong> i <strong>modernes Design<\/strong>werden Sie die <strong>Kundeninteresse<\/strong> und Sie werden sich verbessern <strong>Umrechnungskurs<\/strong>. Setzen Sie auf ein Portfolio, das wirklich <strong>Verkauft Ihre F\u00e4higkeiten<\/strong>!\t\t\t\t\t\t\t\t<\/div>\n\t\t\t\t<div class=\"elementor-element elementor-element-7edb483 elementor-widget elementor-widget-spacer\" data-id=\"7edb483\" data-element_type=\"widget\" data-e-type=\"widget\" data-widget_type=\"spacer.default\">\n\t\t\t\t\t\t\t<div class=\"elementor-spacer\">\n\t\t\t<div class=\"elementor-spacer-inner\"><\/div>\n\t\t<\/div>\n\t\t\t\t\t\t<\/div>\n\t\t\t\t<div class=\"elementor-element elementor-element-956e169 elementor-widget elementor-widget-text-editor\" data-id=\"956e169\" data-element_type=\"widget\" data-e-type=\"widget\" data-widget_type=\"text-editor.default\">\n\t\t\t\t\t\t\t\t\t<h6><strong style=\"font-size: 16px;\">F\u00fcr wen?<\/strong><\/h6>Das Plug-in ist ideal f\u00fcr alle:<br \/>\u2714 Fotografen, Grafikdesigner und K\u00fcnstler, die ein professionelles Portfolio ben\u00f6tigen<br \/>\u2714 Designunternehmen und -agenturen stellen ihre Projekte vor<br \/>\u2714 Architekten und Innenarchitekten, die abgeschlossene Projekte zeigen<br \/>\u2714 Website- und Anwendungsentwickler demonstrieren ihre F\u00e4higkeiten<br \/>\u2714 Freiberufler, die ein professionelles Online-Image aufbauen<br \/>\u2714 Unternehmen, die Fallstudien und Erfolgsgeschichten pr\u00e4sentieren m\u00f6chten\t\t\t\t\t\t\t\t<\/div>\n\t\t\t\t<div class=\"elementor-element elementor-element-e4497c2 elementor-widget elementor-widget-spacer\" data-id=\"e4497c2\" data-element_type=\"widget\" data-e-type=\"widget\" data-widget_type=\"spacer.default\">\n\t\t\t\t\t\t\t<div class=\"elementor-spacer\">\n\t\t\t<div class=\"elementor-spacer-inner\"><\/div>\n\t\t<\/div>\n\t\t\t\t\t\t<\/div>\n\t\t\t\t<div class=\"elementor-element elementor-element-390b181 elementor-widget elementor-widget-text-editor\" data-id=\"390b181\" data-element_type=\"widget\" data-e-type=\"widget\" data-widget_type=\"text-editor.default\">\n\t\t\t\t\t\t\t\t\t<p><div class=\"pls-block pls-block-3297\">\t\t<div data-elementor-type=\"wp-post\" data-elementor-id=\"3297\" class=\"elementor elementor-3297\">\n\t\t\t\t<div class=\"elementor-element elementor-element-d99440d e-flex e-con-boxed e-con e-parent\" data-id=\"d99440d\" data-element_type=\"container\" data-e-type=\"container\" data-settings=\"{&quot;background_background&quot;:&quot;classic&quot;}\">\n\t\t\t\t\t<div class=\"e-con-inner\">\n\t\t\t\t<div class=\"elementor-element elementor-element-b850409 elementor-widget elementor-widget-text-editor\" data-id=\"b850409\" data-element_type=\"widget\" data-e-type=\"widget\" data-widget_type=\"text-editor.default\">\n\t\t\t\t\t\t\t\t\t<h6><strong>\u00a0Erweitern Sie die M\u00f6glichkeiten Ihres Shops noch heute! <\/strong><strong>\ud83d\ude80<\/strong><\/h6>F\u00fcgen Sie neue Funktionen hinzu, verbessern Sie die Benutzerfreundlichkeit und steigern Sie Ihre Ums\u00e4tze mit unserem Modul. Einfache Installation, volle Kompatibilit\u00e4t und regelm\u00e4\u00dfige Updates - alles, was Sie brauchen, damit Ihr Shop noch besser funktioniert.<br \/>\u2705 Einfache Einrichtung \u2705 Professionelle Unterst\u00fctzung \u2705 Nahtlose Integration<br \/><br \/><a class=\"button simple\" href=\"#main-content\" title=\"Jetzt installieren und benutzen!\">Installieren und benutzen Sie es jetzt!<\/a>\t\t\t\t\t\t\t\t<\/div>\n\t\t\t\t\t<\/div>\n\t\t\t\t<\/div>\n\t\t\t\t<\/div>\n\t\t<\/div><\/p>\t\t\t\t\t\t\t\t<\/div>\n\t\t\t\t\t<\/div>\n\t\t\t\t<\/div>\n\t\t\t\t<\/div>","protected":false},"excerpt":{"rendered":"Modu\u0142 Word Press Portfolio Word Press Portfolio to zaawansowana wtyczka, kt\u00f3ra pozwala w prosty spos\u00f3b stworzy\u0107 efektowne portfolio na stronie Word Press \u2013 bez potrzeby znajomo\u015bci kodu. Oferuje elastyczne uk\u0142ady,","protected":false},"featured_media":3993,"comment_status":"open","ping_status":"closed","template":"","meta":{"powered_cache_disable_cache":false,"powered_cache_disable_css_optimization":false,"powered_cache_disable_js_optimization":false},"product_brand":[275],"product_cat":[128,132],"product_tag":[238,237,239,198],"class_list":{"0":"post-3873","1":"product","2":"type-product","3":"status-publish","4":"has-post-thumbnail","6":"product_brand-cocos","7":"product_cat-moduly","8":"product_cat-wordpress","9":"product_tag-galeria","10":"product_tag-portfolio","11":"product_tag-projekty","12":"product_tag-wordpress","14":"first","15":"instock","16":"downloadable","17":"virtual","18":"taxable","19":"purchasable","20":"product-type-simple"},"_links":{"self":[{"href":"https:\/\/iarina029.supserv.cozmoslabs.com\/de\/wp-json\/wp\/v2\/product\/3873","targetHints":{"allow":["GET"]}}],"collection":[{"href":"https:\/\/iarina029.supserv.cozmoslabs.com\/de\/wp-json\/wp\/v2\/product"}],"about":[{"href":"https:\/\/iarina029.supserv.cozmoslabs.com\/de\/wp-json\/wp\/v2\/types\/product"}],"replies":[{"embeddable":true,"href":"https:\/\/iarina029.supserv.cozmoslabs.com\/de\/wp-json\/wp\/v2\/comments?post=3873"}],"version-history":[{"count":0,"href":"https:\/\/iarina029.supserv.cozmoslabs.com\/de\/wp-json\/wp\/v2\/product\/3873\/revisions"}],"wp:featuredmedia":[{"embeddable":true,"href":"https:\/\/iarina029.supserv.cozmoslabs.com\/de\/wp-json\/wp\/v2\/media\/3993"}],"wp:attachment":[{"href":"https:\/\/iarina029.supserv.cozmoslabs.com\/de\/wp-json\/wp\/v2\/media?parent=3873"}],"wp:term":[{"taxonomy":"product_brand","embeddable":true,"href":"https:\/\/iarina029.supserv.cozmoslabs.com\/de\/wp-json\/wp\/v2\/product_brand?post=3873"},{"taxonomy":"product_cat","embeddable":true,"href":"https:\/\/iarina029.supserv.cozmoslabs.com\/de\/wp-json\/wp\/v2\/product_cat?post=3873"},{"taxonomy":"product_tag","embeddable":true,"href":"https:\/\/iarina029.supserv.cozmoslabs.com\/de\/wp-json\/wp\/v2\/product_tag?post=3873"}],"curies":[{"name":"wp","href":"https:\/\/api.w.org\/{rel}","templated":true}]}}