{"id":3869,"date":"2025-05-12T10:22:58","date_gmt":"2025-05-12T08:22:58","guid":{"rendered":"https:\/\/cocos.codes\/?post_type=product&#038;p=3869"},"modified":"2026-03-04T22:10:09","modified_gmt":"2026-03-04T21:10:09","slug":"prestashop-cookies-dsgvo-google-einwilligungsmodus","status":"publish","type":"product","link":"https:\/\/iarina029.supserv.cozmoslabs.com\/de\/product\/prestashop-cookies-dsgvo-google-einwilligungsmodus\/","title":{"rendered":"PrestaShop Cookies EU (kompatibel mit Google Consent Mode 2.0)"},"content":{"rendered":"<div data-elementor-type=\"wp-post\" data-elementor-id=\"3869\" class=\"elementor elementor-3869\">\n\t\t\t\t<div class=\"elementor-element elementor-element-7cd90aa e-flex e-con-boxed e-con e-parent\" data-id=\"7cd90aa\" data-element_type=\"container\" data-e-type=\"container\">\n\t\t\t\t\t<div class=\"e-con-inner\">\n\t\t\t\t<div class=\"elementor-element elementor-element-f2f9043 elementor-widget elementor-widget-text-editor\" data-id=\"f2f9043\" data-element_type=\"widget\" data-e-type=\"widget\" data-widget_type=\"text-editor.default\">\n\t\t\t\t\t\t\t\t\t<h6><strong>PrestaShop-Cookies - volle \u00dcbereinstimmung mit RODO und ePrivacy<br \/><\/strong><\/h6><strong>PrestaShop-Cookies<\/strong> ist ein unverzichtbares Modul f\u00fcr Unternehmen, die auf die Einhaltung von Vorschriften achten. <strong>CC PrestaShop EU-Cookies<\/strong> erm\u00f6glicht ein professionelles Management der Cookie-Einwilligung in \u00dcbereinstimmung mit <a href=\"https:\/\/uodo.gov.pl\/pl\/131\/224\" title=\"RODO\" target=\"_blank\" rel=\"noopener\">RODO<\/a>, <a href=\"https:\/\/digital-strategy.ec.europa.eu\/pl\/policies\/eprivacy-regulation\" title=\"EPrivatsph\u00e4re\" target=\"_blank\" rel=\"noopener\">ePrivacy<\/a> und <a href=\"https:\/\/support.google.com\/google-ads\/answer\/10000067?hl=en\" title=\"Google-Zustimmungsmodus 2.0.\" target=\"_blank\" rel=\"noopener\">Google-Zustimmungsmodus 2.0.<\/a> Sorgen Sie f\u00fcr Transparenz, schaffen Sie Vertrauen bei Ihren Kunden und vermeiden Sie finanzielle Sanktionen. \u00c4sthetisch ansprechende, individuell anpassbare Einwilligungsbanner passen perfekt in Ihren Shop und erh\u00f6hen die Glaubw\u00fcrdigkeit Ihres Unternehmens.\t\t\t\t\t\t\t\t<\/div>\n\t\t\t\t<div class=\"elementor-element elementor-element-5eeddb5 elementor-widget elementor-widget-spacer\" data-id=\"5eeddb5\" data-element_type=\"widget\" data-e-type=\"widget\" data-widget_type=\"spacer.default\">\n\t\t\t\t\t\t\t<div class=\"elementor-spacer\">\n\t\t\t<div class=\"elementor-spacer-inner\"><\/div>\n\t\t<\/div>\n\t\t\t\t\t\t<\/div>\n\t\t\t\t\t<\/div>\n\t\t\t\t<\/div>\n\t\t<div class=\"elementor-element elementor-element-7111019 e-grid e-con-boxed e-con e-parent\" data-id=\"7111019\" data-element_type=\"container\" data-e-type=\"container\">\n\t\t\t\t\t<div class=\"e-con-inner\">\n\t\t\t\t<div class=\"elementor-element elementor-element-1a1e4af elementor-widget elementor-widget-pls-button\" data-id=\"1a1e4af\" data-element_type=\"widget\" data-e-type=\"widget\" data-widget_type=\"pls-button.default\">\n\t\t\t\t<div class=\"elementor-widget-container\">\n\t\t\t\t\t<div id=\"pls-button-54492\" class=\"pls-element pls-button\">\n\t<a class=\"button btn-style-flat\" href=\"https:\/\/iarina029.supserv.cozmoslabs.com\/de\/wissensbasis\/prestashop\/prestashop-dokumentation\/prestashop-eu-cookies-kompatibel-mit-google-consent-mode-2-0\/\" title=\"DOKUMENTATION\" target=\"_blank\">\n\t\tDOKUMENTATION\t<\/a>\n<\/div>\n\t\t\t\t<\/div>\n\t\t\t\t<\/div>\n\t\t\t\t<div class=\"elementor-element elementor-element-e0ee223 elementor-widget elementor-widget-pls-button\" data-id=\"e0ee223\" data-element_type=\"widget\" data-e-type=\"widget\" data-widget_type=\"pls-button.default\">\n\t\t\t\t<div class=\"elementor-widget-container\">\n\t\t\t\t\t<div id=\"pls-button-43795\" class=\"pls-element pls-button\">\n\t<a class=\"button btn-style-flat\" href=\"https:\/\/demo.cocos.codes\/cc_ps_cookies\/\" title=\"DEMO\" target=\"_blank\" rel=\"noopener\">\n\t\tDEMO\t<\/a>\n<\/div>\n\t\t\t\t<\/div>\n\t\t\t\t<\/div>\n\t\t\t\t\t<\/div>\n\t\t\t\t<\/div>\n\t\t<div class=\"elementor-element elementor-element-df32d8d e-flex e-con-boxed e-con e-parent\" data-id=\"df32d8d\" data-element_type=\"container\" data-e-type=\"container\">\n\t\t\t\t\t<div class=\"e-con-inner\">\n\t\t\t\t<div class=\"elementor-element elementor-element-23455a1 elementor-widget elementor-widget-spacer\" data-id=\"23455a1\" data-element_type=\"widget\" data-e-type=\"widget\" data-widget_type=\"spacer.default\">\n\t\t\t\t\t\t\t<div class=\"elementor-spacer\">\n\t\t\t<div class=\"elementor-spacer-inner\"><\/div>\n\t\t<\/div>\n\t\t\t\t\t\t<\/div>\n\t\t\t\t<div class=\"elementor-element elementor-element-0c4a7d6 elementor-widget elementor-widget-text-editor\" data-id=\"0c4a7d6\" data-element_type=\"widget\" data-e-type=\"widget\" data-widget_type=\"text-editor.default\">\n\t\t\t\t\t\t\t\t\t<h6>Umfassende Konfigurationsm\u00f6glichkeiten<\/h6>\ud83d\udee1\ufe0f <strong>Vollst\u00e4ndige Einhaltung der Vorschriften<\/strong> <br \/>\u2705 Einhaltung von RODO und ePrivacy - Einhaltung der europ\u00e4ischen Datenschutzbestimmungen <br \/>\u2705 Integration mit Google Consent Mode 2.0 - \u00dcbermittlung von Nutzerpr\u00e4ferenzen an Google Analytics und Google Ads <br \/>\u2705 Blockieren von Cookies - automatische Blockierung von Cookies ohne Zustimmung des Nutzers <br \/>\u2705 Mehrsprachigkeit - volle Unterst\u00fctzung f\u00fcr alle Shopsprachen<br \/><br \/>\ud83d\udcca <strong>Erweiterte Cookie-Verwaltung<\/strong> <br \/>\u2705 Automatische Erkennung - Erkennung der im Shop verwendeten Cookies <br \/>\u2705 Gruppierung von Cookies - Einteilung von Cookies in Kategorien (unerl\u00e4sslich, funktional, analytisch, Marketing)<br \/>\u2705 Automatische Gruppierung von gemeinsamen Cookie-Typen<br \/>\u2705 Editieren und Sperren - volle Kontrolle \u00fcber jedes Cookie <br \/>\u2705 Verfolgung der Zustimmung - Aufzeichnung der Nutzerpr\u00e4ferenzen <br \/><br \/>\ud83c\udfa8 <strong>Personalisierung des Erscheinungsbildes<\/strong> <br \/>\u2705 Verschiedene Bannerstile - w\u00e4hlen Sie aus: Balken, Fenster, Wolke <br \/>\u2705 Konfigurierbare Positionen - horizontale und vertikale Einstellungen f\u00fcr eine perfekte Passform <br \/>\u2705 Farbanpassung - volle Kontrolle \u00fcber die Farben von Bannern und Schaltfl\u00e4chen <br \/>\u2705 Mini-Banner - elegante Taste zum erneuten \u00d6ffnen der Einstellungen<br \/>\u2705 Visueller Editor<br \/><br \/>\u2699\ufe0f <strong>Flexible Konfigurationsm\u00f6glichkeiten<\/strong> <br \/>\u2705 Standardeinstellungen - Konfiguration der Standardwerte f\u00fcr Banner <br \/>\u2705 API f\u00fcr Vorlagen - \u00dcberpr\u00fcfung von Benutzerzustimmungen in Smarty-Vorlagen <br \/>\u2705 Einhaken in die Einstellungsschaltfl\u00e4che - Platzierung der Schaltfl\u00e4che zur Verwaltung der Zustimmung an beliebiger Stelle <br \/>\u2705 Benutzerdefiniertes CSS - volle Kontrolle \u00fcber das Aussehen des Banners <br \/><br \/>\ud83d\udd27 <strong>Technische Merkmale<\/strong> <br \/>\u2705 Lizenzmanagementsystem - komfortable Aktivierung und Lizenzverwaltung <br \/>\u2705 Unterst\u00fctzung f\u00fcr die \u00dcberarbeitung von Einwilligungen - erzwungene Neuanzeige des Banners nach \u00c4nderungen<br \/>\u2705 Bot-Erkennung - M\u00f6glichkeit, Banner vor Robotern zu verbergen <br \/>\u2705 Integrit\u00e4tspr\u00fcfung - Schutz vor unbefugten \u00c4nderungen\t\t\t\t\t\t\t\t<\/div>\n\t\t\t\t<div class=\"elementor-element elementor-element-b1a633a elementor-widget elementor-widget-spacer\" data-id=\"b1a633a\" data-element_type=\"widget\" data-e-type=\"widget\" data-widget_type=\"spacer.default\">\n\t\t\t\t\t\t\t<div class=\"elementor-spacer\">\n\t\t\t<div class=\"elementor-spacer-inner\"><\/div>\n\t\t<\/div>\n\t\t\t\t\t\t<\/div>\n\t\t\t\t<div class=\"elementor-element elementor-element-ff54c30 elementor-widget elementor-widget-text-editor\" data-id=\"ff54c30\" data-element_type=\"widget\" data-e-type=\"widget\" data-widget_type=\"text-editor.default\">\n\t\t\t\t\t\t\t\t\t<h6>Funktionen des Google-Zustimmungsmodus<\/h6>Das Modul bietet eine vollst\u00e4ndige Integration in den Google Consent Mode 2.0 und erm\u00f6glicht es:<br \/><strong>Erweiterte Zustimmungseinstellungen<\/strong> <br \/>\u2705 Zuordnung von Cookie-Gruppen - Zuweisung von Kategorien des Google-Zustimmungsmodus zu Cookie-Gruppen <br \/>\u2705 URL Passthrough - \u00dcbertragung von Kampagnenparametern trotz fehlender Zustimmung <br \/>\u2705 Schw\u00e4rzung von Werbedaten - L\u00f6schung von Informationen aus Konversionen, wenn keine Zustimmung vorliegt <br \/>\u2705 Konfiguration von Verz\u00f6gerungen - Wartezeiteinstellungen nach Benutzerpr\u00e4ferenz <br \/><br \/><strong>Handhabung von Zustimmungsarten<\/strong> <br \/>\u2705 ad_storage - Zustimmung zur Speicherung von Werbedaten <br \/>\u2705 ad_user_data - Zustimmung zur Verwendung von Nutzerdaten f\u00fcr Werbung <br \/>\u2705 ad_personalization - Zustimmung zur Personalisierung von Werbung <br \/>\u2705 analytics_storage - Zustimmung zur Speicherung von Analysedaten <br \/>\u2705 Funktionsspeicherung - Zustimmung zur Speicherung von Funktionsdaten <br \/>\u2705 personalization_storage - Zustimmung zur Speicherung von Personalisierungsdaten<br \/>\u2705 security_storage - Zustimmung zur Speicherung von Sicherheitsdaten\t\t\t\t\t\t\t\t<\/div>\n\t\t\t\t<div class=\"elementor-element elementor-element-0352820 elementor-widget elementor-widget-spacer\" data-id=\"0352820\" data-element_type=\"widget\" data-e-type=\"widget\" data-widget_type=\"spacer.default\">\n\t\t\t\t\t\t\t<div class=\"elementor-spacer\">\n\t\t\t<div class=\"elementor-spacer-inner\"><\/div>\n\t\t<\/div>\n\t\t\t\t\t\t<\/div>\n\t\t\t\t<div class=\"elementor-element elementor-element-9959b1d elementor-widget elementor-widget-text-editor\" data-id=\"9959b1d\" data-element_type=\"widget\" data-e-type=\"widget\" data-widget_type=\"text-editor.default\">\n\t\t\t\t\t\t\t\t\t<h6>\ud83d\udcc8 Sorgen Sie f\u00fcr die Sicherheit der Daten Ihrer Kunden und vermeiden Sie Strafen bei Nichteinhaltung mit RODO!<\/h6><strong>Nichteinhaltung der RODO- und ePrivacy-Vorschriften<\/strong> kann dazu f\u00fchren, dass <strong>Finanzielle Sanktionen<\/strong> erreichen. <strong>Millionen Euro<\/strong>. Dank an <strong>CC PrestaShop EU-Cookies<\/strong> k\u00f6nnen Sie in <strong>einfach<\/strong> die M\u00f6glichkeit, den Shop an die <strong>rechtliche Anforderungen<\/strong>Transparenz bei der Verwendung von Daten zu gew\u00e4hrleisten und <strong>Kundenvertrauen<\/strong>. Verwalten Sie alles von der PrestaShop-Administrationsoberfl\u00e4che aus, vom <strong>intuitiv<\/strong> Schnittstelle und <strong>umfangreich<\/strong> Konfigurationsm\u00f6glichkeiten.\t\t\t\t\t\t\t\t<\/div>\n\t\t\t\t<div class=\"elementor-element elementor-element-0e1fe27 elementor-widget elementor-widget-spacer\" data-id=\"0e1fe27\" data-element_type=\"widget\" data-e-type=\"widget\" data-widget_type=\"spacer.default\">\n\t\t\t\t\t\t\t<div class=\"elementor-spacer\">\n\t\t\t<div class=\"elementor-spacer-inner\"><\/div>\n\t\t<\/div>\n\t\t\t\t\t\t<\/div>\n\t\t\t\t<div class=\"elementor-element elementor-element-cb53677 elementor-widget elementor-widget-text-editor\" data-id=\"cb53677\" data-element_type=\"widget\" data-e-type=\"widget\" data-widget_type=\"text-editor.default\">\n\t\t\t\t\t\t\t\t\t<strong>F\u00fcr wen?<\/strong> <br \/>Das Plugin ist ideal f\u00fcr alle: <br \/>\u2714 PrestaShop-Shops, die die RODO- und ePrivacy-Vorschriften einhalten m\u00fcssen <br \/>\u2714 E-Commerce mit Google Analytics und Google Ads <br \/>\u2714 Unternehmen, denen der Datenschutz und die Transparenz der Datennutzung wichtig sind <br \/>\u2714 Gesch\u00e4fte, die das Vertrauen ihrer Kunden mit professionellen Zustimmungsbannern st\u00e4rken wollen <br \/>\u2714 Administratoren, die eine flexible und leicht konfigurierbare L\u00f6sung suchen <br \/>\u2714 Entwickler, die eine erweiterte API f\u00fcr die Integration mit benutzerdefinierten Vorlagen ben\u00f6tigen\t\t\t\t\t\t\t\t<\/div>\n\t\t\t\t<div class=\"elementor-element elementor-element-1d24aa4 elementor-widget elementor-widget-spacer\" data-id=\"1d24aa4\" data-element_type=\"widget\" data-e-type=\"widget\" data-widget_type=\"spacer.default\">\n\t\t\t\t\t\t\t<div class=\"elementor-spacer\">\n\t\t\t<div class=\"elementor-spacer-inner\"><\/div>\n\t\t<\/div>\n\t\t\t\t\t\t<\/div>\n\t\t\t\t<div class=\"elementor-element elementor-element-db90fe6 elementor-widget elementor-widget-text-editor\" data-id=\"db90fe6\" data-element_type=\"widget\" data-e-type=\"widget\" data-widget_type=\"text-editor.default\">\n\t\t\t\t\t\t\t\t\t<p><div class=\"pls-block pls-block-3297\">\t\t<div data-elementor-type=\"wp-post\" data-elementor-id=\"3297\" class=\"elementor elementor-3297\">\n\t\t\t\t<div class=\"elementor-element elementor-element-d99440d e-flex e-con-boxed e-con e-parent\" data-id=\"d99440d\" data-element_type=\"container\" data-e-type=\"container\" data-settings=\"{&quot;background_background&quot;:&quot;classic&quot;}\">\n\t\t\t\t\t<div class=\"e-con-inner\">\n\t\t\t\t<div class=\"elementor-element elementor-element-b850409 elementor-widget elementor-widget-text-editor\" data-id=\"b850409\" data-element_type=\"widget\" data-e-type=\"widget\" data-widget_type=\"text-editor.default\">\n\t\t\t\t\t\t\t\t\t<h6><strong>\u00a0Erweitern Sie die M\u00f6glichkeiten Ihres Shops noch heute! <\/strong><strong>\ud83d\ude80<\/strong><\/h6>F\u00fcgen Sie neue Funktionen hinzu, verbessern Sie die Benutzerfreundlichkeit und steigern Sie Ihre Ums\u00e4tze mit unserem Modul. Einfache Installation, volle Kompatibilit\u00e4t und regelm\u00e4\u00dfige Updates - alles, was Sie brauchen, damit Ihr Shop noch besser funktioniert.<br \/>\u2705 Einfache Einrichtung \u2705 Professionelle Unterst\u00fctzung \u2705 Nahtlose Integration<br \/><br \/><a class=\"button simple\" href=\"#main-content\" title=\"Jetzt installieren und benutzen!\">Installieren und benutzen Sie es jetzt!<\/a>\t\t\t\t\t\t\t\t<\/div>\n\t\t\t\t\t<\/div>\n\t\t\t\t<\/div>\n\t\t\t\t<\/div>\n\t\t<\/div><\/p>\t\t\t\t\t\t\t\t<\/div>\n\t\t\t\t\t<\/div>\n\t\t\t\t<\/div>\n\t\t\t\t<\/div>","protected":false},"excerpt":{"rendered":"Presta Shop cookies \u2013 pe\u0142na zgodno\u015b\u0107 z RODO i e Privacy Presta Shop cookies to niezb\u0119dny modu\u0142 dla sklep\u00f3w dbaj\u0105cych o zgodno\u015b\u0107 z przepisami. CC Presta Shop EU Cookies umo\u017cliwia","protected":false},"featured_media":3922,"comment_status":"open","ping_status":"closed","template":"","meta":{"powered_cache_disable_cache":false,"powered_cache_disable_css_optimization":false,"powered_cache_disable_js_optimization":false},"product_brand":[275],"product_cat":[128,131],"product_tag":[245,248,246,244,247],"class_list":{"0":"post-3869","1":"product","2":"type-product","3":"status-publish","4":"has-post-thumbnail","6":"product_brand-cocos","7":"product_cat-moduly","8":"product_cat-prestashop","9":"product_tag-cookie","10":"product_tag-eprivacy","11":"product_tag-google-consent-mode","12":"product_tag-prestashop","13":"product_tag-rodo","15":"first","16":"instock","17":"featured","18":"downloadable","19":"virtual","20":"taxable","21":"purchasable","22":"product-type-simple"},"_links":{"self":[{"href":"https:\/\/iarina029.supserv.cozmoslabs.com\/de\/wp-json\/wp\/v2\/product\/3869","targetHints":{"allow":["GET"]}}],"collection":[{"href":"https:\/\/iarina029.supserv.cozmoslabs.com\/de\/wp-json\/wp\/v2\/product"}],"about":[{"href":"https:\/\/iarina029.supserv.cozmoslabs.com\/de\/wp-json\/wp\/v2\/types\/product"}],"replies":[{"embeddable":true,"href":"https:\/\/iarina029.supserv.cozmoslabs.com\/de\/wp-json\/wp\/v2\/comments?post=3869"}],"version-history":[{"count":0,"href":"https:\/\/iarina029.supserv.cozmoslabs.com\/de\/wp-json\/wp\/v2\/product\/3869\/revisions"}],"wp:featuredmedia":[{"embeddable":true,"href":"https:\/\/iarina029.supserv.cozmoslabs.com\/de\/wp-json\/wp\/v2\/media\/3922"}],"wp:attachment":[{"href":"https:\/\/iarina029.supserv.cozmoslabs.com\/de\/wp-json\/wp\/v2\/media?parent=3869"}],"wp:term":[{"taxonomy":"product_brand","embeddable":true,"href":"https:\/\/iarina029.supserv.cozmoslabs.com\/de\/wp-json\/wp\/v2\/product_brand?post=3869"},{"taxonomy":"product_cat","embeddable":true,"href":"https:\/\/iarina029.supserv.cozmoslabs.com\/de\/wp-json\/wp\/v2\/product_cat?post=3869"},{"taxonomy":"product_tag","embeddable":true,"href":"https:\/\/iarina029.supserv.cozmoslabs.com\/de\/wp-json\/wp\/v2\/product_tag?post=3869"}],"curies":[{"name":"wp","href":"https:\/\/api.w.org\/{rel}","templated":true}]}}