{"id":3682,"date":"2025-04-17T20:04:45","date_gmt":"2025-04-17T18:04:45","guid":{"rendered":"https:\/\/cocos.codes\/?post_type=product&#038;p=3682"},"modified":"2026-03-03T19:28:53","modified_gmt":"2026-03-03T18:28:53","slug":"wordpress-google-merchant-center","status":"publish","type":"product","link":"https:\/\/iarina029.supserv.cozmoslabs.com\/de\/product\/wordpress-google-merchant-center\/","title":{"rendered":"WordPress Google Merchant Center 1.0.3"},"content":{"rendered":"<div data-elementor-type=\"wp-post\" data-elementor-id=\"3682\" class=\"elementor elementor-3682\">\n\t\t\t\t<div class=\"elementor-element elementor-element-e799f38 e-flex e-con-boxed e-con e-parent\" data-id=\"e799f38\" data-element_type=\"container\" data-e-type=\"container\">\n\t\t\t\t\t<div class=\"e-con-inner\">\n\t\t\t\t<div class=\"elementor-element elementor-element-959c3f7 elementor-widget elementor-widget-text-editor\" data-id=\"959c3f7\" data-element_type=\"widget\" data-e-type=\"widget\" data-widget_type=\"text-editor.default\">\n\t\t\t\t\t\t\t\t\t<h6>WordPress Google Merchant Center<\/h6><strong>WordPress Google Merchant Center<\/strong> ist ein unentbehrliches Tool f\u00fcr WooCommerce-Shops, die ihre Produkte im Internet effektiv bewerben wollen. <a href=\"https:\/\/merchants.google.com\/\" title=\"Google Shopping\" target=\"_blank\" rel=\"noopener\">Google Shopping<\/a>. Plug-in <strong>CC Google Merchant Center<\/strong> automatisiert die Synchronisierung des Katalogs mit Google und erm\u00f6glicht es Ihnen, Ihr Angebot in der Suchmaschine zu pr\u00e4sentieren und Millionen von Kunden zu erreichen. Es bietet die automatische Erstellung von XML-Dateien, die Zuordnung von Kategorien und die Verwaltung von Produktkampagnen, um eine maximale Effizienz Ihrer Google Shopping-Aktivit\u00e4ten zu gew\u00e4hrleisten.\t\t\t\t\t\t\t\t<\/div>\n\t\t\t\t<div class=\"elementor-element elementor-element-98b7f49 elementor-widget elementor-widget-spacer\" data-id=\"98b7f49\" data-element_type=\"widget\" data-e-type=\"widget\" data-widget_type=\"spacer.default\">\n\t\t\t\t\t\t\t<div class=\"elementor-spacer\">\n\t\t\t<div class=\"elementor-spacer-inner\"><\/div>\n\t\t<\/div>\n\t\t\t\t\t\t<\/div>\n\t\t\t\t\t<\/div>\n\t\t\t\t<\/div>\n\t\t<div class=\"elementor-element elementor-element-97ae8e8 e-grid e-con-boxed e-con e-parent\" data-id=\"97ae8e8\" data-element_type=\"container\" data-e-type=\"container\">\n\t\t\t\t\t<div class=\"e-con-inner\">\n\t\t\t\t<div class=\"elementor-element elementor-element-fbd6b65 elementor-widget elementor-widget-pls-button\" data-id=\"fbd6b65\" data-element_type=\"widget\" data-e-type=\"widget\" data-widget_type=\"pls-button.default\">\n\t\t\t\t<div class=\"elementor-widget-container\">\n\t\t\t\t\t<div id=\"pls-button-52630\" class=\"pls-element pls-button\">\n\t<a class=\"button btn-style-flat\" href=\"https:\/\/iarina029.supserv.cozmoslabs.com\/de\/wissensbasis\/wordpress\/dokumentationen\/google-merchant-center\/\" title=\"DOKUMENTATION\" target=\"_blank\">\n\t\tDOKUMENTATION\t<\/a>\n<\/div>\n\t\t\t\t<\/div>\n\t\t\t\t<\/div>\n\t\t\t\t<div class=\"elementor-element elementor-element-5f71e4f elementor-widget elementor-widget-pls-button\" data-id=\"5f71e4f\" data-element_type=\"widget\" data-e-type=\"widget\" data-widget_type=\"pls-button.default\">\n\t\t\t\t<div class=\"elementor-widget-container\">\n\t\t\t\t\t<div id=\"pls-button-42071\" class=\"pls-element pls-button\">\n\t<a class=\"button btn-style-flat\" href=\"https:\/\/demo.cocos.codes\/cc_google_merchant_center\/\" title=\"DEMO\" target=\"_blank\" rel=\"noopener\">\n\t\tDEMO\t<\/a>\n<\/div>\n\t\t\t\t<\/div>\n\t\t\t\t<\/div>\n\t\t\t\t\t<\/div>\n\t\t\t\t<\/div>\n\t\t<div class=\"elementor-element elementor-element-33e2e77 e-flex e-con-boxed e-con e-parent\" data-id=\"33e2e77\" data-element_type=\"container\" data-e-type=\"container\">\n\t\t\t\t\t<div class=\"e-con-inner\">\n\t\t\t\t<div class=\"elementor-element elementor-element-8f9a4f9 elementor-widget elementor-widget-spacer\" data-id=\"8f9a4f9\" data-element_type=\"widget\" data-e-type=\"widget\" data-widget_type=\"spacer.default\">\n\t\t\t\t\t\t\t<div class=\"elementor-spacer\">\n\t\t\t<div class=\"elementor-spacer-inner\"><\/div>\n\t\t<\/div>\n\t\t\t\t\t\t<\/div>\n\t\t\t\t<div class=\"elementor-element elementor-element-b5b83e0 elementor-widget elementor-widget-text-editor\" data-id=\"b5b83e0\" data-element_type=\"widget\" data-e-type=\"widget\" data-widget_type=\"text-editor.default\">\n\t\t\t\t\t\t\t\t\t<h6>Umfassende Konfigurationsm\u00f6glichkeiten<\/h6><p class=\"whitespace-pre-wrap break-words\"><strong>\ud83d\udecd\ufe0f Vollst\u00e4ndige Integration mit Google Merchant Center<br \/><\/strong> \u2705 Automatische Synchronisierung - regelm\u00e4\u00dfige Aktualisierung des Produktfeed ohne manuelles Eingreifen <br \/>\u2705 Kategoriezuordnung - intuitive Zuordnung von WooCommerce-Kategorien zur offiziellen Google-Taxonomie <br \/>XML-Formate - Generierung von XML-Dateien, die den neuesten Anforderungen des Google Merchant Center entsprechen <br \/>\u2705 Debug-Modus - komfortable Testintegration mit Diagnosemeldungen<\/p><p class=\"whitespace-pre-wrap break-words\"><strong>\ud83d\udcca Fortgeschrittenes Produktmanagement<\/strong> <br \/>\u2705 Mehrere Kan\u00e4le - erstellen Sie unterschiedliche Feeds f\u00fcr verschiedene Produktkategorien oder Zielm\u00e4rkte <br \/>\u2705 Benutzerdefinierte Feldzuordnung - genaue Kontrolle \u00fcber die an Google gesendeten Daten <br \/>\u2705 Produktkennungen - Unterst\u00fctzung f\u00fcr GTIN, MPN und Marke von Google gefordert <br \/>\u2705 Erweiterte Attribute - Anreicherung der Produkte nach Farbe, Gr\u00f6\u00dfe, Geschlecht und Abmessungen<\/p><p class=\"whitespace-pre-wrap break-words\"><strong>\ud83d\udd04 Prozessautomatisierung<\/strong> <br \/>\u2705 Erzeugungszeitpl\u00e4ne - automatische Auffrischung der Futtermittel in bestimmten Abst\u00e4nden <br \/>\u2705 Intelligente Filter - pr\u00e4zise Auswahl der Produkte, die in den Kanal aufgenommen werden sollen <br \/>\u2705 Ausschluss von Produkten - M\u00f6glichkeit, ausgew\u00e4hlte Produkte oder Preisklassen auszulassen <br \/>\u2705 Verf\u00fcgbarkeitsmanagement - automatische Aktualisierung des Produktverf\u00fcgbarkeitsstatus<\/p><p class=\"whitespace-pre-wrap break-words\"><strong>\u2699\ufe0f Flexible Konfigurationsm\u00f6glichkeiten<\/strong> <br \/>\u2705 Preiszuordnung - Wahl zwischen Brutto- und Nettopreisen f\u00fcr verschiedene M\u00e4rkte <br \/>\u2705 Mediensteuerung - Angabe der Anzahl der Produktbilder, die an Google exportiert werden sollen <br \/>\u2705 Preisfilterung - Produktkan\u00e4le in bestimmten Preisklassen erstellen <br \/>\u2705 Variantenbehandlung - Export aller Produktvarianten als separate Eintr\u00e4ge<\/p><p class=\"whitespace-pre-wrap break-words\"><strong>\ud83d\udd27 Technische Merkmale<\/strong> <br \/>HPOS-Kompatibilit\u00e4t - volle Unterst\u00fctzung f\u00fcr WooCommerce High-Performance Order Storage <br \/>\u2705 Lizenzmanagementsystem - komfortable Aktivierung und Verwaltung der Lizenz im Administrationspanel <br \/>\u2705 Leistungsoptimierung - Ereignis-Warteschlangen f\u00fcr minimale Auswirkungen auf die Seitengeschwindigkeit <br \/>\u2705 Kompatibilit\u00e4t mit verschiedenen Themes - funktioniert unabh\u00e4ngig vom verwendeten WooCommerce-Theme <br \/>\u2705 Regelm\u00e4\u00dfige Updates - kontinuierliche Anpassung an die neuesten Anforderungen des Google Merchant Centers<\/p>\t\t\t\t\t\t\t\t<\/div>\n\t\t\t\t<div class=\"elementor-element elementor-element-85154fc elementor-widget elementor-widget-spacer\" data-id=\"85154fc\" data-element_type=\"widget\" data-e-type=\"widget\" data-widget_type=\"spacer.default\">\n\t\t\t\t\t\t\t<div class=\"elementor-spacer\">\n\t\t\t<div class=\"elementor-spacer-inner\"><\/div>\n\t\t<\/div>\n\t\t\t\t\t\t<\/div>\n\t\t\t\t<div class=\"elementor-element elementor-element-cef436c elementor-widget elementor-widget-text-editor\" data-id=\"cef436c\" data-element_type=\"widget\" data-e-type=\"widget\" data-widget_type=\"text-editor.default\">\n\t\t\t\t\t\t\t\t\t<h6>Produktattribute in einer XML-Datei<\/h6>Das Plug-in generiert erweiterte XML-Dateien, die alle notwendigen und optionalen Attribute enthalten, die von Google verlangt werden:<br \/><p class=\"whitespace-pre-wrap break-words\"><strong>Grundlegende Attribute (erforderlich)<\/strong><br \/>\u2705 g:id - eindeutige Produktkennung<br \/>\u2705 g:title - Produktname (bis zu 150 Zeichen)<br \/>\u2705 g:description - vollst\u00e4ndige Produktbeschreibung (bis zu 5000 Zeichen)<br \/>\u2705 g:link - URL zur Produktseite<br \/>\u2705 g:image_link - URL zum Hauptproduktbild<br \/>g:availability - Verf\u00fcgbarkeitsstatus (auf Lager, nicht auf Lager, Vorbestellung)<br \/>\u2705 g:price - aktueller Produktpreis mit W\u00e4hrung<br \/>\u2705 g:google_product_category - offizielle Google-Kategorie<br \/><br \/><strong>Identifikationsmerkmale<\/strong><br \/>\u2705 g:brand - Marke oder Hersteller des Produkts<br \/>\u2705 g:gtin - Globale Handelseinheitennummer (EAN, UPC, ISBN)<br \/>\u2705 g:mpn - Katalognummer des Herstellers (MPN)<br \/><br \/><strong>Preis-Attribute<\/strong><br \/>\u2705 g:sale_price - Aktionspreis des Produkts<br \/>g:sale_price_effective_date - Datum des Inkrafttretens der Aktion<br \/><br \/><strong>Zus\u00e4tzliche Attribute<\/strong><br \/>\u2705 g:additional_image_link - zus\u00e4tzliche Produktbilder<br \/>\u2705 g:colour - Farbe des Produkts<br \/>\u2705 g:size - Gr\u00f6\u00dfe des Produkts<br \/>\u2705 g:gender - Zielgeschlecht (m\u00e4nnlich, weiblich, unisex)<br \/>\u2705 g:condition - Zustand des Produkts (neu, general\u00fcberholt, gebraucht)<br \/>\u2705 g:product_type - Produktkategorie aus dem Shop (bis zu 750 Zeichen)<br \/>\u2705 g:L\u00e4nge - Produktl\u00e4nge mit Einheit<br \/>\u2705 g:width - Breite des Produkts mit Einheit<br \/>\u2705 g:H\u00f6he - H\u00f6he des Produkts mit Einheit<br \/>\u2705 g:Gewicht - Produktgewicht mit Einheit<\/p>\t\t\t\t\t\t\t\t<\/div>\n\t\t\t\t<div class=\"elementor-element elementor-element-b775f8f elementor-widget elementor-widget-spacer\" data-id=\"b775f8f\" data-element_type=\"widget\" data-e-type=\"widget\" data-widget_type=\"spacer.default\">\n\t\t\t\t\t\t\t<div class=\"elementor-spacer\">\n\t\t\t<div class=\"elementor-spacer-inner\"><\/div>\n\t\t<\/div>\n\t\t\t\t\t\t<\/div>\n\t\t\t\t<div class=\"elementor-element elementor-element-5b93729 elementor-widget elementor-widget-text-editor\" data-id=\"5b93729\" data-element_type=\"widget\" data-e-type=\"widget\" data-widget_type=\"text-editor.default\">\n\t\t\t\t\t\t\t\t\t<h6><strong>\ud83d\udcc8 Erh\u00f6hen Sie die Sichtbarkeit Ihrer Produkte bei Google um 200-300%!<\/strong><\/h6>Untersuchungen zeigen, dass ein professionell konfigurierter Produktkanal ein <strong>der Schl\u00fcssel zum Erfolg bei Google Shopping<\/strong>. Dank des CC Google Merchant Centre <strong>Ihre Produkte werden in den Google-Suchergebnissen sichtbar sein<\/strong>und die genaue Konfiguration der Attribute erm\u00f6glicht es Ihnen <strong>die Effektivit\u00e4t von Google Shopping-Kampagnen und die Anzahl der Konversionen zu erh\u00f6hen<\/strong>.\t\t\t\t\t\t\t\t<\/div>\n\t\t\t\t<div class=\"elementor-element elementor-element-34851c5 elementor-widget elementor-widget-spacer\" data-id=\"34851c5\" data-element_type=\"widget\" data-e-type=\"widget\" data-widget_type=\"spacer.default\">\n\t\t\t\t\t\t\t<div class=\"elementor-spacer\">\n\t\t\t<div class=\"elementor-spacer-inner\"><\/div>\n\t\t<\/div>\n\t\t\t\t\t\t<\/div>\n\t\t\t\t<div class=\"elementor-element elementor-element-032243e elementor-widget elementor-widget-text-editor\" data-id=\"032243e\" data-element_type=\"widget\" data-e-type=\"widget\" data-widget_type=\"text-editor.default\">\n\t\t\t\t\t\t\t\t\t<p><strong>F\u00fcr wen?<\/strong> <br \/>Das Plugin ist ideal f\u00fcr alle: <br \/>\u2714 WooCommerce-Shops, die die Reichweite und Sichtbarkeit ihrer Produkte bei Google erh\u00f6hen m\u00f6chten <br \/>\u2714 E-Commerce-Besitzer, die in Google Shopping-Kampagnen investieren <br \/>\u2714 Vermarkter, die nach effektiven Wegen suchen, um neue Kunden zu erreichen <br \/>\u2714 H\u00e4ndler, die Produktdaten automatisch mit Google synchronisieren m\u00f6chten <br \/>\u2714 Unternehmen, die ihren Umsatz durch die Pr\u00e4senz bei Google Shopping steigern m\u00f6chten<\/p>\t\t\t\t\t\t\t\t<\/div>\n\t\t\t\t<div class=\"elementor-element elementor-element-815079d elementor-widget elementor-widget-spacer\" data-id=\"815079d\" data-element_type=\"widget\" data-e-type=\"widget\" data-widget_type=\"spacer.default\">\n\t\t\t\t\t\t\t<div class=\"elementor-spacer\">\n\t\t\t<div class=\"elementor-spacer-inner\"><\/div>\n\t\t<\/div>\n\t\t\t\t\t\t<\/div>\n\t\t\t\t<div class=\"elementor-element elementor-element-172bfff elementor-widget elementor-widget-text-editor\" data-id=\"172bfff\" data-element_type=\"widget\" data-e-type=\"widget\" data-widget_type=\"text-editor.default\">\n\t\t\t\t\t\t\t\t\t<p><div class=\"pls-block pls-block-3297\">\t\t<div data-elementor-type=\"wp-post\" data-elementor-id=\"3297\" class=\"elementor elementor-3297\">\n\t\t\t\t<div class=\"elementor-element elementor-element-d99440d e-flex e-con-boxed e-con e-parent\" data-id=\"d99440d\" data-element_type=\"container\" data-e-type=\"container\" data-settings=\"{&quot;background_background&quot;:&quot;classic&quot;}\">\n\t\t\t\t\t<div class=\"e-con-inner\">\n\t\t\t\t<div class=\"elementor-element elementor-element-b850409 elementor-widget elementor-widget-text-editor\" data-id=\"b850409\" data-element_type=\"widget\" data-e-type=\"widget\" data-widget_type=\"text-editor.default\">\n\t\t\t\t\t\t\t\t\t<h6><strong>\u00a0Erweitern Sie die M\u00f6glichkeiten Ihres Shops noch heute! <\/strong><strong>\ud83d\ude80<\/strong><\/h6>F\u00fcgen Sie neue Funktionen hinzu, verbessern Sie die Benutzerfreundlichkeit und steigern Sie Ihre Ums\u00e4tze mit unserem Modul. Einfache Installation, volle Kompatibilit\u00e4t und regelm\u00e4\u00dfige Updates - alles, was Sie brauchen, damit Ihr Shop noch besser funktioniert.<br \/>\u2705 Einfache Einrichtung \u2705 Professionelle Unterst\u00fctzung \u2705 Nahtlose Integration<br \/><br \/><a class=\"button simple\" href=\"#main-content\" title=\"Jetzt installieren und benutzen!\">Installieren und benutzen Sie es jetzt!<\/a>\t\t\t\t\t\t\t\t<\/div>\n\t\t\t\t\t<\/div>\n\t\t\t\t<\/div>\n\t\t\t\t<\/div>\n\t\t<\/div><\/p>\t\t\t\t\t\t\t\t<\/div>\n\t\t\t\t\t<\/div>\n\t\t\t\t<\/div>\n\t\t\t\t<\/div>","protected":false},"excerpt":{"rendered":"Word Press Google Merchant Center Word Press Google Merchant Center to niezb\u0119dne narz\u0119dzie dla sklep\u00f3w Woo Commerce, kt\u00f3re chc\u0105 skutecznie promowa\u0107 produkty w Google Shopping. Wtyczka CC Google Merchant Center","protected":false},"featured_media":3814,"comment_status":"open","ping_status":"closed","template":"","meta":{"powered_cache_disable_cache":false,"powered_cache_disable_css_optimization":false,"powered_cache_disable_js_optimization":false},"product_brand":[275],"product_cat":[128,132],"product_tag":[224,199,198,225],"class_list":{"0":"post-3682","1":"product","2":"type-product","3":"status-publish","4":"has-post-thumbnail","6":"product_brand-cocos","7":"product_cat-moduly","8":"product_cat-wordpress","9":"product_tag-google-merchant-center","10":"product_tag-woocommerce","11":"product_tag-wordpress","12":"product_tag-xml","14":"first","15":"instock","16":"downloadable","17":"virtual","18":"taxable","19":"purchasable","20":"product-type-simple"},"_links":{"self":[{"href":"https:\/\/iarina029.supserv.cozmoslabs.com\/de\/wp-json\/wp\/v2\/product\/3682","targetHints":{"allow":["GET"]}}],"collection":[{"href":"https:\/\/iarina029.supserv.cozmoslabs.com\/de\/wp-json\/wp\/v2\/product"}],"about":[{"href":"https:\/\/iarina029.supserv.cozmoslabs.com\/de\/wp-json\/wp\/v2\/types\/product"}],"replies":[{"embeddable":true,"href":"https:\/\/iarina029.supserv.cozmoslabs.com\/de\/wp-json\/wp\/v2\/comments?post=3682"}],"version-history":[{"count":0,"href":"https:\/\/iarina029.supserv.cozmoslabs.com\/de\/wp-json\/wp\/v2\/product\/3682\/revisions"}],"wp:featuredmedia":[{"embeddable":true,"href":"https:\/\/iarina029.supserv.cozmoslabs.com\/de\/wp-json\/wp\/v2\/media\/3814"}],"wp:attachment":[{"href":"https:\/\/iarina029.supserv.cozmoslabs.com\/de\/wp-json\/wp\/v2\/media?parent=3682"}],"wp:term":[{"taxonomy":"product_brand","embeddable":true,"href":"https:\/\/iarina029.supserv.cozmoslabs.com\/de\/wp-json\/wp\/v2\/product_brand?post=3682"},{"taxonomy":"product_cat","embeddable":true,"href":"https:\/\/iarina029.supserv.cozmoslabs.com\/de\/wp-json\/wp\/v2\/product_cat?post=3682"},{"taxonomy":"product_tag","embeddable":true,"href":"https:\/\/iarina029.supserv.cozmoslabs.com\/de\/wp-json\/wp\/v2\/product_tag?post=3682"}],"curies":[{"name":"wp","href":"https:\/\/api.w.org\/{rel}","templated":true}]}}