{"id":3620,"date":"2025-05-03T16:51:59","date_gmt":"2025-05-03T14:51:59","guid":{"rendered":"https:\/\/cocos.codes\/?post_type=product&#038;p=3620"},"modified":"2025-12-11T23:44:31","modified_gmt":"2025-12-11T22:44:31","slug":"wordpress-olx-integration","status":"publish","type":"product","link":"https:\/\/iarina029.supserv.cozmoslabs.com\/de\/product\/wordpress-olx-integration\/","title":{"rendered":"WordPress-Integration OLX 1.0.0"},"content":{"rendered":"<div data-elementor-type=\"wp-post\" data-elementor-id=\"3620\" class=\"elementor elementor-3620\">\n\t\t\t\t<div class=\"elementor-element elementor-element-8e6e3b0 e-flex e-con-boxed e-con e-parent\" data-id=\"8e6e3b0\" data-element_type=\"container\" data-e-type=\"container\">\n\t\t\t\t\t<div class=\"e-con-inner\">\n\t\t\t\t<div class=\"elementor-element elementor-element-2048faa elementor-widget elementor-widget-text-editor\" data-id=\"2048faa\" data-element_type=\"widget\" data-e-type=\"widget\" data-widget_type=\"text-editor.default\">\n\t\t\t\t\t\t\t\t\t<h6><strong>WordPress OLX Integration WooCommerce - erh\u00f6hen Sie effektiv die Reichweite Ihres Shops<\/strong><\/h6>Dank an <strong>WordPress OLX Integration WooCommerce<\/strong> k\u00f6nnen Sie Produkte aus WooCommerce einfach und automatisch auf der <a href=\"https:\/\/olx.pl\/\" title=\"OLX\" target=\"_blank\" rel=\"noopener\">OLX<\/a>. Plug-in <strong>CC WordPress OLX-Integration<\/strong> erm\u00f6glicht es Ihnen, Ihre Anzeigen direkt von Ihrem WordPress-Dashboard aus zu verwalten, wodurch das manuelle Hinzuf\u00fcgen von Inseraten entf\u00e4llt. Steigern Sie Ihren Umsatz, indem Sie Millionen von OLX-Nutzern erreichen und ohne zus\u00e4tzlichen Aufwand mehr Kunden gewinnen. Die professionelle Integration spart Zeit und macht Ihren Online-Shop effizienter.\t\t\t\t\t\t\t\t<\/div>\n\t\t\t\t<div class=\"elementor-element elementor-element-8b82cc1 elementor-widget elementor-widget-spacer\" data-id=\"8b82cc1\" data-element_type=\"widget\" data-e-type=\"widget\" data-widget_type=\"spacer.default\">\n\t\t\t\t\t\t\t<div class=\"elementor-spacer\">\n\t\t\t<div class=\"elementor-spacer-inner\"><\/div>\n\t\t<\/div>\n\t\t\t\t\t\t<\/div>\n\t\t\t\t\t<\/div>\n\t\t\t\t<\/div>\n\t\t<div class=\"elementor-element elementor-element-b5162ed e-grid e-con-boxed e-con e-parent\" data-id=\"b5162ed\" data-element_type=\"container\" data-e-type=\"container\">\n\t\t\t\t\t<div class=\"e-con-inner\">\n\t\t\t\t<div class=\"elementor-element elementor-element-30bc29e elementor-widget elementor-widget-pls-button\" data-id=\"30bc29e\" data-element_type=\"widget\" data-e-type=\"widget\" data-widget_type=\"pls-button.default\">\n\t\t\t\t<div class=\"elementor-widget-container\">\n\t\t\t\t\t<div id=\"pls-button-2567\" class=\"pls-element pls-button\">\n\t<a class=\"button btn-style-flat\" href=\"https:\/\/iarina029.supserv.cozmoslabs.com\/de\/wissensbasis\/wordpress\/dokumentationen\/wordpress-olx-integration\/\" title=\"DOKUMENTATION\" target=\"_blank\">\n\t\tDOKUMENTATION\t<\/a>\n<\/div>\n\t\t\t\t<\/div>\n\t\t\t\t<\/div>\n\t\t\t\t<div class=\"elementor-element elementor-element-7456fec elementor-widget elementor-widget-pls-button\" data-id=\"7456fec\" data-element_type=\"widget\" data-e-type=\"widget\" data-widget_type=\"pls-button.default\">\n\t\t\t\t<div class=\"elementor-widget-container\">\n\t\t\t\t\t<div id=\"pls-button-3451\" class=\"pls-element pls-button\">\n\t<a class=\"button btn-style-flat\" href=\"https:\/\/demo.cocos.codes\/cc_wordpress_olx_integration\/\" title=\"DEMO\" target=\"_blank\" rel=\"noopener\">\n\t\tDEMO\t<\/a>\n<\/div>\n\t\t\t\t<\/div>\n\t\t\t\t<\/div>\n\t\t\t\t\t<\/div>\n\t\t\t\t<\/div>\n\t\t<div class=\"elementor-element elementor-element-56e8bc0 e-flex e-con-boxed e-con e-parent\" data-id=\"56e8bc0\" data-element_type=\"container\" data-e-type=\"container\">\n\t\t\t\t\t<div class=\"e-con-inner\">\n\t\t\t\t<div class=\"elementor-element elementor-element-0748917 elementor-widget elementor-widget-spacer\" data-id=\"0748917\" data-element_type=\"widget\" data-e-type=\"widget\" data-widget_type=\"spacer.default\">\n\t\t\t\t\t\t\t<div class=\"elementor-spacer\">\n\t\t\t<div class=\"elementor-spacer-inner\"><\/div>\n\t\t<\/div>\n\t\t\t\t\t\t<\/div>\n\t\t\t\t<div class=\"elementor-element elementor-element-2cf538b elementor-widget elementor-widget-text-editor\" data-id=\"2cf538b\" data-element_type=\"widget\" data-e-type=\"widget\" data-widget_type=\"text-editor.default\">\n\t\t\t\t\t\t\t\t\t<h6>Umfassende Konfigurationsm\u00f6glichkeiten<\/h6>\ud83d\udecd\ufe0f <strong>Vollst\u00e4ndige Integration in die OLX-Plattform<br \/><\/strong>\u2705 Ank\u00fcndigungs-Management-Panel - komfortable Ver\u00f6ffentlichung und \u00dcberwachung des Status von Ank\u00fcndigungen<br \/>\u2705 Bekanntmachungsstatistik - \u00fcbersichtliche Oberfl\u00e4che mit Analyse der aktiven, anh\u00e4ngigen und inaktiven Bekanntmachungen<br \/>\u2705 Kategoriezuordnung - intuitive Zuordnung von WooCommerce-Kategorien zu offiziellen OLX-Kategorien<br \/>Synchronisierung mit OLX API - vollst\u00e4ndige Integration mit der neuesten OLX-Entwicklungsschnittstelle<br \/><br \/>\ud83d\udcca <strong>Erweiterte Anzeigenverwaltung<br \/><\/strong>\u2705 Benutzerdefinierte Beschreibungen - anpassbare Titel und Beschreibungen f\u00fcr Anzeigen<br \/>\u2705 Automatische Fotos - Verwendung der Produktgalerie f\u00fcr Anzeigen auf OLX<br \/>\u2705 Standortmanagement - Synchronisierung von Stadt- und Bezirksdatenbanken zur genauen Lokalisierung von Anzeigen<br \/>Kategorienspezifische Attribute - Unterst\u00fctzung f\u00fcr zus\u00e4tzliche, von OLX ben\u00f6tigte Felder<br \/><br \/>\ud83d\udd04 <strong>Prozessautomatisierung<br \/><\/strong>\u2705 Anzeigenstatus - automatische Aktualisierung des Status auf der OLX-Plattform<br \/>\u2705 Bekanntmachungen aktualisieren - M\u00f6glichkeit, Bekanntmachungsdaten schnell zu aktualisieren<br \/>\u2705 Produkt-Panel - Integration mit WooCommerce-Produktausgabe<br \/>\u2705 Verf\u00fcgbarkeitsmanagement - Kontrolle der Anzeigen auf Lager<br \/><br \/>\u2699\ufe0f <strong>Flexible Konfigurationsm\u00f6glichkeiten<br \/><\/strong>\u2705 Standardeinstellungen - Konfiguration der Standardwerte f\u00fcr Hinweise<br \/>\u2705 Kopf- und Fu\u00dfzeilen - automatisches Hinzuf\u00fcgen von Text zu Anzeigenbeschreibungen<br \/>\u2705 Preisoptionen - Unterst\u00fctzung f\u00fcr verschiedene W\u00e4hrungen und \"verhandelbare\" Optionen<br \/>\u2705 Kontaktdaten - Konfiguration der Kontaktdaten f\u00fcr Bekanntmachungen<br \/><br \/>\ud83d\udd27 <strong>Technische Merkmale<br \/><\/strong>HPOS-Kompatibilit\u00e4t - volle Unterst\u00fctzung f\u00fcr WooCommerce High-Performance Order Storage<br \/>\u2705 Lizenzmanagementsystem - komfortable Aktivierung und Verwaltung der Lizenz im Administrationspanel<br \/>\u2705 Leistungsoptimierung - lokale Speicherung von Standortdaten f\u00fcr schnelleren Betrieb<br \/>\u2705 Kompatibilit\u00e4t mit verschiedenen Themes - funktioniert unabh\u00e4ngig vom verwendeten WooCommerce-Theme\t\t\t\t\t\t\t\t<\/div>\n\t\t\t\t<div class=\"elementor-element elementor-element-056dbb4 elementor-widget elementor-widget-spacer\" data-id=\"056dbb4\" data-element_type=\"widget\" data-e-type=\"widget\" data-widget_type=\"spacer.default\">\n\t\t\t\t\t\t\t<div class=\"elementor-spacer\">\n\t\t\t<div class=\"elementor-spacer-inner\"><\/div>\n\t\t<\/div>\n\t\t\t\t\t\t<\/div>\n\t\t\t\t<div class=\"elementor-element elementor-element-55f79df elementor-widget elementor-widget-text-editor\" data-id=\"55f79df\" data-element_type=\"widget\" data-e-type=\"widget\" data-widget_type=\"text-editor.default\">\n\t\t\t\t\t\t\t\t\t<h6>Merkmale der Werbung auf OLX<\/h6>Das Plug-in unterst\u00fctzt alle notwendigen Anzeigenelemente, die die OLX-Plattform ben\u00f6tigt:<br \/><strong>Grundlegende Informationen<br \/><\/strong>\u2705 Anzeigentitel - attraktiver Titel nach OLX-Vorgaben<br \/>\u2705 Anzeigenbeschreibung - vollst\u00e4ndige Produktbeschreibung mit optionaler Kopf- und Fu\u00dfzeile<br \/>\u2705 OLX-Kategorie - genaue Auswahl der endg\u00fcltigen OLX-Kategorie<br \/>\u2705 Produktbilder - automatische Synchronisierung von Bildern aus der Produktgalerie<br \/><br \/><strong>Standortdaten<br \/><\/strong>\u2705 Stadt - Auswahl aus der synchronisierten St\u00e4dtedatenbank<br \/>\u2705 Bezirk - fakultative Auswahl des Bezirks<br \/>\u2705 Synchronisierung der Standorte - Aktualisierung der Datenbank der St\u00e4dte und Bezirke aus dem OLX-System<br \/><br \/><strong>Kontaktinformationen und Ank\u00fcndigungen<br \/><\/strong>\u2705 Kontotyp - Wahl zwischen Privat- und Firmenkonto<br \/>\u2705 Kontaktangaben - Zusammenstellung von Vorname\/Firmenname und Telefonnummer<br \/>\u2705 Preis - Wert, W\u00e4hrung und Option \"verhandelbar\" einstellen<br \/>\u2705 Kategorieattribute - Unterst\u00fctzung f\u00fcr zus\u00e4tzliche Felder, die pro Kategorie erforderlich sind\t\t\t\t\t\t\t\t<\/div>\n\t\t\t\t<div class=\"elementor-element elementor-element-b96d23a elementor-widget elementor-widget-spacer\" data-id=\"b96d23a\" data-element_type=\"widget\" data-e-type=\"widget\" data-widget_type=\"spacer.default\">\n\t\t\t\t\t\t\t<div class=\"elementor-spacer\">\n\t\t\t<div class=\"elementor-spacer-inner\"><\/div>\n\t\t<\/div>\n\t\t\t\t\t\t<\/div>\n\t\t\t\t<div class=\"elementor-element elementor-element-5cd6cee elementor-widget elementor-widget-text-editor\" data-id=\"5cd6cee\" data-element_type=\"widget\" data-e-type=\"widget\" data-widget_type=\"text-editor.default\">\n\t\t\t\t\t\t\t\t\t<h6>\ud83d\udcc8 Erh\u00f6hen Sie die Reichweite Ihrer Produkte und erreichen Sie neue Kunden!<\/h6><strong>Die OLX-Plattform ist einer der gr\u00f6\u00dften Anzeigendienste<\/strong> in Polen mit <strong>Millionen<\/strong> aktive Nutzer pro Monat. Dank <strong>CC WordPress OLX-Integration<\/strong> k\u00f6nnen Sie leicht <strong>neue Kunden erreichen, die Sichtbarkeit Ihrer Produkte erh\u00f6hen<\/strong> i <strong>die Ver\u00f6ffentlichung von Bekanntmachungen zu automatisieren<\/strong>. Verwalten Sie alles \u00fcber das WordPress-Dashboard, mit dem Sie vertraut sind, ohne sich in das OLX-System einloggen zu m\u00fcssen.\t\t\t\t\t\t\t\t<\/div>\n\t\t\t\t<div class=\"elementor-element elementor-element-fedf0c9 elementor-widget elementor-widget-spacer\" data-id=\"fedf0c9\" data-element_type=\"widget\" data-e-type=\"widget\" data-widget_type=\"spacer.default\">\n\t\t\t\t\t\t\t<div class=\"elementor-spacer\">\n\t\t\t<div class=\"elementor-spacer-inner\"><\/div>\n\t\t<\/div>\n\t\t\t\t\t\t<\/div>\n\t\t\t\t<div class=\"elementor-element elementor-element-abe0360 elementor-widget elementor-widget-text-editor\" data-id=\"abe0360\" data-element_type=\"widget\" data-e-type=\"widget\" data-widget_type=\"text-editor.default\">\n\t\t\t\t\t\t\t\t\t<strong>F\u00fcr wen?<\/strong> <br \/>Das Plugin ist ideal f\u00fcr alle:<br \/>\u2714 WooCommerce-Shops, die ihre Reichweite und ihren Umsatz \u00fcber OLX steigern wollen<br \/>\u2714 Anbieter, die Zeit f\u00fcr die manuelle Ver\u00f6ffentlichung von Anzeigen sparen m\u00f6chten<br \/>\u2714 Unternehmen, die eine gro\u00dfe Anzahl von Anzeigen effizient verwalten m\u00fcssen<br \/>\u2714 E-Commerce auf der Suche nach zus\u00e4tzlichen Vertriebskan\u00e4len au\u00dferhalb des eigenen Shops<br \/>\u2714 Unternehmen, die dank der pr\u00e4zisen Geolokalisierung von OLX lokale Kunden erreichen wollen\t\t\t\t\t\t\t\t<\/div>\n\t\t\t\t<div class=\"elementor-element elementor-element-75f86c2 elementor-widget elementor-widget-spacer\" data-id=\"75f86c2\" data-element_type=\"widget\" data-e-type=\"widget\" data-widget_type=\"spacer.default\">\n\t\t\t\t\t\t\t<div class=\"elementor-spacer\">\n\t\t\t<div class=\"elementor-spacer-inner\"><\/div>\n\t\t<\/div>\n\t\t\t\t\t\t<\/div>\n\t\t\t\t<div class=\"elementor-element elementor-element-7d8fb47 elementor-widget elementor-widget-text-editor\" data-id=\"7d8fb47\" data-element_type=\"widget\" data-e-type=\"widget\" data-widget_type=\"text-editor.default\">\n\t\t\t\t\t\t\t\t\t<p><div class=\"pls-block pls-block-3297\">\t\t<div data-elementor-type=\"wp-post\" data-elementor-id=\"3297\" class=\"elementor elementor-3297\">\n\t\t\t\t<div class=\"elementor-element elementor-element-d99440d e-flex e-con-boxed e-con e-parent\" data-id=\"d99440d\" data-element_type=\"container\" data-e-type=\"container\" data-settings=\"{&quot;background_background&quot;:&quot;classic&quot;}\">\n\t\t\t\t\t<div class=\"e-con-inner\">\n\t\t\t\t<div class=\"elementor-element elementor-element-b850409 elementor-widget elementor-widget-text-editor\" data-id=\"b850409\" data-element_type=\"widget\" data-e-type=\"widget\" data-widget_type=\"text-editor.default\">\n\t\t\t\t\t\t\t\t\t<h6><strong>\u00a0Erweitern Sie die M\u00f6glichkeiten Ihres Shops noch heute! <\/strong><strong>\ud83d\ude80<\/strong><\/h6>F\u00fcgen Sie neue Funktionen hinzu, verbessern Sie die Benutzerfreundlichkeit und steigern Sie Ihre Ums\u00e4tze mit unserem Modul. Einfache Installation, volle Kompatibilit\u00e4t und regelm\u00e4\u00dfige Updates - alles, was Sie brauchen, damit Ihr Shop noch besser funktioniert.<br \/>\u2705 Einfache Einrichtung \u2705 Professionelle Unterst\u00fctzung \u2705 Nahtlose Integration<br \/><br \/><a class=\"button simple\" href=\"#main-content\" title=\"Jetzt installieren und benutzen!\">Installieren und benutzen Sie es jetzt!<\/a>\t\t\t\t\t\t\t\t<\/div>\n\t\t\t\t\t<\/div>\n\t\t\t\t<\/div>\n\t\t\t\t<\/div>\n\t\t<\/div><\/p>\t\t\t\t\t\t\t\t<\/div>\n\t\t\t\t\t<\/div>\n\t\t\t\t<\/div>\n\t\t\t\t<\/div>","protected":false},"excerpt":{"rendered":"Word Press OLX integracja Woo Commerce \u2013 skutecznie zwi\u0119ksz zasi\u0119g swojego sklepu Dzi\u0119ki Word Press OLX integracja Woo Commerce mo\u017cesz \u0142atwo i automatycznie wystawia\u0107 produkty z Woo Commerce na OLX.","protected":false},"featured_media":3800,"comment_status":"open","ping_status":"closed","template":"","meta":{"powered_cache_disable_cache":false,"powered_cache_disable_css_optimization":false,"powered_cache_disable_js_optimization":false},"product_brand":[275],"product_cat":[128,132],"product_tag":[228,227,199,198],"class_list":{"0":"post-3620","1":"product","2":"type-product","3":"status-publish","4":"has-post-thumbnail","6":"product_brand-cocos","7":"product_cat-moduly","8":"product_cat-wordpress","9":"product_tag-integracja","10":"product_tag-olx","11":"product_tag-woocommerce","12":"product_tag-wordpress","14":"first","15":"instock","16":"featured","17":"downloadable","18":"virtual","19":"taxable","20":"purchasable","21":"product-type-simple"},"_links":{"self":[{"href":"https:\/\/iarina029.supserv.cozmoslabs.com\/de\/wp-json\/wp\/v2\/product\/3620","targetHints":{"allow":["GET"]}}],"collection":[{"href":"https:\/\/iarina029.supserv.cozmoslabs.com\/de\/wp-json\/wp\/v2\/product"}],"about":[{"href":"https:\/\/iarina029.supserv.cozmoslabs.com\/de\/wp-json\/wp\/v2\/types\/product"}],"replies":[{"embeddable":true,"href":"https:\/\/iarina029.supserv.cozmoslabs.com\/de\/wp-json\/wp\/v2\/comments?post=3620"}],"version-history":[{"count":0,"href":"https:\/\/iarina029.supserv.cozmoslabs.com\/de\/wp-json\/wp\/v2\/product\/3620\/revisions"}],"wp:featuredmedia":[{"embeddable":true,"href":"https:\/\/iarina029.supserv.cozmoslabs.com\/de\/wp-json\/wp\/v2\/media\/3800"}],"wp:attachment":[{"href":"https:\/\/iarina029.supserv.cozmoslabs.com\/de\/wp-json\/wp\/v2\/media?parent=3620"}],"wp:term":[{"taxonomy":"product_brand","embeddable":true,"href":"https:\/\/iarina029.supserv.cozmoslabs.com\/de\/wp-json\/wp\/v2\/product_brand?post=3620"},{"taxonomy":"product_cat","embeddable":true,"href":"https:\/\/iarina029.supserv.cozmoslabs.com\/de\/wp-json\/wp\/v2\/product_cat?post=3620"},{"taxonomy":"product_tag","embeddable":true,"href":"https:\/\/iarina029.supserv.cozmoslabs.com\/de\/wp-json\/wp\/v2\/product_tag?post=3620"}],"curies":[{"name":"wp","href":"https:\/\/api.w.org\/{rel}","templated":true}]}}