{"id":3605,"date":"2025-04-10T21:15:22","date_gmt":"2025-04-10T19:15:22","guid":{"rendered":"https:\/\/cocos.codes\/?post_type=product&#038;p=3605"},"modified":"2026-01-21T17:28:45","modified_gmt":"2026-01-21T16:28:45","slug":"wordpress-facebook-pixel","status":"publish","type":"product","link":"https:\/\/iarina029.supserv.cozmoslabs.com\/de\/product\/wordpress-facebook-pixel\/","title":{"rendered":"WordPress Facebook Pixel 1.0.2"},"content":{"rendered":"<div data-elementor-type=\"wp-post\" data-elementor-id=\"3605\" class=\"elementor elementor-3605\">\n\t\t\t\t<div class=\"elementor-element elementor-element-589e191 e-flex e-con-boxed e-con e-parent\" data-id=\"589e191\" data-element_type=\"container\" data-e-type=\"container\">\n\t\t\t\t\t<div class=\"e-con-inner\">\n\t\t\t\t<div class=\"elementor-element elementor-element-c111b50 elementor-widget elementor-widget-text-editor\" data-id=\"c111b50\" data-element_type=\"widget\" data-e-type=\"widget\" data-widget_type=\"text-editor.default\">\n\t\t\t\t\t\t\t\t\t<h6><strong>WordPress Facebook Pixel<br \/><\/strong><\/h6><strong><a href=\"https:\/\/wordpress.org\/\" title=\"WordPress\" target=\"_blank\" rel=\"noopener\">WordPress<\/a> Facebook-Pixel<\/strong> ist ein unverzichtbares Instrument f\u00fcr pr\u00e4zises Conversion-Tracking und Anzeigenoptimierung. <a href=\"https:\/\/iarina029.supserv.cozmoslabs.com\/de\/produktkategorie\/module\/wordpress\/\" title=\"WordPress-Plugin\">WordPress-Plugin<\/a> <strong>Facebook-Pixel<\/strong> erm\u00f6glicht die vollst\u00e4ndige Integration mit der Facebook Pixel- und Conversions-API und liefert zuverl\u00e4ssige Daten sowohl auf der Browser- als auch auf der Serverseite - selbst bei aktiven Werbeblockern. Intelligentes Event-Queuing, asynchrone Verarbeitung und fortschrittliches Debugging maximieren den ROI von Werbekampagnen.\t\t\t\t\t\t\t\t<\/div>\n\t\t\t\t<div class=\"elementor-element elementor-element-5a71fba elementor-widget elementor-widget-spacer\" data-id=\"5a71fba\" data-element_type=\"widget\" data-e-type=\"widget\" data-widget_type=\"spacer.default\">\n\t\t\t\t\t\t\t<div class=\"elementor-spacer\">\n\t\t\t<div class=\"elementor-spacer-inner\"><\/div>\n\t\t<\/div>\n\t\t\t\t\t\t<\/div>\n\t\t\t\t\t<\/div>\n\t\t\t\t<\/div>\n\t\t<div class=\"elementor-element elementor-element-afd9ee9 e-grid e-con-boxed e-con e-parent\" data-id=\"afd9ee9\" data-element_type=\"container\" data-e-type=\"container\">\n\t\t\t\t\t<div class=\"e-con-inner\">\n\t\t\t\t<div class=\"elementor-element elementor-element-959ec9b elementor-widget elementor-widget-pls-button\" data-id=\"959ec9b\" data-element_type=\"widget\" data-e-type=\"widget\" data-widget_type=\"pls-button.default\">\n\t\t\t\t<div class=\"elementor-widget-container\">\n\t\t\t\t\t<div id=\"pls-button-5215\" class=\"pls-element pls-button\">\n\t<a class=\"button btn-style-flat\" href=\"https:\/\/iarina029.supserv.cozmoslabs.com\/de\/wissensbasis\/wordpress\/dokumentationen\/meta-facebook-pixel\/\" title=\"Dokumentation\" target=\"_blank\">\n\t\tDokumentation\t<\/a>\n<\/div>\n\t\t\t\t<\/div>\n\t\t\t\t<\/div>\n\t\t\t\t<div class=\"elementor-element elementor-element-dabddd7 elementor-widget elementor-widget-pls-button\" data-id=\"dabddd7\" data-element_type=\"widget\" data-e-type=\"widget\" data-widget_type=\"pls-button.default\">\n\t\t\t\t<div class=\"elementor-widget-container\">\n\t\t\t\t\t<div id=\"pls-button-58718\" class=\"pls-element pls-button\">\n\t<a class=\"button btn-style-flat\" href=\"https:\/\/demo.cocos.codes\/cc_facebook_pixel\/\" title=\"Demo\" target=\"_blank\" rel=\"noopener\">\n\t\tDemo\t<\/a>\n<\/div>\n\t\t\t\t<\/div>\n\t\t\t\t<\/div>\n\t\t\t\t\t<\/div>\n\t\t\t\t<\/div>\n\t\t<div class=\"elementor-element elementor-element-bc73e6e e-flex e-con-boxed e-con e-parent\" data-id=\"bc73e6e\" data-element_type=\"container\" data-e-type=\"container\">\n\t\t\t\t\t<div class=\"e-con-inner\">\n\t\t\t\t<div class=\"elementor-element elementor-element-864a7b9 elementor-widget elementor-widget-spacer\" data-id=\"864a7b9\" data-element_type=\"widget\" data-e-type=\"widget\" data-widget_type=\"spacer.default\">\n\t\t\t\t\t\t\t<div class=\"elementor-spacer\">\n\t\t\t<div class=\"elementor-spacer-inner\"><\/div>\n\t\t<\/div>\n\t\t\t\t\t\t<\/div>\n\t\t\t\t<div class=\"elementor-element elementor-element-79f7ccd elementor-widget elementor-widget-text-editor\" data-id=\"79f7ccd\" data-element_type=\"widget\" data-e-type=\"widget\" data-widget_type=\"text-editor.default\">\n\t\t\t\t\t\t\t\t\t<h6>Erweiterte Integration in Facebook-Systeme<\/h6><p>\ud83d\udcf1 <strong>Vielseitige Tracking-Modi<\/strong><br \/>JavaScript Pixel - klassische Integration, die im Browser des Nutzers l\u00e4uft<br \/>\u2705 Conversions API - Server-seitiges Tracking resistent gegen Werbeblocker<br \/>\u2705 Hybridmodus - Kombination beider Methoden mit <b>intelligente Ereignis-Deduplizierung<\/b><br \/>\u2705 Problemlose Konfiguration - intuitive Benutzeroberfl\u00e4che f\u00fcr jeden Tracking-Modus<br \/>Optimierte Leistung - minimale Verz\u00f6gerungen beim Laden der Seite, unabh\u00e4ngig vom gew\u00e4hlten Modus<\/p><p>\ud83d\udd04 <strong>Intelligente Ereignis-Warteschlangen<\/strong><br \/>\u2705 Asynchrone Verarbeitung - Senden von Ereignissen im Hintergrund, ohne die Website zu verlangsamen<br \/>\u2705 Automatische Wiederholungsversuche - Schutz vor Datenverlusten im Falle von Fehlern<br \/>Cron-Aufgaben - integrierte Cron-Integration f\u00fcr zuverl\u00e4ssige Verarbeitung<br \/>\u2705 \u00dcberwachung der Warteschlange - detaillierte Ansicht des Status aller Ereignisse in der Warteschlange<br \/>\u2705 Manuelle Verwaltung - M\u00f6glichkeit, die Warteschlange sofort zu bearbeiten oder zu l\u00f6schen<\/p><p>\ud83d\udcca <strong>Standard- und Nicht-Standard-Ereignisse<\/strong><br \/>\u2705 Automatische Ereignisse - Verfolgung von PageView, ViewContent und anderen Standardereignissen<br \/>\u2705 Benutzerdefinierte Ereignisse - M\u00f6glichkeit, eigene Tracking-Codes hinzuzuf\u00fcgen<br \/>\u2705 Standortauswahl - flexible Platzierung des Codes in der Kopf- oder Fu\u00dfzeile der Website<br \/>\u2705 Deaktivieren von Standardereignissen - volle Kontrolle dar\u00fcber, was verfolgt wird<br \/>\u2705 Kompatibilit\u00e4t mit anderen Plug-ins - nahtlose Integration in das bestehende \u00d6kosystem<\/p><p>\ud83d\udc65 <strong>Erweiterter Datenabgleich<\/strong><br \/>\u2705 Verbessertes Targeting - \u00dcbermittlung zus\u00e4tzlicher Nutzerdaten f\u00fcr einen genaueren Abgleich<br \/>\u2705 Flexible Feldauswahl - Kontrolle dar\u00fcber, welche Daten freigegeben werden (E-Mail, Telefon, Vorname, Nachname usw.).<br \/>\u2705 Automatische Datenerfassung - intelligente Extraktion von Informationen aus Formularen<br \/>\u2705 Einhaltung von RODO - Achtung der Datenschutzpr\u00e4ferenzen der Nutzer<br \/>\u2705 H\u00f6here Kampagneneffektivit\u00e4t - pr\u00e4zisere Anzeigenausrichtung dank besserer Datenqualit\u00e4t<\/p><p>\ud83d\udee0\ufe0f <strong>Erweiterte Debugging-Tools<\/strong><br \/>\u2705 API-Tests - integrierte Tools zum Testen der Conversions-API-Verbindung<br \/>\u2705 JavaScript testen - einfache Validierung des Facebook-Pixels<br \/>\u2705 Detaillierte Protokolle - umfassende Aufzeichnungen aller API-Anfragen und -Antworten<br \/>\u2705 Testmodus - sicheres Testen ohne Beeintr\u00e4chtigung der Produktionsdaten<br \/>\u2705 Benutzerausschluss - M\u00f6glichkeit, die Verfolgung f\u00fcr bestimmte Benutzerrollen zu deaktivieren<\/p><p>\u2699\ufe0f <strong>Technische Merkmale<\/strong><br \/>\u2705 Kompatibilit\u00e4t mit WordPress - volle Unterst\u00fctzung f\u00fcr die neuesten Versionen<br \/>\u2705 Lizenzmanagementsystem - komfortable Aktivierung und Lizenzverwaltung im Panel<br \/>\u2705 Leistungsoptimierung - minimale Serverbelastung auch bei hohem Verkehrsaufkommen<br \/>\u2705 Regelm\u00e4\u00dfige Updates - kontinuierliche Anpassung an \u00c4nderungen der Facebook-API<br \/>\u2705 Technische Unterst\u00fctzung - professionelle Hilfe bei der Konfiguration und Fehlersuche<\/p>\t\t\t\t\t\t\t\t<\/div>\n\t\t\t\t<div class=\"elementor-element elementor-element-488e8cb elementor-widget elementor-widget-spacer\" data-id=\"488e8cb\" data-element_type=\"widget\" data-e-type=\"widget\" data-widget_type=\"spacer.default\">\n\t\t\t\t\t\t\t<div class=\"elementor-spacer\">\n\t\t\t<div class=\"elementor-spacer-inner\"><\/div>\n\t\t<\/div>\n\t\t\t\t\t\t<\/div>\n\t\t\t\t<div class=\"elementor-element elementor-element-f484835 elementor-widget elementor-widget-text-editor\" data-id=\"f484835\" data-element_type=\"widget\" data-e-type=\"widget\" data-widget_type=\"text-editor.default\">\n\t\t\t\t\t\t\t\t\t<h6>\ud83d\udcc8 Steigern Sie die Wirksamkeit Ihrer Werbekampagnen um bis zu 30-50%!<\/h6>Untersuchungen haben gezeigt, dass eine pr\u00e4zise Nachverfolgung der Konversion die Grundlage f\u00fcr effektive Werbekampagnen ist. Dank <strong>CC Facebook-Pixel<\/strong> Ihre Konversionsdaten werden genauer sein und Facebook wird in der Lage sein <strong>Ihre Kampagnen besser zu optimieren<\/strong>was dazu f\u00fchrt, dass <strong>niedrigere Kundenakquisitionskosten und h\u00f6here Rendite der Werbeinvestitionen<\/strong>.\t\t\t\t\t\t\t\t<\/div>\n\t\t\t\t<div class=\"elementor-element elementor-element-de40523 elementor-widget elementor-widget-spacer\" data-id=\"de40523\" data-element_type=\"widget\" data-e-type=\"widget\" data-widget_type=\"spacer.default\">\n\t\t\t\t\t\t\t<div class=\"elementor-spacer\">\n\t\t\t<div class=\"elementor-spacer-inner\"><\/div>\n\t\t<\/div>\n\t\t\t\t\t\t<\/div>\n\t\t\t\t<div class=\"elementor-element elementor-element-c7fb7ef elementor-widget elementor-widget-text-editor\" data-id=\"c7fb7ef\" data-element_type=\"widget\" data-e-type=\"widget\" data-widget_type=\"text-editor.default\">\n\t\t\t\t\t\t\t\t\t<h6>F\u00fcr wen?<\/h6>Das Plugin ist ideal f\u00fcr:<br \/>\u2714 Betreiber von E-Commerce-Websites, die die Wirksamkeit von Facebook-Anzeigen maximieren m\u00f6chten<br \/>\u2714 Vermarkter, die genaue Konversionsdaten zur Optimierung von Kampagnen ben\u00f6tigen<br \/>\u2714 Werbeagenturen, die Kampagnen f\u00fcr mehrere Kunden verwalten<br \/>\u2714 Unternehmen, die mit ungenauen Daten durch Werbeblocker k\u00e4mpfen<br \/>\u2714 Website-Administratoren, die sich um die Leistung und die Ladegeschwindigkeit der Website k\u00fcmmern\t\t\t\t\t\t\t\t<\/div>\n\t\t\t\t<div class=\"elementor-element elementor-element-5379318 elementor-widget elementor-widget-spacer\" data-id=\"5379318\" data-element_type=\"widget\" data-e-type=\"widget\" data-widget_type=\"spacer.default\">\n\t\t\t\t\t\t\t<div class=\"elementor-spacer\">\n\t\t\t<div class=\"elementor-spacer-inner\"><\/div>\n\t\t<\/div>\n\t\t\t\t\t\t<\/div>\n\t\t\t\t<div class=\"elementor-element elementor-element-b5ddb61 elementor-widget elementor-widget-text-editor\" data-id=\"b5ddb61\" data-element_type=\"widget\" data-e-type=\"widget\" data-widget_type=\"text-editor.default\">\n\t\t\t\t\t\t\t\t\t<p><div class=\"pls-block pls-block-3297\">\t\t<div data-elementor-type=\"wp-post\" data-elementor-id=\"3297\" class=\"elementor elementor-3297\">\n\t\t\t\t<div class=\"elementor-element elementor-element-d99440d e-flex e-con-boxed e-con e-parent\" data-id=\"d99440d\" data-element_type=\"container\" data-e-type=\"container\" data-settings=\"{&quot;background_background&quot;:&quot;classic&quot;}\">\n\t\t\t\t\t<div class=\"e-con-inner\">\n\t\t\t\t<div class=\"elementor-element elementor-element-b850409 elementor-widget elementor-widget-text-editor\" data-id=\"b850409\" data-element_type=\"widget\" data-e-type=\"widget\" data-widget_type=\"text-editor.default\">\n\t\t\t\t\t\t\t\t\t<h6><strong>\u00a0Erweitern Sie die M\u00f6glichkeiten Ihres Shops noch heute! <\/strong><strong>\ud83d\ude80<\/strong><\/h6>F\u00fcgen Sie neue Funktionen hinzu, verbessern Sie die Benutzerfreundlichkeit und steigern Sie Ihre Ums\u00e4tze mit unserem Modul. Einfache Installation, volle Kompatibilit\u00e4t und regelm\u00e4\u00dfige Updates - alles, was Sie brauchen, damit Ihr Shop noch besser funktioniert.<br \/>\u2705 Einfache Einrichtung \u2705 Professionelle Unterst\u00fctzung \u2705 Nahtlose Integration<br \/><br \/><a class=\"button simple\" href=\"#main-content\" title=\"Jetzt installieren und benutzen!\">Installieren und benutzen Sie es jetzt!<\/a>\t\t\t\t\t\t\t\t<\/div>\n\t\t\t\t\t<\/div>\n\t\t\t\t<\/div>\n\t\t\t\t<\/div>\n\t\t<\/div><\/p>\t\t\t\t\t\t\t\t<\/div>\n\t\t\t\t\t<\/div>\n\t\t\t\t<\/div>\n\t\t\t\t<\/div>","protected":false},"excerpt":{"rendered":"Word Press Facebook Pixel Word Press Facebook Pixel to niezb\u0119dne narz\u0119dzie do precyzyjnego \u015bledzenia konwersji i optymalizacji reklam. Wtyczka Word Press Facebook Pixel umo\u017cliwia pe\u0142n\u0105 integracj\u0119 z Facebook Pixel i","protected":false},"featured_media":3802,"comment_status":"open","ping_status":"closed","template":"","meta":{"powered_cache_disable_cache":false,"powered_cache_disable_css_optimization":false,"powered_cache_disable_js_optimization":false},"product_brand":[275],"product_cat":[128,132],"product_tag":[213,212,214,198],"class_list":{"0":"post-3605","1":"product","2":"type-product","3":"status-publish","4":"has-post-thumbnail","6":"product_brand-cocos","7":"product_cat-moduly","8":"product_cat-wordpress","9":"product_tag-facebook","10":"product_tag-meta","11":"product_tag-pixel","12":"product_tag-wordpress","14":"first","15":"instock","16":"downloadable","17":"virtual","18":"taxable","19":"purchasable","20":"product-type-simple"},"_links":{"self":[{"href":"https:\/\/iarina029.supserv.cozmoslabs.com\/de\/wp-json\/wp\/v2\/product\/3605","targetHints":{"allow":["GET"]}}],"collection":[{"href":"https:\/\/iarina029.supserv.cozmoslabs.com\/de\/wp-json\/wp\/v2\/product"}],"about":[{"href":"https:\/\/iarina029.supserv.cozmoslabs.com\/de\/wp-json\/wp\/v2\/types\/product"}],"replies":[{"embeddable":true,"href":"https:\/\/iarina029.supserv.cozmoslabs.com\/de\/wp-json\/wp\/v2\/comments?post=3605"}],"version-history":[{"count":0,"href":"https:\/\/iarina029.supserv.cozmoslabs.com\/de\/wp-json\/wp\/v2\/product\/3605\/revisions"}],"wp:featuredmedia":[{"embeddable":true,"href":"https:\/\/iarina029.supserv.cozmoslabs.com\/de\/wp-json\/wp\/v2\/media\/3802"}],"wp:attachment":[{"href":"https:\/\/iarina029.supserv.cozmoslabs.com\/de\/wp-json\/wp\/v2\/media?parent=3605"}],"wp:term":[{"taxonomy":"product_brand","embeddable":true,"href":"https:\/\/iarina029.supserv.cozmoslabs.com\/de\/wp-json\/wp\/v2\/product_brand?post=3605"},{"taxonomy":"product_cat","embeddable":true,"href":"https:\/\/iarina029.supserv.cozmoslabs.com\/de\/wp-json\/wp\/v2\/product_cat?post=3605"},{"taxonomy":"product_tag","embeddable":true,"href":"https:\/\/iarina029.supserv.cozmoslabs.com\/de\/wp-json\/wp\/v2\/product_tag?post=3605"}],"curies":[{"name":"wp","href":"https:\/\/api.w.org\/{rel}","templated":true}]}}