{"id":3459,"date":"2025-04-08T10:48:57","date_gmt":"2025-04-08T08:48:57","guid":{"rendered":"https:\/\/cocos.codes\/?post_type=product&#038;p=3459"},"modified":"2026-01-21T17:32:42","modified_gmt":"2026-01-21T16:32:42","slug":"woocommerce-erweiterte-rabatte-2","status":"publish","type":"product","link":"https:\/\/iarina029.supserv.cozmoslabs.com\/de\/product\/woocommerce-erweiterte-rabatte-2\/","title":{"rendered":"WooCommerce erweiterte Rabatte 1.0.1"},"content":{"rendered":"<div data-elementor-type=\"wp-post\" data-elementor-id=\"3459\" class=\"elementor elementor-3459\">\n\t\t\t\t<div class=\"elementor-element elementor-element-6637f1e e-flex e-con-boxed e-con e-parent\" data-id=\"6637f1e\" data-element_type=\"container\" data-e-type=\"container\">\n\t\t\t\t\t<div class=\"e-con-inner\">\n\t\t\t\t<div class=\"elementor-element elementor-element-7369965 elementor-widget elementor-widget-text-editor\" data-id=\"7369965\" data-element_type=\"widget\" data-e-type=\"widget\" data-widget_type=\"text-editor.default\">\n\t\t\t\t\t\t\t\t\t<h6><strong>WooCommerce erweiterte Rabatte<br \/><\/strong><\/h6><strong><a href=\"https:\/\/woocommerce.com\/\" title=\"WooCommerce\" target=\"_blank\" rel=\"noopener\">WooCommerce<\/a> Rabatte<\/strong> ist ein wirksames Instrument, um die Kundenbindung zu st\u00e4rken und den Wert des Warenkorbs zu maximieren. <a href=\"https:\/\/iarina029.supserv.cozmoslabs.com\/de\/produktkategorie\/module\/wordpress\/\" title=\"WordPress-Plugin\">WordPress-Plugin<\/a> <strong>CC-Rabatte<\/strong> erm\u00f6glicht die flexible Verwaltung von Werbeaktionen, die Erstellung personalisierter Rabattgruppen und die Nachverfolgung der Rabatteffizienz. Nutzen Sie die Vorteile der Aktionsplanung, der automatischen Aktivierung von Rabatten an ausgew\u00e4hlten Daten und der intelligenten Rabattplaketten. Erweiterte Produktfilter und die Personalisierung f\u00fcr ausgew\u00e4hlte Kunden garantieren die maximale Wirksamkeit jeder Werbeaktion.\t\t\t\t\t\t\t\t<\/div>\n\t\t\t\t<div class=\"elementor-element elementor-element-4a660a8 elementor-widget elementor-widget-spacer\" data-id=\"4a660a8\" data-element_type=\"widget\" data-e-type=\"widget\" data-widget_type=\"spacer.default\">\n\t\t\t\t\t\t\t<div class=\"elementor-spacer\">\n\t\t\t<div class=\"elementor-spacer-inner\"><\/div>\n\t\t<\/div>\n\t\t\t\t\t\t<\/div>\n\t\t\t\t\t<\/div>\n\t\t\t\t<\/div>\n\t\t<div class=\"elementor-element elementor-element-c840eb8 e-grid e-con-boxed e-con e-parent\" data-id=\"c840eb8\" data-element_type=\"container\" data-e-type=\"container\">\n\t\t\t\t\t<div class=\"e-con-inner\">\n\t\t\t\t<div class=\"elementor-element elementor-element-b847cfe elementor-widget elementor-widget-pls-button\" data-id=\"b847cfe\" data-element_type=\"widget\" data-e-type=\"widget\" data-widget_type=\"pls-button.default\">\n\t\t\t\t<div class=\"elementor-widget-container\">\n\t\t\t\t\t<div id=\"pls-button-85860\" class=\"pls-element pls-button\">\n\t<a class=\"button btn-style-flat\" href=\"https:\/\/iarina029.supserv.cozmoslabs.com\/de\/wissensbasis\/wordpress\/dokumentationen\/woocommerce-erweiterte-rabatte\/\" title=\"DOKUMENTATION\" target=\"_blank\">\n\t\tDOKUMENTATION\t<\/a>\n<\/div>\n\t\t\t\t<\/div>\n\t\t\t\t<\/div>\n\t\t\t\t<div class=\"elementor-element elementor-element-04c09b9 elementor-widget elementor-widget-pls-button\" data-id=\"04c09b9\" data-element_type=\"widget\" data-e-type=\"widget\" data-widget_type=\"pls-button.default\">\n\t\t\t\t<div class=\"elementor-widget-container\">\n\t\t\t\t\t<div id=\"pls-button-5158\" class=\"pls-element pls-button\">\n\t<a class=\"button btn-style-flat\" href=\"https:\/\/demo.cocos.codes\/cc_discounts\/\" title=\"DEMO\" target=\"_blank\" rel=\"noopener\">\n\t\tDEMO\t<\/a>\n<\/div>\n\t\t\t\t<\/div>\n\t\t\t\t<\/div>\n\t\t\t\t\t<\/div>\n\t\t\t\t<\/div>\n\t\t<div class=\"elementor-element elementor-element-5fde9ac e-flex e-con-boxed e-con e-parent\" data-id=\"5fde9ac\" data-element_type=\"container\" data-e-type=\"container\">\n\t\t\t\t\t<div class=\"e-con-inner\">\n\t\t\t\t<div class=\"elementor-element elementor-element-983333a elementor-widget elementor-widget-spacer\" data-id=\"983333a\" data-element_type=\"widget\" data-e-type=\"widget\" data-widget_type=\"spacer.default\">\n\t\t\t\t\t\t\t<div class=\"elementor-spacer\">\n\t\t\t<div class=\"elementor-spacer-inner\"><\/div>\n\t\t<\/div>\n\t\t\t\t\t\t<\/div>\n\t\t\t\t<div class=\"elementor-element elementor-element-7184ed9 elementor-widget elementor-widget-text-editor\" data-id=\"7184ed9\" data-element_type=\"widget\" data-e-type=\"widget\" data-widget_type=\"text-editor.default\">\n\t\t\t\t\t\t\t\t\t<h6>Umfassende Rabattm\u00f6glichkeiten<\/h6><strong>\ud83d\udcb0 Erweitertes Rabattgruppensystem<\/strong><br \/>\u2705 Prozentuale und wertm\u00e4\u00dfige Rabatte - flexible Optionen zur Anpassung an Ihre gesch\u00e4ftlichen Anforderungen<br \/>\u2705 Planung von Werbeaktionen - automatische Aktivierung und Deaktivierung von Rabatten zu bestimmten Daten<br \/>\u2705 Kundenpersonalisierung - Gew\u00e4hrung von Sonderrabatten f\u00fcr ausgew\u00e4hlte Kundengruppen<br \/>\u2705 Produktfilter - M\u00f6glichkeit, Rabatte auf bestimmte Produkte, Kategorien oder Marken zu beschr\u00e4nken<br \/>\u2705 Einfache Verwaltung - intuitive Schnittstelle zum Erstellen und \u00c4ndern von Rabattgruppen<br \/><br \/><strong>\ud83d\uded2 Intelligente Produktrabatte<\/strong><br \/>\u2705 Produktspezifische Rabatte - Promotionen f\u00fcr ausgew\u00e4hlte Artikel in Ihrem Sortiment<br \/>\u2705 Kategorie-Rabatte - automatische Rabatte f\u00fcr alle Produkte in ausgew\u00e4hlten Kategorien<br \/>\u2705 Markenrabatte - Werbeaktionen f\u00fcr alle Produkte eines bestimmten Herstellers<br \/>\u2705 Kombination von Bedingungen - Erstellung komplexer Regeln zur Verkn\u00fcpfung von Produkten, Kategorien und Marken<br \/>\u2705 Rabattmarken - automatische Kennzeichnung von rabattierten Produkten mit auff\u00e4lligen Marken<br \/><br \/><strong>\ud83d\udc65 Personalisierung f\u00fcr Kunden<\/strong><br \/>\u2705 Rabatte f\u00fcr ausgew\u00e4hlte Kunden - Sonderangebote f\u00fcr VIPs und Stammkunden<br \/>\u2705 Kundenfinder - einfaches Finden und Hinzuf\u00fcgen von Benutzern zu Rabattgruppen<br \/>\u2705 Erm\u00e4\u00dfigungen f\u00fcr alle - M\u00f6glichkeit, f\u00fcr alle zug\u00e4ngliche Werbeaktionen zu erstellen<br \/>\u2705 Loyalit\u00e4t aufbauen - Kundenzufriedenheit durch personalisierte Angebote steigern<br \/>\u2705 Registrierungsanreize - besondere Rabatte, um Menschen zu motivieren, ein Konto im Shop anzulegen<br \/><br \/><strong>\u23f1\ufe0f Erweiterte Terminplanung<\/strong><br \/>\u2705 Genaue Daten - Festlegung der genauen Dauer der Erm\u00e4\u00dfigung<br \/>\u2705 Aktionszeiten - Kontrolle \u00fcber die Anfangs- und Endzeit des Rabatts<br \/>\u2705 Automatische Aktivierung - Rabatte werden automatisch zum angegebenen Zeitpunkt aktiviert<br \/>\u2705 Unbegrenzte Werbeaktionen - M\u00f6glichkeit, Rabatte ohne Enddatum zu erstellen<br \/>\u2705 Saisonale Aktionen - einfache Vorbereitung von Rabatten f\u00fcr bestimmte Zeitr\u00e4ume des Jahres<br \/><br \/><strong>\u2699\ufe0f Flexible Konfigurationsm\u00f6glichkeiten<\/strong><br \/>\u2705 Anpassung der Anzeige - Optionen zum Ein- oder Ausblenden des Originalpreises des Produkts<br \/>\u2705 Personalisierung von Rabattmarken - individueller Text, Farben und Positionierung der Marken auf den Produkten<br \/>\u2705 Automatische Berechnung - Aktivierung oder Deaktivierung der automatischen Anwendung von Rabatten<br \/>\u2705 Standardwerte - Konfiguration der Standardparameter f\u00fcr neue Rabattgruppen<br \/>\u2705 Rabattprotokoll - detaillierte \u00dcbersicht \u00fcber alle angewandten Rabatte<br \/><br \/><strong>\ud83d\udd27 Technische Merkmale<\/strong><br \/>Kompatibilit\u00e4t mit WooCommerce - volle Unterst\u00fctzung f\u00fcr die neuesten Versionen<br \/>\u2705 Lizenzmanagementsystem - komfortable Aktivierung und Lizenzverwaltung im Panel<br \/>\u2705 Import\/Export-Tools - einfache \u00dcbertragung von Konfigurationen zwischen Installationen<br \/>\u2705 Debug-Modus - erweiterte Diagnoseoptionen f\u00fcr die Fehlersuche<br \/>\u2705 Regelm\u00e4\u00dfige Updates - kontinuierliche Anpassung an die neuesten WooCommerce-Versionen\t\t\t\t\t\t\t\t<\/div>\n\t\t\t\t<div class=\"elementor-element elementor-element-ee345ac elementor-widget elementor-widget-spacer\" data-id=\"ee345ac\" data-element_type=\"widget\" data-e-type=\"widget\" data-widget_type=\"spacer.default\">\n\t\t\t\t\t\t\t<div class=\"elementor-spacer\">\n\t\t\t<div class=\"elementor-spacer-inner\"><\/div>\n\t\t<\/div>\n\t\t\t\t\t\t<\/div>\n\t\t\t\t<div class=\"elementor-element elementor-element-d4de078 elementor-widget elementor-widget-text-editor\" data-id=\"d4de078\" data-element_type=\"widget\" data-e-type=\"widget\" data-widget_type=\"text-editor.default\">\n\t\t\t\t\t\t\t\t\t<h6>\ud83d\udcb0 Erh\u00f6hen Sie den durchschnittlichen Auftragswert um bis zu 25-40%!<\/h6>Untersuchungen zeigen, dass gut gestaltete Rabatte der Schl\u00fcssel zur Steigerung der Ums\u00e4tze und des Warenkorbwerts sind. Dank CC Rabatte<strong> Ihre Kunden werden mehr Produkte in ihren Warenkorb legen<\/strong>und personalisierte Werbeaktionen machen die <strong>Die Kundentreue und die Kaufh\u00e4ufigkeit werden zunehmen.<\/strong>\t\t\t\t\t\t\t\t<\/div>\n\t\t\t\t<div class=\"elementor-element elementor-element-4d6209f elementor-widget elementor-widget-spacer\" data-id=\"4d6209f\" data-element_type=\"widget\" data-e-type=\"widget\" data-widget_type=\"spacer.default\">\n\t\t\t\t\t\t\t<div class=\"elementor-spacer\">\n\t\t\t<div class=\"elementor-spacer-inner\"><\/div>\n\t\t<\/div>\n\t\t\t\t\t\t<\/div>\n\t\t\t\t<div class=\"elementor-element elementor-element-e72fcc9 elementor-widget elementor-widget-text-editor\" data-id=\"e72fcc9\" data-element_type=\"widget\" data-e-type=\"widget\" data-widget_type=\"text-editor.default\">\n\t\t\t\t\t\t\t\t\t<h6>F\u00fcr wen?<\/h6><p>Das Plugin ist ideal f\u00fcr alle:<br \/>\u2714 Gesch\u00e4fte, die den durchschnittlichen Bestellwert erh\u00f6hen wollen<br \/>\u2714 E-Commerce-Besitzer, die nach Wegen suchen, um Kunden zu binden<br \/>\u2714 WooCommerce-Shops, die ein flexibles Rabattsystem ben\u00f6tigen<br \/>\u2714 Vermarkter, die fortschrittliche Werbekampagnen erstellen m\u00f6chten<br \/>\u2714 Unternehmen, die nach M\u00f6glichkeiten suchen, die Konversionsrate und die Kaufh\u00e4ufigkeit zu erh\u00f6hen<\/p>\t\t\t\t\t\t\t\t<\/div>\n\t\t\t\t<div class=\"elementor-element elementor-element-5ae346c elementor-widget elementor-widget-spacer\" data-id=\"5ae346c\" data-element_type=\"widget\" data-e-type=\"widget\" data-widget_type=\"spacer.default\">\n\t\t\t\t\t\t\t<div class=\"elementor-spacer\">\n\t\t\t<div class=\"elementor-spacer-inner\"><\/div>\n\t\t<\/div>\n\t\t\t\t\t\t<\/div>\n\t\t\t\t<div class=\"elementor-element elementor-element-a09f484 elementor-widget elementor-widget-text-editor\" data-id=\"a09f484\" data-element_type=\"widget\" data-e-type=\"widget\" data-widget_type=\"text-editor.default\">\n\t\t\t\t\t\t\t\t\t<p><div class=\"pls-block pls-block-3297\">\t\t<div data-elementor-type=\"wp-post\" data-elementor-id=\"3297\" class=\"elementor elementor-3297\">\n\t\t\t\t<div class=\"elementor-element elementor-element-d99440d e-flex e-con-boxed e-con e-parent\" data-id=\"d99440d\" data-element_type=\"container\" data-e-type=\"container\" data-settings=\"{&quot;background_background&quot;:&quot;classic&quot;}\">\n\t\t\t\t\t<div class=\"e-con-inner\">\n\t\t\t\t<div class=\"elementor-element elementor-element-b850409 elementor-widget elementor-widget-text-editor\" data-id=\"b850409\" data-element_type=\"widget\" data-e-type=\"widget\" data-widget_type=\"text-editor.default\">\n\t\t\t\t\t\t\t\t\t<h6><strong>\u00a0Erweitern Sie die M\u00f6glichkeiten Ihres Shops noch heute! <\/strong><strong>\ud83d\ude80<\/strong><\/h6>F\u00fcgen Sie neue Funktionen hinzu, verbessern Sie die Benutzerfreundlichkeit und steigern Sie Ihre Ums\u00e4tze mit unserem Modul. Einfache Installation, volle Kompatibilit\u00e4t und regelm\u00e4\u00dfige Updates - alles, was Sie brauchen, damit Ihr Shop noch besser funktioniert.<br \/>\u2705 Einfache Einrichtung \u2705 Professionelle Unterst\u00fctzung \u2705 Nahtlose Integration<br \/><br \/><a class=\"button simple\" href=\"#main-content\" title=\"Jetzt installieren und benutzen!\">Installieren und benutzen Sie es jetzt!<\/a>\t\t\t\t\t\t\t\t<\/div>\n\t\t\t\t\t<\/div>\n\t\t\t\t<\/div>\n\t\t\t\t<\/div>\n\t\t<\/div><\/p>\t\t\t\t\t\t\t\t<\/div>\n\t\t\t\t\t<\/div>\n\t\t\t\t<\/div>\n\t\t\t\t<\/div>","protected":false},"excerpt":{"rendered":"Woo Commerce zaawansowane rabaty Woo Commerce rabaty to skuteczne narz\u0119dzie do budowania lojalno\u015bci i maksymalizacji warto\u015bci koszyka. Wtyczka Word Press CC Discounts umo\u017cliwia elastyczne zarz\u0105dzanie promocjami, tworzenie spersonalizowanych grup rabatowych","protected":false},"featured_media":3808,"comment_status":"open","ping_status":"closed","template":"","meta":{"powered_cache_disable_cache":false,"powered_cache_disable_css_optimization":false,"powered_cache_disable_js_optimization":false},"product_brand":[275],"product_cat":[128,132],"product_tag":[208,199,198],"class_list":{"0":"post-3459","1":"product","2":"type-product","3":"status-publish","4":"has-post-thumbnail","6":"product_brand-cocos","7":"product_cat-moduly","8":"product_cat-wordpress","9":"product_tag-rabaty","10":"product_tag-woocommerce","11":"product_tag-wordpress","13":"first","14":"instock","15":"downloadable","16":"virtual","17":"taxable","18":"purchasable","19":"product-type-simple"},"_links":{"self":[{"href":"https:\/\/iarina029.supserv.cozmoslabs.com\/de\/wp-json\/wp\/v2\/product\/3459","targetHints":{"allow":["GET"]}}],"collection":[{"href":"https:\/\/iarina029.supserv.cozmoslabs.com\/de\/wp-json\/wp\/v2\/product"}],"about":[{"href":"https:\/\/iarina029.supserv.cozmoslabs.com\/de\/wp-json\/wp\/v2\/types\/product"}],"replies":[{"embeddable":true,"href":"https:\/\/iarina029.supserv.cozmoslabs.com\/de\/wp-json\/wp\/v2\/comments?post=3459"}],"version-history":[{"count":0,"href":"https:\/\/iarina029.supserv.cozmoslabs.com\/de\/wp-json\/wp\/v2\/product\/3459\/revisions"}],"wp:featuredmedia":[{"embeddable":true,"href":"https:\/\/iarina029.supserv.cozmoslabs.com\/de\/wp-json\/wp\/v2\/media\/3808"}],"wp:attachment":[{"href":"https:\/\/iarina029.supserv.cozmoslabs.com\/de\/wp-json\/wp\/v2\/media?parent=3459"}],"wp:term":[{"taxonomy":"product_brand","embeddable":true,"href":"https:\/\/iarina029.supserv.cozmoslabs.com\/de\/wp-json\/wp\/v2\/product_brand?post=3459"},{"taxonomy":"product_cat","embeddable":true,"href":"https:\/\/iarina029.supserv.cozmoslabs.com\/de\/wp-json\/wp\/v2\/product_cat?post=3459"},{"taxonomy":"product_tag","embeddable":true,"href":"https:\/\/iarina029.supserv.cozmoslabs.com\/de\/wp-json\/wp\/v2\/product_tag?post=3459"}],"curies":[{"name":"wp","href":"https:\/\/api.w.org\/{rel}","templated":true}]}}