{"id":3360,"date":"2025-04-01T12:28:21","date_gmt":"2025-04-01T10:28:21","guid":{"rendered":"https:\/\/cocos.codes\/?post_type=product&#038;p=3360"},"modified":"2026-01-27T13:59:18","modified_gmt":"2026-01-27T12:59:18","slug":"wordpress-integration-google-ga4-gtm-ads","status":"publish","type":"product","link":"https:\/\/iarina029.supserv.cozmoslabs.com\/de\/product\/wordpress-integration-google-ga4-gtm-ads\/","title":{"rendered":"WordPress Google-Integration (GA4, GTM, Ads) 1.0.1"},"content":{"rendered":"<div data-elementor-type=\"wp-post\" data-elementor-id=\"3360\" class=\"elementor elementor-3360\">\n\t\t\t\t<div class=\"elementor-element elementor-element-4a32b49 e-flex e-con-boxed e-con e-parent\" data-id=\"4a32b49\" data-element_type=\"container\" data-e-type=\"container\">\n\t\t\t\t\t<div class=\"e-con-inner\">\n\t\t\t\t<div class=\"elementor-element elementor-element-06977db elementor-widget elementor-widget-text-editor\" data-id=\"06977db\" data-element_type=\"widget\" data-e-type=\"widget\" data-widget_type=\"text-editor.default\">\n\t\t\t\t\t\t\t\t\t<h6><strong>WordPress-Integration mit Google \u2013 steigern Sie Ihren Gewinn dank professioneller Analysen<br \/><\/strong><\/h6><strong>Unser WordPress-Plugin<\/strong>\u00a0ist ein unverzichtbares Instrument f\u00fcr Gesch\u00e4fte <a href=\"https:\/\/woocommerce.com\/\" title=\"WooCommerce\" target=\"_blank\" rel=\"noopener\">WooCommerce<\/a>. Es erm\u00f6glicht eine vollst\u00e4ndige Integration mit <a href=\"https:\/\/analytics.google.com\/\" title=\"Google Analytics 4\" target=\"_blank\" rel=\"noopener\">Google Analytics 4<\/a>, Google Tag Manager und Google Ads, die eine pr\u00e4zise Verfolgung des Kundenverhaltens und eine effektive Kampagnenoptimierung erm\u00f6glichen. Die automatische Verfolgung von E-Commerce-Ereignissen, ma\u00dfgeschneiderte Conversion-Labels und die intelligente Erkennung von Shop-Elementen erm\u00f6glichen es Ihnen, genaue Gesch\u00e4ftsentscheidungen zu treffen und die Conversion-Raten zu maximieren.\t\t\t\t\t\t\t\t<\/div>\n\t\t\t\t<div class=\"elementor-element elementor-element-569135e elementor-widget elementor-widget-spacer\" data-id=\"569135e\" data-element_type=\"widget\" data-e-type=\"widget\" data-widget_type=\"spacer.default\">\n\t\t\t\t\t\t\t<div class=\"elementor-spacer\">\n\t\t\t<div class=\"elementor-spacer-inner\"><\/div>\n\t\t<\/div>\n\t\t\t\t\t\t<\/div>\n\t\t\t\t\t<\/div>\n\t\t\t\t<\/div>\n\t\t<div class=\"elementor-element elementor-element-d44361f e-grid e-con-boxed e-con e-parent\" data-id=\"d44361f\" data-element_type=\"container\" data-e-type=\"container\">\n\t\t\t\t\t<div class=\"e-con-inner\">\n\t\t\t\t<div class=\"elementor-element elementor-element-2ac7497 elementor-widget elementor-widget-pls-button\" data-id=\"2ac7497\" data-element_type=\"widget\" data-e-type=\"widget\" data-widget_type=\"pls-button.default\">\n\t\t\t\t<div class=\"elementor-widget-container\">\n\t\t\t\t\t<div id=\"pls-button-33421\" class=\"pls-element pls-button\">\n\t<a class=\"button btn-style-flat\" href=\"\/de\/wissensbasis\/wordpress\/dokumentationen\/integration-von-google-ga4-gtm-anzeigen\/\" title=\"DOKUMENTATION\"  target=\"_blank\">\n\t\tDOKUMENTATION\t<\/a>\n<\/div>\n\t\t\t\t<\/div>\n\t\t\t\t<\/div>\n\t\t\t\t<div class=\"elementor-element elementor-element-9e0c148 elementor-widget elementor-widget-pls-button\" data-id=\"9e0c148\" data-element_type=\"widget\" data-e-type=\"widget\" data-widget_type=\"pls-button.default\">\n\t\t\t\t<div class=\"elementor-widget-container\">\n\t\t\t\t\t<div id=\"pls-button-40948\" class=\"pls-element pls-button\">\n\t<a class=\"button btn-style-flat\" href=\"https:\/\/demo.cocos.codes\/cc_google_integration\/\" title=\"DEMO\" target=\"_blank\" rel=\"noopener\">\n\t\tDEMO\t<\/a>\n<\/div>\n\t\t\t\t<\/div>\n\t\t\t\t<\/div>\n\t\t\t\t\t<\/div>\n\t\t\t\t<\/div>\n\t\t<div class=\"elementor-element elementor-element-5be9fcc e-flex e-con-boxed e-con e-parent\" data-id=\"5be9fcc\" data-element_type=\"container\" data-e-type=\"container\">\n\t\t\t\t\t<div class=\"e-con-inner\">\n\t\t\t\t<div class=\"elementor-element elementor-element-942af31 elementor-widget elementor-widget-spacer\" data-id=\"942af31\" data-element_type=\"widget\" data-e-type=\"widget\" data-widget_type=\"spacer.default\">\n\t\t\t\t\t\t\t<div class=\"elementor-spacer\">\n\t\t\t<div class=\"elementor-spacer-inner\"><\/div>\n\t\t<\/div>\n\t\t\t\t\t\t<\/div>\n\t\t\t\t<div class=\"elementor-element elementor-element-3cf18f3 elementor-widget elementor-widget-text-editor\" data-id=\"3cf18f3\" data-element_type=\"widget\" data-e-type=\"widget\" data-widget_type=\"text-editor.default\">\n\t\t\t\t\t\t\t\t\t<h6><strong>Umfassende Konfigurationsm\u00f6glichkeiten<\/strong><\/h6><p><strong>\ud83d\udcc8 Vollst\u00e4ndige Integration mit Google-Diensten<\/strong><br \/>Google Analytics 4 - pr\u00e4zise Verfolgung aller E-Commerce-Ereignisse mit automatischer Implementierung von Tracking-Code<br \/>Google Tag Manager - einfache Implementierung des GTM-Containers ohne Eingriffe in den Website-Code<br \/>Google Ads - erweitertes Conversion-Tracking f\u00fcr alle wichtigen Shop-Events<br \/>Debug-Modus - bequemes Testen der Implementierung mit Diagnosemeldungen in der Browser-Konsole<br \/><br \/><strong>\ud83d\uded2 Verfolgung von Ereignissen im E-Commerce<\/strong><br \/>\u2705 Anzeige der Produktliste - Verfolgung des Interesses an Kategorien und Produktsammlungen <strong>(view_item_list)<\/strong><br \/>\u2705 Einzelproduktanzeige - Analyse der Beliebtheit einzelner Produkte <strong>(view_item)<\/strong><br \/>\u2705 Zum Warenkorb hinzuf\u00fcgen - \u00dcberwachung der am h\u00e4ufigsten in den Warenkorb gelegten Produkte <strong>(add_to_cart)<\/strong><br \/>\u2705 Beginn der Bestellung - Verfolgung der Nutzer, die den Kaufprozess beginnen <strong>(begin_checkout)<\/strong><br \/>\u2705 Einkauf - pr\u00e4zise Analyse der abgeschlossenen Transaktionen mit vollst\u00e4ndigen Produkt- und Wertdaten <strong>(Kauf)<\/strong><br \/>\u2705 Suche - Identifizierung der beliebtesten Suchanfragen im Shop <strong>(Suche)<\/strong><br \/>\u2705 Benutzerregistrierung und -anmeldung - Verfolgung der Aktivit\u00e4ten neuer und wiederkehrender Kunden (<strong>anmelden<\/strong> und <strong>Anmeldung<\/strong>)<br \/><br \/><strong>\ud83d\udcb0 Erweiterte Konversionsverfolgung Google Ads<\/strong><br \/>\u2705 Individuelle Umrechnungskennzeichnungen - M\u00f6glichkeit, jeder Art von Ereignis eine eigene Kennzeichnung zuzuweisen<br \/>\u2705 Verfolgung von Umrechnungswerten - automatische \u00dcbernahme von Auftrags- und Produktwerten<br \/>\u2705 Kampagnenoptimierung - pr\u00e4zise Daten f\u00fcr eine effektive Verwaltung der Werbebudgets<br \/>Tracking des Konversionspfads - Analyse des Pfads des Nutzers vom Klick bis zum Kauf<br \/><br \/><strong>\u2699\ufe0f Flexible Konfigurationsm\u00f6glichkeiten<\/strong><br \/>\u2705 Auswahl der zu verfolgenden Ereignisse - Aktivierung und Deaktivierung einzelner Ereignistypen<br \/>\u2705 Benutzerdefinierte Schaltfl\u00e4chenklasse \"In den Warenkorb\" - automatische Erkennung oder manuelle Konfiguration<br \/>\u2705 Benutzerdefinierter JavaScript-Code - M\u00f6glichkeit zum Hinzuf\u00fcgen von benutzerdefiniertem Tracking-Code<br \/>\u2705 Automatische Erkennung - intelligente Erkennung der CSS-Klassen von Schaltfl\u00e4chen und Shop-Elementen<br \/><br \/><strong>\ud83d\udd27 Technische Merkmale<\/strong><br \/>HPOS-Kompatibilit\u00e4t - volle Unterst\u00fctzung f\u00fcr WooCommerce High-Performance Order Storage<br \/>\u2705 Lizenzmanagementsystem - komfortable Aktivierung und Verwaltung der Lizenz im Administrationspanel<br \/>\u2705 Leistungsoptimierung - asynchrones Laden von Skripten f\u00fcr minimale Auswirkungen auf die Seitengeschwindigkeit<br \/>\u2705 Kompatibilit\u00e4t mit verschiedenen Themes - funktioniert unabh\u00e4ngig vom verwendeten WooCommerce-Theme<br \/>\u2705 Regelm\u00e4\u00dfige Updates - kontinuierliche Anpassung an die neuesten Versionen der Google- und WooCommerce-Dienste<\/p>\t\t\t\t\t\t\t\t<\/div>\n\t\t\t\t<div class=\"elementor-element elementor-element-0da7884 elementor-widget elementor-widget-spacer\" data-id=\"0da7884\" data-element_type=\"widget\" data-e-type=\"widget\" data-widget_type=\"spacer.default\">\n\t\t\t\t\t\t\t<div class=\"elementor-spacer\">\n\t\t\t<div class=\"elementor-spacer-inner\"><\/div>\n\t\t<\/div>\n\t\t\t\t\t\t<\/div>\n\t\t\t\t<div class=\"elementor-element elementor-element-7a993ee elementor-widget elementor-widget-text-editor\" data-id=\"7a993ee\" data-element_type=\"widget\" data-e-type=\"widget\" data-widget_type=\"text-editor.default\">\n\t\t\t\t\t\t\t\t\t<h6><strong>\ud83d\udcc8 Steigern Sie die Wirksamkeit Ihrer Marketingkampagnen um 30-50%!<\/strong><\/h6>Die Forschung zeigt, dass eine genaue analytische Verfolgung <strong>der Schl\u00fcssel zur effektiven Nutzung des Marketingbudgets<\/strong>. Dank der CC Google Integration <strong>Ihre Anzeigen erreichen die richtige Zielgruppe<\/strong>und Daten zum Kundenverhalten k\u00f6nnen Sie Ihr Gesch\u00e4ft optimieren und <strong>Konversionsraten erh\u00f6hen<\/strong>.\t\t\t\t\t\t\t\t<\/div>\n\t\t\t\t<div class=\"elementor-element elementor-element-b3b8ffb elementor-widget elementor-widget-spacer\" data-id=\"b3b8ffb\" data-element_type=\"widget\" data-e-type=\"widget\" data-widget_type=\"spacer.default\">\n\t\t\t\t\t\t\t<div class=\"elementor-spacer\">\n\t\t\t<div class=\"elementor-spacer-inner\"><\/div>\n\t\t<\/div>\n\t\t\t\t\t\t<\/div>\n\t\t\t\t<div class=\"elementor-element elementor-element-8a6b382 elementor-widget elementor-widget-text-editor\" data-id=\"8a6b382\" data-element_type=\"widget\" data-e-type=\"widget\" data-widget_type=\"text-editor.default\">\n\t\t\t\t\t\t\t\t\t<strong>F\u00fcr wen?<\/strong><br \/>Das Plugin ist ideal f\u00fcr alle:<br \/>\u2714 Gesch\u00e4fte, die Entscheidungen auf der Grundlage analytischer Daten treffen wollen<br \/>\u2714 E-Commerce-Besitzer investieren in Google Ads-Kampagnen<br \/>\u2714 WooCommerce-Shops, die eine professionelle Integration mit Google-Tools ben\u00f6tigen<br \/>\u2714 Vermarkter, die die Wirksamkeit ihrer Aktivit\u00e4ten genau messen wollen<br \/>\u2714 Unternehmen, die nach M\u00f6glichkeiten suchen, die Konversionsrate und den ROI von Werbung zu erh\u00f6hen\t\t\t\t\t\t\t\t<\/div>\n\t\t\t\t<div class=\"elementor-element elementor-element-2e9ba87 elementor-widget elementor-widget-spacer\" data-id=\"2e9ba87\" data-element_type=\"widget\" data-e-type=\"widget\" data-widget_type=\"spacer.default\">\n\t\t\t\t\t\t\t<div class=\"elementor-spacer\">\n\t\t\t<div class=\"elementor-spacer-inner\"><\/div>\n\t\t<\/div>\n\t\t\t\t\t\t<\/div>\n\t\t\t\t\t<\/div>\n\t\t\t\t<\/div>\n\t\t<div class=\"elementor-element elementor-element-40adb05 e-flex e-con-boxed e-con e-parent\" data-id=\"40adb05\" data-element_type=\"container\" data-e-type=\"container\">\n\t\t\t\t\t<div class=\"e-con-inner\">\n\t\t\t\t<div class=\"elementor-element elementor-element-1c2f2d7 elementor-widget elementor-widget-text-editor\" data-id=\"1c2f2d7\" data-element_type=\"widget\" data-e-type=\"widget\" data-widget_type=\"text-editor.default\">\n\t\t\t\t\t\t\t\t\t<p><div class=\"pls-block pls-block-3297\">\t\t<div data-elementor-type=\"wp-post\" data-elementor-id=\"3297\" class=\"elementor elementor-3297\">\n\t\t\t\t<div class=\"elementor-element elementor-element-d99440d e-flex e-con-boxed e-con e-parent\" data-id=\"d99440d\" data-element_type=\"container\" data-e-type=\"container\" data-settings=\"{&quot;background_background&quot;:&quot;classic&quot;}\">\n\t\t\t\t\t<div class=\"e-con-inner\">\n\t\t\t\t<div class=\"elementor-element elementor-element-b850409 elementor-widget elementor-widget-text-editor\" data-id=\"b850409\" data-element_type=\"widget\" data-e-type=\"widget\" data-widget_type=\"text-editor.default\">\n\t\t\t\t\t\t\t\t\t<h6><strong>\u00a0Erweitern Sie die M\u00f6glichkeiten Ihres Shops noch heute! <\/strong><strong>\ud83d\ude80<\/strong><\/h6>F\u00fcgen Sie neue Funktionen hinzu, verbessern Sie die Benutzerfreundlichkeit und steigern Sie Ihre Ums\u00e4tze mit unserem Modul. Einfache Installation, volle Kompatibilit\u00e4t und regelm\u00e4\u00dfige Updates - alles, was Sie brauchen, damit Ihr Shop noch besser funktioniert.<br \/>\u2705 Einfache Einrichtung \u2705 Professionelle Unterst\u00fctzung \u2705 Nahtlose Integration<br \/><br \/><a class=\"button simple\" href=\"#main-content\" title=\"Jetzt installieren und benutzen!\">Installieren und benutzen Sie es jetzt!<\/a>\t\t\t\t\t\t\t\t<\/div>\n\t\t\t\t\t<\/div>\n\t\t\t\t<\/div>\n\t\t\t\t<\/div>\n\t\t<\/div><\/p>\t\t\t\t\t\t\t\t<\/div>\n\t\t\t\t\t<\/div>\n\t\t\t\t<\/div>\n\t\t\t\t<\/div>","protected":false},"excerpt":{"rendered":"Word Press integracja Google \u2013 zwi\u0119ksz zyski dzi\u0119ki profesjonalnej analityce Nasza wtyczka Word Press\u00a0to niezb\u0119dne narz\u0119dzie dla sklep\u00f3w Woo Commerce. Umo\u017cliwia pe\u0142n\u0105 integracj\u0119 z Google Analytics 4, Google Tag Manager","protected":false},"featured_media":3798,"comment_status":"open","ping_status":"closed","template":"","meta":{"powered_cache_disable_cache":false,"powered_cache_disable_css_optimization":false,"powered_cache_disable_js_optimization":false},"product_brand":[275],"product_cat":[128,132],"product_tag":[207,206,205,204,199,198],"class_list":{"0":"post-3360","1":"product","2":"type-product","3":"status-publish","4":"has-post-thumbnail","6":"product_brand-cocos","7":"product_cat-moduly","8":"product_cat-wordpress","9":"product_tag-ads","10":"product_tag-ga4","11":"product_tag-gtm","12":"product_tag-integracja-google","13":"product_tag-woocommerce","14":"product_tag-wordpress","16":"first","17":"instock","18":"featured","19":"downloadable","20":"virtual","21":"taxable","22":"purchasable","23":"product-type-simple"},"_links":{"self":[{"href":"https:\/\/iarina029.supserv.cozmoslabs.com\/de\/wp-json\/wp\/v2\/product\/3360","targetHints":{"allow":["GET"]}}],"collection":[{"href":"https:\/\/iarina029.supserv.cozmoslabs.com\/de\/wp-json\/wp\/v2\/product"}],"about":[{"href":"https:\/\/iarina029.supserv.cozmoslabs.com\/de\/wp-json\/wp\/v2\/types\/product"}],"replies":[{"embeddable":true,"href":"https:\/\/iarina029.supserv.cozmoslabs.com\/de\/wp-json\/wp\/v2\/comments?post=3360"}],"version-history":[{"count":0,"href":"https:\/\/iarina029.supserv.cozmoslabs.com\/de\/wp-json\/wp\/v2\/product\/3360\/revisions"}],"wp:featuredmedia":[{"embeddable":true,"href":"https:\/\/iarina029.supserv.cozmoslabs.com\/de\/wp-json\/wp\/v2\/media\/3798"}],"wp:attachment":[{"href":"https:\/\/iarina029.supserv.cozmoslabs.com\/de\/wp-json\/wp\/v2\/media?parent=3360"}],"wp:term":[{"taxonomy":"product_brand","embeddable":true,"href":"https:\/\/iarina029.supserv.cozmoslabs.com\/de\/wp-json\/wp\/v2\/product_brand?post=3360"},{"taxonomy":"product_cat","embeddable":true,"href":"https:\/\/iarina029.supserv.cozmoslabs.com\/de\/wp-json\/wp\/v2\/product_cat?post=3360"},{"taxonomy":"product_tag","embeddable":true,"href":"https:\/\/iarina029.supserv.cozmoslabs.com\/de\/wp-json\/wp\/v2\/product_tag?post=3360"}],"curies":[{"name":"wp","href":"https:\/\/api.w.org\/{rel}","templated":true}]}}