{"id":3288,"date":"2025-03-11T15:19:02","date_gmt":"2025-03-11T14:19:02","guid":{"rendered":"https:\/\/cocos.codes\/?post_type=product&#038;p=3288"},"modified":"2026-04-09T19:38:25","modified_gmt":"2026-04-09T17:38:25","slug":"woocommerce-kostenloser-versand","status":"publish","type":"product","link":"https:\/\/iarina029.supserv.cozmoslabs.com\/de\/product\/woocommerce-kostenloser-versand\/","title":{"rendered":"WooCommerce Kostenloser Versand 1.0.3"},"content":{"rendered":"<div data-elementor-type=\"wp-post\" data-elementor-id=\"3288\" class=\"elementor elementor-3288\">\n\t\t\t\t<div class=\"elementor-element elementor-element-dfc0fc3 e-flex e-con-boxed e-con e-parent\" data-id=\"dfc0fc3\" data-element_type=\"container\" data-e-type=\"container\">\n\t\t\t\t\t<div class=\"e-con-inner\">\n\t\t\t\t<div class=\"elementor-element elementor-element-aa982fe elementor-widget elementor-widget-text-editor\" data-id=\"aa982fe\" data-element_type=\"widget\" data-e-type=\"widget\" data-widget_type=\"text-editor.default\">\n\t\t\t\t\t\t\t\t\t<h6><strong>WooCommerce kostenloser Versand - Umsatzsteigerung mit kostenlosem Versand<br \/><\/strong><\/h6><strong>Kostenloser Versand <a href=\"https:\/\/woocommerce.com\/\" title=\"WooCommerce\" target=\"_blank\" rel=\"noopener\">WooCommerce<\/a><\/strong> ist eine bew\u00e4hrte Methode, um den Wert Ihres Warenkorbs zu erh\u00f6hen. Unser Plug-in <strong>CC Kostenloser Versand<\/strong> erm\u00f6glicht die einfache Konfiguration des Schwellenwerts f\u00fcr die kostenlose Lieferung und die Personalisierung von motivierenden Nachrichten. Die L\u00f6sung unterst\u00fctzt mehrere W\u00e4hrungen, zeigt dynamisch den fehlenden Betrag f\u00fcr den kostenlosen Versand an und bietet erweiterte Gestaltungsm\u00f6glichkeiten. Steigern Sie Ihren Umsatz mit speziellen Meldungen an der Kasse und voller Kompatibilit\u00e4t mit g\u00e4ngigen W\u00e4hrungsumrechnungen.\t\t\t\t\t\t\t\t<\/div>\n\t\t\t\t<div class=\"elementor-element elementor-element-316deeb elementor-widget elementor-widget-spacer\" data-id=\"316deeb\" data-element_type=\"widget\" data-e-type=\"widget\" data-widget_type=\"spacer.default\">\n\t\t\t\t\t\t\t<div class=\"elementor-spacer\">\n\t\t\t<div class=\"elementor-spacer-inner\"><\/div>\n\t\t<\/div>\n\t\t\t\t\t\t<\/div>\n\t\t\t\t\t<\/div>\n\t\t\t\t<\/div>\n\t\t<div class=\"elementor-element elementor-element-4a4fbba e-grid e-con-boxed e-con e-parent\" data-id=\"4a4fbba\" data-element_type=\"container\" data-e-type=\"container\">\n\t\t\t\t\t<div class=\"e-con-inner\">\n\t\t\t\t<div class=\"elementor-element elementor-element-6872402 elementor-widget elementor-widget-pls-button\" data-id=\"6872402\" data-element_type=\"widget\" data-e-type=\"widget\" data-widget_type=\"pls-button.default\">\n\t\t\t\t<div class=\"elementor-widget-container\">\n\t\t\t\t\t<div id=\"pls-button-68610\" class=\"pls-element pls-button\">\n\t<a class=\"button btn-style-flat\" href=\"\/de\/wissensbasis\/wordpress\/woocommerce-kostenloser-versand\/\" title=\"DOKUMENTATION\"  target=\"_blank\">\n\t\tDOKUMENTATION\t<\/a>\n<\/div>\n\t\t\t\t<\/div>\n\t\t\t\t<\/div>\n\t\t\t\t<div class=\"elementor-element elementor-element-9d8fdd7 elementor-widget elementor-widget-pls-button\" data-id=\"9d8fdd7\" data-element_type=\"widget\" data-e-type=\"widget\" data-widget_type=\"pls-button.default\">\n\t\t\t\t<div class=\"elementor-widget-container\">\n\t\t\t\t\t<div id=\"pls-button-33371\" class=\"pls-element pls-button\">\n\t<a class=\"button btn-style-flat\" href=\"https:\/\/demo.cocos.codes\/cc_free_shipping\/\" title=\"DEMO\" target=\"_blank\" rel=\"noopener\">\n\t\tDEMO\t<\/a>\n<\/div>\n\t\t\t\t<\/div>\n\t\t\t\t<\/div>\n\t\t\t\t\t<\/div>\n\t\t\t\t<\/div>\n\t\t<div class=\"elementor-element elementor-element-3c1e8fe e-flex e-con-boxed e-con e-parent\" data-id=\"3c1e8fe\" data-element_type=\"container\" data-e-type=\"container\">\n\t\t\t\t\t<div class=\"e-con-inner\">\n\t\t\t\t<div class=\"elementor-element elementor-element-0b775e8 elementor-widget elementor-widget-spacer\" data-id=\"0b775e8\" data-element_type=\"widget\" data-e-type=\"widget\" data-widget_type=\"spacer.default\">\n\t\t\t\t\t\t\t<div class=\"elementor-spacer\">\n\t\t\t<div class=\"elementor-spacer-inner\"><\/div>\n\t\t<\/div>\n\t\t\t\t\t\t<\/div>\n\t\t\t\t<div class=\"elementor-element elementor-element-52c36ce elementor-widget elementor-widget-text-editor\" data-id=\"52c36ce\" data-element_type=\"widget\" data-e-type=\"widget\" data-widget_type=\"text-editor.default\">\n\t\t\t\t\t\t\t\t\t<h6><strong>Umfassende Konfigurationsm\u00f6glichkeiten<\/strong><\/h6><strong>\u2699\ufe0f Grundeinstellungen<\/strong><br \/>\u2705 Schwellenwert f\u00fcr kostenlosen Versand - genaue Definition des Bestellwerts, ab dem der Kunde kostenlosen Versand erh\u00e4lt<br \/>Ber\u00fccksichtigung von Rabattcoupons - Option, den Wert der Coupons vom Warenkorbwert abzuziehen, bevor der Schwellenwert gepr\u00fcft wird<br \/>\u2705 Ber\u00fccksichtigung zus\u00e4tzlicher Kosten - M\u00f6glichkeit der Ber\u00fccksichtigung von Kosten mit einem negativen Wert bei der Berechnung des Schwellenwerts<br \/>Deaktivieren Sie die Standard-CSS-Stile - volle Kontrolle \u00fcber das Erscheinungsbild durch Deaktivieren der integrierten Stile<br \/><br \/><strong>\u2728 Personalisierung von Nachrichten<\/strong><br \/>Meldung unterhalb des Schwellenwerts - mit dynamischer Variable {Rest}, die den fehlenden Betrag anzeigt<br \/><strong>\u2705 <\/strong>Nachricht \u00fcber dem Schwellenwert - Information, dass der kostenlose Versand erreicht wurde<br \/>\u2705 Spezielle Meldungen an der Kasse - getrennte Meldungen f\u00fcr die Beschaffungsseite (unterhalb und oberhalb des Schwellenwerts)<br \/>\u2705 Nachricht mit kostenloser Versandart z.B. (kostenloser Versand)<br \/><br \/><strong>\ud83d\udccd Standorte anzeigen<\/strong><br \/>\u2705 Warenkorb - Anzeige von Nachrichten auf der Warenkorbseite<br \/>\u2705 Bestellseite - Informationen zum kostenlosen Versand bei Abschluss der Bestellung<br \/>\u2705 Vor den Zahlungsmethoden - strategische Platzierung der Botschaft vor der Auswahl der Zahlungsmethode<br \/><br \/><strong>\ud83c\udfa8 Erweitertes Styling<\/strong><br \/>\u2705 Textfarbe - getrennte Einstellungen f\u00fcr Meldungen unterhalb und oberhalb des Schwellenwerts<br \/>\u2705 Hintergrundfarbe - personalisieren Sie den Hintergrund f\u00fcr beide Nachrichtentypen<br \/>\u2705 Randfarbe - Anpassung der Randfarbe f\u00fcr Meldungen unterhalb und oberhalb des Schwellenwerts<br \/>\u2705 Rahmengr\u00f6\u00dfe - genaue Kontrolle \u00fcber die Dicke des Rahmens (in Pixel)<br \/>\u2705 Randabrundung - Einstellung des Abrundungsgrads der Ecken (in Pixel)<br \/>\u2705 Schriftgr\u00f6\u00dfe - M\u00f6glichkeit, die Gr\u00f6\u00dfe des Textes zu \u00e4ndern (in Pixel)<br \/>\u2705 Benutzerdefiniertes CSS - Feld f\u00fcr erweiterte CSS-Stile zur vollst\u00e4ndigen Kontrolle \u00fcber das Erscheinungsbild<br \/><br \/><strong>\ud83d\udcb1 Kompatibilit\u00e4t mit mehreren W\u00e4hrungen<\/strong><br \/>\u2705 WOOCS - WooCommerce W\u00e4hrungsumschalter<br \/>\u2705 Aelia Currency Switcher<br \/>\u2705 WPML + WooCommerce Mehrsprachig<br \/>\u2705 WooCommerce Multi-W\u00e4hrung<br \/>\u2705 W\u00e4hrungsumschalter f\u00fcr WooCommerce von WP Desk<br \/>\u2705 Automatische Umrechnung des Schwellenwerts in die vom Kunden gew\u00e4hlte W\u00e4hrung<br \/><br \/><strong>\ud83d\udd27 Technische Merkmale<\/strong><br \/>HPOS-Kompatibilit\u00e4t - volle Unterst\u00fctzung f\u00fcr WooCommerce High-Performance Order Storage<br \/>\u2705 Lizenzmanagementsystem - komfortable Aktivierung und Verwaltung der Lizenz im Administrationspanel<br \/>\u2705 Leistungsoptimierung - minimale Serverbelastung und schneller Betrieb\t\t\t\t\t\t\t\t<\/div>\n\t\t\t\t<div class=\"elementor-element elementor-element-4a5e7ff elementor-widget elementor-widget-spacer\" data-id=\"4a5e7ff\" data-element_type=\"widget\" data-e-type=\"widget\" data-widget_type=\"spacer.default\">\n\t\t\t\t\t\t\t<div class=\"elementor-spacer\">\n\t\t\t<div class=\"elementor-spacer-inner\"><\/div>\n\t\t<\/div>\n\t\t\t\t\t\t<\/div>\n\t\t\t\t<div class=\"elementor-element elementor-element-ce1e9fa elementor-widget elementor-widget-text-editor\" data-id=\"ce1e9fa\" data-element_type=\"widget\" data-e-type=\"widget\" data-widget_type=\"text-editor.default\">\n\t\t\t\t\t\t\t\t\t<h6><strong>\ud83d\udcc8 Erh\u00f6he den Warenkorbwert um 20-30%!<\/strong><\/h6>Untersuchungen zeigen, dass der kostenlose Versand eines der <strong>die wirksamsten Methoden zur Erh\u00f6hung des durchschnittlichen Auftragswerts<\/strong>. Danke an CC Free Shipping <strong>Ihre Kunden werden Produkte in den Warenkorb legen<\/strong>um die Schwelle f\u00fcr den kostenlosen Versand zu erreichen - und das alles dank attraktiver Mitteilungen, die <strong>motivieren, mehr zu kaufen<\/strong>.\t\t\t\t\t\t\t\t<\/div>\n\t\t\t\t<div class=\"elementor-element elementor-element-8ec8481 elementor-widget elementor-widget-spacer\" data-id=\"8ec8481\" data-element_type=\"widget\" data-e-type=\"widget\" data-widget_type=\"spacer.default\">\n\t\t\t\t\t\t\t<div class=\"elementor-spacer\">\n\t\t\t<div class=\"elementor-spacer-inner\"><\/div>\n\t\t<\/div>\n\t\t\t\t\t\t<\/div>\n\t\t\t\t<div class=\"elementor-element elementor-element-7888287 elementor-widget elementor-widget-text-editor\" data-id=\"7888287\" data-element_type=\"widget\" data-e-type=\"widget\" data-widget_type=\"text-editor.default\">\n\t\t\t\t\t\t\t\t\t<h6><strong>F\u00fcr wen?\u00a0<\/strong><\/h6>Das Plugin ist ideal f\u00fcr alle:<br \/>\u2714 Gesch\u00e4fte, die den durchschnittlichen Warenkorbwert erh\u00f6hen wollen<br \/>\u2714 E-Commerce-Besitzer auf der Suche nach effektiven Verkaufstechniken<br \/>\u2714 <a href=\"https:\/\/iarina029.supserv.cozmoslabs.com\/de\/produktkategorie\/einzelne-geschafte\/\" title=\"WooCommerce Gesch\u00e4fte\">WooCommerce Gesch\u00e4fte<\/a>, die Wert auf einen professionellen Ablauf des Einkaufsprozesses legen<br \/>\u2714 Einzelh\u00e4ndler, die ihre Kunden zum Kauf anregen wollen<br \/>\u2714 Unternehmen mit internationaler Reichweite (dank der Unterst\u00fctzung mehrerer W\u00e4hrungen)\t\t\t\t\t\t\t\t<\/div>\n\t\t\t\t<div class=\"elementor-element elementor-element-425c3d6 elementor-widget elementor-widget-spacer\" data-id=\"425c3d6\" data-element_type=\"widget\" data-e-type=\"widget\" data-widget_type=\"spacer.default\">\n\t\t\t\t\t\t\t<div class=\"elementor-spacer\">\n\t\t\t<div class=\"elementor-spacer-inner\"><\/div>\n\t\t<\/div>\n\t\t\t\t\t\t<\/div>\n\t\t\t\t<div class=\"elementor-element elementor-element-4669eef elementor-widget elementor-widget-text-editor\" data-id=\"4669eef\" data-element_type=\"widget\" data-e-type=\"widget\" data-widget_type=\"text-editor.default\">\n\t\t\t\t\t\t\t\t\t<p><div class=\"pls-block pls-block-3297\">\t\t<div data-elementor-type=\"wp-post\" data-elementor-id=\"3297\" class=\"elementor elementor-3297\">\n\t\t\t\t<div class=\"elementor-element elementor-element-d99440d e-flex e-con-boxed e-con e-parent\" data-id=\"d99440d\" data-element_type=\"container\" data-e-type=\"container\" data-settings=\"{&quot;background_background&quot;:&quot;classic&quot;}\">\n\t\t\t\t\t<div class=\"e-con-inner\">\n\t\t\t\t<div class=\"elementor-element elementor-element-b850409 elementor-widget elementor-widget-text-editor\" data-id=\"b850409\" data-element_type=\"widget\" data-e-type=\"widget\" data-widget_type=\"text-editor.default\">\n\t\t\t\t\t\t\t\t\t<h6><strong>\u00a0Erweitern Sie die M\u00f6glichkeiten Ihres Shops noch heute! <\/strong><strong>\ud83d\ude80<\/strong><\/h6>F\u00fcgen Sie neue Funktionen hinzu, verbessern Sie die Benutzerfreundlichkeit und steigern Sie Ihre Ums\u00e4tze mit unserem Modul. Einfache Installation, volle Kompatibilit\u00e4t und regelm\u00e4\u00dfige Updates - alles, was Sie brauchen, damit Ihr Shop noch besser funktioniert.<br \/>\u2705 Einfache Einrichtung \u2705 Professionelle Unterst\u00fctzung \u2705 Nahtlose Integration<br \/><br \/><a class=\"button simple\" href=\"#main-content\" title=\"Jetzt installieren und benutzen!\">Installieren und benutzen Sie es jetzt!<\/a>\t\t\t\t\t\t\t\t<\/div>\n\t\t\t\t\t<\/div>\n\t\t\t\t<\/div>\n\t\t\t\t<\/div>\n\t\t<\/div><\/p>\t\t\t\t\t\t\t\t<\/div>\n\t\t\t\t\t<\/div>\n\t\t\t\t<\/div>\n\t\t\t\t<\/div>","protected":false},"excerpt":{"rendered":"Woo Commerce darmowa dostawa \u2013 zwi\u0119ksz sprzeda\u017c dzi\u0119ki darmowej wysy\u0142ce Darmowa wysy\u0142ka Woo Commerce to sprawdzony spos\u00f3b na podniesienie warto\u015bci koszyka. Nasza wtyczka CC Free Shipping umo\u017cliwia \u0142atw\u0105 konfiguracj\u0119 progu","protected":false},"featured_media":3809,"comment_status":"open","ping_status":"closed","template":"","meta":{"powered_cache_disable_cache":false,"powered_cache_disable_css_optimization":false,"powered_cache_disable_js_optimization":false},"product_brand":[275],"product_cat":[128,132],"product_tag":[200,199,198],"class_list":{"0":"post-3288","1":"product","2":"type-product","3":"status-publish","4":"has-post-thumbnail","6":"product_brand-cocos","7":"product_cat-moduly","8":"product_cat-wordpress","9":"product_tag-darmowa-dostawa","10":"product_tag-woocommerce","11":"product_tag-wordpress","13":"first","14":"instock","15":"featured","16":"downloadable","17":"virtual","18":"taxable","19":"purchasable","20":"product-type-simple"},"_links":{"self":[{"href":"https:\/\/iarina029.supserv.cozmoslabs.com\/de\/wp-json\/wp\/v2\/product\/3288","targetHints":{"allow":["GET"]}}],"collection":[{"href":"https:\/\/iarina029.supserv.cozmoslabs.com\/de\/wp-json\/wp\/v2\/product"}],"about":[{"href":"https:\/\/iarina029.supserv.cozmoslabs.com\/de\/wp-json\/wp\/v2\/types\/product"}],"replies":[{"embeddable":true,"href":"https:\/\/iarina029.supserv.cozmoslabs.com\/de\/wp-json\/wp\/v2\/comments?post=3288"}],"version-history":[{"count":0,"href":"https:\/\/iarina029.supserv.cozmoslabs.com\/de\/wp-json\/wp\/v2\/product\/3288\/revisions"}],"wp:featuredmedia":[{"embeddable":true,"href":"https:\/\/iarina029.supserv.cozmoslabs.com\/de\/wp-json\/wp\/v2\/media\/3809"}],"wp:attachment":[{"href":"https:\/\/iarina029.supserv.cozmoslabs.com\/de\/wp-json\/wp\/v2\/media?parent=3288"}],"wp:term":[{"taxonomy":"product_brand","embeddable":true,"href":"https:\/\/iarina029.supserv.cozmoslabs.com\/de\/wp-json\/wp\/v2\/product_brand?post=3288"},{"taxonomy":"product_cat","embeddable":true,"href":"https:\/\/iarina029.supserv.cozmoslabs.com\/de\/wp-json\/wp\/v2\/product_cat?post=3288"},{"taxonomy":"product_tag","embeddable":true,"href":"https:\/\/iarina029.supserv.cozmoslabs.com\/de\/wp-json\/wp\/v2\/product_tag?post=3288"}],"curies":[{"name":"wp","href":"https:\/\/api.w.org\/{rel}","templated":true}]}}