{"id":2770,"date":"2025-03-03T14:42:32","date_gmt":"2025-03-03T13:42:32","guid":{"rendered":"https:\/\/cocos.codes\/?post_type=product&#038;p=2770"},"modified":"2026-01-21T17:36:14","modified_gmt":"2026-01-21T16:36:14","slug":"wordpress-prestashop-website-umzug","status":"publish","type":"product","link":"https:\/\/iarina029.supserv.cozmoslabs.com\/de\/product\/wordpress-prestashop-website-umzug\/","title":{"rendered":"Neugestaltung der Website WordPress 6.x\/PrestaShop 1.7\/8.x\/9.x"},"content":{"rendered":"<div data-elementor-type=\"wp-post\" data-elementor-id=\"2770\" class=\"elementor elementor-2770\">\n\t\t\t\t<div class=\"elementor-element elementor-element-4d1107db e-flex e-con-boxed e-con e-parent\" data-id=\"4d1107db\" data-element_type=\"container\" data-e-type=\"container\">\n\t\t\t\t\t<div class=\"e-con-inner\">\n\t\t\t\t<div class=\"elementor-element elementor-element-32101906 elementor-widget elementor-widget-text-editor\" data-id=\"32101906\" data-element_type=\"widget\" data-e-type=\"widget\" data-widget_type=\"text-editor.default\">\n\t\t\t\t\t\t\t\t\t<h6><strong>Verschieben einer WordPress-Website<br \/><\/strong><\/h6><h6>Verschieben der PrestaShop-Website<\/h6>Professionell <strong>Website-\u00dcbertragung<\/strong> erfordert Erfahrung und Pr\u00e4zision. Wir bieten eine reibungslose Migration <a href=\"https:\/\/wordpress.org\/\" title=\"WordPress\" target=\"_blank\" rel=\"noopener\">WordPress<\/a> i <a href=\"https:\/\/www.prestashop.com\/\" title=\"PrestaShop\" target=\"_blank\" rel=\"noopener\">PrestaShop<\/a> auf einen neuen Server - ohne Stress und Ausfallzeiten. Wir \u00fcbertragen alle Dateien, Datenbanken, Plug-ins und Themes und k\u00fcmmern uns um Sicherheit und Optimierung auf dem neuen Server. <a href=\"https:\/\/iarina029.supserv.cozmoslabs.com\/de\/product\/cocos_host-stabiles-und-sicheres-hosting-fur-ihr-unternehmen\/\" title=\"Neues Hosting\">neues Hosting<\/a>. Im Preis des Dienstes inbegriffen sind ein Backup, DNS-\u00dcberwachung, CRON-Aufgabenmigration und 14 Tage technischer Support.<br \/><br \/><h6>Was wir anbieten:<\/h6><div><ol><li><strong>Umfassende Migration \ud83d\uddc2\ufe0f:<\/strong> Wir \u00fcbertragen alle Dateien, Datenbanken, Plug-ins, Themes und E-Mail-Konten - sicher und mit viel Liebe zum Detail.<\/li><li><strong>Keine Ausfallzeiten \u23f1\ufe0f:<\/strong> Ihre Website oder Ihr Shop ist jederzeit verf\u00fcgbar - wir minimieren die Unannehmlichkeiten auf Null.<\/li><li><strong>Optimierung auf dem neuen Server \u26a1 :<\/strong> Nach der Migration testen wir die Einstellungen und passen sie an, damit die Website schneller und effizienter l\u00e4uft.<\/li><li><strong>Volle Unterst\u00fctzung f\u00fcr WordPress und PrestaShop \ud83d\udee0\ufe0f:<\/strong> Wir f\u00fchren jede Version und Konfiguration, wobei die Funktionalit\u00e4t des 100% erhalten bleibt.<\/li><li><strong>DNS-Aktualisierung \ud83c\udf0d:<\/strong> Wir \u00fcberwachen den DNS-Aktualisierungsprozess und reduzieren die \u00c4nderungszeiten auf ein Minimum (sogar auf einige Stunden!).<\/li><li><strong>\u00dcbertragen von CRON-Aufgaben \ud83d\udd04:<\/strong> Wir stellen sicher, dass die CRON-Aufgaben auf dem neuen Server korrekt ausgef\u00fchrt werden.<\/li><\/ol><\/div>\t\t\t\t\t\t\t\t<\/div>\n\t\t\t\t\t<\/div>\n\t\t\t\t<\/div>\n\t\t<div class=\"elementor-element elementor-element-7032d6e e-flex e-con-boxed e-con e-parent\" data-id=\"7032d6e\" data-element_type=\"container\" data-e-type=\"container\">\n\t\t\t\t\t<div class=\"e-con-inner\">\n\t\t\t\t<div class=\"elementor-element elementor-element-7829b3c elementor-widget elementor-widget-heading\" data-id=\"7829b3c\" data-element_type=\"widget\" data-e-type=\"widget\" data-widget_type=\"heading.default\">\n\t\t\t\t\t<h6 class=\"elementor-heading-title elementor-size-default\">Zus\u00e4tzliche Vorteile:<\/h6>\t\t\t\t<\/div>\n\t\t\t\t\t<\/div>\n\t\t\t\t<\/div>\n\t\t<div class=\"elementor-element elementor-element-706f456 e-grid e-con-boxed e-con e-parent\" data-id=\"706f456\" data-element_type=\"container\" data-e-type=\"container\">\n\t\t\t\t\t<div class=\"e-con-inner\">\n\t\t\t\t<div class=\"elementor-element elementor-element-7ac3ce6 elementor-widget elementor-widget-text-editor\" data-id=\"7ac3ce6\" data-element_type=\"widget\" data-e-type=\"widget\" data-widget_type=\"text-editor.default\">\n\t\t\t\t\t\t\t\t\t<h6 style=\"text-align: center;\"><strong>Datensicherheit \ud83d\udd12.<\/strong><\/h6><p style=\"text-align: center;\">Wir wissen, wie wichtig Ihre Daten sind. Deshalb sorgen wir daf\u00fcr, dass sie w\u00e4hrend der Migration absolut sicher sind. Bevor wir den Prozess starten, erstellen wir <strong>Backup<\/strong> die gesamte Website\/Shop. Bei Problemen stellen wir sofort die vorherige Version wieder her, so dass Sie sich keine Sorgen um den Verlust Ihrer Daten machen m\u00fcssen. Ihre Dateien, Ihre Datenbank und Ihre Konfiguration sind in sicheren H\u00e4nden!<br \/><br \/><\/p>\t\t\t\t\t\t\t\t<\/div>\n\t\t\t\t<div class=\"elementor-element elementor-element-a9b7e19 elementor-widget elementor-widget-text-editor\" data-id=\"a9b7e19\" data-element_type=\"widget\" data-e-type=\"widget\" data-widget_type=\"text-editor.default\">\n\t\t\t\t\t\t\t\t\t<h6 style=\"text-align: center;\"><strong>Unterst\u00fctzung nach der Migration \ud83d\udee0\ufe0f<\/strong><\/h6><p style=\"text-align: center;\">Die Migration ist nicht das Ende unserer Zusammenarbeit! Wir bieten <strong>14 Tage technische Unterst\u00fctzung<\/strong> sobald die \u00dcbertragung Ihrer Website\/Ihres Shops abgeschlossen ist. Sollten Sie Probleme feststellen oder Fragen zum neuen Server haben, stehen Ihnen unsere Experten zur Verf\u00fcgung <strong>Ihr<\/strong> Disposition. Auf diese Weise k\u00f6nnen Sie sicher sein, dass alles so funktioniert, wie es sollte.<\/p>\t\t\t\t\t\t\t\t<\/div>\n\t\t\t\t<div class=\"elementor-element elementor-element-07fe717 elementor-widget elementor-widget-text-editor\" data-id=\"07fe717\" data-element_type=\"widget\" data-e-type=\"widget\" data-widget_type=\"text-editor.default\">\n\t\t\t\t\t\t\t\t\t<h6 style=\"text-align: center;\"><strong>Kostenlose Beratung \ud83d\udde3\ufe0f<\/strong><\/h6><p style=\"text-align: center;\">Sie sind nicht sicher, ob Ihre Website\/Ihr Shop f\u00fcr die Migration bereit ist? Kein Grund zur Sorge! Wir bieten <strong>kostenlos<\/strong> eine Beratung, bei der <strong>werden wir analysieren<\/strong> aktuelle Konfiguration, Softwareversionen, Plug-ins und Themen. Dies erm\u00f6glicht uns die Vorbereitung <strong>personalisierter Migrationsplan<\/strong>die einen reibungslosen Transfer ohne \u00dcberraschungen gew\u00e4hrleisten. Auf diese Weise haben Sie die volle Kontrolle \u00fcber den Prozess.<\/p>\t\t\t\t\t\t\t\t<\/div>\n\t\t\t\t\t<\/div>\n\t\t\t\t<\/div>\n\t\t<div class=\"elementor-element elementor-element-9a04ba6 e-flex e-con-boxed e-con e-parent\" data-id=\"9a04ba6\" data-element_type=\"container\" data-e-type=\"container\">\n\t\t\t\t\t<div class=\"e-con-inner\">\n\t\t\t\t<div class=\"elementor-element elementor-element-4c26bd7 elementor-widget elementor-widget-spacer\" data-id=\"4c26bd7\" data-element_type=\"widget\" data-e-type=\"widget\" data-widget_type=\"spacer.default\">\n\t\t\t\t\t\t\t<div class=\"elementor-spacer\">\n\t\t\t<div class=\"elementor-spacer-inner\"><\/div>\n\t\t<\/div>\n\t\t\t\t\t\t<\/div>\n\t\t\t\t\t<\/div>\n\t\t\t\t<\/div>\n\t\t<div class=\"elementor-element elementor-element-ef62bdf e-flex e-con-boxed e-con e-parent\" data-id=\"ef62bdf\" data-element_type=\"container\" data-e-type=\"container\" data-settings=\"{&quot;background_background&quot;:&quot;classic&quot;}\">\n\t\t\t\t\t<div class=\"e-con-inner\">\n\t\t\t\t<div class=\"elementor-element elementor-element-c334b42 elementor-widget elementor-widget-text-editor\" data-id=\"c334b42\" data-element_type=\"widget\" data-e-type=\"widget\" data-widget_type=\"text-editor.default\">\n\t\t\t\t\t\t\t\t\t<h6 style=\"text-align: center;\">Machen Sie sich keine Gedanken \u00fcber die technischen Feinheiten des Umzugs! \ud83d\ude9a<\/h6><p style=\"text-align: center;\">Vertrauen Sie uns. <strong>Experten<\/strong>der sich um jedes Detail k\u00fcmmern wird.<\/p><p style=\"text-align: center;\"><a class=\"button simple\" href=\"https:\/\/iarina029.supserv.cozmoslabs.com\/de\/kontakt\/\" title=\"Kontaktieren Sie uns noch heute, um die Einzelheiten der Migration zu besprechen!\">Kontaktieren Sie uns noch heute, um die Einzelheiten der Migration zu besprechen!<\/a><\/p><p style=\"text-align: center;\"><strong>Konzentrieren Sie sich auf Ihr Gesch\u00e4ft und wir k\u00fcmmern uns um den Rest.<\/strong> <br \/>Ziehen Sie Ihre Website oder Ihren Shop auf einen neuen Server um, mit der Gewissheit, dass alles von A bis Z ohne Probleme l\u00e4uft!<\/p>\t\t\t\t\t\t\t\t<\/div>\n\t\t\t\t\t<\/div>\n\t\t\t\t<\/div>\n\t\t<div class=\"elementor-element elementor-element-d2ad6e7 e-flex e-con-boxed e-con e-parent\" data-id=\"d2ad6e7\" data-element_type=\"container\" data-e-type=\"container\">\n\t\t\t\t\t<div class=\"e-con-inner\">\n\t\t\t\t<div class=\"elementor-element elementor-element-9709519 elementor-widget elementor-widget-spacer\" data-id=\"9709519\" data-element_type=\"widget\" data-e-type=\"widget\" data-widget_type=\"spacer.default\">\n\t\t\t\t\t\t\t<div class=\"elementor-spacer\">\n\t\t\t<div class=\"elementor-spacer-inner\"><\/div>\n\t\t<\/div>\n\t\t\t\t\t\t<\/div>\n\t\t\t\t<div class=\"elementor-element elementor-element-79a7d82 elementor-widget elementor-widget-heading\" data-id=\"79a7d82\" data-element_type=\"widget\" data-e-type=\"widget\" data-widget_type=\"heading.default\">\n\t\t\t\t\t<h6 class=\"elementor-heading-title elementor-size-default\">Welches Paket (Datenmenge) sollte ich w\u00e4hlen?<\/h6>\t\t\t\t<\/div>\n\t\t\t\t<div class=\"elementor-element elementor-element-b92a65a elementor-widget elementor-widget-text-editor\" data-id=\"b92a65a\" data-element_type=\"widget\" data-e-type=\"widget\" data-widget_type=\"text-editor.default\">\n\t\t\t\t\t\t\t\t\t<table class=\"cc-table\"><thead><tr><th style=\"text-align: left;\">Gr\u00f6\u00dfe<\/th><th style=\"text-align: left;\">F\u00fcr wen<\/th><th style=\"text-align: left;\">Was zu erwarten ist<\/th><\/tr><\/thead><tbody><tr><td><strong>bis zu 5 GB \ud83d\udce6<\/strong>\u00a0- Micro-Site\/Shop<\/td><td>Blogs, Portfolios, kleine Gesch\u00e4fte (<strong>bis zu 25<\/strong> Produkte).<\/td><td><strong>Einfach<\/strong> Vorlagen, mehrere Plug-ins, eine kleine Datenbank.<\/td><\/tr><tr><td><strong>bis zu 10 GB \ud83d\ude9a.<\/strong>\u00a0- Kleine Website\/Shop<\/td><td>Unternehmenswebseiten, Shops (<strong>bis zu 50<\/strong> Produkte).<\/td><td><strong>Mehrere<\/strong> Plug-ins, grundlegende E-Commerce-Funktionen.<\/td><\/tr><tr><td><strong>bis zu 20 GB \ud83c\udfe2.<\/strong>\u00a0- Mittlerer Standort\/Shop<\/td><td>Gro\u00dfe Gesch\u00e4fte (<strong>bis zu 250<\/strong> Produkte), Seiten mit umfangreichem Inhalt.<\/td><td>Erweiterte Funktionalit\u00e4ten, Datenbank <strong>etwa 1 GB<\/strong>.<\/td><\/tr><tr><td><strong>bis zu 50 GB \ud83c\udf10.<\/strong>\u00a0- Gro\u00dfe Website\/Shop<\/td><td>Riesige Gesch\u00e4fte (<strong>\u00fcber 250<\/strong> Produkte), Medienplattformen.<\/td><td>Komplexe Funktionalit\u00e4ten, Datenbank <strong>etwa 5 GB<\/strong>.<\/td><\/tr><tr><td><strong>\u00fcber 50 GB \ud83d\udee0\ufe0f\u00a0<\/strong> - Sehr gro\u00dfe Website\/Shop (individuelle Preisgestaltung)<\/td><td>SaaS-Plattformen, mehrsprachige Shops, Websites mit <strong>riesig<\/strong> Datenmenge.<\/td><td>Vollst\u00e4ndige Personalisierung, erweiterte Integrationen, Datenbank <strong>\u00fcber 5 GB<\/strong>.<\/td><\/tr><\/tbody><\/table>\t\t\t\t\t\t\t\t<\/div>\n\t\t\t\t\t<\/div>\n\t\t\t\t<\/div>\n\t\t\t\t<\/div>","protected":false},"excerpt":{"rendered":"Przeprowadzka strony Word Press Przeprowadzka strony Presta Shop Profesjonalne przeniesienie strony wymaga do\u015bwiadczenia i precyzji. Oferujemy p\u0142ynn\u0105 migracj\u0119 Word Press i Presta Shop na nowy serwer \u2013 bez stresu i","protected":false},"featured_media":2780,"comment_status":"open","ping_status":"closed","template":"","meta":{"powered_cache_disable_cache":false,"powered_cache_disable_css_optimization":false,"powered_cache_disable_js_optimization":false},"product_brand":[275],"product_cat":[129],"product_tag":[256,244,255,198],"class_list":{"0":"post-2770","1":"product","2":"type-product","3":"status-publish","4":"has-post-thumbnail","6":"product_brand-cocos","7":"product_cat-uslugi","8":"product_tag-migracja","9":"product_tag-prestashop","10":"product_tag-przeniesienie-strony","11":"product_tag-wordpress","13":"first","14":"instock","15":"taxable","16":"shipping-taxable","17":"purchasable","18":"product-type-variable","19":"has-default-attributes"},"_links":{"self":[{"href":"https:\/\/iarina029.supserv.cozmoslabs.com\/de\/wp-json\/wp\/v2\/product\/2770","targetHints":{"allow":["GET"]}}],"collection":[{"href":"https:\/\/iarina029.supserv.cozmoslabs.com\/de\/wp-json\/wp\/v2\/product"}],"about":[{"href":"https:\/\/iarina029.supserv.cozmoslabs.com\/de\/wp-json\/wp\/v2\/types\/product"}],"replies":[{"embeddable":true,"href":"https:\/\/iarina029.supserv.cozmoslabs.com\/de\/wp-json\/wp\/v2\/comments?post=2770"}],"version-history":[{"count":0,"href":"https:\/\/iarina029.supserv.cozmoslabs.com\/de\/wp-json\/wp\/v2\/product\/2770\/revisions"}],"wp:featuredmedia":[{"embeddable":true,"href":"https:\/\/iarina029.supserv.cozmoslabs.com\/de\/wp-json\/wp\/v2\/media\/2780"}],"wp:attachment":[{"href":"https:\/\/iarina029.supserv.cozmoslabs.com\/de\/wp-json\/wp\/v2\/media?parent=2770"}],"wp:term":[{"taxonomy":"product_brand","embeddable":true,"href":"https:\/\/iarina029.supserv.cozmoslabs.com\/de\/wp-json\/wp\/v2\/product_brand?post=2770"},{"taxonomy":"product_cat","embeddable":true,"href":"https:\/\/iarina029.supserv.cozmoslabs.com\/de\/wp-json\/wp\/v2\/product_cat?post=2770"},{"taxonomy":"product_tag","embeddable":true,"href":"https:\/\/iarina029.supserv.cozmoslabs.com\/de\/wp-json\/wp\/v2\/product_tag?post=2770"}],"curies":[{"name":"wp","href":"https:\/\/api.w.org\/{rel}","templated":true}]}}