{"id":2692,"date":"2025-03-02T13:30:53","date_gmt":"2025-03-02T12:30:53","guid":{"rendered":"https:\/\/cocos.codes\/?post_type=product&#038;p=2692"},"modified":"2026-04-09T19:38:28","modified_gmt":"2026-04-09T17:38:28","slug":"vps-server-superschneller-und-leistungsstarker-server","status":"publish","type":"product","link":"https:\/\/iarina029.supserv.cozmoslabs.com\/de\/product\/vps-server-superschneller-und-leistungsstarker-server\/","title":{"rendered":"VPS-Server - superschneller und leistungsstarker Server f\u00fcr Anspruchsvolle \ud83d\udcaa."},"content":{"rendered":"<div data-elementor-type=\"wp-post\" data-elementor-id=\"2692\" class=\"elementor elementor-2692\">\n\t\t\t\t<div class=\"elementor-element elementor-element-49939bd3 e-flex e-con-boxed e-con e-parent\" data-id=\"49939bd3\" data-element_type=\"container\" data-e-type=\"container\">\n\t\t\t\t\t<div class=\"e-con-inner\">\n\t\t\t\t<div class=\"elementor-element elementor-element-45b48c71 elementor-widget elementor-widget-text-editor\" data-id=\"45b48c71\" data-element_type=\"widget\" data-e-type=\"widget\" data-widget_type=\"text-editor.default\">\n\t\t\t\t\t\t\t\t\t<strong>VPS-Server - superschnell und zuverl\u00e4ssig f\u00fcr anspruchsvolle Projekte<\/strong><br \/>Sie brauchen volle Kontrolle und maximale Effizienz? Unser <strong>VPS-Server<\/strong> sind dedizierte Ressourcen mit Prozessoren <a href=\"https:\/\/www.amd.com\/pl\/products\/epyc-processors\" title=\"AMD EPYC\u2122 7002\" target=\"_blank\" rel=\"noopener\">AMD EPYC\u2122 7002<\/a>die Geschwindigkeit und Stabilit\u00e4t des Betriebs garantieren. Wir bieten Premium-Caching (<a href=\"https:\/\/nginx.org\/en\/\" title=\"Nginx-Cache\" target=\"_blank\" rel=\"noopener\">Nginx-Cache<\/a> + Redis), 14-t\u00e4giges S3-Backup, 24\/7-\u00dcberwachung und vollst\u00e4ndige Verwaltung. Eine Uptime von 99,9% gew\u00e4hrleistet die Zuverl\u00e4ssigkeit von Websites, Anwendungen und <a href=\"https:\/\/iarina029.supserv.cozmoslabs.com\/de\/produktkategorie\/einzelne-geschafte\/\" title=\"WooCommerce Gesch\u00e4fte\">WooCommerce Gesch\u00e4fte<\/a>. Es ist ideal f\u00fcr anspruchsvolle Projekte, die mehr als eine Standardl\u00f6sung erfordern. <a href=\"https:\/\/iarina029.supserv.cozmoslabs.com\/de\/product\/cocos_host-stabiles-und-sicheres-hosting-fur-ihr-unternehmen\/\" title=\"Business-Hosting\">Business-Hosting<\/a>. <br \/><br \/><h6>Was bieten wir an?<\/h6><ul><li><strong><span style=\"text-decoration: underline;\">Vollst\u00e4ndige Verwaltung<\/span> und Systemaktualisierungen<\/strong> - wir k\u00fcmmern uns um Ihren Server und sorgen f\u00fcr seine st\u00e4ndige Optimierung und Sicherheit.<\/li><li><strong>Hohe Leistung<\/strong> - Verarbeiter <strong>AMD EPYC\u2122 7002<\/strong> und Premium-Caching (<strong>Nginx-Cache<\/strong> + <strong>Redis<\/strong>) sorgen daf\u00fcr, dass Anwendungen und Websites blitzschnell laufen.<\/li><li><strong>14-t\u00e4gige vollst\u00e4ndige S3-Sicherung<\/strong> - Ihre Daten sind durch t\u00e4gliche Backups, die auf separaten Servern gespeichert werden, sicher.<\/li><li><strong>Dedizierte Ressourcen<\/strong> - CPU, RAM und Festplattenspeicher stehen Ihnen exklusiv zur Verf\u00fcgung und bieten volle Leistung f\u00fcr anspruchsvolle Projekte.<\/li><li><strong>Sicherheit auf h\u00f6chstem Niveau<\/strong> - SSL-Zertifikat, Firewall und Schutz vor DDoS-Angriffen sch\u00fctzen Ihren Server vor Bedrohungen.<\/li><li><strong>24\/7 \u00dcberwachung<\/strong> - Ihr Server ist zu jeder Zeit betreut und die Betriebszeit bei <strong>99,9%<\/strong> garantiert die Zuverl\u00e4ssigkeit der Dienste.<\/li><li><strong>Flexibilit\u00e4t und Skalierbarkeit<\/strong> - freier Zugang zum Panel <strong>COCOS. Bedienfeld<\/strong> erm\u00f6glicht eine einfache Verwaltung des Servers, und Sie k\u00f6nnen die Ressourcen bei Bedarf schnell erh\u00f6hen.<\/li><li><strong>24\/7 technische Unterst\u00fctzung<\/strong> - Unser Team ist per E-Mail und Chat jederzeit erreichbar und bereit, Ihre Probleme zu l\u00f6sen.<\/li><\/ul>Unser VPS-Server ist die ideale L\u00f6sung f\u00fcr alle, die Zuverl\u00e4ssigkeit, volle Kontrolle und au\u00dfergew\u00f6hnliche Leistung ben\u00f6tigen. Egal, ob Sie fortschrittliche Anwendungen, Online-Shops oder andere Projekte betreiben, mit unserem VPS k\u00f6nnen Sie sicher sein, dass Ihr Server alle Anforderungen erf\u00fcllt und immer mit voller Kapazit\u00e4t l\u00e4uft.\t\t\t\t\t\t\t\t<\/div>\n\t\t\t\t<div class=\"elementor-element elementor-element-7ea57db elementor-widget elementor-widget-spacer\" data-id=\"7ea57db\" data-element_type=\"widget\" data-e-type=\"widget\" data-widget_type=\"spacer.default\">\n\t\t\t\t\t\t\t<div class=\"elementor-spacer\">\n\t\t\t<div class=\"elementor-spacer-inner\"><\/div>\n\t\t<\/div>\n\t\t\t\t\t\t<\/div>\n\t\t\t\t<div class=\"elementor-element elementor-element-a7f394b elementor-widget elementor-widget-heading\" data-id=\"a7f394b\" data-element_type=\"widget\" data-e-type=\"widget\" data-widget_type=\"heading.default\">\n\t\t\t\t\t<h6 class=\"elementor-heading-title elementor-size-default\">Pakete - detaillierte Spezifikation<\/h6>\t\t\t\t<\/div>\n\t\t\t\t<div class=\"elementor-element elementor-element-ac447e7 elementor-widget elementor-widget-text-editor\" data-id=\"ac447e7\" data-element_type=\"widget\" data-e-type=\"widget\" data-widget_type=\"text-editor.default\">\n\t\t\t\t\t\t\t\t\t<table class=\"cc-table\"><thead><tr><th>Paket<\/th><th>Kapazit\u00e4t<\/th><th>COCOS Gemeinsame Vorteile.<\/th><\/tr><\/thead><tbody><tr><td><strong>COCOS_VPS_40<\/strong><\/td><td><strong>40<\/strong> GB NVMe \u26a1.<\/td><td class=\"cc-details\" rowspan=\"6\"><br \/>\u2714 <span style=\"text-decoration: underline;\"><strong>Vollst\u00e4ndige Verwaltung<\/strong><\/span> i <strong>Aktualisierungen<\/strong> Systematisch \ud83d\udd27<br \/>\u2714 14-t\u00e4gig <strong>vollst\u00e4ndige S3-Sicherung, <\/strong>gespeichert am <strong>getrennt<\/strong> Server \ud83d\udcbe.<br \/>\u2714 <strong>SSL-Zertifikat<\/strong> f\u00fcr eine sichere Verbindung \ud83d\udd11.<br \/>\u2714 Firewall (<strong>Firewall<\/strong>) Schutz vor Gef\u00e4hrdungen \ud83d\udd25.<br \/>\u2714 Schutz gegen <strong>DDoS-Angriffe<\/strong> Bereitstellung von Stabilit\u00e4t \ud83d\udee1\ufe0f<br \/>\u2714 24-Stunden-\u00dcberwachung der Server <strong>24\/7<\/strong> \ud83d\udc40<br \/>\u2714 Technische Unterst\u00fctzung: <strong>24\/7<\/strong> (E-Mail, Chat) \ud83d\udcac.<br \/>\u2714 Betriebszeit: <strong>99,9%<\/strong> \ud83d\udcc8<br \/>\u2714 Hochleistung: Prozessoren <strong>AMD EPYC\u2122 7002<\/strong>\u26a1<br \/>\u2714 Premium Caching: <strong>Nginx-Cache<\/strong> + <strong>Redis<\/strong> f\u00fcr maximale Geschwindigkeit \ud83d\ude80<br \/>\u2714 Freier Zugang zum Bedienfeld <strong>COCOS. Bedienfeld<\/strong> \ud83d\udda5\ufe0f<\/td><\/tr><tr><td><strong>COCOS_VPS_80<\/strong><\/td><td><strong>80<\/strong> GB NVMe \u26a1.<\/td><\/tr><tr><td><strong>COCOS_VPS_160<\/strong><\/td><td><strong>160<\/strong> GB NVMe \u26a1.<\/td><\/tr><tr><td><strong>COCOS_VPS_240<\/strong><\/td><td><strong>240<\/strong> GB NVMe \u26a1.<\/td><\/tr><tr><td><strong>COCOS_VPS_360<\/strong><\/td><td><strong>360<\/strong> GB NVMe \u26a1.<\/td><\/tr><\/tbody><\/table>\t\t\t\t\t\t\t\t<\/div>\n\t\t\t\t<div class=\"elementor-element elementor-element-9631622 elementor-widget elementor-widget-spacer\" data-id=\"9631622\" data-element_type=\"widget\" data-e-type=\"widget\" data-widget_type=\"spacer.default\">\n\t\t\t\t\t\t\t<div class=\"elementor-spacer\">\n\t\t\t<div class=\"elementor-spacer-inner\"><\/div>\n\t\t<\/div>\n\t\t\t\t\t\t<\/div>\n\t\t\t\t<div class=\"elementor-element elementor-element-cce84e5 elementor-widget elementor-widget-text-editor\" data-id=\"cce84e5\" data-element_type=\"widget\" data-e-type=\"widget\" data-widget_type=\"text-editor.default\">\n\t\t\t\t\t\t\t\t\t<p><div class=\"pls-block pls-block-3263\">\t\t<div data-elementor-type=\"wp-post\" data-elementor-id=\"3263\" class=\"elementor elementor-3263\">\n\t\t\t\t<div class=\"elementor-element elementor-element-199e8ab e-flex e-con-boxed e-con e-child\" data-id=\"199e8ab\" data-element_type=\"container\" data-e-type=\"container\" data-settings=\"{&quot;background_background&quot;:&quot;classic&quot;}\">\n\t\t\t\t\t<div class=\"e-con-inner\">\n\t\t\t\t<div class=\"elementor-element elementor-element-1d2e8eb elementor-widget elementor-widget-text-editor\" data-id=\"1d2e8eb\" data-element_type=\"widget\" data-e-type=\"widget\" data-widget_type=\"text-editor.default\">\n\t\t\t\t\t\t\t\t\t<h6 style=\"text-align: center;\">Sichern Sie jetzt die Stabilit\u00e4t Ihres Unternehmens! \u26a1<\/h6><p style=\"text-align: center;\">Geben Sie Ihren Server in die H\u00e4nde von <strong>Experten<\/strong>der sich k\u00fcmmert um <strong>Zuverl\u00e4ssigkeit<\/strong> i <strong>Sicherheit<\/strong> Ihre Daten.<\/p><p style=\"text-align: center;\"><a class=\"button simple\" href=\"https:\/\/iarina029.supserv.cozmoslabs.com\/de\/kontakt\/\" title=\"Kontaktieren Sie uns noch heute, um den perfekten Server f\u00fcr Sie auszuw\u00e4hlen!\">Kontaktieren Sie uns noch heute, um den perfekten Server f\u00fcr Sie auszuw\u00e4hlen!<\/a><\/p><p style=\"text-align: center;\"><strong>Konzentrieren Sie sich auf Ihr Gesch\u00e4ft und wir k\u00fcmmern uns um den Rest.<\/strong> <br \/>Mit unserem Server k\u00f6nnen Sie sicher sein, dass Ihre Website, Ihr Shop oder Ihre App schnell, sicher und ohne Unterbrechung l\u00e4uft!<\/p>\t\t\t\t\t\t\t\t<\/div>\n\t\t\t\t\t<\/div>\n\t\t\t\t<\/div>\n\t\t\t\t<\/div>\n\t\t<\/div><\/p>\t\t\t\t\t\t\t\t<\/div>\n\t\t\t\t\t<\/div>\n\t\t\t\t<\/div>\n\t\t\t\t<\/div>","protected":false},"excerpt":{"rendered":"Serwer VPS \u2013 superszybki i niezawodny dla wymagaj\u0105cych projekt\u00f3w Potrzebujesz pe\u0142nej kontroli i maksymalnej wydajno\u015bci? Nasz serwer VPS to dedykowane zasoby z procesorami AMD EPYC\u2122 7002, kt\u00f3re gwarantuj\u0105 szybko\u015b\u0107 i","protected":false},"featured_media":2779,"comment_status":"open","ping_status":"closed","template":"","meta":{"powered_cache_disable_cache":false,"powered_cache_disable_css_optimization":false,"powered_cache_disable_js_optimization":false},"product_brand":[275],"product_cat":[129],"product_tag":[262,260,261],"class_list":{"0":"post-2692","1":"product","2":"type-product","3":"status-publish","4":"has-post-thumbnail","6":"product_brand-cocos","7":"product_cat-uslugi","8":"product_tag-amd-epyc","9":"product_tag-serwer-vps","10":"product_tag-superszybki-serwer","12":"first","13":"instock","14":"taxable","15":"shipping-taxable","16":"purchasable","17":"product-type-variable","18":"has-default-attributes"},"_links":{"self":[{"href":"https:\/\/iarina029.supserv.cozmoslabs.com\/de\/wp-json\/wp\/v2\/product\/2692","targetHints":{"allow":["GET"]}}],"collection":[{"href":"https:\/\/iarina029.supserv.cozmoslabs.com\/de\/wp-json\/wp\/v2\/product"}],"about":[{"href":"https:\/\/iarina029.supserv.cozmoslabs.com\/de\/wp-json\/wp\/v2\/types\/product"}],"replies":[{"embeddable":true,"href":"https:\/\/iarina029.supserv.cozmoslabs.com\/de\/wp-json\/wp\/v2\/comments?post=2692"}],"version-history":[{"count":0,"href":"https:\/\/iarina029.supserv.cozmoslabs.com\/de\/wp-json\/wp\/v2\/product\/2692\/revisions"}],"wp:featuredmedia":[{"embeddable":true,"href":"https:\/\/iarina029.supserv.cozmoslabs.com\/de\/wp-json\/wp\/v2\/media\/2779"}],"wp:attachment":[{"href":"https:\/\/iarina029.supserv.cozmoslabs.com\/de\/wp-json\/wp\/v2\/media?parent=2692"}],"wp:term":[{"taxonomy":"product_brand","embeddable":true,"href":"https:\/\/iarina029.supserv.cozmoslabs.com\/de\/wp-json\/wp\/v2\/product_brand?post=2692"},{"taxonomy":"product_cat","embeddable":true,"href":"https:\/\/iarina029.supserv.cozmoslabs.com\/de\/wp-json\/wp\/v2\/product_cat?post=2692"},{"taxonomy":"product_tag","embeddable":true,"href":"https:\/\/iarina029.supserv.cozmoslabs.com\/de\/wp-json\/wp\/v2\/product_tag?post=2692"}],"curies":[{"name":"wp","href":"https:\/\/api.w.org\/{rel}","templated":true}]}}