{"id":2689,"date":"2025-03-02T13:29:27","date_gmt":"2025-03-02T12:29:27","guid":{"rendered":"https:\/\/cocos.codes\/?post_type=product&#038;p=2689"},"modified":"2026-01-21T17:38:49","modified_gmt":"2026-01-21T16:38:49","slug":"stabiles-und-sicheres-business-hosting","status":"publish","type":"product","link":"https:\/\/iarina029.supserv.cozmoslabs.com\/de\/product\/stabiles-und-sicheres-business-hosting\/","title":{"rendered":"Business-Hosting - stabil und sicher \ud83d\udd12"},"content":{"rendered":"<div data-elementor-type=\"wp-post\" data-elementor-id=\"2689\" class=\"elementor elementor-2689\">\n\t\t\t\t<div class=\"elementor-element elementor-element-4cb05206 e-flex e-con-boxed e-con e-parent\" data-id=\"4cb05206\" data-element_type=\"container\" data-e-type=\"container\">\n\t\t\t\t\t<div class=\"e-con-inner\">\n\t\t\t\t<div class=\"elementor-element elementor-element-41775d13 elementor-widget elementor-widget-text-editor\" data-id=\"41775d13\" data-element_type=\"widget\" data-e-type=\"widget\" data-widget_type=\"text-editor.default\">\n\t\t\t\t\t\t\t\t\t<h6>Business-Hosting<\/h6>Sie suchen eine zuverl\u00e4ssige Infrastruktur ohne unn\u00f6tige Komplikationen? <strong>Business-Hosting<\/strong> ist die ideale L\u00f6sung f\u00fcr Unternehmen, die Wert auf Effizienz und Sicherheit legen. Wir bieten moderne <a href=\"https:\/\/www.amd.com\/pl\/products\/epyc-processors\" title=\"AMD EPYC-Server\" target=\"_blank\" rel=\"noopener\">AMD EPYC-Server<\/a> und ultraschnelle NVMe-Laufwerke f\u00fcr den nahtlosen Betrieb von Websites, Anwendungen und <a href=\"https:\/\/iarina029.supserv.cozmoslabs.com\/de\/product\/woocommerce-erweiterte-rabatte\/\" title=\"WooCommerce Gesch\u00e4fte\">WooCommerce Gesch\u00e4fte<\/a>. Wir bieten t\u00e4gliche Backups, 99,9% Verf\u00fcgbarkeit, 24\/7 Support und Premium Caching (<a href=\"https:\/\/nginx.org\/en\/\" title=\"Nginx-Cache\" target=\"_blank\" rel=\"noopener\">Nginx-Cache<\/a> + Redis). Ein intuitives Management-Panel erm\u00f6glicht die vollst\u00e4ndige Kontrolle der Infrastruktur, \u00e4hnlich wie bei einem <a href=\"https:\/\/iarina029.supserv.cozmoslabs.com\/de\/product\/cocos_vps-superschneller-und-leistungsstarker-server-fur-anspruchsvolle-nutzer\/\" title=\"VPS-Server\">VPS-Server<\/a>. <br \/><br \/><h6>Was bieten wir an?<\/h6><ul><li><strong>NVMe-Laufwerke<\/strong> - blitzschnelle Ladezeiten, die Ihre Website und Anwendungen beschleunigen.<\/li><li><strong>Sicherheit und Backups<\/strong> - t\u00e4gliche Backups, damit Ihre Daten immer sicher sind. Bei Bedarf k\u00f6nnen Sie Ihr System schnell auf einen fr\u00fcheren Zustand zur\u00fccksetzen.<\/li><li><strong>Leistung<\/strong> - Dank der neuesten Generation von Prozessoren und einer gro\u00dfen Menge an Arbeitsspeicher k\u00f6nnen Sie sicher sein, dass Ihr Server auch einfache Websites\/Shops bew\u00e4ltigen kann.<\/li><li><strong>Verf\u00fcgbarkeit (Betriebszeit)<\/strong> - wir garantieren die Verf\u00fcgbarkeit bei <strong>99,9%<\/strong>Das bedeutet, dass Ihre Website den Nutzern fast jederzeit zur Verf\u00fcgung steht.<\/li><li><strong>Schnell<\/strong> i <strong>stabil<\/strong> Konnektivit\u00e4t - wir bieten eine Internetverbindung mit hoher Bandbreite, die einen reibungslosen Betrieb der Website gew\u00e4hrleistet und das Risiko von Verz\u00f6gerungen minimiert.<\/li><li><strong>24\/7 Unterst\u00fctzung<\/strong> - Unser Expertenteam steht Ihnen rund um die Uhr zur Verf\u00fcgung, um Ihnen bei allen Problemen zu helfen.<\/li><li><strong>Einfaches Management-Panel<\/strong> - ein intuitives Panel, mit dem Sie Ihre Hosting-Dienste einfach verwalten k\u00f6nnen.<\/li><\/ul>Unser Hosting-Server ist eine L\u00f6sung, die in jeder Situation funktioniert und ein optimales Gleichgewicht zwischen Leistung, Sicherheit und Benutzerfreundlichkeit bietet.\t\t\t\t\t\t\t\t<\/div>\n\t\t\t\t<div class=\"elementor-element elementor-element-de5f741 elementor-widget elementor-widget-spacer\" data-id=\"de5f741\" data-element_type=\"widget\" data-e-type=\"widget\" data-widget_type=\"spacer.default\">\n\t\t\t\t\t\t\t<div class=\"elementor-spacer\">\n\t\t\t<div class=\"elementor-spacer-inner\"><\/div>\n\t\t<\/div>\n\t\t\t\t\t\t<\/div>\n\t\t\t\t<div class=\"elementor-element elementor-element-52410fd elementor-widget elementor-widget-heading\" data-id=\"52410fd\" data-element_type=\"widget\" data-e-type=\"widget\" data-widget_type=\"heading.default\">\n\t\t\t\t\t<h6 class=\"elementor-heading-title elementor-size-default\">Pakete - detaillierte Spezifikation<\/h6>\t\t\t\t<\/div>\n\t\t\t\t<div class=\"elementor-element elementor-element-c780931 elementor-widget elementor-widget-text-editor\" data-id=\"c780931\" data-element_type=\"widget\" data-e-type=\"widget\" data-widget_type=\"text-editor.default\">\n\t\t\t\t\t\t\t\t\t<table class=\"cc-table\"><thead><tr><th>Paket<\/th><th>Kapazit\u00e4t<\/th><th>Paket-Funktionen<\/th><th>COCOS Gemeinsame Vorteile.<\/th><\/tr><\/thead><tbody><tr><td><strong>COCOS_HOST_5<\/strong><\/td><td><strong>5<\/strong> GB NVMe \u26a1.<\/td><td><strong>5<\/strong> E-Mail-Konten<br \/><strong>5<\/strong> FTP-Konten<br \/><strong>1<\/strong> Datenbank<\/td><td class=\"cc-details\" rowspan=\"5\">\u2714 14-t\u00e4gig <strong>Vollsicherung<\/strong> zu einem Preis von \ud83d\udcbe.<br \/>\u2714 <strong>SSL-Zertifikat<\/strong> f\u00fcr eine sichere Verbindung \ud83d\udd11.<br \/>\u2714 Firewall (<strong>Firewall<\/strong>) Schutz vor Gef\u00e4hrdungen \ud83d\udd25.<br \/>\u2714 Schutz gegen <strong>DDoS-Angriffe<\/strong> Bereitstellung von Stabilit\u00e4t \ud83d\udee1\ufe0f<br \/>\u2714 24-Stunden-\u00dcberwachung der Server <strong>24\/7<\/strong> \ud83d\udc40<br \/>\u2714 Technische Unterst\u00fctzung: <strong>24\/7<\/strong> (E-Mail, Chat) \ud83d\udcac.<br \/>\u2714 Betriebszeit: <strong>99,9%<\/strong> \ud83d\udcc8<br \/>\u2714 Premium Caching: <strong>Nginx-Cache<\/strong> + <strong>Redis<\/strong> f\u00fcr maximale Geschwindigkeit \ud83d\ude80<br \/>\u2714 Freier Zugang zum Bedienfeld <strong>COCOS. Bedienfeld<\/strong> \ud83d\udda5\ufe0f<\/td><\/tr><tr><td><strong>COCOS_HOST_10<\/strong><\/td><td><strong>10<\/strong> GB NVMe \u26a1.<\/td><td><strong>10<\/strong> E-Mail-Konten<br \/><strong>10<\/strong> FTP-Konten<br \/><strong>2<\/strong> Datenbanken<\/td><\/tr><tr><td><strong>COCOS_HOST_30<\/strong><\/td><td><strong>30<\/strong> GB NVMe \u26a1.<\/td><td><strong>30<\/strong> E-Mail-Konten<br \/><strong>30<\/strong> FTP-Konten<br \/><strong>5<\/strong> Datenbanken<\/td><\/tr><tr><td><strong>COCOS_HOST_60<\/strong><\/td><td><strong>60<\/strong> GB NVMe \u26a1.<\/td><td><strong>60<\/strong> E-Mail-Konten<br \/><strong>60<\/strong> FTP-Konten<br \/><strong>10<\/strong> Datenbanken<\/td><\/tr><tr><td><strong>COCOS_HOST_100<\/strong><\/td><td><strong>100<\/strong> GB NVMe \u26a1.<\/td><td><strong>100<\/strong> E-Mail-Konten<br \/><strong>100<\/strong> FTP-Konten<br \/><strong>20<\/strong> Datenbanken<\/td><\/tr><\/tbody><\/table>\t\t\t\t\t\t\t\t<\/div>\n\t\t\t\t<div class=\"elementor-element elementor-element-23b73ad elementor-widget elementor-widget-spacer\" data-id=\"23b73ad\" data-element_type=\"widget\" data-e-type=\"widget\" data-widget_type=\"spacer.default\">\n\t\t\t\t\t\t\t<div class=\"elementor-spacer\">\n\t\t\t<div class=\"elementor-spacer-inner\"><\/div>\n\t\t<\/div>\n\t\t\t\t\t\t<\/div>\n\t\t\t\t<div class=\"elementor-element elementor-element-d117fd6 elementor-widget elementor-widget-text-editor\" data-id=\"d117fd6\" data-element_type=\"widget\" data-e-type=\"widget\" data-widget_type=\"text-editor.default\">\n\t\t\t\t\t\t\t\t\t<p><div class=\"pls-block pls-block-3263\">\t\t<div data-elementor-type=\"wp-post\" data-elementor-id=\"3263\" class=\"elementor elementor-3263\">\n\t\t\t\t<div class=\"elementor-element elementor-element-199e8ab e-flex e-con-boxed e-con e-child\" data-id=\"199e8ab\" data-element_type=\"container\" data-e-type=\"container\" data-settings=\"{&quot;background_background&quot;:&quot;classic&quot;}\">\n\t\t\t\t\t<div class=\"e-con-inner\">\n\t\t\t\t<div class=\"elementor-element elementor-element-1d2e8eb elementor-widget elementor-widget-text-editor\" data-id=\"1d2e8eb\" data-element_type=\"widget\" data-e-type=\"widget\" data-widget_type=\"text-editor.default\">\n\t\t\t\t\t\t\t\t\t<h6 style=\"text-align: center;\">Sichern Sie jetzt die Stabilit\u00e4t Ihres Unternehmens! \u26a1<\/h6><p style=\"text-align: center;\">Geben Sie Ihren Server in die H\u00e4nde von <strong>Experten<\/strong>der sich k\u00fcmmert um <strong>Zuverl\u00e4ssigkeit<\/strong> i <strong>Sicherheit<\/strong> Ihre Daten.<\/p><p style=\"text-align: center;\"><a class=\"button simple\" href=\"https:\/\/iarina029.supserv.cozmoslabs.com\/de\/kontakt\/\" title=\"Kontaktieren Sie uns noch heute, um den perfekten Server f\u00fcr Sie auszuw\u00e4hlen!\">Kontaktieren Sie uns noch heute, um den perfekten Server f\u00fcr Sie auszuw\u00e4hlen!<\/a><\/p><p style=\"text-align: center;\"><strong>Konzentrieren Sie sich auf Ihr Gesch\u00e4ft und wir k\u00fcmmern uns um den Rest.<\/strong> <br \/>Mit unserem Server k\u00f6nnen Sie sicher sein, dass Ihre Website, Ihr Shop oder Ihre App schnell, sicher und ohne Unterbrechung l\u00e4uft!<\/p>\t\t\t\t\t\t\t\t<\/div>\n\t\t\t\t\t<\/div>\n\t\t\t\t<\/div>\n\t\t\t\t<\/div>\n\t\t<\/div><\/p>\t\t\t\t\t\t\t\t<\/div>\n\t\t\t\t\t<\/div>\n\t\t\t\t<\/div>\n\t\t\t\t<\/div>","protected":false},"excerpt":{"rendered":"Hosting biznesowy Szukasz niezawodnej infrastruktury bez zb\u0119dnych komplikacji? Hosting biznesowy to idealne rozwi\u0105zanie dla firm, kt\u00f3re ceni\u0105 wydajno\u015b\u0107 i bezpiecze\u0144stwo. Oferujemy nowoczesne serwery AMD EPYC oraz ultraszybkie dyski NVMe, gwarantuj\u0105ce","protected":false},"featured_media":2778,"comment_status":"open","ping_status":"closed","template":"","meta":{"powered_cache_disable_cache":false,"powered_cache_disable_css_optimization":false,"powered_cache_disable_js_optimization":false},"product_brand":[275],"product_cat":[129],"product_tag":[257,259,258],"class_list":{"0":"post-2689","1":"product","2":"type-product","3":"status-publish","4":"has-post-thumbnail","6":"product_brand-cocos","7":"product_cat-uslugi","8":"product_tag-hosting","9":"product_tag-nvme","10":"product_tag-serwery","12":"first","13":"instock","14":"featured","15":"taxable","16":"shipping-taxable","17":"purchasable","18":"product-type-variable","19":"has-default-attributes"},"_links":{"self":[{"href":"https:\/\/iarina029.supserv.cozmoslabs.com\/de\/wp-json\/wp\/v2\/product\/2689","targetHints":{"allow":["GET"]}}],"collection":[{"href":"https:\/\/iarina029.supserv.cozmoslabs.com\/de\/wp-json\/wp\/v2\/product"}],"about":[{"href":"https:\/\/iarina029.supserv.cozmoslabs.com\/de\/wp-json\/wp\/v2\/types\/product"}],"replies":[{"embeddable":true,"href":"https:\/\/iarina029.supserv.cozmoslabs.com\/de\/wp-json\/wp\/v2\/comments?post=2689"}],"version-history":[{"count":0,"href":"https:\/\/iarina029.supserv.cozmoslabs.com\/de\/wp-json\/wp\/v2\/product\/2689\/revisions"}],"wp:featuredmedia":[{"embeddable":true,"href":"https:\/\/iarina029.supserv.cozmoslabs.com\/de\/wp-json\/wp\/v2\/media\/2778"}],"wp:attachment":[{"href":"https:\/\/iarina029.supserv.cozmoslabs.com\/de\/wp-json\/wp\/v2\/media?parent=2689"}],"wp:term":[{"taxonomy":"product_brand","embeddable":true,"href":"https:\/\/iarina029.supserv.cozmoslabs.com\/de\/wp-json\/wp\/v2\/product_brand?post=2689"},{"taxonomy":"product_cat","embeddable":true,"href":"https:\/\/iarina029.supserv.cozmoslabs.com\/de\/wp-json\/wp\/v2\/product_cat?post=2689"},{"taxonomy":"product_tag","embeddable":true,"href":"https:\/\/iarina029.supserv.cozmoslabs.com\/de\/wp-json\/wp\/v2\/product_tag?post=2689"}],"curies":[{"name":"wp","href":"https:\/\/api.w.org\/{rel}","templated":true}]}}