{"id":2677,"date":"2025-03-01T22:17:52","date_gmt":"2025-03-01T21:17:52","guid":{"rendered":"https:\/\/cocos.codes\/?post_type=product&#038;p=2677"},"modified":"2026-01-21T17:41:10","modified_gmt":"2026-01-21T16:41:10","slug":"installation-von-prestashop-und-wordpress-modulen","status":"publish","type":"product","link":"https:\/\/iarina029.supserv.cozmoslabs.com\/de\/product\/installation-von-prestashop-und-wordpress-modulen\/","title":{"rendered":"Installation von PrestaShop 1.7\/8.x\/9.x und WordPress 6.x Modulen - schnell und problemlos \u2699\ufe0f"},"content":{"rendered":"<div data-elementor-type=\"wp-post\" data-elementor-id=\"2677\" class=\"elementor elementor-2677\">\n\t\t\t\t<div class=\"elementor-element elementor-element-17d430f4 e-flex e-con-boxed e-con e-parent\" data-id=\"17d430f4\" data-element_type=\"container\" data-e-type=\"container\">\n\t\t\t\t\t<div class=\"e-con-inner\">\n\t\t\t\t<div class=\"elementor-element elementor-element-5a42bdf5 elementor-widget elementor-widget-text-editor\" data-id=\"5a42bdf5\" data-element_type=\"widget\" data-e-type=\"widget\" data-widget_type=\"text-editor.default\">\n\t\t\t\t\t\t\t\t\t<h6><strong>PrestaShop-Modul-Installation<br \/>Installieren des WordPress-Moduls<\/strong><\/h6>Verschwenden Sie keine Zeit damit, es selbst zu konfigurieren! Professionell <strong>Modulmontage<\/strong> ist die ideale L\u00f6sung f\u00fcr Gesch\u00e4fte, die auf <a href=\"https:\/\/www.prestashop.com\/\" title=\"PrestaShop\" target=\"_blank\" rel=\"noopener\">PrestaShop<\/a> i <a href=\"https:\/\/woocommerce.com\/\" title=\"WordPress WooCommerce\" target=\"_blank\" rel=\"noopener\">WordPress WooCommerce<\/a>. Wir bieten eine vollst\u00e4ndige Konfiguration, Pr\u00fcfung und Kompatibilit\u00e4tspr\u00fcfung, damit Ihr Shop einwandfrei funktioniert. Wir garantieren Sicherheit und die Abwesenheit von Konflikten mit anderen Modulen, auch f\u00fcr fortgeschrittene L\u00f6sungen wie <a href=\"https:\/\/iarina029.supserv.cozmoslabs.com\/de\/product\/woocommerce-erweiterte-rabatte\/\" title=\"Rabatt-Module\">Rabatt-Module<\/a> oder <a href=\"https:\/\/iarina029.supserv.cozmoslabs.com\/de\/product\/prestashop-banner\/\" title=\"PrestaShop-Banner\">PrestaShop-Banner<\/a>. Konzentrieren Sie sich auf die Gesch\u00e4ftsentwicklung und wir k\u00fcmmern uns um den Rest!<br \/><br \/><strong>Was haben Sie davon?<\/strong><br \/>\u2705 Schnelle und fehlerfreie Installation - Ihr Modul ist im Handumdrehen einsatzbereit.<br \/>\u2705 Vollst\u00e4ndige Konfiguration - wir passen die Einstellungen des Moduls an Ihre Bed\u00fcrfnisse an.<br \/>\u2705 Testen und \u00dcberpr\u00fcfen - wir \u00fcberpr\u00fcfen, ob alles so funktioniert, wie es soll.<br \/>\u2705 Sicherheit und Kompatibilit\u00e4t - wir sorgen daf\u00fcr, dass das Modul keine Konflikte in Ihrem Shop verursacht.<br \/><br \/><strong>Wie funktioniert das?<\/strong><br \/>1\ufe0f\u20e3 Sie w\u00e4hlen einen Dienst und senden uns das Modul.<br \/>2\ufe0f\u20e3 Wir installieren es in Ihrem Gesch\u00e4ft.<br \/>3\ufe0f\u20e3 Wir konfigurieren und testen den korrekten Betrieb.<br \/>4\ufe0f\u20e3 Erledigt! Sie k\u00f6nnen Ihre neue Funktionalit\u00e4t ohne Stress genie\u00dfen.\t\t\t\t\t\t\t\t<\/div>\n\t\t\t\t<div class=\"elementor-element elementor-element-051c866 elementor-widget elementor-widget-spacer\" data-id=\"051c866\" data-element_type=\"widget\" data-e-type=\"widget\" data-widget_type=\"spacer.default\">\n\t\t\t\t\t\t\t<div class=\"elementor-spacer\">\n\t\t\t<div class=\"elementor-spacer-inner\"><\/div>\n\t\t<\/div>\n\t\t\t\t\t\t<\/div>\n\t\t<div class=\"elementor-element elementor-element-9457359 e-con-full e-flex e-con e-child\" data-id=\"9457359\" data-element_type=\"container\" data-e-type=\"container\" data-settings=\"{&quot;background_background&quot;:&quot;classic&quot;}\">\n\t\t\t\t<div class=\"elementor-element elementor-element-c19d460 elementor-widget elementor-widget-text-editor\" data-id=\"c19d460\" data-element_type=\"widget\" data-e-type=\"widget\" data-widget_type=\"text-editor.default\">\n\t\t\t\t\t\t\t\t\t<h6 style=\"text-align: center;\">Installieren Sie das Modul ohne Stress! \ud83d\udd27<\/h6><p style=\"text-align: center;\"><strong>Verschwenden Sie keine Zeit<\/strong> \u00fcber technische Details - lassen Sie es <strong>Spezialisten<\/strong>! Wir k\u00fcmmern uns um die Installation des Moduls in Ihrem Shop oder auf Ihrer Website, damit es reibungslos und fehlerfrei funktioniert.<\/p><p style=\"text-align: center;\"><a class=\"button simple\" href=\"https:\/\/iarina029.supserv.cozmoslabs.com\/de\/kontakt\/\" title=\"Nehmen Sie noch heute Kontakt mit uns auf, um die Einzelheiten der Installation zu besprechen!\">Kontaktieren Sie uns noch heute, um die Details der Installation zu besprechen!<\/a><\/p><p style=\"text-align: center;\"><strong>Konzentrieren Sie sich auf Ihr Gesch\u00e4ft und wir k\u00fcmmern uns um den Rest.<\/strong> <br \/>Installieren Sie ein Modul, das die Funktionalit\u00e4t Ihrer Website erh\u00f6ht, ohne unn\u00f6tige Komplikationen!<\/p>\t\t\t\t\t\t\t\t<\/div>\n\t\t\t\t<\/div>\n\t\t\t\t<div class=\"elementor-element elementor-element-c3363be elementor-widget elementor-widget-spacer\" data-id=\"c3363be\" data-element_type=\"widget\" data-e-type=\"widget\" data-widget_type=\"spacer.default\">\n\t\t\t\t\t\t\t<div class=\"elementor-spacer\">\n\t\t\t<div class=\"elementor-spacer-inner\"><\/div>\n\t\t<\/div>\n\t\t\t\t\t\t<\/div>\n\t\t\t\t<div class=\"elementor-element elementor-element-0b263de elementor-widget elementor-widget-text-editor\" data-id=\"0b263de\" data-element_type=\"widget\" data-e-type=\"widget\" data-widget_type=\"text-editor.default\">\n\t\t\t\t\t\t\t\t\t<p>\u26a0\ufe0f HINWEIS: Wenn Sie ein Modul in unserem Shop kaufen, ist der Einbau v\u00f6llig kostenlos! \ud83c\udf89<br \/>Riskieren Sie keine technischen Probleme - \u00fcberlassen Sie die Installation den Profis und konzentrieren Sie sich auf den Ausbau Ihres Gesch\u00e4fts! \ud83d\uded2\ud83d\udcbc<br \/><br \/><strong>\ud83d\udca1 Bestellen Sie jetzt und lassen Sie uns das f\u00fcr Sie erledigen!<\/strong><\/p>\t\t\t\t\t\t\t\t<\/div>\n\t\t\t\t\t<\/div>\n\t\t\t\t<\/div>\n\t\t\t\t<\/div>","protected":false},"excerpt":{"rendered":"Instalacja Modu\u0142u Presta Shop Instalacja Modu\u0142u Word Press Nie tra\u0107 czasu na samodzieln\u0105 konfiguracj\u0119! Profesjonalna instalacja modu\u0142u to idealne rozwi\u0105zanie dla sklep\u00f3w opartych na Presta Shop i Word Press Woo","protected":false},"featured_media":2774,"comment_status":"open","ping_status":"closed","template":"","meta":{"powered_cache_disable_cache":false,"powered_cache_disable_css_optimization":false,"powered_cache_disable_js_optimization":false},"product_brand":[275],"product_cat":[129],"product_tag":[263,264,244,198],"class_list":{"0":"post-2677","1":"product","2":"type-product","3":"status-publish","4":"has-post-thumbnail","6":"product_brand-cocos","7":"product_cat-uslugi","8":"product_tag-instalacja-modulu","9":"product_tag-instalacja-wtyczki","10":"product_tag-prestashop","11":"product_tag-wordpress","13":"first","14":"instock","15":"featured","16":"taxable","17":"shipping-taxable","18":"purchasable","19":"product-type-simple"},"_links":{"self":[{"href":"https:\/\/iarina029.supserv.cozmoslabs.com\/de\/wp-json\/wp\/v2\/product\/2677","targetHints":{"allow":["GET"]}}],"collection":[{"href":"https:\/\/iarina029.supserv.cozmoslabs.com\/de\/wp-json\/wp\/v2\/product"}],"about":[{"href":"https:\/\/iarina029.supserv.cozmoslabs.com\/de\/wp-json\/wp\/v2\/types\/product"}],"replies":[{"embeddable":true,"href":"https:\/\/iarina029.supserv.cozmoslabs.com\/de\/wp-json\/wp\/v2\/comments?post=2677"}],"version-history":[{"count":0,"href":"https:\/\/iarina029.supserv.cozmoslabs.com\/de\/wp-json\/wp\/v2\/product\/2677\/revisions"}],"wp:featuredmedia":[{"embeddable":true,"href":"https:\/\/iarina029.supserv.cozmoslabs.com\/de\/wp-json\/wp\/v2\/media\/2774"}],"wp:attachment":[{"href":"https:\/\/iarina029.supserv.cozmoslabs.com\/de\/wp-json\/wp\/v2\/media?parent=2677"}],"wp:term":[{"taxonomy":"product_brand","embeddable":true,"href":"https:\/\/iarina029.supserv.cozmoslabs.com\/de\/wp-json\/wp\/v2\/product_brand?post=2677"},{"taxonomy":"product_cat","embeddable":true,"href":"https:\/\/iarina029.supserv.cozmoslabs.com\/de\/wp-json\/wp\/v2\/product_cat?post=2677"},{"taxonomy":"product_tag","embeddable":true,"href":"https:\/\/iarina029.supserv.cozmoslabs.com\/de\/wp-json\/wp\/v2\/product_tag?post=2677"}],"curies":[{"name":"wp","href":"https:\/\/api.w.org\/{rel}","templated":true}]}}