{"id":2642,"date":"2025-02-26T16:16:07","date_gmt":"2025-02-26T15:16:07","guid":{"rendered":"https:\/\/cocos.codes\/?post_type=product&#038;p=2642"},"modified":"2026-04-09T19:38:50","modified_gmt":"2026-04-09T17:38:50","slug":"coco-growth-shop","status":"publish","type":"product","link":"https:\/\/iarina029.supserv.cozmoslabs.com\/de\/product\/coco-growth-shop\/","title":{"rendered":"Shop Coco Growth - bringen Sie Ihr Unternehmen auf die n\u00e4chste Stufe \ud83d\udcc8."},"content":{"rendered":"<div data-elementor-type=\"wp-post\" data-elementor-id=\"2642\" class=\"elementor elementor-2642\">\n\t\t\t\t<div class=\"elementor-element elementor-element-6936fb58 e-flex e-con-boxed e-con e-parent\" data-id=\"6936fb58\" data-element_type=\"container\" data-e-type=\"container\">\n\t\t\t\t\t<div class=\"e-con-inner\">\n\t\t\t\t<div class=\"elementor-element elementor-element-27cb2f13 elementor-widget elementor-widget-text-editor\" data-id=\"27cb2f13\" data-element_type=\"widget\" data-e-type=\"widget\" data-widget_type=\"text-editor.default\">\n\t\t\t\t\t\t\t\t\t<h6><strong>Professioneller Online-Shop - entwickeln Sie Ihr Online-Gesch\u00e4ft<br \/><\/strong><\/h6>M\u00f6chten Sie Ihren elektronischen Handel auf die n\u00e4chste Stufe heben? <strong>Professioneller Online Shop<\/strong> ist eine Komplettl\u00f6sung f\u00fcr ambitionierte Unternehmer. Wir bieten einen Shop, der auf <a href=\"https:\/\/woocommerce.com\/\" title=\"WordPress WooCommerce\" target=\"_blank\" rel=\"noopener\">WordPress WooCommerce<\/a> oder <a href=\"https:\/\/www.prestashop.com\/\" title=\"PrestaShop\" target=\"_blank\" rel=\"noopener\">PrestaShop<\/a>mit einer individuellen, fortschrittlichen Grafikvorlage, die auf Ihre Marke zugeschnitten ist. Wir bieten volle Integration von Zahlungen (PayPal, Stripe, Przelewy24) und Kurierversand (DPD, InPost). Das Paket umfasst <a href=\"https:\/\/iarina029.supserv.cozmoslabs.com\/de\/product\/cocos_vps-superschneller-und-leistungsstarker-server-fur-anspruchsvolle-nutzer\/\" title=\"VPS-Server\">VPS-Server<\/a> und 3 COCOS-Module zur Erweiterung der Funktionalit\u00e4t des Shops. Dar\u00fcber hinaus bieten wir 1:1-Beratungen, Online-Marketing-Schulungen und 3 Monate technischen Support. Wir k\u00fcmmern uns um Marketing-Integrationen und SEO-Optimierung, damit Sie sich auf die Steigerung Ihres Umsatzes konzentrieren k\u00f6nnen.<br \/><br \/><h6><strong>Was es enth\u00e4lt:<\/strong><\/h6><ul><li>Einkaufen auf der Plattform Ihrer Wahl (<strong>WordPress<\/strong> z <strong>WooCommerce<\/strong> oder <strong>PrestaShop<\/strong>).<\/li><li><strong>Fortgeschrittene<\/strong> Grafikvorlage (Personalisierung: Farben, Layout, Abschnitte, Integration mit Ihrem Branding).<\/li><li><strong>Integration von Zahlung und Lieferung<\/strong> (f\u00fcr den polnischen Markt: PayPal, Stripe, Przelewy24, Integration mit Kurierdiensten: DPD, InPost; f\u00fcr den globalen Markt: PayPal, Stripe, Integration mit Kurierdiensten: UPS, FedEx).<\/li><li><strong>3 Module<\/strong> von <strong>COCOS.<\/strong> enthalten.<\/li><li>Modul Produktmanagement (f\u00fcr <strong>200 Produkte<\/strong> von uns beim Start hochgeladen).<\/li><li>1:1 Beratung bei der Wahl der Plattform und der Verkaufsstrategie (<strong>1 Stunde<\/strong> mit einem Experten).<\/li><li>Online-Schulung: Grundlagen des Shopmanagements und des Marketings (<strong>2 Stunden<\/strong> mit einem Experten).<\/li><li>Technische Unterst\u00fctzung durch <strong>3 Monate<\/strong> (E-Mail und Telefon, <strong>Priorit\u00e4t<\/strong> \u00c4nderungen).<\/li><li>Server <strong><a href=\"https:\/\/iarina029.supserv.cozmoslabs.com\/de\/product\/cocos_vps-superschneller-und-leistungsstarker-server-fur-anspruchsvolle-nutzer\/\" title=\"VPS-Server\">COCOS_VPS \ud83d\udd17.<\/a> <\/strong>- eine verl\u00e4ssliche Basis f\u00fcr Ihren Online Shop.<\/li><li>Jede <strong>Domain<\/strong> im Preis der Dienstleistung enthalten (z.B. .pl, .com) - Registrierung oder \u00dcbertragung f\u00fcr ein Jahr im Paket enthalten!<\/li><\/ul><br \/><h6><strong>Extras:<\/strong><\/h6><ol><li><div><strong>Integration<\/strong> mit Marketing-Tools (z. B. Google Analytics, Mailchimp, Facebook Pixel).<\/div><\/li><li><div><strong>Automatisch<\/strong> E-Mail-Benachrichtigungen (z. B. Auftragsbest\u00e4tigung, Erinnerung an einen abgebrochenen Einkaufswagen).<\/div><\/li><li><div>Integration mit <strong>Cloudflare<\/strong> (CDN-Konfiguration f\u00fcr schnelleres Laden von Seiten, DDoS-Schutz und Leistungsoptimierung).<\/div><\/li><li><div>Wettbewerberanalyse (Bericht \u00fcber <strong>2<\/strong> ausgew\u00e4hlte Wettbewerber).<\/div><\/li><li><div><strong>Grundlegend<\/strong> SEO-Optimierung (Schl\u00fcsselw\u00f6rter, Meta-Tags, URL-Struktur).<\/div><\/li><li><div>Positionierung durch <strong>3 Monate<\/strong> (Optimierung und SEO-Ma\u00dfnahmen zur Verbesserung der Sichtbarkeit in Suchmaschinen).<\/div><\/li><li><div><strong>Optimierung<\/strong> Ladegeschwindigkeiten<\/div><\/li><li><div><strong>Integration<\/strong> mit einem Verkaufskanal (z.B. Allegro, Etsy oder Facebook Shop).<\/div><\/li><li><div><strong>Grundlegend<\/strong> Google Ads-Kampagne (Einrichtung und Optimierung von Anzeigen mit einem Wert von <strong>100$<\/strong> im Preis inbegriffen).<\/div><\/li><li><div><strong>Empfehlungssystem<\/strong> Produkte auf der Seite (z. B. \"Kunden haben auch gekauft\" - Basisversion auf der Grundlage von Kategorien).<\/div><\/li><li><div><strong>Chatbot<\/strong> f\u00fcr den Kundendienst (eine einfache Version mit fertigen Antworten auf h\u00e4ufige Fragen, z. B. zu Versand oder R\u00fcckgabe).<\/div><\/li><\/ol>\t\t\t\t\t\t\t\t<\/div>\n\t\t\t\t<div class=\"elementor-element elementor-element-1f214e3 elementor-widget elementor-widget-text-editor\" data-id=\"1f214e3\" data-element_type=\"widget\" data-e-type=\"widget\" data-widget_type=\"text-editor.default\">\n\t\t\t\t\t\t\t\t\t<p><div class=\"pls-block pls-block-3027\">\t\t<div data-elementor-type=\"wp-post\" data-elementor-id=\"3027\" class=\"elementor elementor-3027\">\n\t\t\t\t<div class=\"elementor-element elementor-element-0797111 e-flex e-con-boxed e-con e-parent\" data-id=\"0797111\" data-element_type=\"container\" data-e-type=\"container\" data-settings=\"{&quot;background_background&quot;:&quot;classic&quot;}\">\n\t\t\t\t\t<div class=\"e-con-inner\">\n\t\t\t\t<div class=\"elementor-element elementor-element-8c9b906 elementor-widget elementor-widget-text-editor\" data-id=\"8c9b906\" data-element_type=\"widget\" data-e-type=\"widget\" data-widget_type=\"text-editor.default\">\n\t\t\t\t\t\t\t\t\t<h6 style=\"text-align: center;\">Sind Sie bereit, online zu verkaufen? \ud83d\ude80<\/h6><p style=\"text-align: center;\">Verwirklichen Sie Ihr <strong>Tr\u00e4ume<\/strong> \u00fcber Ihren eigenen Online Shop! Ob Sie gerade erst anfangen oder bereits einen <strong>Business<\/strong> - unsere Plattform wird Ihnen helfen, Folgendes zu erreichen <strong>Erfolg<\/strong> online.<\/p><p style=\"text-align: center;\"><a class=\"button simple\" href=\"https:\/\/iarina029.supserv.cozmoslabs.com\/de\/kontakt\/\" title=\"Kontaktieren Sie uns noch heute, um die Details zu besprechen!\">Kontaktieren Sie uns noch heute, um die Details zu besprechen!<\/a><\/p><p style=\"text-align: center;\">Bauen Sie Ihr Gesch\u00e4ft auf einfache Weise auf! Erhalten Sie <strong>professionelles Gesch\u00e4ft<\/strong>das ist <strong>schnell<\/strong>, <strong>sicher<\/strong> und einsatzbereit!<\/p>\t\t\t\t\t\t\t\t<\/div>\n\t\t\t\t\t<\/div>\n\t\t\t\t<\/div>\n\t\t\t\t<\/div>\n\t\t<\/div><\/p>\t\t\t\t\t\t\t\t<\/div>\n\t\t\t\t<div class=\"elementor-element elementor-element-976697c elementor-widget elementor-widget-text-editor\" data-id=\"976697c\" data-element_type=\"widget\" data-e-type=\"widget\" data-widget_type=\"text-editor.default\">\n\t\t\t\t\t\t\t\t\t<p><div class=\"pls-block pls-block-3017\">\t\t<div data-elementor-type=\"wp-post\" data-elementor-id=\"3017\" class=\"elementor elementor-3017\">\n\t\t\t\t<div class=\"elementor-element elementor-element-e354b0c e-con-full e-flex e-con e-parent\" data-id=\"e354b0c\" data-element_type=\"container\" data-e-type=\"container\">\n\t\t<div class=\"elementor-element elementor-element-04f7f32 e-con-full e-flex e-con e-child\" data-id=\"04f7f32\" data-element_type=\"container\" data-e-type=\"container\">\n\t\t\t\t<div class=\"elementor-element elementor-element-69b4e93 elementor-widget elementor-widget-heading\" data-id=\"69b4e93\" data-element_type=\"widget\" data-e-type=\"widget\" data-widget_type=\"heading.default\">\n\t\t\t\t\t<h6 class=\"elementor-heading-title elementor-size-default\">Durchf\u00fchrungsphasen:<\/h6>\t\t\t\t<\/div>\n\t\t\t\t<div class=\"elementor-element elementor-element-3458f08 elementor-widget elementor-widget-text-editor\" data-id=\"3458f08\" data-element_type=\"widget\" data-e-type=\"widget\" data-widget_type=\"text-editor.default\">\n\t\t\t\t\t\t\t\t\tDank unserer langj\u00e4hrigen Erfahrung auf dem Online-Marktplatz haben wir einen Prozess entwickelt, der eine reibungslose, sichere und effiziente Umsetzung Ihres Projekts gew\u00e4hrleistet. Jeder Schritt wird genau abgestimmt, damit Sie sich entspannt zur\u00fccklehnen k\u00f6nnen und Ihre Vision Wirklichkeit wird.\t\t\t\t\t\t\t\t<\/div>\n\t\t\t\t<\/div>\n\t\t\t\t<\/div>\n\t\t<div class=\"elementor-element elementor-element-2d1d6f1 e-con-full e-flex e-con e-parent\" data-id=\"2d1d6f1\" data-element_type=\"container\" data-e-type=\"container\">\n\t\t<div class=\"elementor-element elementor-element-191de34 e-con-full e-flex e-con e-child\" data-id=\"191de34\" data-element_type=\"container\" data-e-type=\"container\">\n\t\t\t\t<div class=\"elementor-element elementor-element-1a92225 elementor-widget elementor-widget-heading\" data-id=\"1a92225\" data-element_type=\"widget\" data-e-type=\"widget\" data-widget_type=\"heading.default\">\n\t\t\t\t\t<h5 class=\"elementor-heading-title elementor-size-default\">Stufe 1 \ud83d\udccb. <\/h5>\t\t\t\t<\/div>\n\t\t\t\t<div class=\"elementor-element elementor-element-0fbc5c1 elementor-widget elementor-widget-heading\" data-id=\"0fbc5c1\" data-element_type=\"widget\" data-e-type=\"widget\" data-widget_type=\"heading.default\">\n\t\t\t\t\t<h6 class=\"elementor-heading-title elementor-size-default\">Verstehen Ihrer Bed\u00fcrfnisse<\/h6>\t\t\t\t<\/div>\n\t\t\t\t<div class=\"elementor-element elementor-element-eae8a3f elementor-widget elementor-widget-text-editor\" data-id=\"eae8a3f\" data-element_type=\"widget\" data-e-type=\"widget\" data-widget_type=\"text-editor.default\">\n\t\t\t\t\t\t\t\t\tZu Beginn senden wir Ihnen <strong>engagiert<\/strong> Formular, das die Erfassung aller <strong>Schl\u00fcssel<\/strong> Informationen \u00fcber Ihr Projekt. All dies geschieht, um von Anfang an die notwendigen Daten zu sammeln und die volle Kontrolle \u00fcber das Projekt zu haben. <strong>jede Einzelheit<\/strong>.\t\t\t\t\t\t\t\t<\/div>\n\t\t\t\t<\/div>\n\t\t<div class=\"elementor-element elementor-element-7055cf2 e-con-full e-flex e-con e-child\" data-id=\"7055cf2\" data-element_type=\"container\" data-e-type=\"container\">\n\t\t\t\t<div class=\"elementor-element elementor-element-fb4d28c elementor-widget elementor-widget-heading\" data-id=\"fb4d28c\" data-element_type=\"widget\" data-e-type=\"widget\" data-widget_type=\"heading.default\">\n\t\t\t\t\t<h5 class=\"elementor-heading-title elementor-size-default\">Stufe 2 \u270d\ufe0f<\/h5>\t\t\t\t<\/div>\n\t\t\t\t<div class=\"elementor-element elementor-element-c277da9 elementor-widget elementor-widget-heading\" data-id=\"c277da9\" data-element_type=\"widget\" data-e-type=\"widget\" data-widget_type=\"heading.default\">\n\t\t\t\t\t<h6 class=\"elementor-heading-title elementor-size-default\">Transparente Formalit\u00e4ten<\/h6>\t\t\t\t<\/div>\n\t\t\t\t<div class=\"elementor-element elementor-element-ba5a1b0 elementor-widget__width-initial elementor-widget elementor-widget-text-editor\" data-id=\"ba5a1b0\" data-element_type=\"widget\" data-e-type=\"widget\" data-widget_type=\"text-editor.default\">\n\t\t\t\t\t\t\t\t\t<p data-start=\"630\" data-end=\"883\">Wir werden daf\u00fcr sorgen, dass die Formalit\u00e4ten <strong>einfach<\/strong> i <strong>klar<\/strong>. Wir bereiten den Vertrag vor und stellen eine Vorausrechnung f\u00fcr die <strong>30%<\/strong> Wert des Projekts, so dass wir uns voll und ganz auf die Umsetzung konzentrieren k\u00f6nnen, in der Gewissheit, dass beide Parteien <strong>bereit<\/strong> zum Handeln.<\/p>\t\t\t\t\t\t\t\t<\/div>\n\t\t\t\t<\/div>\n\t\t<div class=\"elementor-element elementor-element-0946d8e e-con-full e-flex e-con e-child\" data-id=\"0946d8e\" data-element_type=\"container\" data-e-type=\"container\">\n\t\t\t\t<div class=\"elementor-element elementor-element-520a4bc elementor-widget elementor-widget-heading\" data-id=\"520a4bc\" data-element_type=\"widget\" data-e-type=\"widget\" data-widget_type=\"heading.default\">\n\t\t\t\t\t<h5 class=\"elementor-heading-title elementor-size-default\">Stufe 3 <strong>\ud83c\udfa8<\/strong><\/h5>\t\t\t\t<\/div>\n\t\t\t\t<div class=\"elementor-element elementor-element-98f8e78 elementor-widget elementor-widget-heading\" data-id=\"98f8e78\" data-element_type=\"widget\" data-e-type=\"widget\" data-widget_type=\"heading.default\">\n\t\t\t\t\t<h6 class=\"elementor-heading-title elementor-size-default\"><div data-id=\"616e8fc\" data-element_type=\"widget\" data-widget_type=\"heading.default\" style=\"--order: initial;--align-self: initial;gap: var(--row-gap) var(--column-gap);--widgets-spacing: 20px 20px;--widgets-spacing-row: 20px;--widgets-spacing-column: 20px;--kit-widget-spacing: 0px;max-width: 100%;font-size: 18px;font-weight: 400;text-transform: none\"><div style=\"height: 60px\"><h6>Erstellung und Umsetzung<span><\/span><\/h6><\/div><\/div><\/h6>\t\t\t\t<\/div>\n\t\t\t\t<div class=\"elementor-element elementor-element-23cb1bd elementor-widget elementor-widget-text-editor\" data-id=\"23cb1bd\" data-element_type=\"widget\" data-e-type=\"widget\" data-widget_type=\"text-editor.default\">\n\t\t\t\t\t\t\t\t\tJetzt beginnt die eigentliche <strong>Magie<\/strong>! Unser <strong>Designer<\/strong> i <strong>Programmierer<\/strong> Ihr Projekt wie vereinbart erstellen. Jede <strong>Detail<\/strong>jede Code-Zeile, jedes Bild - alles ist an den <strong>Ihre Erwartungen<\/strong>um eine L\u00f6sung zu schaffen, die sowohl funktional als auch <strong>einzigartig<\/strong>.\t\t\t\t\t\t\t\t<\/div>\n\t\t\t\t<\/div>\n\t\t<div class=\"elementor-element elementor-element-8dbf386 e-con-full e-flex e-con e-child\" data-id=\"8dbf386\" data-element_type=\"container\" data-e-type=\"container\">\n\t\t\t\t<div class=\"elementor-element elementor-element-0cfd314 elementor-widget elementor-widget-heading\" data-id=\"0cfd314\" data-element_type=\"widget\" data-e-type=\"widget\" data-widget_type=\"heading.default\">\n\t\t\t\t\t<h5 class=\"elementor-heading-title elementor-size-default\">Stufe 4 <strong>\u2705<\/strong><\/h5>\t\t\t\t<\/div>\n\t\t\t\t<div class=\"elementor-element elementor-element-371b916 elementor-widget elementor-widget-heading\" data-id=\"371b916\" data-element_type=\"widget\" data-e-type=\"widget\" data-widget_type=\"heading.default\">\n\t\t\t\t\t<h6 class=\"elementor-heading-title elementor-size-default\">Fertigstellung und Abnahme des Projekts<\/h6>\t\t\t\t<\/div>\n\t\t\t\t<div class=\"elementor-element elementor-element-a350a73 elementor-widget elementor-widget-text-editor\" data-id=\"a350a73\" data-element_type=\"widget\" data-e-type=\"widget\" data-widget_type=\"text-editor.default\">\n\t\t\t\t\t\t\t\t\tDer letzte Schritt besteht darin, den Entwurf zu verfeinern, um <strong>Perfektion<\/strong>. Wir nehmen Anpassungen vor, f\u00fchren <strong>Tests<\/strong> und alle technischen und formalen Fragen zu kl\u00e4ren, einschlie\u00dflich der Begleichung der Schlussrechnung und <strong>detailliert<\/strong> die Kontrolle der Durchf\u00fchrung des Projekts, damit es vollst\u00e4ndig <strong>einsatzbereit<\/strong>.\t\t\t\t\t\t\t\t<\/div>\n\t\t\t\t<\/div>\n\t\t\t\t<\/div>\n\t\t\t\t<\/div>\n\t\t<\/div><\/p>\t\t\t\t\t\t\t\t<\/div>\n\t\t\t\t<div class=\"elementor-element elementor-element-6cdfd5e elementor-widget elementor-widget-text-editor\" data-id=\"6cdfd5e\" data-element_type=\"widget\" data-e-type=\"widget\" data-widget_type=\"text-editor.default\">\n\t\t\t\t\t\t\t\t\t<p><strong>Achtung<\/strong>: Das vorgestellte Paket ist nur ein Ausgangspunkt. <strong>verifiziert<\/strong>, <strong>meist<\/strong> die gew\u00e4hlten Optionen, die sich im Laufe der Jahre bew\u00e4hrt haben <strong>Vertrauen<\/strong> unserer Kunden. Doch Ihr Projekt verdient mehr als den Standard! Deshalb \u00f6ffnen wir die T\u00fcr f\u00fcr individuelle Gespr\u00e4che - Spezifikation und Preis? Wir werden sie auf Ihre einzigartigen Bed\u00fcrfnisse zuschneiden.<br \/>\ud83d\udca1Jedes Unternehmen hat eine Geschichte, und wir erstellen gerne Angebote mit <strong>Zeichen<\/strong>. <strong><a href=\"https:\/\/iarina029.supserv.cozmoslabs.com\/de\/kontakt\/\" title=\"Kontaktieren Sie uns noch heute, um die Details zu besprechen!\">Kontakt <\/a><a href=\"https:\/\/iarina029.supserv.cozmoslabs.com\/de\/product\/cocos_vps-superschneller-und-leistungsstarker-server-fur-anspruchsvolle-nutzer\/\" title=\"VPS-Server\">\ud83d\udd17<\/a><\/strong>und gemeinsam werden wir eine L\u00f6sung finden, die nicht nur Ihre Erwartungen erf\u00fcllt, sondern Sie auch auf dem Markt hervorhebt. Lassen Sie uns \u00fcber die endg\u00fcltigen Kosten Ihres Online-Shops und die Optionen sprechen, die es Ihnen erm\u00f6glichen, zu gewinnen <strong>Vorteil<\/strong>!<\/p>\t\t\t\t\t\t\t\t<\/div>\n\t\t\t\t\t<\/div>\n\t\t\t\t<\/div>\n\t\t\t\t<\/div>","protected":false},"excerpt":{"rendered":"Profesjonalny sklep internetowy \u2013 rozwi\u0144 sw\u00f3j biznes online Chcesz przenie\u015b\u0107 sw\u00f3j e-commerce na wy\u017cszy poziom? Profesjonalny sklep internetowy to kompleksowe rozwi\u0105zanie dla ambitnych przedsi\u0119biorc\u00f3w. Oferujemy sklep oparty na Word Press","protected":false},"featured_media":3286,"comment_status":"open","ping_status":"closed","template":"","meta":{"powered_cache_disable_cache":false,"powered_cache_disable_css_optimization":false,"powered_cache_disable_js_optimization":false},"product_brand":[275],"product_cat":[130],"product_tag":[244,266,198],"class_list":{"0":"post-2642","1":"product","2":"type-product","3":"status-publish","4":"has-post-thumbnail","6":"product_brand-cocos","7":"product_cat-indywidualne-sklepy","8":"product_tag-prestashop","9":"product_tag-profesjonalny-sklep-internetowy","10":"product_tag-wordpress","12":"first","13":"instock","14":"sale","15":"featured","16":"taxable","17":"shipping-taxable","18":"purchasable","19":"product-type-simple"},"_links":{"self":[{"href":"https:\/\/iarina029.supserv.cozmoslabs.com\/de\/wp-json\/wp\/v2\/product\/2642","targetHints":{"allow":["GET"]}}],"collection":[{"href":"https:\/\/iarina029.supserv.cozmoslabs.com\/de\/wp-json\/wp\/v2\/product"}],"about":[{"href":"https:\/\/iarina029.supserv.cozmoslabs.com\/de\/wp-json\/wp\/v2\/types\/product"}],"replies":[{"embeddable":true,"href":"https:\/\/iarina029.supserv.cozmoslabs.com\/de\/wp-json\/wp\/v2\/comments?post=2642"}],"version-history":[{"count":0,"href":"https:\/\/iarina029.supserv.cozmoslabs.com\/de\/wp-json\/wp\/v2\/product\/2642\/revisions"}],"wp:featuredmedia":[{"embeddable":true,"href":"https:\/\/iarina029.supserv.cozmoslabs.com\/de\/wp-json\/wp\/v2\/media\/3286"}],"wp:attachment":[{"href":"https:\/\/iarina029.supserv.cozmoslabs.com\/de\/wp-json\/wp\/v2\/media?parent=2642"}],"wp:term":[{"taxonomy":"product_brand","embeddable":true,"href":"https:\/\/iarina029.supserv.cozmoslabs.com\/de\/wp-json\/wp\/v2\/product_brand?post=2642"},{"taxonomy":"product_cat","embeddable":true,"href":"https:\/\/iarina029.supserv.cozmoslabs.com\/de\/wp-json\/wp\/v2\/product_cat?post=2642"},{"taxonomy":"product_tag","embeddable":true,"href":"https:\/\/iarina029.supserv.cozmoslabs.com\/de\/wp-json\/wp\/v2\/product_tag?post=2642"}],"curies":[{"name":"wp","href":"https:\/\/api.w.org\/{rel}","templated":true}]}}