{"id":2640,"date":"2025-02-26T16:11:32","date_gmt":"2025-02-26T15:11:32","guid":{"rendered":"https:\/\/cocos.codes\/?post_type=product&#038;p=2640"},"modified":"2025-12-12T00:09:10","modified_gmt":"2025-12-11T23:09:10","slug":"coco-base-shop","status":"publish","type":"product","link":"https:\/\/iarina029.supserv.cozmoslabs.com\/de\/product\/coco-base-shop\/","title":{"rendered":"Coco Base Shop - Ihre Eintrittskarte in die Welt des E-Commerce \ud83c\udf9f\ufe0f"},"content":{"rendered":"<div data-elementor-type=\"wp-post\" data-elementor-id=\"2640\" class=\"elementor elementor-2640\">\n\t\t\t\t<div class=\"elementor-element elementor-element-384c65c7 e-flex e-con-boxed e-con e-parent\" data-id=\"384c65c7\" data-element_type=\"container\" data-e-type=\"container\">\n\t\t\t\t\t<div class=\"e-con-inner\">\n\t\t\t\t<div class=\"elementor-element elementor-element-5bba214a elementor-widget elementor-widget-text-editor\" data-id=\"5bba214a\" data-element_type=\"widget\" data-e-type=\"widget\" data-widget_type=\"text-editor.default\">\n\t\t\t\t\t\t\t\t\t<h6><strong>Online-Shop zum Einstieg - Ihr erster Schritt in den E-Commerce<br \/><\/strong><\/h6>Sie m\u00f6chten mit dem Online-Verkauf beginnen, wissen aber nicht, wo Sie anfangen sollen? <strong>Online Shop f\u00fcr den Einstieg<\/strong> ist eine Komplettl\u00f6sung f\u00fcr Start-up-Unternehmer. Wir bieten einen vorgefertigten Shop auf Basis von <a href=\"https:\/\/woocommerce.com\/\" title=\"WordPress WooCommerce\" target=\"_blank\" rel=\"noopener\">WordPress WooCommerce<\/a> oder <a href=\"https:\/\/www.prestashop.com\/\" title=\"PrestaShop\" target=\"_blank\" rel=\"noopener\">PrestaShop<\/a>mit einer responsiven Vorlage und einer grundlegenden Farbpersonalisierung. Wir bieten volle Zahlungsintegration (PayPal, Przelewy24, Blik) und laden bis zu 50 Produkte durch unsere Spezialisten. Der Preis beinhaltet <a href=\"https:\/\/iarina029.supserv.cozmoslabs.com\/de\/product\/cocos_vps-superschneller-und-leistungsstarker-server-fur-anspruchsvolle-nutzer\/\" title=\"VPS-Server\">VPS-Server<\/a>1 COCOS-Modul, 1:1-Beratung mit einem Experten und Online-Shop-Training. F\u00fcr den ersten Monat garantieren wir technischen Support, damit Sie sich auf den Verkauf konzentrieren k\u00f6nnen und wir uns um den Rest k\u00fcmmern.<br \/><br \/><h6><strong>Was es enth\u00e4lt:<\/strong><\/h6><ul><li>Einkaufen auf der Plattform Ihrer Wahl (<strong>WordPress <\/strong>z<strong> WooCommerce<\/strong> oder <strong>PrestaShop<\/strong>).<\/li><li><strong>Ansprechbar<\/strong> Grafikvorlage (modernes Design, Grundfarbe und Personalisierung des Logos).<\/li><li><strong>Integration von Online-Zahlungen<\/strong> (f\u00fcr den polnischen Markt: PayPal, Bank\u00fcberweisungen, schnelle Zahlungen wie Przelewy24, Blik; f\u00fcr den globalen Markt: PayPal, Bank\u00fcberweisungen, Stripe).<\/li><li><strong>1 Modul<\/strong> von <strong>COCOS.<\/strong> enthalten.<\/li><li>Modul Produktmanagement (f\u00fcr <strong>50 Produkte<\/strong> von uns beim Start hochgeladen).<\/li><li>1:1 Beratung bei der Auswahl und Konfiguration der Plattform (<strong>30 Minuten<\/strong> mit einem Experten).<\/li><li>Online-Schulung: Shop-Grundlagen (<strong>1 Stunde<\/strong>).<\/li><li>Technische Unterst\u00fctzung durch <strong>1 Monat<\/strong> (E-Mail, grundlegende \u00c4nderungen).<\/li><li>Server <strong><a href=\"https:\/\/iarina029.supserv.cozmoslabs.com\/de\/product\/cocos_vps-superschneller-und-leistungsstarker-server-fur-anspruchsvolle-nutzer\/\" title=\"VPS-Server\">COCOS_VPS \ud83d\udd17.<\/a><\/strong> - <strong>zuverl\u00e4ssig<\/strong> die Basis f\u00fcr Ihren Online-Shop.<\/li><li>Jede <strong>Domain<\/strong> im Preis der Dienstleistung enthalten (z.B. .pl, .com) - Registrierung oder \u00dcbertragung f\u00fcr ein Jahr im Paket enthalten!<\/li><\/ul><br \/><h6><strong>Extras:<\/strong><\/h6><ol><li><div><strong>Integration<\/strong> mit Marketing-Tools (z. B. Google Analytics, Mailchimp, Facebook Pixel).<\/div><\/li><li><div><strong>Automatisch<\/strong> E-Mail-Benachrichtigungen (z. B. Bestellbest\u00e4tigung, Erinnerung an einen abgebrochenen Warenkorb - Basisversion).<\/div><\/li><\/ol>\t\t\t\t\t\t\t\t<\/div>\n\t\t\t\t<div class=\"elementor-element elementor-element-6771fff elementor-widget elementor-widget-text-editor\" data-id=\"6771fff\" data-element_type=\"widget\" data-e-type=\"widget\" data-widget_type=\"text-editor.default\">\n\t\t\t\t\t\t\t\t\t<p><div class=\"pls-block pls-block-3027\">\t\t<div data-elementor-type=\"wp-post\" data-elementor-id=\"3027\" class=\"elementor elementor-3027\">\n\t\t\t\t<div class=\"elementor-element elementor-element-0797111 e-flex e-con-boxed e-con e-parent\" data-id=\"0797111\" data-element_type=\"container\" data-e-type=\"container\" data-settings=\"{&quot;background_background&quot;:&quot;classic&quot;}\">\n\t\t\t\t\t<div class=\"e-con-inner\">\n\t\t\t\t<div class=\"elementor-element elementor-element-8c9b906 elementor-widget elementor-widget-text-editor\" data-id=\"8c9b906\" data-element_type=\"widget\" data-e-type=\"widget\" data-widget_type=\"text-editor.default\">\n\t\t\t\t\t\t\t\t\t<h6 style=\"text-align: center;\">Sind Sie bereit, online zu verkaufen? \ud83d\ude80<\/h6><p style=\"text-align: center;\">Verwirklichen Sie Ihr <strong>Tr\u00e4ume<\/strong> \u00fcber Ihren eigenen Online Shop! Ob Sie gerade erst anfangen oder bereits einen <strong>Business<\/strong> - unsere Plattform wird Ihnen helfen, Folgendes zu erreichen <strong>Erfolg<\/strong> online.<\/p><p style=\"text-align: center;\"><a class=\"button simple\" href=\"https:\/\/iarina029.supserv.cozmoslabs.com\/de\/kontakt\/\" title=\"Kontaktieren Sie uns noch heute, um die Details zu besprechen!\">Kontaktieren Sie uns noch heute, um die Details zu besprechen!<\/a><\/p><p style=\"text-align: center;\">Bauen Sie Ihr Gesch\u00e4ft auf einfache Weise auf! Erhalten Sie <strong>professionelles Gesch\u00e4ft<\/strong>das ist <strong>schnell<\/strong>, <strong>sicher<\/strong> und einsatzbereit!<\/p>\t\t\t\t\t\t\t\t<\/div>\n\t\t\t\t\t<\/div>\n\t\t\t\t<\/div>\n\t\t\t\t<\/div>\n\t\t<\/div><\/p>\t\t\t\t\t\t\t\t<\/div>\n\t\t\t\t<div class=\"elementor-element elementor-element-fe74d4d elementor-widget elementor-widget-text-editor\" data-id=\"fe74d4d\" data-element_type=\"widget\" data-e-type=\"widget\" data-widget_type=\"text-editor.default\">\n\t\t\t\t\t\t\t\t\t<p><div class=\"pls-block pls-block-3017\">\t\t<div data-elementor-type=\"wp-post\" data-elementor-id=\"3017\" class=\"elementor elementor-3017\">\n\t\t\t\t<div class=\"elementor-element elementor-element-e354b0c e-con-full e-flex e-con e-parent\" data-id=\"e354b0c\" data-element_type=\"container\" data-e-type=\"container\">\n\t\t<div class=\"elementor-element elementor-element-04f7f32 e-con-full e-flex e-con e-child\" data-id=\"04f7f32\" data-element_type=\"container\" data-e-type=\"container\">\n\t\t\t\t<div class=\"elementor-element elementor-element-69b4e93 elementor-widget elementor-widget-heading\" data-id=\"69b4e93\" data-element_type=\"widget\" data-e-type=\"widget\" data-widget_type=\"heading.default\">\n\t\t\t\t\t<h6 class=\"elementor-heading-title elementor-size-default\">Durchf\u00fchrungsphasen:<\/h6>\t\t\t\t<\/div>\n\t\t\t\t<div class=\"elementor-element elementor-element-3458f08 elementor-widget elementor-widget-text-editor\" data-id=\"3458f08\" data-element_type=\"widget\" data-e-type=\"widget\" data-widget_type=\"text-editor.default\">\n\t\t\t\t\t\t\t\t\tDank unserer langj\u00e4hrigen Erfahrung auf dem Online-Marktplatz haben wir einen Prozess entwickelt, der eine reibungslose, sichere und effiziente Umsetzung Ihres Projekts gew\u00e4hrleistet. Jeder Schritt wird genau abgestimmt, damit Sie sich entspannt zur\u00fccklehnen k\u00f6nnen und Ihre Vision Wirklichkeit wird.\t\t\t\t\t\t\t\t<\/div>\n\t\t\t\t<\/div>\n\t\t\t\t<\/div>\n\t\t<div class=\"elementor-element elementor-element-2d1d6f1 e-con-full e-flex e-con e-parent\" data-id=\"2d1d6f1\" data-element_type=\"container\" data-e-type=\"container\">\n\t\t<div class=\"elementor-element elementor-element-191de34 e-con-full e-flex e-con e-child\" data-id=\"191de34\" data-element_type=\"container\" data-e-type=\"container\">\n\t\t\t\t<div class=\"elementor-element elementor-element-1a92225 elementor-widget elementor-widget-heading\" data-id=\"1a92225\" data-element_type=\"widget\" data-e-type=\"widget\" data-widget_type=\"heading.default\">\n\t\t\t\t\t<h5 class=\"elementor-heading-title elementor-size-default\">Stufe 1 \ud83d\udccb. <\/h5>\t\t\t\t<\/div>\n\t\t\t\t<div class=\"elementor-element elementor-element-0fbc5c1 elementor-widget elementor-widget-heading\" data-id=\"0fbc5c1\" data-element_type=\"widget\" data-e-type=\"widget\" data-widget_type=\"heading.default\">\n\t\t\t\t\t<h6 class=\"elementor-heading-title elementor-size-default\">Verstehen Ihrer Bed\u00fcrfnisse<\/h6>\t\t\t\t<\/div>\n\t\t\t\t<div class=\"elementor-element elementor-element-eae8a3f elementor-widget elementor-widget-text-editor\" data-id=\"eae8a3f\" data-element_type=\"widget\" data-e-type=\"widget\" data-widget_type=\"text-editor.default\">\n\t\t\t\t\t\t\t\t\tZu Beginn senden wir Ihnen <strong>engagiert<\/strong> Formular, das die Erfassung aller <strong>Schl\u00fcssel<\/strong> Informationen \u00fcber Ihr Projekt. All dies geschieht, um von Anfang an die notwendigen Daten zu sammeln und die volle Kontrolle \u00fcber das Projekt zu haben. <strong>jede Einzelheit<\/strong>.\t\t\t\t\t\t\t\t<\/div>\n\t\t\t\t<\/div>\n\t\t<div class=\"elementor-element elementor-element-7055cf2 e-con-full e-flex e-con e-child\" data-id=\"7055cf2\" data-element_type=\"container\" data-e-type=\"container\">\n\t\t\t\t<div class=\"elementor-element elementor-element-fb4d28c elementor-widget elementor-widget-heading\" data-id=\"fb4d28c\" data-element_type=\"widget\" data-e-type=\"widget\" data-widget_type=\"heading.default\">\n\t\t\t\t\t<h5 class=\"elementor-heading-title elementor-size-default\">Stufe 2 \u270d\ufe0f<\/h5>\t\t\t\t<\/div>\n\t\t\t\t<div class=\"elementor-element elementor-element-c277da9 elementor-widget elementor-widget-heading\" data-id=\"c277da9\" data-element_type=\"widget\" data-e-type=\"widget\" data-widget_type=\"heading.default\">\n\t\t\t\t\t<h6 class=\"elementor-heading-title elementor-size-default\">Transparente Formalit\u00e4ten<\/h6>\t\t\t\t<\/div>\n\t\t\t\t<div class=\"elementor-element elementor-element-ba5a1b0 elementor-widget__width-initial elementor-widget elementor-widget-text-editor\" data-id=\"ba5a1b0\" data-element_type=\"widget\" data-e-type=\"widget\" data-widget_type=\"text-editor.default\">\n\t\t\t\t\t\t\t\t\t<p data-start=\"630\" data-end=\"883\">Wir werden daf\u00fcr sorgen, dass die Formalit\u00e4ten <strong>einfach<\/strong> i <strong>klar<\/strong>. Wir bereiten den Vertrag vor und stellen eine Vorausrechnung f\u00fcr die <strong>30%<\/strong> Wert des Projekts, so dass wir uns voll und ganz auf die Umsetzung konzentrieren k\u00f6nnen, in der Gewissheit, dass beide Parteien <strong>bereit<\/strong> zum Handeln.<\/p>\t\t\t\t\t\t\t\t<\/div>\n\t\t\t\t<\/div>\n\t\t<div class=\"elementor-element elementor-element-0946d8e e-con-full e-flex e-con e-child\" data-id=\"0946d8e\" data-element_type=\"container\" data-e-type=\"container\">\n\t\t\t\t<div class=\"elementor-element elementor-element-520a4bc elementor-widget elementor-widget-heading\" data-id=\"520a4bc\" data-element_type=\"widget\" data-e-type=\"widget\" data-widget_type=\"heading.default\">\n\t\t\t\t\t<h5 class=\"elementor-heading-title elementor-size-default\">Stufe 3 <strong>\ud83c\udfa8<\/strong><\/h5>\t\t\t\t<\/div>\n\t\t\t\t<div class=\"elementor-element elementor-element-98f8e78 elementor-widget elementor-widget-heading\" data-id=\"98f8e78\" data-element_type=\"widget\" data-e-type=\"widget\" data-widget_type=\"heading.default\">\n\t\t\t\t\t<h6 class=\"elementor-heading-title elementor-size-default\"><div data-id=\"616e8fc\" data-element_type=\"widget\" data-widget_type=\"heading.default\" style=\"--order: initial;--align-self: initial;gap: var(--row-gap) var(--column-gap);--widgets-spacing: 20px 20px;--widgets-spacing-row: 20px;--widgets-spacing-column: 20px;--kit-widget-spacing: 0px;max-width: 100%;font-size: 18px;font-weight: 400;text-transform: none\"><div style=\"height: 60px\"><h6>Erstellung und Umsetzung<span><\/span><\/h6><\/div><\/div><\/h6>\t\t\t\t<\/div>\n\t\t\t\t<div class=\"elementor-element elementor-element-23cb1bd elementor-widget elementor-widget-text-editor\" data-id=\"23cb1bd\" data-element_type=\"widget\" data-e-type=\"widget\" data-widget_type=\"text-editor.default\">\n\t\t\t\t\t\t\t\t\tJetzt beginnt die eigentliche <strong>Magie<\/strong>! Unser <strong>Designer<\/strong> i <strong>Programmierer<\/strong> Ihr Projekt wie vereinbart erstellen. Jede <strong>Detail<\/strong>jede Code-Zeile, jedes Bild - alles ist an den <strong>Ihre Erwartungen<\/strong>um eine L\u00f6sung zu schaffen, die sowohl funktional als auch <strong>einzigartig<\/strong>.\t\t\t\t\t\t\t\t<\/div>\n\t\t\t\t<\/div>\n\t\t<div class=\"elementor-element elementor-element-8dbf386 e-con-full e-flex e-con e-child\" data-id=\"8dbf386\" data-element_type=\"container\" data-e-type=\"container\">\n\t\t\t\t<div class=\"elementor-element elementor-element-0cfd314 elementor-widget elementor-widget-heading\" data-id=\"0cfd314\" data-element_type=\"widget\" data-e-type=\"widget\" data-widget_type=\"heading.default\">\n\t\t\t\t\t<h5 class=\"elementor-heading-title elementor-size-default\">Stufe 4 <strong>\u2705<\/strong><\/h5>\t\t\t\t<\/div>\n\t\t\t\t<div class=\"elementor-element elementor-element-371b916 elementor-widget elementor-widget-heading\" data-id=\"371b916\" data-element_type=\"widget\" data-e-type=\"widget\" data-widget_type=\"heading.default\">\n\t\t\t\t\t<h6 class=\"elementor-heading-title elementor-size-default\">Fertigstellung und Abnahme des Projekts<\/h6>\t\t\t\t<\/div>\n\t\t\t\t<div class=\"elementor-element elementor-element-a350a73 elementor-widget elementor-widget-text-editor\" data-id=\"a350a73\" data-element_type=\"widget\" data-e-type=\"widget\" data-widget_type=\"text-editor.default\">\n\t\t\t\t\t\t\t\t\tDer letzte Schritt besteht darin, den Entwurf zu verfeinern, um <strong>Perfektion<\/strong>. Wir nehmen Anpassungen vor, f\u00fchren <strong>Tests<\/strong> und alle technischen und formalen Fragen zu kl\u00e4ren, einschlie\u00dflich der Begleichung der Schlussrechnung und <strong>detailliert<\/strong> die Kontrolle der Durchf\u00fchrung des Projekts, damit es vollst\u00e4ndig <strong>einsatzbereit<\/strong>.\t\t\t\t\t\t\t\t<\/div>\n\t\t\t\t<\/div>\n\t\t\t\t<\/div>\n\t\t\t\t<\/div>\n\t\t<\/div><\/p>\t\t\t\t\t\t\t\t<\/div>\n\t\t\t\t<div class=\"elementor-element elementor-element-fee010f elementor-widget elementor-widget-text-editor\" data-id=\"fee010f\" data-element_type=\"widget\" data-e-type=\"widget\" data-widget_type=\"text-editor.default\">\n\t\t\t\t\t\t\t\t\t<p><strong>Achtung<\/strong>: Das vorgestellte Paket ist nur ein Ausgangspunkt. <strong>verifiziert<\/strong>, <strong>meist<\/strong> die gew\u00e4hlten Optionen, die sich im Laufe der Jahre bew\u00e4hrt haben <strong>Vertrauen<\/strong> unserer Kunden. Doch Ihr Projekt verdient mehr als den Standard! Deshalb \u00f6ffnen wir die T\u00fcr f\u00fcr individuelle Gespr\u00e4che - Spezifikation und Preis? Wir werden sie auf Ihre einzigartigen Bed\u00fcrfnisse zuschneiden.<br \/>\ud83d\udca1Jedes Unternehmen hat eine Geschichte, und wir erstellen gerne Angebote mit <strong>Zeichen<\/strong>. <strong><a href=\"https:\/\/iarina029.supserv.cozmoslabs.com\/de\/kontakt\/\" title=\"Kontaktieren Sie uns noch heute, um die Details zu besprechen!\">Kontakt <\/a><a href=\"https:\/\/iarina029.supserv.cozmoslabs.com\/de\/product\/cocos_vps-superschneller-und-leistungsstarker-server-fur-anspruchsvolle-nutzer\/\" title=\"VPS-Server\">\ud83d\udd17<\/a><\/strong>und gemeinsam werden wir eine L\u00f6sung finden, die nicht nur Ihre Erwartungen erf\u00fcllt, sondern Sie auch auf dem Markt hervorhebt. Lassen Sie uns \u00fcber die endg\u00fcltigen Kosten Ihres Online-Shops und die Optionen sprechen, die es Ihnen erm\u00f6glichen, zu gewinnen <strong>Vorteil<\/strong>!<\/p>\t\t\t\t\t\t\t\t<\/div>\n\t\t\t\t\t<\/div>\n\t\t\t\t<\/div>\n\t\t\t\t<\/div>","protected":false},"excerpt":{"rendered":"Sklep internetowy na start \u2013 Tw\u00f3j pierwszy krok w e-commerce Chcesz rozpocz\u0105\u0107 sprzeda\u017c online, ale nie wiesz, od czego zacz\u0105\u0107? Sklep internetowy na start to kompleksowe rozwi\u0105zanie dla pocz\u0105tkuj\u0105cych przedsi\u0119biorc\u00f3w.","protected":false},"featured_media":3284,"comment_status":"open","ping_status":"closed","template":"","meta":{"powered_cache_disable_cache":false,"powered_cache_disable_css_optimization":false,"powered_cache_disable_js_optimization":false},"product_brand":[275],"product_cat":[130],"product_tag":[244,267,199,198],"class_list":{"0":"post-2640","1":"product","2":"type-product","3":"status-publish","4":"has-post-thumbnail","6":"product_brand-cocos","7":"product_cat-indywidualne-sklepy","8":"product_tag-prestashop","9":"product_tag-sklep-internetowy-na-start","10":"product_tag-woocommerce","11":"product_tag-wordpress","13":"first","14":"instock","15":"taxable","16":"shipping-taxable","17":"purchasable","18":"product-type-simple"},"_links":{"self":[{"href":"https:\/\/iarina029.supserv.cozmoslabs.com\/de\/wp-json\/wp\/v2\/product\/2640","targetHints":{"allow":["GET"]}}],"collection":[{"href":"https:\/\/iarina029.supserv.cozmoslabs.com\/de\/wp-json\/wp\/v2\/product"}],"about":[{"href":"https:\/\/iarina029.supserv.cozmoslabs.com\/de\/wp-json\/wp\/v2\/types\/product"}],"replies":[{"embeddable":true,"href":"https:\/\/iarina029.supserv.cozmoslabs.com\/de\/wp-json\/wp\/v2\/comments?post=2640"}],"version-history":[{"count":0,"href":"https:\/\/iarina029.supserv.cozmoslabs.com\/de\/wp-json\/wp\/v2\/product\/2640\/revisions"}],"wp:featuredmedia":[{"embeddable":true,"href":"https:\/\/iarina029.supserv.cozmoslabs.com\/de\/wp-json\/wp\/v2\/media\/3284"}],"wp:attachment":[{"href":"https:\/\/iarina029.supserv.cozmoslabs.com\/de\/wp-json\/wp\/v2\/media?parent=2640"}],"wp:term":[{"taxonomy":"product_brand","embeddable":true,"href":"https:\/\/iarina029.supserv.cozmoslabs.com\/de\/wp-json\/wp\/v2\/product_brand?post=2640"},{"taxonomy":"product_cat","embeddable":true,"href":"https:\/\/iarina029.supserv.cozmoslabs.com\/de\/wp-json\/wp\/v2\/product_cat?post=2640"},{"taxonomy":"product_tag","embeddable":true,"href":"https:\/\/iarina029.supserv.cozmoslabs.com\/de\/wp-json\/wp\/v2\/product_tag?post=2640"}],"curies":[{"name":"wp","href":"https:\/\/api.w.org\/{rel}","templated":true}]}}